{"id":3839,"date":"2025-05-29T07:26:43","date_gmt":"2025-05-29T07:26:43","guid":{"rendered":"https:\/\/www.yidakitchen.com\/?post_type=product&#038;p=3839"},"modified":"2025-05-29T07:27:38","modified_gmt":"2025-05-29T07:27:38","slug":"industrial-american-black-metal-wardrobe-with-reclaimed-wood-shelves-and-leather-straps","status":"publish","type":"product","link":"https:\/\/www.yidakitchen.com\/es\/producto\/industrial-american-black-metal-wardrobe-with-reclaimed-wood-shelves-and-leather-straps\/","title":{"rendered":"Armario industrial americano de metal negro con estantes de madera recuperada y correas de cuero"},"content":{"rendered":"<p><a href=\"https:\/\/www.yidakitchen.com\/es\/\"><\/a><\/p><div class=\"wp-block-columns is-layout-flex wp-container-core-columns-is-layout-1 wp-block-columns-is-layout-flex\"><div class=\"wp-block-column is-vertically-aligned-center is-layout-flow wp-block-column-is-layout-flow\"><figure class=\"wp-block-image size-full\"><img fetchpriority=\"high\" decoding=\"async\" width=\"1400\" height=\"1750\" src=\"https:\/\/www.yidakitchen.com\/wp-content\/uploads\/2025\/05\/\u683c\u8c03\u8863\u5e3d\u95f4-2.jpg\" alt=\"\" class=\"wp-image-3841\" srcset=\"https:\/\/www.yidakitchen.com\/wp-content\/uploads\/2025\/05\/\u683c\u8c03\u8863\u5e3d\u95f4-2.jpg 1400w, https:\/\/www.yidakitchen.com\/wp-content\/uploads\/2025\/05\/\u683c\u8c03\u8863\u5e3d\u95f4-2-240x300.jpg 240w, https:\/\/www.yidakitchen.com\/wp-content\/uploads\/2025\/05\/\u683c\u8c03\u8863\u5e3d\u95f4-2-819x1024.jpg 819w, https:\/\/www.yidakitchen.com\/wp-content\/uploads\/2025\/05\/\u683c\u8c03\u8863\u5e3d\u95f4-2-768x960.jpg 768w, https:\/\/www.yidakitchen.com\/wp-content\/uploads\/2025\/05\/\u683c\u8c03\u8863\u5e3d\u95f4-2-1229x1536.jpg 1229w, https:\/\/www.yidakitchen.com\/wp-content\/uploads\/2025\/05\/\u683c\u8c03\u8863\u5e3d\u95f4-2-600x750.jpg 600w\" sizes=\"(max-width: 1400px) 100vw, 1400px\" \/><\/figure><\/div>\n\n<div class=\"wp-block-column is-vertically-aligned-center is-layout-flow wp-block-column-is-layout-flow\"><h3 class=\"wp-block-heading\" id=\"h-design-concept\"><strong><strong>Concepto de dise\u00f1o:<\/strong><\/strong><\/h3>\n\n<p>El armario vestidor Minimalism Wood Modern en forma de L captura la esencia del dise\u00f1o minimalista con sus l\u00edneas limpias y su simplicidad funcional. Su acabado en madera natural desprende calidez y elegancia, mientras que la configuraci\u00f3n en forma de L aprovecha al m\u00e1ximo el espacio de las esquinas, por lo que es ideal para hogares contempor\u00e1neos que buscan estilo y practicidad.<\/p>\n\n<h3 class=\"wp-block-heading\" id=\"h-color-palette-and-surface-treatment\"><strong><strong>Paleta de colores y tratamiento de superficies:<\/strong><\/strong><\/h3>\n\n<p>Los tonos de madera natural del armario proporcionan una paleta neutra que complementa una variedad de esquemas de color, realzando la sensaci\u00f3n serena y org\u00e1nica del espacio. La madera est\u00e1 tratada con un acabado protector que garantiza su durabilidad y facilidad de mantenimiento, salvaguardando la belleza del armario con el paso del tiempo.<\/p><\/div><\/div><div class=\"wp-block-columns are-vertically-aligned-center is-layout-flex wp-container-core-columns-is-layout-2 wp-block-columns-is-layout-flex\"><div class=\"wp-block-column is-vertically-aligned-center is-layout-flow wp-block-column-is-layout-flow\"><h3 class=\"wp-block-heading\" id=\"h-spatial-configuration\"><strong><strong>Configuraci\u00f3n espacial:<\/strong><\/strong><\/h3>\n\n<p>El dise\u00f1o en forma de L de este vestidor maximiza el almacenamiento en los espacios de esquina, que suelen estar infrautilizados. Incluye amplias zonas para colgar, estantes abiertos y cajones, dispuestos para facilitar el acceso y organizar eficazmente la ropa y los accesorios.<\/p>\n\n<h3 class=\"wp-block-heading\" id=\"h-materials-and-craftsmanship\"><strong><strong>Materiales y artesan\u00eda:<\/strong><\/strong><\/h3>\n\n<p>Construido con madera de alta calidad, el armario destaca por su robustez y longevidad. La artesan\u00eda es precisa, con cada elemento cuidadosamente ensamblado para garantizar una funcionalidad perfecta y un acabado est\u00e9ticamente agradable.<\/p><\/div>\n\n<div class=\"wp-block-column is-vertically-aligned-center is-layout-flow wp-block-column-is-layout-flow\"><figure class=\"wp-block-image size-full\"><img decoding=\"async\" width=\"1400\" height=\"1750\" src=\"https:\/\/www.yidakitchen.com\/wp-content\/uploads\/2025\/05\/\u683c\u8c03\u8863\u5e3d\u95f4-4.jpg\" alt=\"\" class=\"wp-image-3842\" srcset=\"https:\/\/www.yidakitchen.com\/wp-content\/uploads\/2025\/05\/\u683c\u8c03\u8863\u5e3d\u95f4-4.jpg 1400w, https:\/\/www.yidakitchen.com\/wp-content\/uploads\/2025\/05\/\u683c\u8c03\u8863\u5e3d\u95f4-4-240x300.jpg 240w, https:\/\/www.yidakitchen.com\/wp-content\/uploads\/2025\/05\/\u683c\u8c03\u8863\u5e3d\u95f4-4-819x1024.jpg 819w, https:\/\/www.yidakitchen.com\/wp-content\/uploads\/2025\/05\/\u683c\u8c03\u8863\u5e3d\u95f4-4-768x960.jpg 768w, https:\/\/www.yidakitchen.com\/wp-content\/uploads\/2025\/05\/\u683c\u8c03\u8863\u5e3d\u95f4-4-1229x1536.jpg 1229w, https:\/\/www.yidakitchen.com\/wp-content\/uploads\/2025\/05\/\u683c\u8c03\u8863\u5e3d\u95f4-4-600x750.jpg 600w\" sizes=\"(max-width: 1400px) 100vw, 1400px\" \/><\/figure><\/div><\/div><div class=\"wp-block-columns are-vertically-aligned-center is-layout-flex wp-container-core-columns-is-layout-3 wp-block-columns-is-layout-flex\"><div class=\"wp-block-column is-vertically-aligned-center is-layout-flow wp-block-column-is-layout-flow\"><figure class=\"wp-block-image size-full\"><img decoding=\"async\" width=\"1400\" height=\"1750\" src=\"https:\/\/www.yidakitchen.com\/wp-content\/uploads\/2025\/05\/\u683c\u8c03\u8863\u5e3d\u95f4-3.jpg\" alt=\"\" class=\"wp-image-3843\" srcset=\"https:\/\/www.yidakitchen.com\/wp-content\/uploads\/2025\/05\/\u683c\u8c03\u8863\u5e3d\u95f4-3.jpg 1400w, https:\/\/www.yidakitchen.com\/wp-content\/uploads\/2025\/05\/\u683c\u8c03\u8863\u5e3d\u95f4-3-240x300.jpg 240w, https:\/\/www.yidakitchen.com\/wp-content\/uploads\/2025\/05\/\u683c\u8c03\u8863\u5e3d\u95f4-3-819x1024.jpg 819w, https:\/\/www.yidakitchen.com\/wp-content\/uploads\/2025\/05\/\u683c\u8c03\u8863\u5e3d\u95f4-3-768x960.jpg 768w, https:\/\/www.yidakitchen.com\/wp-content\/uploads\/2025\/05\/\u683c\u8c03\u8863\u5e3d\u95f4-3-1229x1536.jpg 1229w, https:\/\/www.yidakitchen.com\/wp-content\/uploads\/2025\/05\/\u683c\u8c03\u8863\u5e3d\u95f4-3-600x750.jpg 600w\" sizes=\"(max-width: 1400px) 100vw, 1400px\" \/><\/figure><\/div>\n\n<div class=\"wp-block-column is-vertically-aligned-center is-layout-flow wp-block-column-is-layout-flow\"><h3 class=\"wp-block-heading\" id=\"h-functionality-and-ergonomics\"><strong><strong>Funcionalidad y ergonom\u00eda:<\/strong><\/strong><\/h3>\n\n<p>Este vestidor se ha dise\u00f1ado pensando en la practicidad y la facilidad de uso. La disposici\u00f3n ergon\u00f3mica facilita el acceso a todas las zonas de almacenamiento, reduciendo el desorden y agilizando el proceso de selecci\u00f3n de conjuntos. La configuraci\u00f3n en forma de L tambi\u00e9n permite una disposici\u00f3n m\u00e1s organizada y espaciosa de los art\u00edculos, haciendo que el uso diario sea un placer.<\/p><\/div><\/div><p><\/p>","protected":false},"excerpt":{"rendered":"<p>Design Concept: The Minimalism Wood Modern L-Shaped Walk In Closet captures the essence of minimalist design with its clean lines and functional simplicity. Its natural wood finish exudes warmth and elegance, while the L-shaped configuration optimally utilizes corner space, making it ideal for contemporary homes seeking both style and practicality. Color Palette and Surface Treatment: [&hellip;]<\/p>","protected":false},"featured_media":3840,"template":"","meta":[],"product_brand":[],"product_cat":[25],"product_tag":[],"class_list":{"0":"post-3839","1":"product","2":"type-product","3":"status-publish","4":"has-post-thumbnail","6":"product_cat-bedroom-closet","8":"first","9":"instock","10":"shipping-taxable","11":"product-type-simple"},"yoast_head":"<!-- This site is optimized with the Yoast SEO Premium plugin v25.0 (Yoast SEO v25.0) - https:\/\/yoast.com\/wordpress\/plugins\/seo\/ -->\n<title>Industrial American Black Metal Wardrobe with Reclaimed Wood Shelves and Leather Straps - YIDA Kitchen<\/title>\n<meta name=\"robots\" content=\"index, follow, max-snippet:-1, max-image-preview:large, max-video-preview:-1\" \/>\n<link rel=\"canonical\" href=\"https:\/\/www.yidakitchen.com\/es\/producto\/industrial-american-black-metal-wardrobe-with-reclaimed-wood-shelves-and-leather-straps\/\" \/>\n<meta property=\"og:locale\" content=\"es_MX\" \/>\n<meta property=\"og:type\" content=\"article\" \/>\n<meta property=\"og:title\" content=\"Industrial American Black Metal Wardrobe with Reclaimed Wood Shelves and Leather Straps\" \/>\n<meta property=\"og:description\" content=\"Design Concept: The Minimalism Wood Modern L-Shaped Walk In Closet captures the essence of minimalist design with its clean lines and functional simplicity. Its natural wood finish exudes warmth and elegance, while the L-shaped configuration optimally utilizes corner space, making it ideal for contemporary homes seeking both style and practicality. Color Palette and Surface Treatment: [&hellip;]\" \/>\n<meta property=\"og:url\" content=\"https:\/\/www.yidakitchen.com\/es\/producto\/industrial-american-black-metal-wardrobe-with-reclaimed-wood-shelves-and-leather-straps\/\" \/>\n<meta property=\"og:site_name\" content=\"YIDA Kitchen\" \/>\n<meta property=\"article:modified_time\" content=\"2025-05-29T07:27:38+00:00\" \/>\n<meta property=\"og:image\" content=\"https:\/\/www.yidakitchen.com\/wp-content\/uploads\/2025\/05\/\u683c\u8c03\u8863\u5e3d\u95f4-1.jpg\" \/>\n\t<meta property=\"og:image:width\" content=\"1400\" \/>\n\t<meta property=\"og:image:height\" content=\"875\" \/>\n\t<meta property=\"og:image:type\" content=\"image\/jpeg\" \/>\n<meta name=\"twitter:card\" content=\"summary_large_image\" \/>\n<meta name=\"twitter:label1\" content=\"Price\" \/>\n\t<meta name=\"twitter:data1\" content=\"\" \/>\n\t<meta name=\"twitter:label2\" content=\"Availability\" \/>\n\t<meta name=\"twitter:data2\" content=\"In stock\" \/>\n<script type=\"application\/ld+json\" class=\"yoast-schema-graph\">{\"@context\":\"https:\/\/schema.org\",\"@graph\":[{\"@type\":\"WebPage\",\"@id\":\"https:\/\/www.yidakitchen.com\/product\/industrial-american-black-metal-wardrobe-with-reclaimed-wood-shelves-and-leather-straps\/\",\"url\":\"https:\/\/www.yidakitchen.com\/product\/industrial-american-black-metal-wardrobe-with-reclaimed-wood-shelves-and-leather-straps\/\",\"name\":\"Industrial American Black Metal Wardrobe with Reclaimed Wood Shelves and Leather Straps - YIDA Kitchen\",\"isPartOf\":{\"@id\":\"https:\/\/www.yidakitchen.com\/#website\"},\"primaryImageOfPage\":{\"@id\":\"https:\/\/www.yidakitchen.com\/product\/industrial-american-black-metal-wardrobe-with-reclaimed-wood-shelves-and-leather-straps\/#primaryimage\"},\"image\":{\"@id\":\"https:\/\/www.yidakitchen.com\/product\/industrial-american-black-metal-wardrobe-with-reclaimed-wood-shelves-and-leather-straps\/#primaryimage\"},\"thumbnailUrl\":\"https:\/\/www.yidakitchen.com\/wp-content\/uploads\/2025\/05\/\u683c\u8c03\u8863\u5e3d\u95f4-1.jpg?wsr\",\"datePublished\":\"2025-05-29T07:26:43+00:00\",\"dateModified\":\"2025-05-29T07:27:38+00:00\",\"breadcrumb\":{\"@id\":\"https:\/\/www.yidakitchen.com\/product\/industrial-american-black-metal-wardrobe-with-reclaimed-wood-shelves-and-leather-straps\/#breadcrumb\"},\"inLanguage\":\"es\",\"potentialAction\":[{\"@type\":\"ReadAction\",\"target\":[\"https:\/\/www.yidakitchen.com\/product\/industrial-american-black-metal-wardrobe-with-reclaimed-wood-shelves-and-leather-straps\/\"]}]},{\"@type\":\"ImageObject\",\"inLanguage\":\"es\",\"@id\":\"https:\/\/www.yidakitchen.com\/product\/industrial-american-black-metal-wardrobe-with-reclaimed-wood-shelves-and-leather-straps\/#primaryimage\",\"url\":\"https:\/\/www.yidakitchen.com\/wp-content\/uploads\/2025\/05\/\u683c\u8c03\u8863\u5e3d\u95f4-1.jpg?wsr\",\"contentUrl\":\"https:\/\/www.yidakitchen.com\/wp-content\/uploads\/2025\/05\/\u683c\u8c03\u8863\u5e3d\u95f4-1.jpg?wsr\",\"width\":1400,\"height\":875},{\"@type\":\"BreadcrumbList\",\"@id\":\"https:\/\/www.yidakitchen.com\/product\/industrial-american-black-metal-wardrobe-with-reclaimed-wood-shelves-and-leather-straps\/#breadcrumb\",\"itemListElement\":[{\"@type\":\"ListItem\",\"position\":1,\"name\":\"Home\",\"item\":\"https:\/\/www.yidakitchen.com\/\"},{\"@type\":\"ListItem\",\"position\":2,\"name\":\"Products\",\"item\":\"https:\/\/www.yidakitchen.com\/shop\/\"},{\"@type\":\"ListItem\",\"position\":3,\"name\":\"Industrial American Black Metal Wardrobe with Reclaimed Wood Shelves and Leather Straps\"}]},{\"@type\":\"WebSite\",\"@id\":\"https:\/\/www.yidakitchen.com\/#website\",\"url\":\"https:\/\/www.yidakitchen.com\/\",\"name\":\"YIDA Kitchen\",\"description\":\"Kitchen Cabinets Custom Manufacturer from China\",\"publisher\":{\"@id\":\"https:\/\/www.yidakitchen.com\/#organization\"},\"potentialAction\":[{\"@type\":\"SearchAction\",\"target\":{\"@type\":\"EntryPoint\",\"urlTemplate\":\"https:\/\/www.yidakitchen.com\/?s={search_term_string}\"},\"query-input\":{\"@type\":\"PropertyValueSpecification\",\"valueRequired\":true,\"valueName\":\"search_term_string\"}}],\"inLanguage\":\"es\"},{\"@type\":\"Organization\",\"@id\":\"https:\/\/www.yidakitchen.com\/#organization\",\"name\":\"YIDA Kitchen\",\"url\":\"https:\/\/www.yidakitchen.com\/\",\"logo\":{\"@type\":\"ImageObject\",\"inLanguage\":\"es\",\"@id\":\"https:\/\/www.yidakitchen.com\/#\/schema\/logo\/image\/\",\"url\":\"https:\/\/www.yidakitchen.com\/wp-content\/uploads\/2025\/04\/logo.png?wsr\",\"contentUrl\":\"https:\/\/www.yidakitchen.com\/wp-content\/uploads\/2025\/04\/logo.png?wsr\",\"width\":1763,\"height\":951,\"caption\":\"YIDA Kitchen\"},\"image\":{\"@id\":\"https:\/\/www.yidakitchen.com\/#\/schema\/logo\/image\/\"}}]}<\/script>\n<meta property=\"product:price:amount\" content=\"0.00\" \/>\n<meta property=\"product:price:currency\" content=\"USD\" \/>\n<meta property=\"og:availability\" content=\"instock\" \/>\n<meta property=\"product:availability\" content=\"instock\" \/>\n<meta property=\"product:condition\" content=\"new\" \/>\n<!-- \/ Yoast SEO Premium plugin. -->","yoast_head_json":{"title":"Industrial American Black Metal Wardrobe with Reclaimed Wood Shelves and Leather Straps - YIDA Kitchen","robots":{"index":"index","follow":"follow","max-snippet":"max-snippet:-1","max-image-preview":"max-image-preview:large","max-video-preview":"max-video-preview:-1"},"canonical":"https:\/\/www.yidakitchen.com\/es\/producto\/industrial-american-black-metal-wardrobe-with-reclaimed-wood-shelves-and-leather-straps\/","og_locale":"es_MX","og_type":"article","og_title":"Industrial American Black Metal Wardrobe with Reclaimed Wood Shelves and Leather Straps","og_description":"Design Concept: The Minimalism Wood Modern L-Shaped Walk In Closet captures the essence of minimalist design with its clean lines and functional simplicity. Its natural wood finish exudes warmth and elegance, while the L-shaped configuration optimally utilizes corner space, making it ideal for contemporary homes seeking both style and practicality. Color Palette and Surface Treatment: [&hellip;]","og_url":"https:\/\/www.yidakitchen.com\/es\/producto\/industrial-american-black-metal-wardrobe-with-reclaimed-wood-shelves-and-leather-straps\/","og_site_name":"YIDA Kitchen","article_modified_time":"2025-05-29T07:27:38+00:00","og_image":[{"width":1400,"height":875,"url":"https:\/\/www.yidakitchen.com\/wp-content\/uploads\/2025\/05\/\u683c\u8c03\u8863\u5e3d\u95f4-1.jpg","type":"image\/jpeg"}],"twitter_card":"summary_large_image","twitter_misc":{"Price":"","Availability":"In stock"},"schema":{"@context":"https:\/\/schema.org","@graph":[{"@type":"WebPage","@id":"https:\/\/www.yidakitchen.com\/product\/industrial-american-black-metal-wardrobe-with-reclaimed-wood-shelves-and-leather-straps\/","url":"https:\/\/www.yidakitchen.com\/product\/industrial-american-black-metal-wardrobe-with-reclaimed-wood-shelves-and-leather-straps\/","name":"Industrial American Black Metal Wardrobe with Reclaimed Wood Shelves and Leather Straps - YIDA Kitchen","isPartOf":{"@id":"https:\/\/www.yidakitchen.com\/#website"},"primaryImageOfPage":{"@id":"https:\/\/www.yidakitchen.com\/product\/industrial-american-black-metal-wardrobe-with-reclaimed-wood-shelves-and-leather-straps\/#primaryimage"},"image":{"@id":"https:\/\/www.yidakitchen.com\/product\/industrial-american-black-metal-wardrobe-with-reclaimed-wood-shelves-and-leather-straps\/#primaryimage"},"thumbnailUrl":"https:\/\/www.yidakitchen.com\/wp-content\/uploads\/2025\/05\/\u683c\u8c03\u8863\u5e3d\u95f4-1.jpg?wsr","datePublished":"2025-05-29T07:26:43+00:00","dateModified":"2025-05-29T07:27:38+00:00","breadcrumb":{"@id":"https:\/\/www.yidakitchen.com\/product\/industrial-american-black-metal-wardrobe-with-reclaimed-wood-shelves-and-leather-straps\/#breadcrumb"},"inLanguage":"es","potentialAction":[{"@type":"ReadAction","target":["https:\/\/www.yidakitchen.com\/product\/industrial-american-black-metal-wardrobe-with-reclaimed-wood-shelves-and-leather-straps\/"]}]},{"@type":"ImageObject","inLanguage":"es","@id":"https:\/\/www.yidakitchen.com\/product\/industrial-american-black-metal-wardrobe-with-reclaimed-wood-shelves-and-leather-straps\/#primaryimage","url":"https:\/\/www.yidakitchen.com\/wp-content\/uploads\/2025\/05\/\u683c\u8c03\u8863\u5e3d\u95f4-1.jpg?wsr","contentUrl":"https:\/\/www.yidakitchen.com\/wp-content\/uploads\/2025\/05\/\u683c\u8c03\u8863\u5e3d\u95f4-1.jpg?wsr","width":1400,"height":875},{"@type":"BreadcrumbList","@id":"https:\/\/www.yidakitchen.com\/product\/industrial-american-black-metal-wardrobe-with-reclaimed-wood-shelves-and-leather-straps\/#breadcrumb","itemListElement":[{"@type":"ListItem","position":1,"name":"Home","item":"https:\/\/www.yidakitchen.com\/"},{"@type":"ListItem","position":2,"name":"Products","item":"https:\/\/www.yidakitchen.com\/shop\/"},{"@type":"ListItem","position":3,"name":"Industrial American Black Metal Wardrobe with Reclaimed Wood Shelves and Leather Straps"}]},{"@type":"WebSite","@id":"https:\/\/www.yidakitchen.com\/#website","url":"https:\/\/www.yidakitchen.com\/","name":"Cocina YIDA","description":"Armarios de cocina a medida Fabricante de China","publisher":{"@id":"https:\/\/www.yidakitchen.com\/#organization"},"potentialAction":[{"@type":"SearchAction","target":{"@type":"EntryPoint","urlTemplate":"https:\/\/www.yidakitchen.com\/?s={search_term_string}"},"query-input":{"@type":"PropertyValueSpecification","valueRequired":true,"valueName":"search_term_string"}}],"inLanguage":"es"},{"@type":"Organization","@id":"https:\/\/www.yidakitchen.com\/#organization","name":"Cocina YIDA","url":"https:\/\/www.yidakitchen.com\/","logo":{"@type":"ImageObject","inLanguage":"es","@id":"https:\/\/www.yidakitchen.com\/#\/schema\/logo\/image\/","url":"https:\/\/www.yidakitchen.com\/wp-content\/uploads\/2025\/04\/logo.png?wsr","contentUrl":"https:\/\/www.yidakitchen.com\/wp-content\/uploads\/2025\/04\/logo.png?wsr","width":1763,"height":951,"caption":"YIDA Kitchen"},"image":{"@id":"https:\/\/www.yidakitchen.com\/#\/schema\/logo\/image\/"}}]},"product_price_amount":"0.00","product_price_currency":"USD","og_availability":"instock","product_availability":"instock","product_condition":"new"},"_links":{"self":[{"href":"https:\/\/www.yidakitchen.com\/es\/wp-json\/wp\/v2\/product\/3839","targetHints":{"allow":["GET"]}}],"collection":[{"href":"https:\/\/www.yidakitchen.com\/es\/wp-json\/wp\/v2\/product"}],"about":[{"href":"https:\/\/www.yidakitchen.com\/es\/wp-json\/wp\/v2\/types\/product"}],"wp:featuredmedia":[{"embeddable":true,"href":"https:\/\/www.yidakitchen.com\/es\/wp-json\/wp\/v2\/media\/3840"}],"wp:attachment":[{"href":"https:\/\/www.yidakitchen.com\/es\/wp-json\/wp\/v2\/media?parent=3839"}],"wp:term":[{"taxonomy":"product_brand","embeddable":true,"href":"https:\/\/www.yidakitchen.com\/es\/wp-json\/wp\/v2\/product_brand?post=3839"},{"taxonomy":"product_cat","embeddable":true,"href":"https:\/\/www.yidakitchen.com\/es\/wp-json\/wp\/v2\/product_cat?post=3839"},{"taxonomy":"product_tag","embeddable":true,"href":"https:\/\/www.yidakitchen.com\/es\/wp-json\/wp\/v2\/product_tag?post=3839"}],"curies":[{"name":"wp","href":"https:\/\/api.w.org\/{rel}","templated":true}]}}