{"id":3617,"date":"2025-05-16T09:31:11","date_gmt":"2025-05-16T09:31:11","guid":{"rendered":"https:\/\/www.yidakitchen.com\/?post_type=product&#038;p=3617"},"modified":"2025-05-16T09:35:27","modified_gmt":"2025-05-16T09:35:27","slug":"curved-front-plywood-bathroom-cabinets-in-textured-sandstone-finish","status":"publish","type":"product","link":"https:\/\/www.yidakitchen.com\/es\/producto\/curved-front-plywood-bathroom-cabinets-in-textured-sandstone-finish\/","title":{"rendered":"Armarios de ba\u00f1o de madera contrachapada con frente curvado en acabado arenisca texturada"},"content":{"rendered":"<p><a href=\"https:\/\/www.yidakitchen.com\/es\/\"><\/a><\/p><div class=\"wp-block-columns is-layout-flex wp-container-core-columns-is-layout-1 wp-block-columns-is-layout-flex\"><div class=\"wp-block-column is-vertically-aligned-center is-layout-flow wp-block-column-is-layout-flow\"><figure class=\"wp-block-image size-full\"><img fetchpriority=\"high\" decoding=\"async\" width=\"850\" height=\"884\" src=\"https:\/\/www.yidakitchen.com\/wp-content\/uploads\/2025\/05\/17.png\" alt=\"\" class=\"wp-image-3621\" srcset=\"https:\/\/www.yidakitchen.com\/wp-content\/uploads\/2025\/05\/17.png 850w, https:\/\/www.yidakitchen.com\/wp-content\/uploads\/2025\/05\/17-288x300.png 288w, https:\/\/www.yidakitchen.com\/wp-content\/uploads\/2025\/05\/17-768x799.png 768w, https:\/\/www.yidakitchen.com\/wp-content\/uploads\/2025\/05\/17-600x624.png 600w\" sizes=\"(max-width: 850px) 100vw, 850px\" \/><\/figure><\/div>\n\n<div class=\"wp-block-column is-vertically-aligned-center is-layout-flow wp-block-column-is-layout-flow\"><h3 class=\"wp-block-heading\" id=\"h-design-concept\"><strong><strong><strong>Concepto de dise\u00f1o:<\/strong><\/strong><\/strong><\/h3>\n\n<p>El mueble de ba\u00f1o moderno con doble lavabo lacado en negro es el ep\u00edtome de la elegancia contempor\u00e1nea, dise\u00f1ado para satisfacer las necesidades de un estilo de vida moderno. Este mueble cuenta con un lujoso acabado lacado en negro y dos lavabos, por lo que es perfecto para parejas o espacios de ba\u00f1o compartidos. Sus l\u00edneas limpias y dise\u00f1o minimalista proporcionan una presencia audaz pero discreta.<\/p>\n\n<h3 class=\"wp-block-heading\" id=\"h-color-palette-and-surface-treatment\"><strong><strong><strong>Paleta de colores y tratamiento de superficies:<\/strong><\/strong><\/strong><\/h3>\n\n<p>Este lavabo presenta una paleta de colores tenues que enfatiza la luz y el espacio. La superficie suele tener un acabado mate o semibrillante, ideal para mantener un aspecto sutil y elegante. El acabado no s\u00f3lo es elegante, sino tambi\u00e9n pr\u00e1ctico, ya que es f\u00e1cil de limpiar y mantener, por lo que es ideal para el entorno de alta humedad de un cuarto de ba\u00f1o.<\/p><\/div><\/div><div class=\"wp-block-columns are-vertically-aligned-center is-layout-flex wp-container-core-columns-is-layout-2 wp-block-columns-is-layout-flex\"><div class=\"wp-block-column is-vertically-aligned-center is-layout-flow wp-block-column-is-layout-flow\"><h3 class=\"wp-block-heading\" id=\"h-spatial-configuration\"><strong><strong>Configuraci\u00f3n espacial:<\/strong><\/strong><\/h3>\n\n<p>Dise\u00f1ado con la funcionalidad en mente, este tocador de doble lavabo ofrece un amplio almacenamiento dentro de sus gabinetes debajo del fregadero y cajones adicionales. La configuraci\u00f3n de doble lavabo optimiza las rutinas matutinas, permitiendo que varios usuarios utilicen el espacio simult\u00e1neamente sin comprometer la comodidad o la eficiencia.<\/p>\n\n<h3 class=\"wp-block-heading\" id=\"h-materials-and-craftsmanship\"><strong><strong>Materiales y artesan\u00eda:<\/strong><\/strong><\/h3>\n\n<p>Fabricado con materiales de alta calidad, el mueble cuenta con una robusta estructura revestida de un elegante lacado negro. La artesan\u00eda es meticulosa, con atenci\u00f3n al detalle para garantizar que cada componente, desde los lavabos hasta las soluciones de almacenamiento, est\u00e9 perfectamente integrado para ofrecer durabilidad y estilo.<\/p><\/div>\n\n<div class=\"wp-block-column is-vertically-aligned-center is-layout-flow wp-block-column-is-layout-flow\"><figure class=\"wp-block-image size-full\"><img decoding=\"async\" width=\"2844\" height=\"3740\" src=\"https:\/\/www.yidakitchen.com\/wp-content\/uploads\/2025\/05\/14.png\" alt=\"\" class=\"wp-image-3619\" srcset=\"https:\/\/www.yidakitchen.com\/wp-content\/uploads\/2025\/05\/14.png 2844w, https:\/\/www.yidakitchen.com\/wp-content\/uploads\/2025\/05\/14-228x300.png 228w, https:\/\/www.yidakitchen.com\/wp-content\/uploads\/2025\/05\/14-779x1024.png 779w, https:\/\/www.yidakitchen.com\/wp-content\/uploads\/2025\/05\/14-768x1010.png 768w, https:\/\/www.yidakitchen.com\/wp-content\/uploads\/2025\/05\/14-1168x1536.png 1168w, https:\/\/www.yidakitchen.com\/wp-content\/uploads\/2025\/05\/14-1557x2048.png 1557w, https:\/\/www.yidakitchen.com\/wp-content\/uploads\/2025\/05\/14-600x789.png 600w\" sizes=\"(max-width: 2844px) 100vw, 2844px\" \/><\/figure><\/div><\/div><div class=\"wp-block-columns are-vertically-aligned-center is-layout-flex wp-container-core-columns-is-layout-3 wp-block-columns-is-layout-flex\"><div class=\"wp-block-column is-vertically-aligned-center is-layout-flow wp-block-column-is-layout-flow\"><figure class=\"wp-block-image size-full\"><img decoding=\"async\" width=\"425\" height=\"439\" src=\"https:\/\/www.yidakitchen.com\/wp-content\/uploads\/2025\/05\/13.png\" alt=\"\" class=\"wp-image-3618\" srcset=\"https:\/\/www.yidakitchen.com\/wp-content\/uploads\/2025\/05\/13.png 425w, https:\/\/www.yidakitchen.com\/wp-content\/uploads\/2025\/05\/13-290x300.png 290w\" sizes=\"(max-width: 425px) 100vw, 425px\" \/><\/figure><\/div>\n\n<div class=\"wp-block-column is-vertically-aligned-center is-layout-flow wp-block-column-is-layout-flow\"><h3 class=\"wp-block-heading\" id=\"h-functionality-and-ergonomics\"><strong><strong>Funcionalidad y ergonom\u00eda:<\/strong><\/strong><\/h3>\n\n<p>El lavabo moderno de doble seno lacado en negro est\u00e1 dise\u00f1ado para ofrecer la m\u00e1xima funcionalidad. Su altura ergon\u00f3mica y su amplia encimera lo hacen c\u00f3modo para el uso diario, mientras que los armarios y cajones de apertura suave facilitan el acceso a los art\u00edculos de aseo y a los elementos esenciales del ba\u00f1o, manteniendo su espacio organizado y libre de desorden.<\/p><\/div><\/div><p><\/p>","protected":false},"excerpt":{"rendered":"<p>Design Concept: The Modern Black Lacquer Double Sink Bathroom Vanity is the epitome of contemporary elegance, designed to cater to the needs of a modern lifestyle. This vanity features a luxurious black lacquer finish and two sinks, making it perfect for couples or shared bathroom spaces. Its clean lines and minimalistic design provide a bold [&hellip;]<\/p>","protected":false},"featured_media":3620,"template":"","meta":[],"product_brand":[],"product_cat":[24],"product_tag":[],"class_list":{"0":"post-3617","1":"product","2":"type-product","3":"status-publish","4":"has-post-thumbnail","6":"product_cat-bathroom-vanities","8":"first","9":"instock","10":"shipping-taxable","11":"product-type-simple"},"yoast_head":"<!-- This site is optimized with the Yoast SEO Premium plugin v25.0 (Yoast SEO v25.0) - https:\/\/yoast.com\/wordpress\/plugins\/seo\/ -->\n<title>Curved Front Plywood Bathroom Cabinets in Textured Sandstone Finish - YIDA Kitchen<\/title>\n<meta name=\"robots\" content=\"index, follow, max-snippet:-1, max-image-preview:large, max-video-preview:-1\" \/>\n<link rel=\"canonical\" href=\"https:\/\/www.yidakitchen.com\/es\/producto\/curved-front-plywood-bathroom-cabinets-in-textured-sandstone-finish\/\" \/>\n<meta property=\"og:locale\" content=\"es_MX\" \/>\n<meta property=\"og:type\" content=\"article\" \/>\n<meta property=\"og:title\" content=\"Curved Front Plywood Bathroom Cabinets in Textured Sandstone Finish\" \/>\n<meta property=\"og:description\" content=\"Design Concept: The Modern Black Lacquer Double Sink Bathroom Vanity is the epitome of contemporary elegance, designed to cater to the needs of a modern lifestyle. This vanity features a luxurious black lacquer finish and two sinks, making it perfect for couples or shared bathroom spaces. Its clean lines and minimalistic design provide a bold [&hellip;]\" \/>\n<meta property=\"og:url\" content=\"https:\/\/www.yidakitchen.com\/es\/producto\/curved-front-plywood-bathroom-cabinets-in-textured-sandstone-finish\/\" \/>\n<meta property=\"og:site_name\" content=\"YIDA Kitchen\" \/>\n<meta property=\"article:modified_time\" content=\"2025-05-16T09:35:27+00:00\" \/>\n<meta property=\"og:image\" content=\"https:\/\/www.yidakitchen.com\/wp-content\/uploads\/2025\/05\/15-2-scaled.jpg\" \/>\n\t<meta property=\"og:image:width\" content=\"2560\" \/>\n\t<meta property=\"og:image:height\" content=\"1559\" \/>\n\t<meta property=\"og:image:type\" content=\"image\/jpeg\" \/>\n<meta name=\"twitter:card\" content=\"summary_large_image\" \/>\n<meta name=\"twitter:label1\" content=\"Price\" \/>\n\t<meta name=\"twitter:data1\" content=\"\" \/>\n\t<meta name=\"twitter:label2\" content=\"Availability\" \/>\n\t<meta name=\"twitter:data2\" content=\"In stock\" \/>\n<script type=\"application\/ld+json\" class=\"yoast-schema-graph\">{\"@context\":\"https:\/\/schema.org\",\"@graph\":[{\"@type\":\"WebPage\",\"@id\":\"https:\/\/www.yidakitchen.com\/product\/curved-front-plywood-bathroom-cabinets-in-textured-sandstone-finish\/\",\"url\":\"https:\/\/www.yidakitchen.com\/product\/curved-front-plywood-bathroom-cabinets-in-textured-sandstone-finish\/\",\"name\":\"Curved Front Plywood Bathroom Cabinets in Textured Sandstone Finish - YIDA Kitchen\",\"isPartOf\":{\"@id\":\"https:\/\/www.yidakitchen.com\/#website\"},\"primaryImageOfPage\":{\"@id\":\"https:\/\/www.yidakitchen.com\/product\/curved-front-plywood-bathroom-cabinets-in-textured-sandstone-finish\/#primaryimage\"},\"image\":{\"@id\":\"https:\/\/www.yidakitchen.com\/product\/curved-front-plywood-bathroom-cabinets-in-textured-sandstone-finish\/#primaryimage\"},\"thumbnailUrl\":\"https:\/\/www.yidakitchen.com\/wp-content\/uploads\/2025\/05\/15-2-scaled.jpg?wsr\",\"datePublished\":\"2025-05-16T09:31:11+00:00\",\"dateModified\":\"2025-05-16T09:35:27+00:00\",\"breadcrumb\":{\"@id\":\"https:\/\/www.yidakitchen.com\/product\/curved-front-plywood-bathroom-cabinets-in-textured-sandstone-finish\/#breadcrumb\"},\"inLanguage\":\"es\",\"potentialAction\":[{\"@type\":\"ReadAction\",\"target\":[\"https:\/\/www.yidakitchen.com\/product\/curved-front-plywood-bathroom-cabinets-in-textured-sandstone-finish\/\"]}]},{\"@type\":\"ImageObject\",\"inLanguage\":\"es\",\"@id\":\"https:\/\/www.yidakitchen.com\/product\/curved-front-plywood-bathroom-cabinets-in-textured-sandstone-finish\/#primaryimage\",\"url\":\"https:\/\/www.yidakitchen.com\/wp-content\/uploads\/2025\/05\/15-2-scaled.jpg?wsr\",\"contentUrl\":\"https:\/\/www.yidakitchen.com\/wp-content\/uploads\/2025\/05\/15-2-scaled.jpg?wsr\",\"width\":2560,\"height\":1559},{\"@type\":\"BreadcrumbList\",\"@id\":\"https:\/\/www.yidakitchen.com\/product\/curved-front-plywood-bathroom-cabinets-in-textured-sandstone-finish\/#breadcrumb\",\"itemListElement\":[{\"@type\":\"ListItem\",\"position\":1,\"name\":\"Home\",\"item\":\"https:\/\/www.yidakitchen.com\/\"},{\"@type\":\"ListItem\",\"position\":2,\"name\":\"Products\",\"item\":\"https:\/\/www.yidakitchen.com\/shop\/\"},{\"@type\":\"ListItem\",\"position\":3,\"name\":\"Curved Front Plywood Bathroom Cabinets in Textured Sandstone Finish\"}]},{\"@type\":\"WebSite\",\"@id\":\"https:\/\/www.yidakitchen.com\/#website\",\"url\":\"https:\/\/www.yidakitchen.com\/\",\"name\":\"YIDA Kitchen\",\"description\":\"Kitchen Cabinets Custom Manufacturer from China\",\"publisher\":{\"@id\":\"https:\/\/www.yidakitchen.com\/#organization\"},\"potentialAction\":[{\"@type\":\"SearchAction\",\"target\":{\"@type\":\"EntryPoint\",\"urlTemplate\":\"https:\/\/www.yidakitchen.com\/?s={search_term_string}\"},\"query-input\":{\"@type\":\"PropertyValueSpecification\",\"valueRequired\":true,\"valueName\":\"search_term_string\"}}],\"inLanguage\":\"es\"},{\"@type\":\"Organization\",\"@id\":\"https:\/\/www.yidakitchen.com\/#organization\",\"name\":\"YIDA Kitchen\",\"url\":\"https:\/\/www.yidakitchen.com\/\",\"logo\":{\"@type\":\"ImageObject\",\"inLanguage\":\"es\",\"@id\":\"https:\/\/www.yidakitchen.com\/#\/schema\/logo\/image\/\",\"url\":\"https:\/\/www.yidakitchen.com\/wp-content\/uploads\/2025\/04\/logo.png?wsr\",\"contentUrl\":\"https:\/\/www.yidakitchen.com\/wp-content\/uploads\/2025\/04\/logo.png?wsr\",\"width\":1763,\"height\":951,\"caption\":\"YIDA Kitchen\"},\"image\":{\"@id\":\"https:\/\/www.yidakitchen.com\/#\/schema\/logo\/image\/\"}}]}<\/script>\n<meta property=\"product:price:amount\" content=\"0.00\" \/>\n<meta property=\"product:price:currency\" content=\"USD\" \/>\n<meta property=\"og:availability\" content=\"instock\" \/>\n<meta property=\"product:availability\" content=\"instock\" \/>\n<meta property=\"product:condition\" content=\"new\" \/>\n<!-- \/ Yoast SEO Premium plugin. -->","yoast_head_json":{"title":"Curved Front Plywood Bathroom Cabinets in Textured Sandstone Finish - YIDA Kitchen","robots":{"index":"index","follow":"follow","max-snippet":"max-snippet:-1","max-image-preview":"max-image-preview:large","max-video-preview":"max-video-preview:-1"},"canonical":"https:\/\/www.yidakitchen.com\/es\/producto\/curved-front-plywood-bathroom-cabinets-in-textured-sandstone-finish\/","og_locale":"es_MX","og_type":"article","og_title":"Curved Front Plywood Bathroom Cabinets in Textured Sandstone Finish","og_description":"Design Concept: The Modern Black Lacquer Double Sink Bathroom Vanity is the epitome of contemporary elegance, designed to cater to the needs of a modern lifestyle. This vanity features a luxurious black lacquer finish and two sinks, making it perfect for couples or shared bathroom spaces. Its clean lines and minimalistic design provide a bold [&hellip;]","og_url":"https:\/\/www.yidakitchen.com\/es\/producto\/curved-front-plywood-bathroom-cabinets-in-textured-sandstone-finish\/","og_site_name":"YIDA Kitchen","article_modified_time":"2025-05-16T09:35:27+00:00","og_image":[{"width":2560,"height":1559,"url":"https:\/\/www.yidakitchen.com\/wp-content\/uploads\/2025\/05\/15-2-scaled.jpg","type":"image\/jpeg"}],"twitter_card":"summary_large_image","twitter_misc":{"Price":"","Availability":"In stock"},"schema":{"@context":"https:\/\/schema.org","@graph":[{"@type":"WebPage","@id":"https:\/\/www.yidakitchen.com\/product\/curved-front-plywood-bathroom-cabinets-in-textured-sandstone-finish\/","url":"https:\/\/www.yidakitchen.com\/product\/curved-front-plywood-bathroom-cabinets-in-textured-sandstone-finish\/","name":"Curved Front Plywood Bathroom Cabinets in Textured Sandstone Finish - YIDA Kitchen","isPartOf":{"@id":"https:\/\/www.yidakitchen.com\/#website"},"primaryImageOfPage":{"@id":"https:\/\/www.yidakitchen.com\/product\/curved-front-plywood-bathroom-cabinets-in-textured-sandstone-finish\/#primaryimage"},"image":{"@id":"https:\/\/www.yidakitchen.com\/product\/curved-front-plywood-bathroom-cabinets-in-textured-sandstone-finish\/#primaryimage"},"thumbnailUrl":"https:\/\/www.yidakitchen.com\/wp-content\/uploads\/2025\/05\/15-2-scaled.jpg?wsr","datePublished":"2025-05-16T09:31:11+00:00","dateModified":"2025-05-16T09:35:27+00:00","breadcrumb":{"@id":"https:\/\/www.yidakitchen.com\/product\/curved-front-plywood-bathroom-cabinets-in-textured-sandstone-finish\/#breadcrumb"},"inLanguage":"es","potentialAction":[{"@type":"ReadAction","target":["https:\/\/www.yidakitchen.com\/product\/curved-front-plywood-bathroom-cabinets-in-textured-sandstone-finish\/"]}]},{"@type":"ImageObject","inLanguage":"es","@id":"https:\/\/www.yidakitchen.com\/product\/curved-front-plywood-bathroom-cabinets-in-textured-sandstone-finish\/#primaryimage","url":"https:\/\/www.yidakitchen.com\/wp-content\/uploads\/2025\/05\/15-2-scaled.jpg?wsr","contentUrl":"https:\/\/www.yidakitchen.com\/wp-content\/uploads\/2025\/05\/15-2-scaled.jpg?wsr","width":2560,"height":1559},{"@type":"BreadcrumbList","@id":"https:\/\/www.yidakitchen.com\/product\/curved-front-plywood-bathroom-cabinets-in-textured-sandstone-finish\/#breadcrumb","itemListElement":[{"@type":"ListItem","position":1,"name":"Home","item":"https:\/\/www.yidakitchen.com\/"},{"@type":"ListItem","position":2,"name":"Products","item":"https:\/\/www.yidakitchen.com\/shop\/"},{"@type":"ListItem","position":3,"name":"Curved Front Plywood Bathroom Cabinets in Textured Sandstone Finish"}]},{"@type":"WebSite","@id":"https:\/\/www.yidakitchen.com\/#website","url":"https:\/\/www.yidakitchen.com\/","name":"Cocina YIDA","description":"Armarios de cocina a medida Fabricante de China","publisher":{"@id":"https:\/\/www.yidakitchen.com\/#organization"},"potentialAction":[{"@type":"SearchAction","target":{"@type":"EntryPoint","urlTemplate":"https:\/\/www.yidakitchen.com\/?s={search_term_string}"},"query-input":{"@type":"PropertyValueSpecification","valueRequired":true,"valueName":"search_term_string"}}],"inLanguage":"es"},{"@type":"Organization","@id":"https:\/\/www.yidakitchen.com\/#organization","name":"Cocina YIDA","url":"https:\/\/www.yidakitchen.com\/","logo":{"@type":"ImageObject","inLanguage":"es","@id":"https:\/\/www.yidakitchen.com\/#\/schema\/logo\/image\/","url":"https:\/\/www.yidakitchen.com\/wp-content\/uploads\/2025\/04\/logo.png?wsr","contentUrl":"https:\/\/www.yidakitchen.com\/wp-content\/uploads\/2025\/04\/logo.png?wsr","width":1763,"height":951,"caption":"YIDA Kitchen"},"image":{"@id":"https:\/\/www.yidakitchen.com\/#\/schema\/logo\/image\/"}}]},"product_price_amount":"0.00","product_price_currency":"USD","og_availability":"instock","product_availability":"instock","product_condition":"new"},"_links":{"self":[{"href":"https:\/\/www.yidakitchen.com\/es\/wp-json\/wp\/v2\/product\/3617","targetHints":{"allow":["GET"]}}],"collection":[{"href":"https:\/\/www.yidakitchen.com\/es\/wp-json\/wp\/v2\/product"}],"about":[{"href":"https:\/\/www.yidakitchen.com\/es\/wp-json\/wp\/v2\/types\/product"}],"wp:featuredmedia":[{"embeddable":true,"href":"https:\/\/www.yidakitchen.com\/es\/wp-json\/wp\/v2\/media\/3620"}],"wp:attachment":[{"href":"https:\/\/www.yidakitchen.com\/es\/wp-json\/wp\/v2\/media?parent=3617"}],"wp:term":[{"taxonomy":"product_brand","embeddable":true,"href":"https:\/\/www.yidakitchen.com\/es\/wp-json\/wp\/v2\/product_brand?post=3617"},{"taxonomy":"product_cat","embeddable":true,"href":"https:\/\/www.yidakitchen.com\/es\/wp-json\/wp\/v2\/product_cat?post=3617"},{"taxonomy":"product_tag","embeddable":true,"href":"https:\/\/www.yidakitchen.com\/es\/wp-json\/wp\/v2\/product_tag?post=3617"}],"curies":[{"name":"wp","href":"https:\/\/api.w.org\/{rel}","templated":true}]}}