{"id":3480,"date":"2025-05-13T07:09:09","date_gmt":"2025-05-13T07:09:09","guid":{"rendered":"https:\/\/www.yidakitchen.com\/?post_type=product&#038;p=3480"},"modified":"2025-10-22T02:44:13","modified_gmt":"2025-10-22T02:44:13","slug":"saudi-hotel-project-l-shaped-cabinet-walnut-matte-white-island","status":"publish","type":"product","link":"https:\/\/www.yidakitchen.com\/es\/producto\/saudi-hotel-project-l-shaped-cabinet-walnut-matte-white-island\/","title":{"rendered":"Proyecto de hotel saud\u00ed Armario en L: Nogal + Blanco mate + Isla"},"content":{"rendered":"<p><a href=\"https:\/\/www.pakitchen.com\/wp-content\/uploads\/2023\/11\/Minimalist-Elegance-Exploring-a-Chic-White-Kitchen-with-Wooden-Accents-3.jpg\"><\/a><\/p><div class=\"wp-block-columns is-layout-flex wp-container-core-columns-is-layout-1 wp-block-columns-is-layout-flex\"><div class=\"wp-block-column is-vertically-aligned-center is-layout-flow wp-block-column-is-layout-flow\"><figure class=\"wp-block-image size-full\"><img fetchpriority=\"high\" decoding=\"async\" width=\"1440\" height=\"600\" src=\"https:\/\/www.yidakitchen.com\/wp-content\/uploads\/2025\/05\/l-shaped-kitchen-cabinet-with-island-plcc22101-2.jpg\" alt=\"\" class=\"wp-image-3481\" srcset=\"https:\/\/www.yidakitchen.com\/wp-content\/uploads\/2025\/05\/l-shaped-kitchen-cabinet-with-island-plcc22101-2.jpg 1440w, https:\/\/www.yidakitchen.com\/wp-content\/uploads\/2025\/05\/l-shaped-kitchen-cabinet-with-island-plcc22101-2-300x125.jpg 300w, https:\/\/www.yidakitchen.com\/wp-content\/uploads\/2025\/05\/l-shaped-kitchen-cabinet-with-island-plcc22101-2-1024x427.jpg 1024w, https:\/\/www.yidakitchen.com\/wp-content\/uploads\/2025\/05\/l-shaped-kitchen-cabinet-with-island-plcc22101-2-768x320.jpg 768w, https:\/\/www.yidakitchen.com\/wp-content\/uploads\/2025\/05\/l-shaped-kitchen-cabinet-with-island-plcc22101-2-600x250.jpg 600w\" sizes=\"(max-width: 1440px) 100vw, 1440px\" \/><\/figure><\/div>\n\n<div class=\"wp-block-column is-vertically-aligned-center is-layout-flow wp-block-column-is-layout-flow\"><h3 class=\"wp-block-heading\" id=\"h-product-design\"><strong><strong>Dise\u00f1o de productos<\/strong><\/strong><\/h3>\n\n<p>Inspirado en el funcionalismo contempor\u00e1neo, este conjunto de armarios en forma de L presenta una combinaci\u00f3n perfecta de laca UV blanca mate (PWMC0112) y chapa de nogal natural (PWMA0358), creando una est\u00e9tica c\u00e1lida y minimalista. El dise\u00f1o de la encimera en cascada de la isla a\u00f1ade un lujoso punto focal, mientras que las vitrinas frontales de cristal con tiradores de aluminio equilibran el almacenamiento cerrado con el espacio de exposici\u00f3n decorativo, ideal para cocinas modernas de concepto abierto.<\/p>\n\n<h3 class=\"wp-block-heading\" id=\"h-color-harmony\"><strong><strong>Armon\u00eda de colores<\/strong><\/strong><\/h3>\n\n<p>Una sofisticada paleta de suave blanco mate (cuerpo del mueble) y rica madera de nogal (isla y estantes abiertos) forma el n\u00facleo, acentuado por adornos de metal dorado champ\u00e1n y paneles de cristal transparente. Esta combinaci\u00f3n equilibra la tranquilidad neutra con la calidez org\u00e1nica, complementando f\u00e1cilmente electrodom\u00e9sticos de acero inoxidable, salpicaderos de m\u00e1rmol o decoraci\u00f3n monocrom\u00e1tica para un aspecto cohesivo y de lujo.<\/p><\/div><\/div><div class=\"wp-block-columns is-layout-flex wp-container-core-columns-is-layout-2 wp-block-columns-is-layout-flex\"><div class=\"wp-block-column is-vertically-aligned-center is-layout-flow wp-block-column-is-layout-flow\"><h3 class=\"wp-block-heading\" id=\"h-material-properties\"><strong><strong>Propiedades de los materiales<\/strong><\/strong><\/h3>\n\n<p><strong>Puertas y paneles<\/strong>: Laca UV de alta calidad sobre MDF para superficies resistentes a los ara\u00f1azos y f\u00e1ciles de limpiar con un acabado suave y de bajo brillo; la chapa de nogal natural (con certificaci\u00f3n FSC) a\u00f1ade textura y durabilidad a la isla y a los estantes abiertos.<\/p>\n\n<p><strong>Cuerpo del armario<\/strong>: La construcci\u00f3n en madera contrachapada (grado E1, conforme a la fase 2 de CARB) garantiza una gran capacidad de carga y resistencia a la humedad.<\/p>\n\n<p><strong>Encimera<\/strong>Composite de cuarzo de 20 mm (PWTE0068) con piedra natural 93%, que ofrece resistencia al calor, las manchas y los impactos para un uso intensivo en la cocina.<\/p><\/div>\n\n<div class=\"wp-block-column is-vertically-aligned-center is-layout-flow wp-block-column-is-layout-flow\"><figure class=\"wp-block-image size-full\"><img decoding=\"async\" width=\"1440\" height=\"600\" src=\"https:\/\/www.yidakitchen.com\/wp-content\/uploads\/2025\/05\/l-shaped-kitchen-cabinet-with-island-plcc22101-4.jpg\" alt=\"\" class=\"wp-image-3483\" srcset=\"https:\/\/www.yidakitchen.com\/wp-content\/uploads\/2025\/05\/l-shaped-kitchen-cabinet-with-island-plcc22101-4.jpg 1440w, https:\/\/www.yidakitchen.com\/wp-content\/uploads\/2025\/05\/l-shaped-kitchen-cabinet-with-island-plcc22101-4-300x125.jpg 300w, https:\/\/www.yidakitchen.com\/wp-content\/uploads\/2025\/05\/l-shaped-kitchen-cabinet-with-island-plcc22101-4-1024x427.jpg 1024w, https:\/\/www.yidakitchen.com\/wp-content\/uploads\/2025\/05\/l-shaped-kitchen-cabinet-with-island-plcc22101-4-768x320.jpg 768w, https:\/\/www.yidakitchen.com\/wp-content\/uploads\/2025\/05\/l-shaped-kitchen-cabinet-with-island-plcc22101-4-600x250.jpg 600w\" sizes=\"(max-width: 1440px) 100vw, 1440px\" \/><\/figure><\/div><\/div><figure class=\"wp-block-image alignwide size-large\"><img decoding=\"async\" width=\"1024\" height=\"427\" src=\"https:\/\/www.yidakitchen.com\/wp-content\/uploads\/2025\/05\/l-shaped-kitchen-cabinet-with-island-plcc22101-5-1024x427.jpg\" alt=\"\" class=\"wp-image-3484\" srcset=\"https:\/\/www.yidakitchen.com\/wp-content\/uploads\/2025\/05\/l-shaped-kitchen-cabinet-with-island-plcc22101-5-1024x427.jpg 1024w, https:\/\/www.yidakitchen.com\/wp-content\/uploads\/2025\/05\/l-shaped-kitchen-cabinet-with-island-plcc22101-5-300x125.jpg 300w, https:\/\/www.yidakitchen.com\/wp-content\/uploads\/2025\/05\/l-shaped-kitchen-cabinet-with-island-plcc22101-5-768x320.jpg 768w, https:\/\/www.yidakitchen.com\/wp-content\/uploads\/2025\/05\/l-shaped-kitchen-cabinet-with-island-plcc22101-5-600x250.jpg 600w, https:\/\/www.yidakitchen.com\/wp-content\/uploads\/2025\/05\/l-shaped-kitchen-cabinet-with-island-plcc22101-5.jpg 1440w\" sizes=\"(max-width: 1024px) 100vw, 1024px\" \/><\/figure><div class=\"wp-block-columns is-layout-flex wp-container-core-columns-is-layout-3 wp-block-columns-is-layout-flex\"><div class=\"wp-block-column is-vertically-aligned-center is-layout-flow wp-block-column-is-layout-flow\"><\/div><\/div><h3 class=\"wp-block-heading\" id=\"h-structure-layout\"><strong>Estructura<\/strong><\/h3><p>La configuraci\u00f3n en L optimiza el espacio de las esquinas con armarios que van del suelo al techo, cajones profundos y una despensa extra\u00edble para el almacenamiento vertical. La isla central integra una barra de desayunos de 1,2 m, un garaje oculto para electrodom\u00e9sticos (con capacidad para microondas y hornos) y un sistema de almacenamiento de doble cara: estantes abiertos en un lado para facilitar el acceso y armarios cerrados en el otro para una organizaci\u00f3n ordenada. La distribuci\u00f3n permite un flujo de trabajo eficiente entre las zonas de cocina, preparaci\u00f3n y comedor.<\/p><figure class=\"wp-block-gallery alignwide has-nested-images columns-default is-cropped wp-block-gallery-1 is-layout-flex wp-block-gallery-is-layout-flex\"><figure class=\"wp-block-image size-large\"><img loading=\"lazy\" decoding=\"async\" width=\"650\" height=\"525\" data-id=\"3490\" src=\"https:\/\/www.yidakitchen.com\/wp-content\/uploads\/2025\/05\/modern-two-tone-small-kitchen-cabinet-desig-5.webp\" alt=\"\" class=\"wp-image-3490\" srcset=\"https:\/\/www.yidakitchen.com\/wp-content\/uploads\/2025\/05\/modern-two-tone-small-kitchen-cabinet-desig-5.webp 650w, https:\/\/www.yidakitchen.com\/wp-content\/uploads\/2025\/05\/modern-two-tone-small-kitchen-cabinet-desig-5-300x242.webp 300w, https:\/\/www.yidakitchen.com\/wp-content\/uploads\/2025\/05\/modern-two-tone-small-kitchen-cabinet-desig-5-600x485.webp 600w\" sizes=\"(max-width: 650px) 100vw, 650px\" \/><\/figure>\n\n<figure class=\"wp-block-image size-large\"><img loading=\"lazy\" decoding=\"async\" width=\"650\" height=\"545\" data-id=\"3488\" src=\"https:\/\/www.yidakitchen.com\/wp-content\/uploads\/2025\/05\/modern-two-tone-small-kitchen-cabinet-desig-3.webp\" alt=\"\" class=\"wp-image-3488\" srcset=\"https:\/\/www.yidakitchen.com\/wp-content\/uploads\/2025\/05\/modern-two-tone-small-kitchen-cabinet-desig-3.webp 650w, https:\/\/www.yidakitchen.com\/wp-content\/uploads\/2025\/05\/modern-two-tone-small-kitchen-cabinet-desig-3-300x252.webp 300w, https:\/\/www.yidakitchen.com\/wp-content\/uploads\/2025\/05\/modern-two-tone-small-kitchen-cabinet-desig-3-600x503.webp 600w\" sizes=\"(max-width: 650px) 100vw, 650px\" \/><\/figure>\n\n<figure class=\"wp-block-image size-large\"><img loading=\"lazy\" decoding=\"async\" width=\"650\" height=\"466\" data-id=\"3487\" src=\"https:\/\/www.yidakitchen.com\/wp-content\/uploads\/2025\/05\/modern-two-tone-small-kitchen-cabinet-desig-2.webp\" alt=\"\" class=\"wp-image-3487\" srcset=\"https:\/\/www.yidakitchen.com\/wp-content\/uploads\/2025\/05\/modern-two-tone-small-kitchen-cabinet-desig-2.webp 650w, https:\/\/www.yidakitchen.com\/wp-content\/uploads\/2025\/05\/modern-two-tone-small-kitchen-cabinet-desig-2-300x215.webp 300w, https:\/\/www.yidakitchen.com\/wp-content\/uploads\/2025\/05\/modern-two-tone-small-kitchen-cabinet-desig-2-600x430.webp 600w\" sizes=\"(max-width: 650px) 100vw, 650px\" \/><\/figure>\n\n<figure class=\"wp-block-image size-large\"><img loading=\"lazy\" decoding=\"async\" width=\"1024\" height=\"498\" data-id=\"3489\" src=\"https:\/\/www.yidakitchen.com\/wp-content\/uploads\/2025\/05\/modern-two-tone-small-kitchen-cabinet-desig-4-1024x498.webp?wsr\" alt=\"\" class=\"wp-image-3489\" srcset=\"https:\/\/www.yidakitchen.com\/wp-content\/uploads\/2025\/05\/modern-two-tone-small-kitchen-cabinet-desig-4-1024x498.webp 1024w, https:\/\/www.yidakitchen.com\/wp-content\/uploads\/2025\/05\/modern-two-tone-small-kitchen-cabinet-desig-4-300x146.webp 300w, https:\/\/www.yidakitchen.com\/wp-content\/uploads\/2025\/05\/modern-two-tone-small-kitchen-cabinet-desig-4-768x373.webp 768w, https:\/\/www.yidakitchen.com\/wp-content\/uploads\/2025\/05\/modern-two-tone-small-kitchen-cabinet-desig-4-600x292.webp 600w, https:\/\/www.yidakitchen.com\/wp-content\/uploads\/2025\/05\/modern-two-tone-small-kitchen-cabinet-desig-4.webp 1440w\" sizes=\"(max-width: 1024px) 100vw, 1024px\" \/><\/figure><\/figure><h3 class=\"wp-block-heading\" id=\"h-humanized-function\"><strong>Funci\u00f3n humanizada<\/strong><\/h3><p><strong>Sistema de cierre silencioso<\/strong>: Los cajones de extracci\u00f3n total con bisagras de cierre suave Blumotion y las puertas de los armarios con dispositivo amortiguador Damping garantizan un funcionamiento silencioso y suave.<\/p><p><strong>Soluciones de almacenamiento inteligentes<\/strong>: Los armarios Lazy Susan de esquina profunda, los especieros extra\u00edbles y las bandejas deslizantes bajo el fregadero eliminan los espacios de dif\u00edcil acceso.<\/p><p><strong>Integraci\u00f3n de la iluminaci\u00f3n<\/strong>: Las tiras de LED preinstaladas bajo el armario (luz c\u00e1lida de 3000K) iluminan las superficies de trabajo, mientras que las luces interiores de cristal de la vitrina resaltan la vajilla expuesta.<\/p><p><strong>Ajustable y estable<\/strong>: Las patas niveladoras (15-40 mm de ajuste de altura) compensan las irregularidades del suelo, y los soportes antivuelco mejoran la seguridad en hogares con ni\u00f1os o mascotas.<\/p><p><\/p>","protected":false},"excerpt":{"rendered":"<p>Product Design Inspired by contemporary functionalism, this L-shaped cabinet set features a seamless blend of matte white UV lacquer (PWMC0112) and natural walnut veneer (PWMA0358), creating a warm yet minimalist aesthetic. The island\u2019s waterfall countertop design adds a luxurious focal point, while glass-front display cabinets with aluminum handles balance closed storage with decorative showcase space, [&hellip;]<\/p>","protected":false},"featured_media":3482,"template":"","meta":[],"product_brand":[],"product_cat":[26,76],"product_tag":[],"class_list":{"0":"post-3480","1":"product","2":"type-product","3":"status-publish","4":"has-post-thumbnail","6":"product_cat-kitchen-cabinets","7":"product_cat-modern-cabinet","9":"first","10":"instock","11":"shipping-taxable","12":"product-type-simple"},"yoast_head":"<!-- This site is optimized with the Yoast SEO Premium plugin v25.0 (Yoast SEO v25.0) - https:\/\/yoast.com\/wordpress\/plugins\/seo\/ -->\n<title>Saudi hotel project L-Shaped Cabinet: Walnut + Matte White + Island - YIDA Kitchen<\/title>\n<meta name=\"robots\" content=\"index, follow, max-snippet:-1, max-image-preview:large, max-video-preview:-1\" \/>\n<link rel=\"canonical\" href=\"https:\/\/www.yidakitchen.com\/es\/producto\/saudi-hotel-project-l-shaped-cabinet-walnut-matte-white-island\/\" \/>\n<meta property=\"og:locale\" content=\"es_MX\" \/>\n<meta property=\"og:type\" content=\"article\" \/>\n<meta property=\"og:title\" content=\"Saudi hotel project L-Shaped Cabinet: Walnut + Matte White + Island\" \/>\n<meta property=\"og:description\" content=\"Product Design Inspired by contemporary functionalism, this L-shaped cabinet set features a seamless blend of matte white UV lacquer (PWMC0112) and natural walnut veneer (PWMA0358), creating a warm yet minimalist aesthetic. The island\u2019s waterfall countertop design adds a luxurious focal point, while glass-front display cabinets with aluminum handles balance closed storage with decorative showcase space, [&hellip;]\" \/>\n<meta property=\"og:url\" content=\"https:\/\/www.yidakitchen.com\/es\/producto\/saudi-hotel-project-l-shaped-cabinet-walnut-matte-white-island\/\" \/>\n<meta property=\"og:site_name\" content=\"YIDA Kitchen\" \/>\n<meta property=\"article:modified_time\" content=\"2025-10-22T02:44:13+00:00\" \/>\n<meta property=\"og:image\" content=\"https:\/\/www.yidakitchen.com\/wp-content\/uploads\/2025\/05\/l-shaped-kitchen-cabinet-with-island-plcc22101-3.jpg?wsr\" \/>\n\t<meta property=\"og:image:width\" content=\"1440\" \/>\n\t<meta property=\"og:image:height\" content=\"600\" \/>\n\t<meta property=\"og:image:type\" content=\"image\/jpeg\" \/>\n<meta name=\"twitter:card\" content=\"summary_large_image\" \/>\n<meta name=\"twitter:label1\" content=\"Price\" \/>\n\t<meta name=\"twitter:data1\" content=\"\" \/>\n\t<meta name=\"twitter:label2\" content=\"Availability\" \/>\n\t<meta name=\"twitter:data2\" content=\"In stock\" \/>\n<script type=\"application\/ld+json\" class=\"yoast-schema-graph\">{\"@context\":\"https:\/\/schema.org\",\"@graph\":[{\"@type\":\"WebPage\",\"@id\":\"https:\/\/www.yidakitchen.com\/product\/saudi-hotel-project-l-shaped-cabinet-walnut-matte-white-island\/\",\"url\":\"https:\/\/www.yidakitchen.com\/product\/saudi-hotel-project-l-shaped-cabinet-walnut-matte-white-island\/\",\"name\":\"Saudi hotel project L-Shaped Cabinet: Walnut + Matte White + Island - YIDA Kitchen\",\"isPartOf\":{\"@id\":\"https:\/\/www.yidakitchen.com\/#website\"},\"primaryImageOfPage\":{\"@id\":\"https:\/\/www.yidakitchen.com\/product\/saudi-hotel-project-l-shaped-cabinet-walnut-matte-white-island\/#primaryimage\"},\"image\":{\"@id\":\"https:\/\/www.yidakitchen.com\/product\/saudi-hotel-project-l-shaped-cabinet-walnut-matte-white-island\/#primaryimage\"},\"thumbnailUrl\":\"https:\/\/www.yidakitchen.com\/wp-content\/uploads\/2025\/05\/l-shaped-kitchen-cabinet-with-island-plcc22101-3.jpg?wsr\",\"datePublished\":\"2025-05-13T07:09:09+00:00\",\"dateModified\":\"2025-10-22T02:44:13+00:00\",\"breadcrumb\":{\"@id\":\"https:\/\/www.yidakitchen.com\/product\/saudi-hotel-project-l-shaped-cabinet-walnut-matte-white-island\/#breadcrumb\"},\"inLanguage\":\"es\",\"potentialAction\":[{\"@type\":\"ReadAction\",\"target\":[\"https:\/\/www.yidakitchen.com\/product\/saudi-hotel-project-l-shaped-cabinet-walnut-matte-white-island\/\"]}]},{\"@type\":\"ImageObject\",\"inLanguage\":\"es\",\"@id\":\"https:\/\/www.yidakitchen.com\/product\/saudi-hotel-project-l-shaped-cabinet-walnut-matte-white-island\/#primaryimage\",\"url\":\"https:\/\/www.yidakitchen.com\/wp-content\/uploads\/2025\/05\/l-shaped-kitchen-cabinet-with-island-plcc22101-3.jpg?wsr\",\"contentUrl\":\"https:\/\/www.yidakitchen.com\/wp-content\/uploads\/2025\/05\/l-shaped-kitchen-cabinet-with-island-plcc22101-3.jpg?wsr\",\"width\":1440,\"height\":600},{\"@type\":\"BreadcrumbList\",\"@id\":\"https:\/\/www.yidakitchen.com\/product\/saudi-hotel-project-l-shaped-cabinet-walnut-matte-white-island\/#breadcrumb\",\"itemListElement\":[{\"@type\":\"ListItem\",\"position\":1,\"name\":\"Home\",\"item\":\"https:\/\/www.yidakitchen.com\/\"},{\"@type\":\"ListItem\",\"position\":2,\"name\":\"Products\",\"item\":\"https:\/\/www.yidakitchen.com\/shop\/\"},{\"@type\":\"ListItem\",\"position\":3,\"name\":\"Saudi hotel project L-Shaped Cabinet: Walnut + Matte White + Island\"}]},{\"@type\":\"WebSite\",\"@id\":\"https:\/\/www.yidakitchen.com\/#website\",\"url\":\"https:\/\/www.yidakitchen.com\/\",\"name\":\"YIDA Kitchen\",\"description\":\"Kitchen Cabinets Custom Manufacturer from China\",\"publisher\":{\"@id\":\"https:\/\/www.yidakitchen.com\/#organization\"},\"potentialAction\":[{\"@type\":\"SearchAction\",\"target\":{\"@type\":\"EntryPoint\",\"urlTemplate\":\"https:\/\/www.yidakitchen.com\/?s={search_term_string}\"},\"query-input\":{\"@type\":\"PropertyValueSpecification\",\"valueRequired\":true,\"valueName\":\"search_term_string\"}}],\"inLanguage\":\"es\"},{\"@type\":\"Organization\",\"@id\":\"https:\/\/www.yidakitchen.com\/#organization\",\"name\":\"YIDA Kitchen\",\"url\":\"https:\/\/www.yidakitchen.com\/\",\"logo\":{\"@type\":\"ImageObject\",\"inLanguage\":\"es\",\"@id\":\"https:\/\/www.yidakitchen.com\/#\/schema\/logo\/image\/\",\"url\":\"https:\/\/www.yidakitchen.com\/wp-content\/uploads\/2025\/04\/logo.png?wsr\",\"contentUrl\":\"https:\/\/www.yidakitchen.com\/wp-content\/uploads\/2025\/04\/logo.png?wsr\",\"width\":1763,\"height\":951,\"caption\":\"YIDA Kitchen\"},\"image\":{\"@id\":\"https:\/\/www.yidakitchen.com\/#\/schema\/logo\/image\/\"}}]}<\/script>\n<meta property=\"product:price:amount\" content=\"0.00\" \/>\n<meta property=\"product:price:currency\" content=\"USD\" \/>\n<meta property=\"og:availability\" content=\"instock\" \/>\n<meta property=\"product:availability\" content=\"instock\" \/>\n<meta property=\"product:condition\" content=\"new\" \/>\n<!-- \/ Yoast SEO Premium plugin. -->","yoast_head_json":{"title":"Saudi hotel project L-Shaped Cabinet: Walnut + Matte White + Island - YIDA Kitchen","robots":{"index":"index","follow":"follow","max-snippet":"max-snippet:-1","max-image-preview":"max-image-preview:large","max-video-preview":"max-video-preview:-1"},"canonical":"https:\/\/www.yidakitchen.com\/es\/producto\/saudi-hotel-project-l-shaped-cabinet-walnut-matte-white-island\/","og_locale":"es_MX","og_type":"article","og_title":"Saudi hotel project L-Shaped Cabinet: Walnut + Matte White + Island","og_description":"Product Design Inspired by contemporary functionalism, this L-shaped cabinet set features a seamless blend of matte white UV lacquer (PWMC0112) and natural walnut veneer (PWMA0358), creating a warm yet minimalist aesthetic. The island\u2019s waterfall countertop design adds a luxurious focal point, while glass-front display cabinets with aluminum handles balance closed storage with decorative showcase space, [&hellip;]","og_url":"https:\/\/www.yidakitchen.com\/es\/producto\/saudi-hotel-project-l-shaped-cabinet-walnut-matte-white-island\/","og_site_name":"YIDA Kitchen","article_modified_time":"2025-10-22T02:44:13+00:00","og_image":[{"width":1440,"height":600,"url":"https:\/\/www.yidakitchen.com\/wp-content\/uploads\/2025\/05\/l-shaped-kitchen-cabinet-with-island-plcc22101-3.jpg?wsr","type":"image\/jpeg"}],"twitter_card":"summary_large_image","twitter_misc":{"Price":"","Availability":"In stock"},"schema":{"@context":"https:\/\/schema.org","@graph":[{"@type":"WebPage","@id":"https:\/\/www.yidakitchen.com\/product\/saudi-hotel-project-l-shaped-cabinet-walnut-matte-white-island\/","url":"https:\/\/www.yidakitchen.com\/product\/saudi-hotel-project-l-shaped-cabinet-walnut-matte-white-island\/","name":"Saudi hotel project L-Shaped Cabinet: Walnut + Matte White + Island - YIDA Kitchen","isPartOf":{"@id":"https:\/\/www.yidakitchen.com\/#website"},"primaryImageOfPage":{"@id":"https:\/\/www.yidakitchen.com\/product\/saudi-hotel-project-l-shaped-cabinet-walnut-matte-white-island\/#primaryimage"},"image":{"@id":"https:\/\/www.yidakitchen.com\/product\/saudi-hotel-project-l-shaped-cabinet-walnut-matte-white-island\/#primaryimage"},"thumbnailUrl":"https:\/\/www.yidakitchen.com\/wp-content\/uploads\/2025\/05\/l-shaped-kitchen-cabinet-with-island-plcc22101-3.jpg?wsr","datePublished":"2025-05-13T07:09:09+00:00","dateModified":"2025-10-22T02:44:13+00:00","breadcrumb":{"@id":"https:\/\/www.yidakitchen.com\/product\/saudi-hotel-project-l-shaped-cabinet-walnut-matte-white-island\/#breadcrumb"},"inLanguage":"es","potentialAction":[{"@type":"ReadAction","target":["https:\/\/www.yidakitchen.com\/product\/saudi-hotel-project-l-shaped-cabinet-walnut-matte-white-island\/"]}]},{"@type":"ImageObject","inLanguage":"es","@id":"https:\/\/www.yidakitchen.com\/product\/saudi-hotel-project-l-shaped-cabinet-walnut-matte-white-island\/#primaryimage","url":"https:\/\/www.yidakitchen.com\/wp-content\/uploads\/2025\/05\/l-shaped-kitchen-cabinet-with-island-plcc22101-3.jpg?wsr","contentUrl":"https:\/\/www.yidakitchen.com\/wp-content\/uploads\/2025\/05\/l-shaped-kitchen-cabinet-with-island-plcc22101-3.jpg?wsr","width":1440,"height":600},{"@type":"BreadcrumbList","@id":"https:\/\/www.yidakitchen.com\/product\/saudi-hotel-project-l-shaped-cabinet-walnut-matte-white-island\/#breadcrumb","itemListElement":[{"@type":"ListItem","position":1,"name":"Home","item":"https:\/\/www.yidakitchen.com\/"},{"@type":"ListItem","position":2,"name":"Products","item":"https:\/\/www.yidakitchen.com\/shop\/"},{"@type":"ListItem","position":3,"name":"Saudi hotel project L-Shaped Cabinet: Walnut + Matte White + Island"}]},{"@type":"WebSite","@id":"https:\/\/www.yidakitchen.com\/#website","url":"https:\/\/www.yidakitchen.com\/","name":"Cocina YIDA","description":"Armarios de cocina a medida Fabricante de China","publisher":{"@id":"https:\/\/www.yidakitchen.com\/#organization"},"potentialAction":[{"@type":"SearchAction","target":{"@type":"EntryPoint","urlTemplate":"https:\/\/www.yidakitchen.com\/?s={search_term_string}"},"query-input":{"@type":"PropertyValueSpecification","valueRequired":true,"valueName":"search_term_string"}}],"inLanguage":"es"},{"@type":"Organization","@id":"https:\/\/www.yidakitchen.com\/#organization","name":"Cocina YIDA","url":"https:\/\/www.yidakitchen.com\/","logo":{"@type":"ImageObject","inLanguage":"es","@id":"https:\/\/www.yidakitchen.com\/#\/schema\/logo\/image\/","url":"https:\/\/www.yidakitchen.com\/wp-content\/uploads\/2025\/04\/logo.png?wsr","contentUrl":"https:\/\/www.yidakitchen.com\/wp-content\/uploads\/2025\/04\/logo.png?wsr","width":1763,"height":951,"caption":"YIDA Kitchen"},"image":{"@id":"https:\/\/www.yidakitchen.com\/#\/schema\/logo\/image\/"}}]},"product_price_amount":"0.00","product_price_currency":"USD","og_availability":"instock","product_availability":"instock","product_condition":"new"},"_links":{"self":[{"href":"https:\/\/www.yidakitchen.com\/es\/wp-json\/wp\/v2\/product\/3480","targetHints":{"allow":["GET"]}}],"collection":[{"href":"https:\/\/www.yidakitchen.com\/es\/wp-json\/wp\/v2\/product"}],"about":[{"href":"https:\/\/www.yidakitchen.com\/es\/wp-json\/wp\/v2\/types\/product"}],"wp:featuredmedia":[{"embeddable":true,"href":"https:\/\/www.yidakitchen.com\/es\/wp-json\/wp\/v2\/media\/3482"}],"wp:attachment":[{"href":"https:\/\/www.yidakitchen.com\/es\/wp-json\/wp\/v2\/media?parent=3480"}],"wp:term":[{"taxonomy":"product_brand","embeddable":true,"href":"https:\/\/www.yidakitchen.com\/es\/wp-json\/wp\/v2\/product_brand?post=3480"},{"taxonomy":"product_cat","embeddable":true,"href":"https:\/\/www.yidakitchen.com\/es\/wp-json\/wp\/v2\/product_cat?post=3480"},{"taxonomy":"product_tag","embeddable":true,"href":"https:\/\/www.yidakitchen.com\/es\/wp-json\/wp\/v2\/product_tag?post=3480"}],"curies":[{"name":"wp","href":"https:\/\/api.w.org\/{rel}","templated":true}]}}