{"id":3452,"date":"2025-05-13T06:52:56","date_gmt":"2025-05-13T06:52:56","guid":{"rendered":"https:\/\/www.yidakitchen.com\/?post_type=product&#038;p=3452"},"modified":"2025-10-22T06:49:06","modified_gmt":"2025-10-22T06:49:06","slug":"saber-approved-white-uv-lacquer-kitchen-cabinet-with-gold-trim-starry-jade-design-for-saudi-engineering-projects","status":"publish","type":"product","link":"https:\/\/www.yidakitchen.com\/es\/producto\/saber-approved-white-uv-lacquer-kitchen-cabinet-with-gold-trim-starry-jade-design-for-saudi-engineering-projects\/","title":{"rendered":"Armario de cocina lacado UV blanco aprobado por SABER con adornos dorados - Dise\u00f1o Starry Jade, Para proyectos de ingenier\u00eda saud\u00edes"},"content":{"rendered":"<p><a href=\"https:\/\/www.pakitchen.com\/wp-content\/uploads\/2023\/11\/Minimalist-Elegance-Exploring-a-Chic-White-Kitchen-with-Wooden-Accents-3.jpg\"><\/a><\/p><div class=\"wp-block-columns is-layout-flex wp-container-core-columns-is-layout-1 wp-block-columns-is-layout-flex\"><div class=\"wp-block-column is-vertically-aligned-center is-layout-flow wp-block-column-is-layout-flow\"><figure class=\"wp-block-image size-full\"><img fetchpriority=\"high\" decoding=\"async\" width=\"1440\" height=\"600\" src=\"https:\/\/www.yidakitchen.com\/wp-content\/uploads\/2025\/05\/open-kitchen-cabinet-for-sale-plcc22195-3.jpg\" alt=\"\" class=\"wp-image-3464\" srcset=\"https:\/\/www.yidakitchen.com\/wp-content\/uploads\/2025\/05\/open-kitchen-cabinet-for-sale-plcc22195-3.jpg 1440w, https:\/\/www.yidakitchen.com\/wp-content\/uploads\/2025\/05\/open-kitchen-cabinet-for-sale-plcc22195-3-300x125.jpg 300w, https:\/\/www.yidakitchen.com\/wp-content\/uploads\/2025\/05\/open-kitchen-cabinet-for-sale-plcc22195-3-1024x427.jpg 1024w, https:\/\/www.yidakitchen.com\/wp-content\/uploads\/2025\/05\/open-kitchen-cabinet-for-sale-plcc22195-3-768x320.jpg 768w, https:\/\/www.yidakitchen.com\/wp-content\/uploads\/2025\/05\/open-kitchen-cabinet-for-sale-plcc22195-3-600x250.jpg 600w\" sizes=\"(max-width: 1440px) 100vw, 1440px\" \/><\/figure><\/div>\n\n<div class=\"wp-block-column is-vertically-aligned-center is-layout-flow wp-block-column-is-layout-flow\"><h3 class=\"wp-block-heading\" id=\"h-product-design\"><strong><strong>Dise\u00f1o de productos<\/strong><\/strong><\/h3>\n\n<p>Inspirado en la est\u00e9tica minimalista contempor\u00e1nea, el armario presenta l\u00edneas geom\u00e9tricas limpias y una silueta flotante, que combina a la perfecci\u00f3n con los interiores de las cocinas modernas. El panel trasero de jade estrellado (inspirado en la textura ALPI) a\u00f1ade profundidad art\u00edstica, mientras que los adornos met\u00e1licos con acabado dorado de puertas y estantes crean un sutil contraste de lujo. El dise\u00f1o semiabierto equilibra la ligereza visual con el almacenamiento funcional, ideal tanto para apartamentos compactos como para casas espaciosas.<\/p>\n\n<h3 class=\"wp-block-heading\" id=\"h-color-harmony\"><strong><strong>Armon\u00eda de colores<\/strong><\/strong><\/h3>\n\n<p>Una sofisticada paleta de laca UV blanca de alto brillo (PWMC0111) y melamina mate (PWMA0356) forma la base, acentuada por tiradores de aluminio dorado c\u00e1lido y paneles traseros veteados en verde jade. Esta combinaci\u00f3n crea un ambiente luminoso y aireado, mientras que los elementos met\u00e1licos y de piedra a\u00f1aden profundidad, haciendo que la cocina resulte elegante y acogedora.<\/p><\/div><\/div><div class=\"wp-block-columns is-layout-flex wp-container-core-columns-is-layout-2 wp-block-columns-is-layout-flex\"><div class=\"wp-block-column is-vertically-aligned-center is-layout-flow wp-block-column-is-layout-flow\"><h3 class=\"wp-block-heading\" id=\"h-material-properties\"><strong><strong>Propiedades de los materiales<\/strong><\/strong><\/h3>\n\n<p>Fabricada con laca UV de alta calidad para superficies resistentes a los ara\u00f1azos y f\u00e1ciles de limpiar, y tableros de melamina resistentes a la humedad para una durabilidad a largo plazo. La encimera utiliza el compuesto de cuarzo PWTE0067, resistente al calor y las manchas, mientras que las texturas de chapa de madera inspiradas en ALPI imitan las vetas de la madera natural sin necesidad de mantenimiento. Todos los materiales cumplen la normativa medioambiental E1 de la UE, lo que garantiza la seguridad de las familias con ni\u00f1os o mascotas.<\/p><\/div>\n\n<div class=\"wp-block-column is-vertically-aligned-center is-layout-flow wp-block-column-is-layout-flow\"><figure class=\"wp-block-image size-full\"><img decoding=\"async\" width=\"1440\" height=\"600\" src=\"https:\/\/www.yidakitchen.com\/wp-content\/uploads\/2025\/05\/open-kitchen-cabinet-for-sale-plcc22195-4.jpg\" alt=\"\" class=\"wp-image-3465\" srcset=\"https:\/\/www.yidakitchen.com\/wp-content\/uploads\/2025\/05\/open-kitchen-cabinet-for-sale-plcc22195-4.jpg 1440w, https:\/\/www.yidakitchen.com\/wp-content\/uploads\/2025\/05\/open-kitchen-cabinet-for-sale-plcc22195-4-300x125.jpg 300w, https:\/\/www.yidakitchen.com\/wp-content\/uploads\/2025\/05\/open-kitchen-cabinet-for-sale-plcc22195-4-1024x427.jpg 1024w, https:\/\/www.yidakitchen.com\/wp-content\/uploads\/2025\/05\/open-kitchen-cabinet-for-sale-plcc22195-4-768x320.jpg 768w, https:\/\/www.yidakitchen.com\/wp-content\/uploads\/2025\/05\/open-kitchen-cabinet-for-sale-plcc22195-4-600x250.jpg 600w\" sizes=\"(max-width: 1440px) 100vw, 1440px\" \/><\/figure><\/div><\/div><figure class=\"wp-block-image alignwide size-large\"><img decoding=\"async\" width=\"1024\" height=\"427\" src=\"https:\/\/www.yidakitchen.com\/wp-content\/uploads\/2025\/05\/open-kitchen-cabinet-for-sale-plcc22195-5-1024x427.jpg\" alt=\"\" class=\"wp-image-3466\" srcset=\"https:\/\/www.yidakitchen.com\/wp-content\/uploads\/2025\/05\/open-kitchen-cabinet-for-sale-plcc22195-5-1024x427.jpg 1024w, https:\/\/www.yidakitchen.com\/wp-content\/uploads\/2025\/05\/open-kitchen-cabinet-for-sale-plcc22195-5-300x125.jpg 300w, https:\/\/www.yidakitchen.com\/wp-content\/uploads\/2025\/05\/open-kitchen-cabinet-for-sale-plcc22195-5-768x320.jpg 768w, https:\/\/www.yidakitchen.com\/wp-content\/uploads\/2025\/05\/open-kitchen-cabinet-for-sale-plcc22195-5-600x250.jpg 600w, https:\/\/www.yidakitchen.com\/wp-content\/uploads\/2025\/05\/open-kitchen-cabinet-for-sale-plcc22195-5.jpg 1440w\" sizes=\"(max-width: 1024px) 100vw, 1024px\" \/><\/figure><div class=\"wp-block-columns is-layout-flex wp-container-core-columns-is-layout-3 wp-block-columns-is-layout-flex\"><div class=\"wp-block-column is-vertically-aligned-center is-layout-flow wp-block-column-is-layout-flow\"><\/div><\/div><h3 class=\"wp-block-heading\" id=\"h-structure-layout\"><strong>Estructura<\/strong><\/h3><p>La configuraci\u00f3n en forma de U, coronada por una isla multifuncional, es un testimonio de dise\u00f1o inteligente que optimiza el espacio para cocinar, comer y entretenerse. Esta disposici\u00f3n contempor\u00e1nea promueve un entorno pr\u00e1ctico y est\u00e9ticamente agradable que fomenta la eficiencia culinaria y el compromiso social.<\/p><figure class=\"wp-block-gallery alignwide has-nested-images columns-default is-cropped wp-block-gallery-1 is-layout-flex wp-block-gallery-is-layout-flex\"><figure class=\"wp-block-image size-large\"><img loading=\"lazy\" decoding=\"async\" width=\"1024\" height=\"427\" data-id=\"3467\" src=\"https:\/\/www.yidakitchen.com\/wp-content\/uploads\/2025\/05\/open-kitchen-cabinet-for-sale-plcc22195-6-1024x427.jpg?wsr\" alt=\"\" class=\"wp-image-3467\" srcset=\"https:\/\/www.yidakitchen.com\/wp-content\/uploads\/2025\/05\/open-kitchen-cabinet-for-sale-plcc22195-6-1024x427.jpg 1024w, https:\/\/www.yidakitchen.com\/wp-content\/uploads\/2025\/05\/open-kitchen-cabinet-for-sale-plcc22195-6-300x125.jpg 300w, https:\/\/www.yidakitchen.com\/wp-content\/uploads\/2025\/05\/open-kitchen-cabinet-for-sale-plcc22195-6-768x320.jpg 768w, https:\/\/www.yidakitchen.com\/wp-content\/uploads\/2025\/05\/open-kitchen-cabinet-for-sale-plcc22195-6-600x250.jpg 600w, https:\/\/www.yidakitchen.com\/wp-content\/uploads\/2025\/05\/open-kitchen-cabinet-for-sale-plcc22195-6.jpg 1440w\" sizes=\"(max-width: 1024px) 100vw, 1024px\" \/><\/figure>\n\n<figure class=\"wp-block-image size-large\"><img loading=\"lazy\" decoding=\"async\" width=\"1024\" height=\"427\" data-id=\"3468\" src=\"https:\/\/www.yidakitchen.com\/wp-content\/uploads\/2025\/05\/open-kitchen-cabinet-for-sale-plcc22195-7-1024x427.jpg?wsr\" alt=\"\" class=\"wp-image-3468\" srcset=\"https:\/\/www.yidakitchen.com\/wp-content\/uploads\/2025\/05\/open-kitchen-cabinet-for-sale-plcc22195-7-1024x427.jpg 1024w, https:\/\/www.yidakitchen.com\/wp-content\/uploads\/2025\/05\/open-kitchen-cabinet-for-sale-plcc22195-7-300x125.jpg 300w, https:\/\/www.yidakitchen.com\/wp-content\/uploads\/2025\/05\/open-kitchen-cabinet-for-sale-plcc22195-7-768x320.jpg 768w, https:\/\/www.yidakitchen.com\/wp-content\/uploads\/2025\/05\/open-kitchen-cabinet-for-sale-plcc22195-7-600x250.jpg 600w, https:\/\/www.yidakitchen.com\/wp-content\/uploads\/2025\/05\/open-kitchen-cabinet-for-sale-plcc22195-7.jpg 1440w\" sizes=\"(max-width: 1024px) 100vw, 1024px\" \/><\/figure><\/figure><h3 class=\"wp-block-heading\" id=\"h-humanized-function\"><strong>Funci\u00f3n humanizada<\/strong><\/h3><p>Los detalles bien pensados elevan el uso diario: las bisagras de cierre suave reducen el ruido, los especieros extra\u00edbles mantienen los ingredientes organizados y la iluminaci\u00f3n LED bajo el armario ilumina los espacios de trabajo. El dise\u00f1o preparado para electrodom\u00e9sticos admite hornos o microondas empotrados, mientras que las patas ajustables garantizan la estabilidad en suelos irregulares. Los cierres de seguridad para ni\u00f1os est\u00e1n disponibles como opci\u00f3n para las cocinas familiares.<\/p><p><\/p>","protected":false},"excerpt":{"rendered":"<p>Product Design Inspired by contemporary minimalist aesthetics, the cabinet features clean geometric lines and a floating silhouette, blending seamlessly with modern kitchen interiors. The starry jade back panel (inspired by ALPI texture) adds artistic depth, while gold-finished metal trims on doors and shelves create a subtle luxury contrast. The semi-open design balances visual lightness with [&hellip;]<\/p>","protected":false},"featured_media":3463,"template":"","meta":[],"product_brand":[],"product_cat":[26,76],"product_tag":[],"class_list":{"0":"post-3452","1":"product","2":"type-product","3":"status-publish","4":"has-post-thumbnail","6":"product_cat-kitchen-cabinets","7":"product_cat-modern-cabinet","9":"first","10":"instock","11":"shipping-taxable","12":"product-type-simple"},"yoast_head":"<!-- This site is optimized with the Yoast SEO Premium plugin v25.0 (Yoast SEO v25.0) - https:\/\/yoast.com\/wordpress\/plugins\/seo\/ -->\n<title>SABER Approved White UV Lacquer Kitchen Cabinet with Gold Trim \u2013 Starry Jade Design, For Saudi Engineering Projects - YIDA Kitchen<\/title>\n<meta name=\"robots\" content=\"index, follow, max-snippet:-1, max-image-preview:large, max-video-preview:-1\" \/>\n<link rel=\"canonical\" href=\"https:\/\/www.yidakitchen.com\/es\/producto\/saber-approved-white-uv-lacquer-kitchen-cabinet-with-gold-trim-starry-jade-design-for-saudi-engineering-projects\/\" \/>\n<meta property=\"og:locale\" content=\"es_MX\" \/>\n<meta property=\"og:type\" content=\"article\" \/>\n<meta property=\"og:title\" content=\"SABER Approved White UV Lacquer Kitchen Cabinet with Gold Trim \u2013 Starry Jade Design, For Saudi Engineering Projects\" \/>\n<meta property=\"og:description\" content=\"Product Design Inspired by contemporary minimalist aesthetics, the cabinet features clean geometric lines and a floating silhouette, blending seamlessly with modern kitchen interiors. The starry jade back panel (inspired by ALPI texture) adds artistic depth, while gold-finished metal trims on doors and shelves create a subtle luxury contrast. The semi-open design balances visual lightness with [&hellip;]\" \/>\n<meta property=\"og:url\" content=\"https:\/\/www.yidakitchen.com\/es\/producto\/saber-approved-white-uv-lacquer-kitchen-cabinet-with-gold-trim-starry-jade-design-for-saudi-engineering-projects\/\" \/>\n<meta property=\"og:site_name\" content=\"YIDA Kitchen\" \/>\n<meta property=\"article:modified_time\" content=\"2025-10-22T06:49:06+00:00\" \/>\n<meta property=\"og:image\" content=\"https:\/\/www.yidakitchen.com\/wp-content\/uploads\/2025\/05\/open-kitchen-cabinet-for-sale-plcc22195-2.jpg?wsr\" \/>\n\t<meta property=\"og:image:width\" content=\"1440\" \/>\n\t<meta property=\"og:image:height\" content=\"600\" \/>\n\t<meta property=\"og:image:type\" content=\"image\/jpeg\" \/>\n<meta name=\"twitter:card\" content=\"summary_large_image\" \/>\n<meta name=\"twitter:label1\" content=\"Price\" \/>\n\t<meta name=\"twitter:data1\" content=\"\" \/>\n\t<meta name=\"twitter:label2\" content=\"Availability\" \/>\n\t<meta name=\"twitter:data2\" content=\"In stock\" \/>\n<script type=\"application\/ld+json\" class=\"yoast-schema-graph\">{\"@context\":\"https:\/\/schema.org\",\"@graph\":[{\"@type\":\"WebPage\",\"@id\":\"https:\/\/www.yidakitchen.com\/product\/saber-approved-white-uv-lacquer-kitchen-cabinet-with-gold-trim-starry-jade-design-for-saudi-engineering-projects\/\",\"url\":\"https:\/\/www.yidakitchen.com\/product\/saber-approved-white-uv-lacquer-kitchen-cabinet-with-gold-trim-starry-jade-design-for-saudi-engineering-projects\/\",\"name\":\"SABER Approved White UV Lacquer Kitchen Cabinet with Gold Trim \u2013 Starry Jade Design, For Saudi Engineering Projects - YIDA Kitchen\",\"isPartOf\":{\"@id\":\"https:\/\/www.yidakitchen.com\/#website\"},\"primaryImageOfPage\":{\"@id\":\"https:\/\/www.yidakitchen.com\/product\/saber-approved-white-uv-lacquer-kitchen-cabinet-with-gold-trim-starry-jade-design-for-saudi-engineering-projects\/#primaryimage\"},\"image\":{\"@id\":\"https:\/\/www.yidakitchen.com\/product\/saber-approved-white-uv-lacquer-kitchen-cabinet-with-gold-trim-starry-jade-design-for-saudi-engineering-projects\/#primaryimage\"},\"thumbnailUrl\":\"https:\/\/www.yidakitchen.com\/wp-content\/uploads\/2025\/05\/open-kitchen-cabinet-for-sale-plcc22195-2.jpg?wsr\",\"datePublished\":\"2025-05-13T06:52:56+00:00\",\"dateModified\":\"2025-10-22T06:49:06+00:00\",\"breadcrumb\":{\"@id\":\"https:\/\/www.yidakitchen.com\/product\/saber-approved-white-uv-lacquer-kitchen-cabinet-with-gold-trim-starry-jade-design-for-saudi-engineering-projects\/#breadcrumb\"},\"inLanguage\":\"es\",\"potentialAction\":[{\"@type\":\"ReadAction\",\"target\":[\"https:\/\/www.yidakitchen.com\/product\/saber-approved-white-uv-lacquer-kitchen-cabinet-with-gold-trim-starry-jade-design-for-saudi-engineering-projects\/\"]}]},{\"@type\":\"ImageObject\",\"inLanguage\":\"es\",\"@id\":\"https:\/\/www.yidakitchen.com\/product\/saber-approved-white-uv-lacquer-kitchen-cabinet-with-gold-trim-starry-jade-design-for-saudi-engineering-projects\/#primaryimage\",\"url\":\"https:\/\/www.yidakitchen.com\/wp-content\/uploads\/2025\/05\/open-kitchen-cabinet-for-sale-plcc22195-2.jpg?wsr\",\"contentUrl\":\"https:\/\/www.yidakitchen.com\/wp-content\/uploads\/2025\/05\/open-kitchen-cabinet-for-sale-plcc22195-2.jpg?wsr\",\"width\":1440,\"height\":600},{\"@type\":\"BreadcrumbList\",\"@id\":\"https:\/\/www.yidakitchen.com\/product\/saber-approved-white-uv-lacquer-kitchen-cabinet-with-gold-trim-starry-jade-design-for-saudi-engineering-projects\/#breadcrumb\",\"itemListElement\":[{\"@type\":\"ListItem\",\"position\":1,\"name\":\"Home\",\"item\":\"https:\/\/www.yidakitchen.com\/\"},{\"@type\":\"ListItem\",\"position\":2,\"name\":\"Products\",\"item\":\"https:\/\/www.yidakitchen.com\/shop\/\"},{\"@type\":\"ListItem\",\"position\":3,\"name\":\"SABER Approved White UV Lacquer Kitchen Cabinet with Gold Trim \u2013 Starry Jade Design, For Saudi Engineering Projects\"}]},{\"@type\":\"WebSite\",\"@id\":\"https:\/\/www.yidakitchen.com\/#website\",\"url\":\"https:\/\/www.yidakitchen.com\/\",\"name\":\"YIDA Kitchen\",\"description\":\"Kitchen Cabinets Custom Manufacturer from China\",\"publisher\":{\"@id\":\"https:\/\/www.yidakitchen.com\/#organization\"},\"potentialAction\":[{\"@type\":\"SearchAction\",\"target\":{\"@type\":\"EntryPoint\",\"urlTemplate\":\"https:\/\/www.yidakitchen.com\/?s={search_term_string}\"},\"query-input\":{\"@type\":\"PropertyValueSpecification\",\"valueRequired\":true,\"valueName\":\"search_term_string\"}}],\"inLanguage\":\"es\"},{\"@type\":\"Organization\",\"@id\":\"https:\/\/www.yidakitchen.com\/#organization\",\"name\":\"YIDA Kitchen\",\"url\":\"https:\/\/www.yidakitchen.com\/\",\"logo\":{\"@type\":\"ImageObject\",\"inLanguage\":\"es\",\"@id\":\"https:\/\/www.yidakitchen.com\/#\/schema\/logo\/image\/\",\"url\":\"https:\/\/www.yidakitchen.com\/wp-content\/uploads\/2025\/04\/logo.png?wsr\",\"contentUrl\":\"https:\/\/www.yidakitchen.com\/wp-content\/uploads\/2025\/04\/logo.png?wsr\",\"width\":1763,\"height\":951,\"caption\":\"YIDA Kitchen\"},\"image\":{\"@id\":\"https:\/\/www.yidakitchen.com\/#\/schema\/logo\/image\/\"}}]}<\/script>\n<meta property=\"product:price:amount\" content=\"0.00\" \/>\n<meta property=\"product:price:currency\" content=\"USD\" \/>\n<meta property=\"og:availability\" content=\"instock\" \/>\n<meta property=\"product:availability\" content=\"instock\" \/>\n<meta property=\"product:condition\" content=\"new\" \/>\n<!-- \/ Yoast SEO Premium plugin. -->","yoast_head_json":{"title":"SABER Approved White UV Lacquer Kitchen Cabinet with Gold Trim \u2013 Starry Jade Design, For Saudi Engineering Projects - YIDA Kitchen","robots":{"index":"index","follow":"follow","max-snippet":"max-snippet:-1","max-image-preview":"max-image-preview:large","max-video-preview":"max-video-preview:-1"},"canonical":"https:\/\/www.yidakitchen.com\/es\/producto\/saber-approved-white-uv-lacquer-kitchen-cabinet-with-gold-trim-starry-jade-design-for-saudi-engineering-projects\/","og_locale":"es_MX","og_type":"article","og_title":"SABER Approved White UV Lacquer Kitchen Cabinet with Gold Trim \u2013 Starry Jade Design, For Saudi Engineering Projects","og_description":"Product Design Inspired by contemporary minimalist aesthetics, the cabinet features clean geometric lines and a floating silhouette, blending seamlessly with modern kitchen interiors. The starry jade back panel (inspired by ALPI texture) adds artistic depth, while gold-finished metal trims on doors and shelves create a subtle luxury contrast. The semi-open design balances visual lightness with [&hellip;]","og_url":"https:\/\/www.yidakitchen.com\/es\/producto\/saber-approved-white-uv-lacquer-kitchen-cabinet-with-gold-trim-starry-jade-design-for-saudi-engineering-projects\/","og_site_name":"YIDA Kitchen","article_modified_time":"2025-10-22T06:49:06+00:00","og_image":[{"width":1440,"height":600,"url":"https:\/\/www.yidakitchen.com\/wp-content\/uploads\/2025\/05\/open-kitchen-cabinet-for-sale-plcc22195-2.jpg?wsr","type":"image\/jpeg"}],"twitter_card":"summary_large_image","twitter_misc":{"Price":"","Availability":"In stock"},"schema":{"@context":"https:\/\/schema.org","@graph":[{"@type":"WebPage","@id":"https:\/\/www.yidakitchen.com\/product\/saber-approved-white-uv-lacquer-kitchen-cabinet-with-gold-trim-starry-jade-design-for-saudi-engineering-projects\/","url":"https:\/\/www.yidakitchen.com\/product\/saber-approved-white-uv-lacquer-kitchen-cabinet-with-gold-trim-starry-jade-design-for-saudi-engineering-projects\/","name":"SABER Approved White UV Lacquer Kitchen Cabinet with Gold Trim \u2013 Starry Jade Design, For Saudi Engineering Projects - YIDA Kitchen","isPartOf":{"@id":"https:\/\/www.yidakitchen.com\/#website"},"primaryImageOfPage":{"@id":"https:\/\/www.yidakitchen.com\/product\/saber-approved-white-uv-lacquer-kitchen-cabinet-with-gold-trim-starry-jade-design-for-saudi-engineering-projects\/#primaryimage"},"image":{"@id":"https:\/\/www.yidakitchen.com\/product\/saber-approved-white-uv-lacquer-kitchen-cabinet-with-gold-trim-starry-jade-design-for-saudi-engineering-projects\/#primaryimage"},"thumbnailUrl":"https:\/\/www.yidakitchen.com\/wp-content\/uploads\/2025\/05\/open-kitchen-cabinet-for-sale-plcc22195-2.jpg?wsr","datePublished":"2025-05-13T06:52:56+00:00","dateModified":"2025-10-22T06:49:06+00:00","breadcrumb":{"@id":"https:\/\/www.yidakitchen.com\/product\/saber-approved-white-uv-lacquer-kitchen-cabinet-with-gold-trim-starry-jade-design-for-saudi-engineering-projects\/#breadcrumb"},"inLanguage":"es","potentialAction":[{"@type":"ReadAction","target":["https:\/\/www.yidakitchen.com\/product\/saber-approved-white-uv-lacquer-kitchen-cabinet-with-gold-trim-starry-jade-design-for-saudi-engineering-projects\/"]}]},{"@type":"ImageObject","inLanguage":"es","@id":"https:\/\/www.yidakitchen.com\/product\/saber-approved-white-uv-lacquer-kitchen-cabinet-with-gold-trim-starry-jade-design-for-saudi-engineering-projects\/#primaryimage","url":"https:\/\/www.yidakitchen.com\/wp-content\/uploads\/2025\/05\/open-kitchen-cabinet-for-sale-plcc22195-2.jpg?wsr","contentUrl":"https:\/\/www.yidakitchen.com\/wp-content\/uploads\/2025\/05\/open-kitchen-cabinet-for-sale-plcc22195-2.jpg?wsr","width":1440,"height":600},{"@type":"BreadcrumbList","@id":"https:\/\/www.yidakitchen.com\/product\/saber-approved-white-uv-lacquer-kitchen-cabinet-with-gold-trim-starry-jade-design-for-saudi-engineering-projects\/#breadcrumb","itemListElement":[{"@type":"ListItem","position":1,"name":"Home","item":"https:\/\/www.yidakitchen.com\/"},{"@type":"ListItem","position":2,"name":"Products","item":"https:\/\/www.yidakitchen.com\/shop\/"},{"@type":"ListItem","position":3,"name":"SABER Approved White UV Lacquer Kitchen Cabinet with Gold Trim \u2013 Starry Jade Design, For Saudi Engineering Projects"}]},{"@type":"WebSite","@id":"https:\/\/www.yidakitchen.com\/#website","url":"https:\/\/www.yidakitchen.com\/","name":"Cocina YIDA","description":"Armarios de cocina a medida Fabricante de China","publisher":{"@id":"https:\/\/www.yidakitchen.com\/#organization"},"potentialAction":[{"@type":"SearchAction","target":{"@type":"EntryPoint","urlTemplate":"https:\/\/www.yidakitchen.com\/?s={search_term_string}"},"query-input":{"@type":"PropertyValueSpecification","valueRequired":true,"valueName":"search_term_string"}}],"inLanguage":"es"},{"@type":"Organization","@id":"https:\/\/www.yidakitchen.com\/#organization","name":"Cocina YIDA","url":"https:\/\/www.yidakitchen.com\/","logo":{"@type":"ImageObject","inLanguage":"es","@id":"https:\/\/www.yidakitchen.com\/#\/schema\/logo\/image\/","url":"https:\/\/www.yidakitchen.com\/wp-content\/uploads\/2025\/04\/logo.png?wsr","contentUrl":"https:\/\/www.yidakitchen.com\/wp-content\/uploads\/2025\/04\/logo.png?wsr","width":1763,"height":951,"caption":"YIDA Kitchen"},"image":{"@id":"https:\/\/www.yidakitchen.com\/#\/schema\/logo\/image\/"}}]},"product_price_amount":"0.00","product_price_currency":"USD","og_availability":"instock","product_availability":"instock","product_condition":"new"},"_links":{"self":[{"href":"https:\/\/www.yidakitchen.com\/es\/wp-json\/wp\/v2\/product\/3452","targetHints":{"allow":["GET"]}}],"collection":[{"href":"https:\/\/www.yidakitchen.com\/es\/wp-json\/wp\/v2\/product"}],"about":[{"href":"https:\/\/www.yidakitchen.com\/es\/wp-json\/wp\/v2\/types\/product"}],"wp:featuredmedia":[{"embeddable":true,"href":"https:\/\/www.yidakitchen.com\/es\/wp-json\/wp\/v2\/media\/3463"}],"wp:attachment":[{"href":"https:\/\/www.yidakitchen.com\/es\/wp-json\/wp\/v2\/media?parent=3452"}],"wp:term":[{"taxonomy":"product_brand","embeddable":true,"href":"https:\/\/www.yidakitchen.com\/es\/wp-json\/wp\/v2\/product_brand?post=3452"},{"taxonomy":"product_cat","embeddable":true,"href":"https:\/\/www.yidakitchen.com\/es\/wp-json\/wp\/v2\/product_cat?post=3452"},{"taxonomy":"product_tag","embeddable":true,"href":"https:\/\/www.yidakitchen.com\/es\/wp-json\/wp\/v2\/product_tag?post=3452"}],"curies":[{"name":"wp","href":"https:\/\/api.w.org\/{rel}","templated":true}]}}