{"id":2745,"date":"2025-05-04T02:11:27","date_gmt":"2025-05-04T02:11:27","guid":{"rendered":"https:\/\/www.yidakitchen.com\/?post_type=product&#038;p=2745"},"modified":"2025-05-06T08:43:15","modified_gmt":"2025-05-06T08:43:15","slug":"modern-sophistication-neutral-toned-custom-cabinets-for-global-interiors-copy","status":"publish","type":"product","link":"https:\/\/www.yidakitchen.com\/es\/producto\/modern-sophistication-neutral-toned-custom-cabinets-for-global-interiors-copy\/","title":{"rendered":"Chic contempor\u00e1neo - Armarios a medida que redefinen los espacios vitales globales"},"content":{"rendered":"<figure class=\"wp-block-image alignwide size-large\"><img fetchpriority=\"high\" decoding=\"async\" width=\"1024\" height=\"591\" src=\"https:\/\/www.yidakitchen.com\/wp-content\/uploads\/2025\/05\/CB-J01-10-1024x591.jpg\" alt=\"Contemporary Chic - Custom Cabinets Redefining Global Living Spaces\" class=\"wp-image-2756\" srcset=\"https:\/\/www.yidakitchen.com\/wp-content\/uploads\/2025\/05\/CB-J01-10-1024x591.jpg 1024w, https:\/\/www.yidakitchen.com\/wp-content\/uploads\/2025\/05\/CB-J01-10-300x173.jpg 300w, https:\/\/www.yidakitchen.com\/wp-content\/uploads\/2025\/05\/CB-J01-10-768x444.jpg 768w, https:\/\/www.yidakitchen.com\/wp-content\/uploads\/2025\/05\/CB-J01-10-1536x887.jpg 1536w, https:\/\/www.yidakitchen.com\/wp-content\/uploads\/2025\/05\/CB-J01-10-2048x1183.jpg 2048w, https:\/\/www.yidakitchen.com\/wp-content\/uploads\/2025\/05\/CB-J01-10-600x347.jpg 600w\" sizes=\"(max-width: 1024px) 100vw, 1024px\" \/><figcaption class=\"wp-element-caption\">Chic contempor\u00e1neo - Armarios a medida que redefinen los espacios vitales globales<\/figcaption><\/figure><h3 class=\"wp-block-heading\"><strong>Concepto de dise\u00f1o<\/strong><\/h3><p>Inspirados en las tendencias de dise\u00f1o contempor\u00e1neo, nuestros armarios presentan l\u00edneas elegantes y despejadas y se centran en un concepto de vida abierto. El concepto de dise\u00f1o gira en torno a la creaci\u00f3n de soluciones de almacenamiento que no s\u00f3lo son funcionales, sino que tambi\u00e9n sirven como elementos arquitect\u00f3nicos destacados en cada habitaci\u00f3n. Al integrar elementos modernos con un enfoque minimalista, estos armarios se adaptan a diversos gustos y estilos de vida.<\/p><div class=\"wp-block-media-text is-stacked-on-mobile\"><figure class=\"wp-block-media-text__media\"><img decoding=\"async\" width=\"1024\" height=\"639\" src=\"https:\/\/www.yidakitchen.com\/wp-content\/uploads\/2025\/05\/CB-J01-15-1024x639.jpg\" alt=\"\" class=\"wp-image-2757 size-full\" srcset=\"https:\/\/www.yidakitchen.com\/wp-content\/uploads\/2025\/05\/CB-J01-15-1024x639.jpg 1024w, https:\/\/www.yidakitchen.com\/wp-content\/uploads\/2025\/05\/CB-J01-15-300x187.jpg 300w, https:\/\/www.yidakitchen.com\/wp-content\/uploads\/2025\/05\/CB-J01-15-768x479.jpg 768w, https:\/\/www.yidakitchen.com\/wp-content\/uploads\/2025\/05\/CB-J01-15-1536x959.jpg 1536w, https:\/\/www.yidakitchen.com\/wp-content\/uploads\/2025\/05\/CB-J01-15-2048x1278.jpg 2048w, https:\/\/www.yidakitchen.com\/wp-content\/uploads\/2025\/05\/CB-J01-15-600x375.jpg 600w\" sizes=\"(max-width: 1024px) 100vw, 1024px\" \/><\/figure><div class=\"wp-block-media-text__content\"><h3 class=\"wp-block-heading\"><strong>Paleta de colores y tratamiento de superficies<\/strong><\/h3>\n\n<p>La paleta de colores es una armoniosa mezcla de tonos neutros -blancos n\u00edtidos, negros intensos y c\u00e1lidos toques de madera- que crean un aspecto equilibrado y sofisticado. Las superficies est\u00e1n tratadas con un acabado liso y brillante en zonas estrat\u00e9gicas, lo que a\u00f1ade un toque de modernidad, mientras que predominan los acabados mate para un atractivo atemporal. Esta combinaci\u00f3n no s\u00f3lo realza el inter\u00e9s visual, sino que tambi\u00e9n garantiza la durabilidad y la facilidad de mantenimiento.<\/p><\/div><\/div><div class=\"wp-block-media-text has-media-on-the-right is-stacked-on-mobile\"><div class=\"wp-block-media-text__content\"><h3 class=\"wp-block-heading\"><strong><strong>Configuraci\u00f3n espacial<\/strong><\/strong><\/h3>\n\n<p>Cada armario est\u00e1 meticulosamente configurado para su espacio espec\u00edfico. En el sal\u00f3n, complementan las zonas de entretenimiento con almacenamiento integrado para medios y decoraci\u00f3n. Los armarios de la cocina est\u00e1n dise\u00f1ados para una funcionalidad \u00f3ptima, con almacenamiento inteligente para utensilios de cocina y electrodom\u00e9sticos. Los armarios del dormitorio ofrecen una mezcla de almacenamiento abierto y cerrado, mientras que los armarios del estudio proporcionan un espacio organizado para libros y art\u00edculos de oficina. El guardarropa (vestidor) cuenta con elegantes puertas de cristal y estanter\u00edas abiertas, combinando estilo y organizaci\u00f3n pr\u00e1ctica.<\/p><\/div><figure class=\"wp-block-media-text__media\"><img decoding=\"async\" width=\"1024\" height=\"591\" src=\"https:\/\/www.yidakitchen.com\/wp-content\/uploads\/2025\/05\/CB-J01-9-1024x591.jpg\" alt=\"\" class=\"wp-image-2755 size-full\" srcset=\"https:\/\/www.yidakitchen.com\/wp-content\/uploads\/2025\/05\/CB-J01-9-1024x591.jpg 1024w, https:\/\/www.yidakitchen.com\/wp-content\/uploads\/2025\/05\/CB-J01-9-300x173.jpg 300w, https:\/\/www.yidakitchen.com\/wp-content\/uploads\/2025\/05\/CB-J01-9-768x443.jpg 768w, https:\/\/www.yidakitchen.com\/wp-content\/uploads\/2025\/05\/CB-J01-9-1536x886.jpg 1536w, https:\/\/www.yidakitchen.com\/wp-content\/uploads\/2025\/05\/CB-J01-9-2048x1181.jpg 2048w, https:\/\/www.yidakitchen.com\/wp-content\/uploads\/2025\/05\/CB-J01-9-600x346.jpg 600w\" sizes=\"(max-width: 1024px) 100vw, 1024px\" \/><\/figure><\/div><figure class=\"wp-block-gallery has-nested-images columns-default is-cropped wp-block-gallery-1 is-layout-flex wp-block-gallery-is-layout-flex\"><figure class=\"wp-block-image size-large\"><img loading=\"lazy\" decoding=\"async\" width=\"1024\" height=\"700\" data-id=\"2754\" src=\"https:\/\/www.yidakitchen.com\/wp-content\/uploads\/2025\/05\/CB-J01-8-1024x700.jpg?wsr\" alt=\"\" class=\"wp-image-2754\" srcset=\"https:\/\/www.yidakitchen.com\/wp-content\/uploads\/2025\/05\/CB-J01-8-1024x700.jpg 1024w, https:\/\/www.yidakitchen.com\/wp-content\/uploads\/2025\/05\/CB-J01-8-300x205.jpg 300w, https:\/\/www.yidakitchen.com\/wp-content\/uploads\/2025\/05\/CB-J01-8-768x525.jpg 768w, https:\/\/www.yidakitchen.com\/wp-content\/uploads\/2025\/05\/CB-J01-8-1536x1049.jpg 1536w, https:\/\/www.yidakitchen.com\/wp-content\/uploads\/2025\/05\/CB-J01-8-2048x1399.jpg 2048w, https:\/\/www.yidakitchen.com\/wp-content\/uploads\/2025\/05\/CB-J01-8-600x410.jpg 600w\" sizes=\"(max-width: 1024px) 100vw, 1024px\" \/><\/figure>\n\n<figure class=\"wp-block-image size-large\"><img loading=\"lazy\" decoding=\"async\" width=\"1024\" height=\"665\" data-id=\"2753\" src=\"https:\/\/www.yidakitchen.com\/wp-content\/uploads\/2025\/05\/CB-J01-7-1024x665.jpg?wsr\" alt=\"\" class=\"wp-image-2753\" srcset=\"https:\/\/www.yidakitchen.com\/wp-content\/uploads\/2025\/05\/CB-J01-7-1024x665.jpg 1024w, https:\/\/www.yidakitchen.com\/wp-content\/uploads\/2025\/05\/CB-J01-7-300x195.jpg 300w, https:\/\/www.yidakitchen.com\/wp-content\/uploads\/2025\/05\/CB-J01-7-768x499.jpg 768w, https:\/\/www.yidakitchen.com\/wp-content\/uploads\/2025\/05\/CB-J01-7-1536x998.jpg 1536w, https:\/\/www.yidakitchen.com\/wp-content\/uploads\/2025\/05\/CB-J01-7-2048x1331.jpg 2048w, https:\/\/www.yidakitchen.com\/wp-content\/uploads\/2025\/05\/CB-J01-7-600x390.jpg 600w\" sizes=\"(max-width: 1024px) 100vw, 1024px\" \/><\/figure>\n\n<figure class=\"wp-block-image size-large\"><img loading=\"lazy\" decoding=\"async\" width=\"1024\" height=\"608\" data-id=\"2752\" src=\"https:\/\/www.yidakitchen.com\/wp-content\/uploads\/2025\/05\/CB-J01-6-1024x608.jpg?wsr\" alt=\"\" class=\"wp-image-2752\" srcset=\"https:\/\/www.yidakitchen.com\/wp-content\/uploads\/2025\/05\/CB-J01-6-1024x608.jpg 1024w, https:\/\/www.yidakitchen.com\/wp-content\/uploads\/2025\/05\/CB-J01-6-300x178.jpg 300w, https:\/\/www.yidakitchen.com\/wp-content\/uploads\/2025\/05\/CB-J01-6-768x456.jpg 768w, https:\/\/www.yidakitchen.com\/wp-content\/uploads\/2025\/05\/CB-J01-6-1536x912.jpg 1536w, https:\/\/www.yidakitchen.com\/wp-content\/uploads\/2025\/05\/CB-J01-6-2048x1216.jpg 2048w, https:\/\/www.yidakitchen.com\/wp-content\/uploads\/2025\/05\/CB-J01-6-600x356.jpg 600w\" sizes=\"(max-width: 1024px) 100vw, 1024px\" \/><\/figure>\n\n<figure class=\"wp-block-image size-large\"><img loading=\"lazy\" decoding=\"async\" width=\"1024\" height=\"556\" data-id=\"2751\" src=\"https:\/\/www.yidakitchen.com\/wp-content\/uploads\/2025\/05\/CB-J01-5-1024x556.jpg?wsr\" alt=\"\" class=\"wp-image-2751\" srcset=\"https:\/\/www.yidakitchen.com\/wp-content\/uploads\/2025\/05\/CB-J01-5-1024x556.jpg 1024w, https:\/\/www.yidakitchen.com\/wp-content\/uploads\/2025\/05\/CB-J01-5-300x163.jpg 300w, https:\/\/www.yidakitchen.com\/wp-content\/uploads\/2025\/05\/CB-J01-5-768x417.jpg 768w, https:\/\/www.yidakitchen.com\/wp-content\/uploads\/2025\/05\/CB-J01-5-1536x834.jpg 1536w, https:\/\/www.yidakitchen.com\/wp-content\/uploads\/2025\/05\/CB-J01-5-2048x1112.jpg 2048w, https:\/\/www.yidakitchen.com\/wp-content\/uploads\/2025\/05\/CB-J01-5-600x326.jpg 600w\" sizes=\"(max-width: 1024px) 100vw, 1024px\" \/><\/figure><\/figure><h3 class=\"wp-block-heading\"><strong>Materiales y artesan\u00eda<\/strong><\/h3><p>Fabricados con materiales de primera calidad, como madera de alta calidad y compuestos avanzados, nuestros armarios garantizan una larga vida \u00fatil. El meticuloso trabajo artesanal es evidente en cada detalle, desde la precisi\u00f3n de los cortes hasta la perfecta integraci\u00f3n de los componentes. El uso de materiales duraderos garantiza la resistencia al desgaste diario, lo que los convierte en una inversi\u00f3n inteligente para cualquier hogar.<\/p><figure class=\"wp-block-gallery has-nested-images columns-default is-cropped wp-block-gallery-2 is-layout-flex wp-block-gallery-is-layout-flex\"><figure class=\"wp-block-image size-large\"><img loading=\"lazy\" decoding=\"async\" width=\"1024\" height=\"607\" data-id=\"2747\" src=\"https:\/\/www.yidakitchen.com\/wp-content\/uploads\/2025\/05\/CB-J01-1-1024x607.jpg\" alt=\"\" class=\"wp-image-2747\" srcset=\"https:\/\/www.yidakitchen.com\/wp-content\/uploads\/2025\/05\/CB-J01-1-1024x607.jpg 1024w, https:\/\/www.yidakitchen.com\/wp-content\/uploads\/2025\/05\/CB-J01-1-300x178.jpg 300w, https:\/\/www.yidakitchen.com\/wp-content\/uploads\/2025\/05\/CB-J01-1-768x456.jpg 768w, https:\/\/www.yidakitchen.com\/wp-content\/uploads\/2025\/05\/CB-J01-1-1536x911.jpg 1536w, https:\/\/www.yidakitchen.com\/wp-content\/uploads\/2025\/05\/CB-J01-1-2048x1215.jpg 2048w, https:\/\/www.yidakitchen.com\/wp-content\/uploads\/2025\/05\/CB-J01-1-600x356.jpg 600w\" sizes=\"(max-width: 1024px) 100vw, 1024px\" \/><\/figure>\n\n<figure class=\"wp-block-image size-large\"><img loading=\"lazy\" decoding=\"async\" width=\"1024\" height=\"605\" data-id=\"2750\" src=\"https:\/\/www.yidakitchen.com\/wp-content\/uploads\/2025\/05\/CB-J01-4-1024x605.jpg?wsr\" alt=\"\" class=\"wp-image-2750\" srcset=\"https:\/\/www.yidakitchen.com\/wp-content\/uploads\/2025\/05\/CB-J01-4-1024x605.jpg 1024w, https:\/\/www.yidakitchen.com\/wp-content\/uploads\/2025\/05\/CB-J01-4-300x177.jpg 300w, https:\/\/www.yidakitchen.com\/wp-content\/uploads\/2025\/05\/CB-J01-4-768x453.jpg 768w, https:\/\/www.yidakitchen.com\/wp-content\/uploads\/2025\/05\/CB-J01-4-1536x907.jpg 1536w, https:\/\/www.yidakitchen.com\/wp-content\/uploads\/2025\/05\/CB-J01-4-2048x1209.jpg 2048w, https:\/\/www.yidakitchen.com\/wp-content\/uploads\/2025\/05\/CB-J01-4-600x354.jpg 600w\" sizes=\"(max-width: 1024px) 100vw, 1024px\" \/><\/figure><\/figure><h3 class=\"wp-block-heading\"><strong>Funcionalidad y ergonom\u00eda<\/strong><\/h3><p>La funcionalidad es prioritaria en cada dise\u00f1o. Mecanismos de cierre suave, estantes ajustables y tiradores ergon\u00f3micos garantizan la facilidad de uso. La distribuci\u00f3n de cada armario est\u00e1 pensada para mejorar el flujo de trabajo, ya sea buscando un libro en el estudio u organizando la ropa en el armario, lo que hace que las rutinas diarias sean m\u00e1s eficientes y c\u00f3modas.<\/p><p>Transforme sus espacios vitales con nuestros armarios a medida Contemporary Chic, donde el dise\u00f1o moderno se une a la vida global, ofreciendo soluciones de almacenamiento que son tan funcionales como modernas.<\/p><p><\/p>","protected":false},"excerpt":{"rendered":"<p>Design Concept Inspired by contemporary design trends, our cabinets feature sleek, uncluttered lines and a focus on open &#8211; concept living. The design concept revolves around creating storage solutions that are not just functional but also serve as architectural highlights in each room. By integrating modern elements with a minimalist approach, these cabinets cater to [&hellip;]<\/p>","protected":false},"featured_media":2748,"template":"","meta":[],"product_brand":[],"product_cat":[83],"product_tag":[],"class_list":{"0":"post-2745","1":"product","2":"type-product","3":"status-publish","4":"has-post-thumbnail","6":"product_cat-whole-house","8":"first","9":"instock","10":"shipping-taxable","11":"product-type-simple"},"yoast_head":"<!-- This site is optimized with the Yoast SEO Premium plugin v25.0 (Yoast SEO v25.0) - https:\/\/yoast.com\/wordpress\/plugins\/seo\/ -->\n<title>Contemporary Chic - Custom Cabinets Redefining Global Living Spaces - YIDA Kitchen<\/title>\n<meta name=\"robots\" content=\"index, follow, max-snippet:-1, max-image-preview:large, max-video-preview:-1\" \/>\n<link rel=\"canonical\" href=\"https:\/\/www.yidakitchen.com\/es\/producto\/modern-sophistication-neutral-toned-custom-cabinets-for-global-interiors-copy\/\" \/>\n<meta property=\"og:locale\" content=\"es_MX\" \/>\n<meta property=\"og:type\" content=\"article\" \/>\n<meta property=\"og:title\" content=\"Contemporary Chic - Custom Cabinets Redefining Global Living Spaces\" \/>\n<meta property=\"og:description\" content=\"Design Concept Inspired by contemporary design trends, our cabinets feature sleek, uncluttered lines and a focus on open &#8211; concept living. The design concept revolves around creating storage solutions that are not just functional but also serve as architectural highlights in each room. By integrating modern elements with a minimalist approach, these cabinets cater to [&hellip;]\" \/>\n<meta property=\"og:url\" content=\"https:\/\/www.yidakitchen.com\/es\/producto\/modern-sophistication-neutral-toned-custom-cabinets-for-global-interiors-copy\/\" \/>\n<meta property=\"og:site_name\" content=\"YIDA Kitchen\" \/>\n<meta property=\"article:modified_time\" content=\"2025-05-06T08:43:15+00:00\" \/>\n<meta property=\"og:image\" content=\"https:\/\/www.yidakitchen.com\/wp-content\/uploads\/2025\/05\/CB-J01-3.jpg\" \/>\n\t<meta property=\"og:image:width\" content=\"2269\" \/>\n\t<meta property=\"og:image:height\" content=\"1820\" \/>\n\t<meta property=\"og:image:type\" content=\"image\/jpeg\" \/>\n<meta name=\"twitter:card\" content=\"summary_large_image\" \/>\n<meta name=\"twitter:label1\" content=\"Price\" \/>\n\t<meta name=\"twitter:data1\" content=\"\" \/>\n\t<meta name=\"twitter:label2\" content=\"Availability\" \/>\n\t<meta name=\"twitter:data2\" content=\"In stock\" \/>\n<script type=\"application\/ld+json\" class=\"yoast-schema-graph\">{\"@context\":\"https:\/\/schema.org\",\"@graph\":[{\"@type\":\"WebPage\",\"@id\":\"https:\/\/www.yidakitchen.com\/product\/modern-sophistication-neutral-toned-custom-cabinets-for-global-interiors-copy\/\",\"url\":\"https:\/\/www.yidakitchen.com\/product\/modern-sophistication-neutral-toned-custom-cabinets-for-global-interiors-copy\/\",\"name\":\"Contemporary Chic - Custom Cabinets Redefining Global Living Spaces - YIDA Kitchen\",\"isPartOf\":{\"@id\":\"https:\/\/www.yidakitchen.com\/#website\"},\"primaryImageOfPage\":{\"@id\":\"https:\/\/www.yidakitchen.com\/product\/modern-sophistication-neutral-toned-custom-cabinets-for-global-interiors-copy\/#primaryimage\"},\"image\":{\"@id\":\"https:\/\/www.yidakitchen.com\/product\/modern-sophistication-neutral-toned-custom-cabinets-for-global-interiors-copy\/#primaryimage\"},\"thumbnailUrl\":\"https:\/\/www.yidakitchen.com\/wp-content\/uploads\/2025\/05\/CB-J01-3.jpg?wsr\",\"datePublished\":\"2025-05-04T02:11:27+00:00\",\"dateModified\":\"2025-05-06T08:43:15+00:00\",\"breadcrumb\":{\"@id\":\"https:\/\/www.yidakitchen.com\/product\/modern-sophistication-neutral-toned-custom-cabinets-for-global-interiors-copy\/#breadcrumb\"},\"inLanguage\":\"es\",\"potentialAction\":[{\"@type\":\"ReadAction\",\"target\":[\"https:\/\/www.yidakitchen.com\/product\/modern-sophistication-neutral-toned-custom-cabinets-for-global-interiors-copy\/\"]}]},{\"@type\":\"ImageObject\",\"inLanguage\":\"es\",\"@id\":\"https:\/\/www.yidakitchen.com\/product\/modern-sophistication-neutral-toned-custom-cabinets-for-global-interiors-copy\/#primaryimage\",\"url\":\"https:\/\/www.yidakitchen.com\/wp-content\/uploads\/2025\/05\/CB-J01-3.jpg?wsr\",\"contentUrl\":\"https:\/\/www.yidakitchen.com\/wp-content\/uploads\/2025\/05\/CB-J01-3.jpg?wsr\",\"width\":2269,\"height\":1820,\"caption\":\"Contemporary Chic - Custom Cabinets Redefining Global Living Spaces\"},{\"@type\":\"BreadcrumbList\",\"@id\":\"https:\/\/www.yidakitchen.com\/product\/modern-sophistication-neutral-toned-custom-cabinets-for-global-interiors-copy\/#breadcrumb\",\"itemListElement\":[{\"@type\":\"ListItem\",\"position\":1,\"name\":\"Home\",\"item\":\"https:\/\/www.yidakitchen.com\/\"},{\"@type\":\"ListItem\",\"position\":2,\"name\":\"Products\",\"item\":\"https:\/\/www.yidakitchen.com\/shop\/\"},{\"@type\":\"ListItem\",\"position\":3,\"name\":\"Contemporary Chic &#8211; Custom Cabinets Redefining Global Living Spaces\"}]},{\"@type\":\"WebSite\",\"@id\":\"https:\/\/www.yidakitchen.com\/#website\",\"url\":\"https:\/\/www.yidakitchen.com\/\",\"name\":\"YIDA Kitchen\",\"description\":\"Kitchen Cabinets Custom Manufacturer from China\",\"publisher\":{\"@id\":\"https:\/\/www.yidakitchen.com\/#organization\"},\"potentialAction\":[{\"@type\":\"SearchAction\",\"target\":{\"@type\":\"EntryPoint\",\"urlTemplate\":\"https:\/\/www.yidakitchen.com\/?s={search_term_string}\"},\"query-input\":{\"@type\":\"PropertyValueSpecification\",\"valueRequired\":true,\"valueName\":\"search_term_string\"}}],\"inLanguage\":\"es\"},{\"@type\":\"Organization\",\"@id\":\"https:\/\/www.yidakitchen.com\/#organization\",\"name\":\"YIDA Kitchen\",\"url\":\"https:\/\/www.yidakitchen.com\/\",\"logo\":{\"@type\":\"ImageObject\",\"inLanguage\":\"es\",\"@id\":\"https:\/\/www.yidakitchen.com\/#\/schema\/logo\/image\/\",\"url\":\"https:\/\/www.yidakitchen.com\/wp-content\/uploads\/2025\/04\/logo.png?wsr\",\"contentUrl\":\"https:\/\/www.yidakitchen.com\/wp-content\/uploads\/2025\/04\/logo.png?wsr\",\"width\":1763,\"height\":951,\"caption\":\"YIDA Kitchen\"},\"image\":{\"@id\":\"https:\/\/www.yidakitchen.com\/#\/schema\/logo\/image\/\"}}]}<\/script>\n<meta property=\"product:price:amount\" content=\"0.00\" \/>\n<meta property=\"product:price:currency\" content=\"USD\" \/>\n<meta property=\"og:availability\" content=\"instock\" \/>\n<meta property=\"product:availability\" content=\"instock\" \/>\n<meta property=\"product:condition\" content=\"new\" \/>\n<!-- \/ Yoast SEO Premium plugin. -->","yoast_head_json":{"title":"Contemporary Chic - Custom Cabinets Redefining Global Living Spaces - YIDA Kitchen","robots":{"index":"index","follow":"follow","max-snippet":"max-snippet:-1","max-image-preview":"max-image-preview:large","max-video-preview":"max-video-preview:-1"},"canonical":"https:\/\/www.yidakitchen.com\/es\/producto\/modern-sophistication-neutral-toned-custom-cabinets-for-global-interiors-copy\/","og_locale":"es_MX","og_type":"article","og_title":"Contemporary Chic - Custom Cabinets Redefining Global Living Spaces","og_description":"Design Concept Inspired by contemporary design trends, our cabinets feature sleek, uncluttered lines and a focus on open &#8211; concept living. The design concept revolves around creating storage solutions that are not just functional but also serve as architectural highlights in each room. By integrating modern elements with a minimalist approach, these cabinets cater to [&hellip;]","og_url":"https:\/\/www.yidakitchen.com\/es\/producto\/modern-sophistication-neutral-toned-custom-cabinets-for-global-interiors-copy\/","og_site_name":"YIDA Kitchen","article_modified_time":"2025-05-06T08:43:15+00:00","og_image":[{"width":2269,"height":1820,"url":"https:\/\/www.yidakitchen.com\/wp-content\/uploads\/2025\/05\/CB-J01-3.jpg","type":"image\/jpeg"}],"twitter_card":"summary_large_image","twitter_misc":{"Price":"","Availability":"In stock"},"schema":{"@context":"https:\/\/schema.org","@graph":[{"@type":"WebPage","@id":"https:\/\/www.yidakitchen.com\/product\/modern-sophistication-neutral-toned-custom-cabinets-for-global-interiors-copy\/","url":"https:\/\/www.yidakitchen.com\/product\/modern-sophistication-neutral-toned-custom-cabinets-for-global-interiors-copy\/","name":"Contemporary Chic - Custom Cabinets Redefining Global Living Spaces - YIDA Kitchen","isPartOf":{"@id":"https:\/\/www.yidakitchen.com\/#website"},"primaryImageOfPage":{"@id":"https:\/\/www.yidakitchen.com\/product\/modern-sophistication-neutral-toned-custom-cabinets-for-global-interiors-copy\/#primaryimage"},"image":{"@id":"https:\/\/www.yidakitchen.com\/product\/modern-sophistication-neutral-toned-custom-cabinets-for-global-interiors-copy\/#primaryimage"},"thumbnailUrl":"https:\/\/www.yidakitchen.com\/wp-content\/uploads\/2025\/05\/CB-J01-3.jpg?wsr","datePublished":"2025-05-04T02:11:27+00:00","dateModified":"2025-05-06T08:43:15+00:00","breadcrumb":{"@id":"https:\/\/www.yidakitchen.com\/product\/modern-sophistication-neutral-toned-custom-cabinets-for-global-interiors-copy\/#breadcrumb"},"inLanguage":"es","potentialAction":[{"@type":"ReadAction","target":["https:\/\/www.yidakitchen.com\/product\/modern-sophistication-neutral-toned-custom-cabinets-for-global-interiors-copy\/"]}]},{"@type":"ImageObject","inLanguage":"es","@id":"https:\/\/www.yidakitchen.com\/product\/modern-sophistication-neutral-toned-custom-cabinets-for-global-interiors-copy\/#primaryimage","url":"https:\/\/www.yidakitchen.com\/wp-content\/uploads\/2025\/05\/CB-J01-3.jpg?wsr","contentUrl":"https:\/\/www.yidakitchen.com\/wp-content\/uploads\/2025\/05\/CB-J01-3.jpg?wsr","width":2269,"height":1820,"caption":"Contemporary Chic - Custom Cabinets Redefining Global Living Spaces"},{"@type":"BreadcrumbList","@id":"https:\/\/www.yidakitchen.com\/product\/modern-sophistication-neutral-toned-custom-cabinets-for-global-interiors-copy\/#breadcrumb","itemListElement":[{"@type":"ListItem","position":1,"name":"Home","item":"https:\/\/www.yidakitchen.com\/"},{"@type":"ListItem","position":2,"name":"Products","item":"https:\/\/www.yidakitchen.com\/shop\/"},{"@type":"ListItem","position":3,"name":"Contemporary Chic &#8211; Custom Cabinets Redefining Global Living Spaces"}]},{"@type":"WebSite","@id":"https:\/\/www.yidakitchen.com\/#website","url":"https:\/\/www.yidakitchen.com\/","name":"Cocina YIDA","description":"Armarios de cocina a medida Fabricante de China","publisher":{"@id":"https:\/\/www.yidakitchen.com\/#organization"},"potentialAction":[{"@type":"SearchAction","target":{"@type":"EntryPoint","urlTemplate":"https:\/\/www.yidakitchen.com\/?s={search_term_string}"},"query-input":{"@type":"PropertyValueSpecification","valueRequired":true,"valueName":"search_term_string"}}],"inLanguage":"es"},{"@type":"Organization","@id":"https:\/\/www.yidakitchen.com\/#organization","name":"Cocina YIDA","url":"https:\/\/www.yidakitchen.com\/","logo":{"@type":"ImageObject","inLanguage":"es","@id":"https:\/\/www.yidakitchen.com\/#\/schema\/logo\/image\/","url":"https:\/\/www.yidakitchen.com\/wp-content\/uploads\/2025\/04\/logo.png?wsr","contentUrl":"https:\/\/www.yidakitchen.com\/wp-content\/uploads\/2025\/04\/logo.png?wsr","width":1763,"height":951,"caption":"YIDA Kitchen"},"image":{"@id":"https:\/\/www.yidakitchen.com\/#\/schema\/logo\/image\/"}}]},"product_price_amount":"0.00","product_price_currency":"USD","og_availability":"instock","product_availability":"instock","product_condition":"new"},"_links":{"self":[{"href":"https:\/\/www.yidakitchen.com\/es\/wp-json\/wp\/v2\/product\/2745","targetHints":{"allow":["GET"]}}],"collection":[{"href":"https:\/\/www.yidakitchen.com\/es\/wp-json\/wp\/v2\/product"}],"about":[{"href":"https:\/\/www.yidakitchen.com\/es\/wp-json\/wp\/v2\/types\/product"}],"wp:featuredmedia":[{"embeddable":true,"href":"https:\/\/www.yidakitchen.com\/es\/wp-json\/wp\/v2\/media\/2748"}],"wp:attachment":[{"href":"https:\/\/www.yidakitchen.com\/es\/wp-json\/wp\/v2\/media?parent=2745"}],"wp:term":[{"taxonomy":"product_brand","embeddable":true,"href":"https:\/\/www.yidakitchen.com\/es\/wp-json\/wp\/v2\/product_brand?post=2745"},{"taxonomy":"product_cat","embeddable":true,"href":"https:\/\/www.yidakitchen.com\/es\/wp-json\/wp\/v2\/product_cat?post=2745"},{"taxonomy":"product_tag","embeddable":true,"href":"https:\/\/www.yidakitchen.com\/es\/wp-json\/wp\/v2\/product_tag?post=2745"}],"curies":[{"name":"wp","href":"https:\/\/api.w.org\/{rel}","templated":true}]}}