{"id":2717,"date":"2025-05-04T01:55:50","date_gmt":"2025-05-04T01:55:50","guid":{"rendered":"https:\/\/www.yidakitchen.com\/?post_type=product&#038;p=2717"},"modified":"2025-05-06T08:45:51","modified_gmt":"2025-05-06T08:45:51","slug":"modern-elegance-custom-cabinets-elevating-global-living-spaces","status":"publish","type":"product","link":"https:\/\/www.yidakitchen.com\/es\/producto\/modern-elegance-custom-cabinets-elevating-global-living-spaces\/","title":{"rendered":"Armarios a medida Modern Elegance - Elevating Global Living Spaces"},"content":{"rendered":"<figure class=\"wp-block-image alignwide size-large\"><img fetchpriority=\"high\" decoding=\"async\" width=\"1024\" height=\"639\" src=\"https:\/\/www.yidakitchen.com\/wp-content\/uploads\/2025\/05\/CB-G01-14-1024x639.jpg\" alt=\"\" class=\"wp-image-2731\" srcset=\"https:\/\/www.yidakitchen.com\/wp-content\/uploads\/2025\/05\/CB-G01-14-1024x639.jpg 1024w, https:\/\/www.yidakitchen.com\/wp-content\/uploads\/2025\/05\/CB-G01-14-300x187.jpg 300w, https:\/\/www.yidakitchen.com\/wp-content\/uploads\/2025\/05\/CB-G01-14-768x479.jpg 768w, https:\/\/www.yidakitchen.com\/wp-content\/uploads\/2025\/05\/CB-G01-14-1536x958.jpg 1536w, https:\/\/www.yidakitchen.com\/wp-content\/uploads\/2025\/05\/CB-G01-14-2048x1278.jpg 2048w, https:\/\/www.yidakitchen.com\/wp-content\/uploads\/2025\/05\/CB-G01-14-600x374.jpg 600w\" sizes=\"(max-width: 1024px) 100vw, 1024px\" \/><\/figure><h3 class=\"wp-block-heading\"><strong>Concepto de dise\u00f1o<\/strong><\/h3><p>Inspirados en los principios del dise\u00f1o moderno, nuestros armarios presentan l\u00edneas elegantes y una est\u00e9tica minimalista. El concepto consiste en crear un equilibrio armonioso entre forma y funci\u00f3n, garantizando que cada armario se integre a la perfecci\u00f3n en cualquier interior a la vez que proporciona un almacenamiento eficiente.<\/p><div class=\"wp-block-media-text is-stacked-on-mobile\"><figure class=\"wp-block-media-text__media\"><img decoding=\"async\" width=\"1024\" height=\"639\" src=\"https:\/\/www.yidakitchen.com\/wp-content\/uploads\/2025\/05\/CB-G01-12-1024x639.jpg\" alt=\"\" class=\"wp-image-2730 size-full\" srcset=\"https:\/\/www.yidakitchen.com\/wp-content\/uploads\/2025\/05\/CB-G01-12-1024x639.jpg 1024w, https:\/\/www.yidakitchen.com\/wp-content\/uploads\/2025\/05\/CB-G01-12-300x187.jpg 300w, https:\/\/www.yidakitchen.com\/wp-content\/uploads\/2025\/05\/CB-G01-12-768x479.jpg 768w, https:\/\/www.yidakitchen.com\/wp-content\/uploads\/2025\/05\/CB-G01-12-1536x958.jpg 1536w, https:\/\/www.yidakitchen.com\/wp-content\/uploads\/2025\/05\/CB-G01-12-2048x1277.jpg 2048w, https:\/\/www.yidakitchen.com\/wp-content\/uploads\/2025\/05\/CB-G01-12-600x374.jpg 600w\" sizes=\"(max-width: 1024px) 100vw, 1024px\" \/><\/figure><div class=\"wp-block-media-text__content\"><h3 class=\"wp-block-heading\"><strong>Paleta de colores y tratamiento de superficies<\/strong><\/h3>\n\n<p>La paleta de colores es una sofisticada mezcla de tonos neutros -grises suaves, blancos n\u00edtidos y c\u00e1lidos toques de madera- intercalados con sutiles detalles en negro para crear contraste. Las superficies est\u00e1n tratadas con un suave acabado mate que a\u00f1ade un toque de lujo y garantiza su durabilidad. Este tratamiento no s\u00f3lo realza el atractivo visual, sino que tambi\u00e9n proporciona una c\u00f3moda experiencia t\u00e1ctil.<\/p><\/div><\/div><div class=\"wp-block-media-text has-media-on-the-right is-stacked-on-mobile\"><div class=\"wp-block-media-text__content\"><h3 class=\"wp-block-heading\"><strong><strong>Configuraci\u00f3n espacial<\/strong><\/strong><\/h3>\n\n<p>Nuestros armarios est\u00e1n configurados de forma experta para diversos espacios. En el sal\u00f3n, se integran con unidades de entretenimiento, ofreciendo almacenamiento para medios y decoraci\u00f3n. Los armarios de la cocina est\u00e1n dise\u00f1ados para un flujo de trabajo \u00f3ptimo, con almacenamiento inteligente para electrodom\u00e9sticos y utensilios. En el estudio, ofrecen un amplio espacio para libros y material de oficina, mientras que los armarios de los dormitorios ofrecen almacenamiento personalizable con espacios para colgar y estantes. Cada configuraci\u00f3n est\u00e1 hecha a medida para maximizar el espacio y la funcionalidad.<\/p><\/div><figure class=\"wp-block-media-text__media\"><img decoding=\"async\" width=\"1024\" height=\"640\" src=\"https:\/\/www.yidakitchen.com\/wp-content\/uploads\/2025\/05\/CB-G01-11-1024x640.jpg\" alt=\"\" class=\"wp-image-2729 size-full\" srcset=\"https:\/\/www.yidakitchen.com\/wp-content\/uploads\/2025\/05\/CB-G01-11-1024x640.jpg 1024w, https:\/\/www.yidakitchen.com\/wp-content\/uploads\/2025\/05\/CB-G01-11-300x188.jpg 300w, https:\/\/www.yidakitchen.com\/wp-content\/uploads\/2025\/05\/CB-G01-11-768x480.jpg 768w, https:\/\/www.yidakitchen.com\/wp-content\/uploads\/2025\/05\/CB-G01-11-1536x961.jpg 1536w, https:\/\/www.yidakitchen.com\/wp-content\/uploads\/2025\/05\/CB-G01-11-2048x1281.jpg 2048w, https:\/\/www.yidakitchen.com\/wp-content\/uploads\/2025\/05\/CB-G01-11-600x375.jpg 600w\" sizes=\"(max-width: 1024px) 100vw, 1024px\" \/><\/figure><\/div><figure class=\"wp-block-gallery has-nested-images columns-default is-cropped wp-block-gallery-1 is-layout-flex wp-block-gallery-is-layout-flex\"><figure class=\"wp-block-image size-large\"><img loading=\"lazy\" decoding=\"async\" width=\"1024\" height=\"640\" data-id=\"2728\" src=\"https:\/\/www.yidakitchen.com\/wp-content\/uploads\/2025\/05\/CB-G01-10-1024x640.jpg?wsr\" alt=\"\" class=\"wp-image-2728\" srcset=\"https:\/\/www.yidakitchen.com\/wp-content\/uploads\/2025\/05\/CB-G01-10-1024x640.jpg 1024w, https:\/\/www.yidakitchen.com\/wp-content\/uploads\/2025\/05\/CB-G01-10-300x188.jpg 300w, https:\/\/www.yidakitchen.com\/wp-content\/uploads\/2025\/05\/CB-G01-10-768x480.jpg 768w, https:\/\/www.yidakitchen.com\/wp-content\/uploads\/2025\/05\/CB-G01-10-1536x961.jpg 1536w, https:\/\/www.yidakitchen.com\/wp-content\/uploads\/2025\/05\/CB-G01-10-2048x1281.jpg 2048w, https:\/\/www.yidakitchen.com\/wp-content\/uploads\/2025\/05\/CB-G01-10-600x375.jpg 600w\" sizes=\"(max-width: 1024px) 100vw, 1024px\" \/><\/figure>\n\n<figure class=\"wp-block-image size-large\"><img loading=\"lazy\" decoding=\"async\" width=\"1024\" height=\"641\" data-id=\"2727\" src=\"https:\/\/www.yidakitchen.com\/wp-content\/uploads\/2025\/05\/CB-G01-9-1024x641.jpg?wsr\" alt=\"\" class=\"wp-image-2727\" srcset=\"https:\/\/www.yidakitchen.com\/wp-content\/uploads\/2025\/05\/CB-G01-9-1024x641.jpg 1024w, https:\/\/www.yidakitchen.com\/wp-content\/uploads\/2025\/05\/CB-G01-9-300x188.jpg 300w, https:\/\/www.yidakitchen.com\/wp-content\/uploads\/2025\/05\/CB-G01-9-768x481.jpg 768w, https:\/\/www.yidakitchen.com\/wp-content\/uploads\/2025\/05\/CB-G01-9-1536x962.jpg 1536w, https:\/\/www.yidakitchen.com\/wp-content\/uploads\/2025\/05\/CB-G01-9-2048x1283.jpg 2048w, https:\/\/www.yidakitchen.com\/wp-content\/uploads\/2025\/05\/CB-G01-9-600x376.jpg 600w\" sizes=\"(max-width: 1024px) 100vw, 1024px\" \/><\/figure>\n\n<figure class=\"wp-block-image size-large\"><img loading=\"lazy\" decoding=\"async\" width=\"1024\" height=\"639\" data-id=\"2726\" src=\"https:\/\/www.yidakitchen.com\/wp-content\/uploads\/2025\/05\/CB-G01-7-1024x639.jpg?wsr\" alt=\"\" class=\"wp-image-2726\" srcset=\"https:\/\/www.yidakitchen.com\/wp-content\/uploads\/2025\/05\/CB-G01-7-1024x639.jpg 1024w, https:\/\/www.yidakitchen.com\/wp-content\/uploads\/2025\/05\/CB-G01-7-300x187.jpg 300w, https:\/\/www.yidakitchen.com\/wp-content\/uploads\/2025\/05\/CB-G01-7-768x479.jpg 768w, https:\/\/www.yidakitchen.com\/wp-content\/uploads\/2025\/05\/CB-G01-7-1536x959.jpg 1536w, https:\/\/www.yidakitchen.com\/wp-content\/uploads\/2025\/05\/CB-G01-7-2048x1278.jpg 2048w, https:\/\/www.yidakitchen.com\/wp-content\/uploads\/2025\/05\/CB-G01-7-600x375.jpg 600w\" sizes=\"(max-width: 1024px) 100vw, 1024px\" \/><\/figure>\n\n<figure class=\"wp-block-image size-large\"><img loading=\"lazy\" decoding=\"async\" width=\"1024\" height=\"700\" data-id=\"2725\" src=\"https:\/\/www.yidakitchen.com\/wp-content\/uploads\/2025\/05\/CB-G01-6-1024x700.jpg?wsr\" alt=\"\" class=\"wp-image-2725\" srcset=\"https:\/\/www.yidakitchen.com\/wp-content\/uploads\/2025\/05\/CB-G01-6-1024x700.jpg 1024w, https:\/\/www.yidakitchen.com\/wp-content\/uploads\/2025\/05\/CB-G01-6-300x205.jpg 300w, https:\/\/www.yidakitchen.com\/wp-content\/uploads\/2025\/05\/CB-G01-6-768x525.jpg 768w, https:\/\/www.yidakitchen.com\/wp-content\/uploads\/2025\/05\/CB-G01-6-1536x1049.jpg 1536w, https:\/\/www.yidakitchen.com\/wp-content\/uploads\/2025\/05\/CB-G01-6-2048x1399.jpg 2048w, https:\/\/www.yidakitchen.com\/wp-content\/uploads\/2025\/05\/CB-G01-6-600x410.jpg 600w\" sizes=\"(max-width: 1024px) 100vw, 1024px\" \/><\/figure><\/figure><h3 class=\"wp-block-heading\"><strong>Materiales y artesan\u00eda<\/strong><\/h3><p>Fabricados con madera de alta calidad y herrajes met\u00e1licos de primera calidad, nuestros armarios garantizan una larga vida \u00fatil. El meticuloso trabajo artesanal queda patente en cada detalle, desde los cortes precisos hasta las uniones sin juntas. El uso de materiales de primera calidad garantiza su resistencia al desgaste, por lo que son aptos para un uso prolongado.<\/p><figure class=\"wp-block-gallery has-nested-images columns-default is-cropped wp-block-gallery-2 is-layout-flex wp-block-gallery-is-layout-flex\"><figure class=\"wp-block-image size-large\"><img loading=\"lazy\" decoding=\"async\" width=\"1024\" height=\"639\" data-id=\"2723\" src=\"https:\/\/www.yidakitchen.com\/wp-content\/uploads\/2025\/05\/CB-G01-3-1024x639.jpg?wsr\" alt=\"\" class=\"wp-image-2723\" srcset=\"https:\/\/www.yidakitchen.com\/wp-content\/uploads\/2025\/05\/CB-G01-3-1024x639.jpg 1024w, https:\/\/www.yidakitchen.com\/wp-content\/uploads\/2025\/05\/CB-G01-3-300x187.jpg 300w, https:\/\/www.yidakitchen.com\/wp-content\/uploads\/2025\/05\/CB-G01-3-768x479.jpg 768w, https:\/\/www.yidakitchen.com\/wp-content\/uploads\/2025\/05\/CB-G01-3-1536x958.jpg 1536w, https:\/\/www.yidakitchen.com\/wp-content\/uploads\/2025\/05\/CB-G01-3-2048x1278.jpg 2048w, https:\/\/www.yidakitchen.com\/wp-content\/uploads\/2025\/05\/CB-G01-3-600x374.jpg 600w\" sizes=\"(max-width: 1024px) 100vw, 1024px\" \/><\/figure>\n\n<figure class=\"wp-block-image size-large\"><img loading=\"lazy\" decoding=\"async\" width=\"1024\" height=\"779\" data-id=\"2721\" src=\"https:\/\/www.yidakitchen.com\/wp-content\/uploads\/2025\/05\/CB-G01-1-1024x779.jpg?wsr\" alt=\"\" class=\"wp-image-2721\" srcset=\"https:\/\/www.yidakitchen.com\/wp-content\/uploads\/2025\/05\/CB-G01-1-1024x779.jpg 1024w, https:\/\/www.yidakitchen.com\/wp-content\/uploads\/2025\/05\/CB-G01-1-300x228.jpg 300w, https:\/\/www.yidakitchen.com\/wp-content\/uploads\/2025\/05\/CB-G01-1-768x584.jpg 768w, https:\/\/www.yidakitchen.com\/wp-content\/uploads\/2025\/05\/CB-G01-1-1536x1168.jpg 1536w, https:\/\/www.yidakitchen.com\/wp-content\/uploads\/2025\/05\/CB-G01-1-2048x1557.jpg 2048w, https:\/\/www.yidakitchen.com\/wp-content\/uploads\/2025\/05\/CB-G01-1-600x456.jpg 600w\" sizes=\"(max-width: 1024px) 100vw, 1024px\" \/><\/figure><\/figure><h3 class=\"wp-block-heading\"><strong>Funcionalidad y ergonom\u00eda<\/strong><\/h3><p>La funcionalidad es la base de nuestros dise\u00f1os. Cajones y puertas de cierre suave, estantes regulables y tiradores ergon\u00f3micos garantizan la facilidad de uso. La disposici\u00f3n de cada armario est\u00e1 cuidadosamente dise\u00f1ada para reducir la tensi\u00f3n y mejorar la usabilidad diaria, haci\u00e9ndolos pr\u00e1cticos y elegantes a la vez.<\/p><p>Transforme su hogar con nuestros armarios a medida Modern Elegance, donde el dise\u00f1o moderno se une a la vida global, ofreciendo soluciones de almacenamiento tan bellas como funcionales.<\/p><p><\/p>","protected":false},"excerpt":{"rendered":"<p>Design Concept Inspired by modern design principles, our cabinets feature sleek lines and a minimalist aesthetic. The concept is to create a harmonious balance between form and function, ensuring each cabinet integrates seamlessly into any interior while providing efficient storage. Color Palette and Surface Treatment The color palette is a sophisticated mix of neutral tones\u2014soft [&hellip;]<\/p>","protected":false},"featured_media":2724,"template":"","meta":[],"product_brand":[],"product_cat":[83],"product_tag":[],"class_list":{"0":"post-2717","1":"product","2":"type-product","3":"status-publish","4":"has-post-thumbnail","6":"product_cat-whole-house","8":"first","9":"instock","10":"shipping-taxable","11":"product-type-simple"},"yoast_head":"<!-- This site is optimized with the Yoast SEO Premium plugin v25.0 (Yoast SEO v25.0) - https:\/\/yoast.com\/wordpress\/plugins\/seo\/ -->\n<title>Modern Elegance Custom Cabinets - Elevating Global Living Spaces - YIDA Kitchen<\/title>\n<meta name=\"robots\" content=\"index, follow, max-snippet:-1, max-image-preview:large, max-video-preview:-1\" \/>\n<link rel=\"canonical\" href=\"https:\/\/www.yidakitchen.com\/es\/producto\/modern-elegance-custom-cabinets-elevating-global-living-spaces\/\" \/>\n<meta property=\"og:locale\" content=\"es_MX\" \/>\n<meta property=\"og:type\" content=\"article\" \/>\n<meta property=\"og:title\" content=\"Modern Elegance Custom Cabinets - Elevating Global Living Spaces\" \/>\n<meta property=\"og:description\" content=\"Design Concept Inspired by modern design principles, our cabinets feature sleek lines and a minimalist aesthetic. The concept is to create a harmonious balance between form and function, ensuring each cabinet integrates seamlessly into any interior while providing efficient storage. Color Palette and Surface Treatment The color palette is a sophisticated mix of neutral tones\u2014soft [&hellip;]\" \/>\n<meta property=\"og:url\" content=\"https:\/\/www.yidakitchen.com\/es\/producto\/modern-elegance-custom-cabinets-elevating-global-living-spaces\/\" \/>\n<meta property=\"og:site_name\" content=\"YIDA Kitchen\" \/>\n<meta property=\"article:modified_time\" content=\"2025-05-06T08:45:51+00:00\" \/>\n<meta property=\"og:image\" content=\"https:\/\/www.yidakitchen.com\/wp-content\/uploads\/2025\/05\/CB-G01-5.jpg\" \/>\n\t<meta property=\"og:image:width\" content=\"2225\" \/>\n\t<meta property=\"og:image:height\" content=\"2496\" \/>\n\t<meta property=\"og:image:type\" content=\"image\/jpeg\" \/>\n<meta name=\"twitter:card\" content=\"summary_large_image\" \/>\n<meta name=\"twitter:label1\" content=\"Price\" \/>\n\t<meta name=\"twitter:data1\" content=\"\" \/>\n\t<meta name=\"twitter:label2\" content=\"Availability\" \/>\n\t<meta name=\"twitter:data2\" content=\"In stock\" \/>\n<script type=\"application\/ld+json\" class=\"yoast-schema-graph\">{\"@context\":\"https:\/\/schema.org\",\"@graph\":[{\"@type\":\"WebPage\",\"@id\":\"https:\/\/www.yidakitchen.com\/product\/modern-elegance-custom-cabinets-elevating-global-living-spaces\/\",\"url\":\"https:\/\/www.yidakitchen.com\/product\/modern-elegance-custom-cabinets-elevating-global-living-spaces\/\",\"name\":\"Modern Elegance Custom Cabinets - Elevating Global Living Spaces - YIDA Kitchen\",\"isPartOf\":{\"@id\":\"https:\/\/www.yidakitchen.com\/#website\"},\"primaryImageOfPage\":{\"@id\":\"https:\/\/www.yidakitchen.com\/product\/modern-elegance-custom-cabinets-elevating-global-living-spaces\/#primaryimage\"},\"image\":{\"@id\":\"https:\/\/www.yidakitchen.com\/product\/modern-elegance-custom-cabinets-elevating-global-living-spaces\/#primaryimage\"},\"thumbnailUrl\":\"https:\/\/www.yidakitchen.com\/wp-content\/uploads\/2025\/05\/CB-G01-5.jpg?wsr\",\"datePublished\":\"2025-05-04T01:55:50+00:00\",\"dateModified\":\"2025-05-06T08:45:51+00:00\",\"breadcrumb\":{\"@id\":\"https:\/\/www.yidakitchen.com\/product\/modern-elegance-custom-cabinets-elevating-global-living-spaces\/#breadcrumb\"},\"inLanguage\":\"es\",\"potentialAction\":[{\"@type\":\"ReadAction\",\"target\":[\"https:\/\/www.yidakitchen.com\/product\/modern-elegance-custom-cabinets-elevating-global-living-spaces\/\"]}]},{\"@type\":\"ImageObject\",\"inLanguage\":\"es\",\"@id\":\"https:\/\/www.yidakitchen.com\/product\/modern-elegance-custom-cabinets-elevating-global-living-spaces\/#primaryimage\",\"url\":\"https:\/\/www.yidakitchen.com\/wp-content\/uploads\/2025\/05\/CB-G01-5.jpg?wsr\",\"contentUrl\":\"https:\/\/www.yidakitchen.com\/wp-content\/uploads\/2025\/05\/CB-G01-5.jpg?wsr\",\"width\":2225,\"height\":2496,\"caption\":\"Modern Elegance Custom Cabinets \u2013 Elevating Global Living Spaces\"},{\"@type\":\"BreadcrumbList\",\"@id\":\"https:\/\/www.yidakitchen.com\/product\/modern-elegance-custom-cabinets-elevating-global-living-spaces\/#breadcrumb\",\"itemListElement\":[{\"@type\":\"ListItem\",\"position\":1,\"name\":\"Home\",\"item\":\"https:\/\/www.yidakitchen.com\/\"},{\"@type\":\"ListItem\",\"position\":2,\"name\":\"Products\",\"item\":\"https:\/\/www.yidakitchen.com\/shop\/\"},{\"@type\":\"ListItem\",\"position\":3,\"name\":\"Modern Elegance Custom Cabinets &#8211; Elevating Global Living Spaces\"}]},{\"@type\":\"WebSite\",\"@id\":\"https:\/\/www.yidakitchen.com\/#website\",\"url\":\"https:\/\/www.yidakitchen.com\/\",\"name\":\"YIDA Kitchen\",\"description\":\"Kitchen Cabinets Custom Manufacturer from China\",\"publisher\":{\"@id\":\"https:\/\/www.yidakitchen.com\/#organization\"},\"potentialAction\":[{\"@type\":\"SearchAction\",\"target\":{\"@type\":\"EntryPoint\",\"urlTemplate\":\"https:\/\/www.yidakitchen.com\/?s={search_term_string}\"},\"query-input\":{\"@type\":\"PropertyValueSpecification\",\"valueRequired\":true,\"valueName\":\"search_term_string\"}}],\"inLanguage\":\"es\"},{\"@type\":\"Organization\",\"@id\":\"https:\/\/www.yidakitchen.com\/#organization\",\"name\":\"YIDA Kitchen\",\"url\":\"https:\/\/www.yidakitchen.com\/\",\"logo\":{\"@type\":\"ImageObject\",\"inLanguage\":\"es\",\"@id\":\"https:\/\/www.yidakitchen.com\/#\/schema\/logo\/image\/\",\"url\":\"https:\/\/www.yidakitchen.com\/wp-content\/uploads\/2025\/04\/logo.png?wsr\",\"contentUrl\":\"https:\/\/www.yidakitchen.com\/wp-content\/uploads\/2025\/04\/logo.png?wsr\",\"width\":1763,\"height\":951,\"caption\":\"YIDA Kitchen\"},\"image\":{\"@id\":\"https:\/\/www.yidakitchen.com\/#\/schema\/logo\/image\/\"}}]}<\/script>\n<meta property=\"product:price:amount\" content=\"0.00\" \/>\n<meta property=\"product:price:currency\" content=\"USD\" \/>\n<meta property=\"og:availability\" content=\"instock\" \/>\n<meta property=\"product:availability\" content=\"instock\" \/>\n<meta property=\"product:condition\" content=\"new\" \/>\n<!-- \/ Yoast SEO Premium plugin. -->","yoast_head_json":{"title":"Modern Elegance Custom Cabinets - Elevating Global Living Spaces - YIDA Kitchen","robots":{"index":"index","follow":"follow","max-snippet":"max-snippet:-1","max-image-preview":"max-image-preview:large","max-video-preview":"max-video-preview:-1"},"canonical":"https:\/\/www.yidakitchen.com\/es\/producto\/modern-elegance-custom-cabinets-elevating-global-living-spaces\/","og_locale":"es_MX","og_type":"article","og_title":"Modern Elegance Custom Cabinets - Elevating Global Living Spaces","og_description":"Design Concept Inspired by modern design principles, our cabinets feature sleek lines and a minimalist aesthetic. The concept is to create a harmonious balance between form and function, ensuring each cabinet integrates seamlessly into any interior while providing efficient storage. Color Palette and Surface Treatment The color palette is a sophisticated mix of neutral tones\u2014soft [&hellip;]","og_url":"https:\/\/www.yidakitchen.com\/es\/producto\/modern-elegance-custom-cabinets-elevating-global-living-spaces\/","og_site_name":"YIDA Kitchen","article_modified_time":"2025-05-06T08:45:51+00:00","og_image":[{"width":2225,"height":2496,"url":"https:\/\/www.yidakitchen.com\/wp-content\/uploads\/2025\/05\/CB-G01-5.jpg","type":"image\/jpeg"}],"twitter_card":"summary_large_image","twitter_misc":{"Price":"","Availability":"In stock"},"schema":{"@context":"https:\/\/schema.org","@graph":[{"@type":"WebPage","@id":"https:\/\/www.yidakitchen.com\/product\/modern-elegance-custom-cabinets-elevating-global-living-spaces\/","url":"https:\/\/www.yidakitchen.com\/product\/modern-elegance-custom-cabinets-elevating-global-living-spaces\/","name":"Modern Elegance Custom Cabinets - Elevating Global Living Spaces - YIDA Kitchen","isPartOf":{"@id":"https:\/\/www.yidakitchen.com\/#website"},"primaryImageOfPage":{"@id":"https:\/\/www.yidakitchen.com\/product\/modern-elegance-custom-cabinets-elevating-global-living-spaces\/#primaryimage"},"image":{"@id":"https:\/\/www.yidakitchen.com\/product\/modern-elegance-custom-cabinets-elevating-global-living-spaces\/#primaryimage"},"thumbnailUrl":"https:\/\/www.yidakitchen.com\/wp-content\/uploads\/2025\/05\/CB-G01-5.jpg?wsr","datePublished":"2025-05-04T01:55:50+00:00","dateModified":"2025-05-06T08:45:51+00:00","breadcrumb":{"@id":"https:\/\/www.yidakitchen.com\/product\/modern-elegance-custom-cabinets-elevating-global-living-spaces\/#breadcrumb"},"inLanguage":"es","potentialAction":[{"@type":"ReadAction","target":["https:\/\/www.yidakitchen.com\/product\/modern-elegance-custom-cabinets-elevating-global-living-spaces\/"]}]},{"@type":"ImageObject","inLanguage":"es","@id":"https:\/\/www.yidakitchen.com\/product\/modern-elegance-custom-cabinets-elevating-global-living-spaces\/#primaryimage","url":"https:\/\/www.yidakitchen.com\/wp-content\/uploads\/2025\/05\/CB-G01-5.jpg?wsr","contentUrl":"https:\/\/www.yidakitchen.com\/wp-content\/uploads\/2025\/05\/CB-G01-5.jpg?wsr","width":2225,"height":2496,"caption":"Modern Elegance Custom Cabinets \u2013 Elevating Global Living Spaces"},{"@type":"BreadcrumbList","@id":"https:\/\/www.yidakitchen.com\/product\/modern-elegance-custom-cabinets-elevating-global-living-spaces\/#breadcrumb","itemListElement":[{"@type":"ListItem","position":1,"name":"Home","item":"https:\/\/www.yidakitchen.com\/"},{"@type":"ListItem","position":2,"name":"Products","item":"https:\/\/www.yidakitchen.com\/shop\/"},{"@type":"ListItem","position":3,"name":"Modern Elegance Custom Cabinets &#8211; Elevating Global Living Spaces"}]},{"@type":"WebSite","@id":"https:\/\/www.yidakitchen.com\/#website","url":"https:\/\/www.yidakitchen.com\/","name":"Cocina YIDA","description":"Armarios de cocina a medida Fabricante de China","publisher":{"@id":"https:\/\/www.yidakitchen.com\/#organization"},"potentialAction":[{"@type":"SearchAction","target":{"@type":"EntryPoint","urlTemplate":"https:\/\/www.yidakitchen.com\/?s={search_term_string}"},"query-input":{"@type":"PropertyValueSpecification","valueRequired":true,"valueName":"search_term_string"}}],"inLanguage":"es"},{"@type":"Organization","@id":"https:\/\/www.yidakitchen.com\/#organization","name":"Cocina YIDA","url":"https:\/\/www.yidakitchen.com\/","logo":{"@type":"ImageObject","inLanguage":"es","@id":"https:\/\/www.yidakitchen.com\/#\/schema\/logo\/image\/","url":"https:\/\/www.yidakitchen.com\/wp-content\/uploads\/2025\/04\/logo.png?wsr","contentUrl":"https:\/\/www.yidakitchen.com\/wp-content\/uploads\/2025\/04\/logo.png?wsr","width":1763,"height":951,"caption":"YIDA Kitchen"},"image":{"@id":"https:\/\/www.yidakitchen.com\/#\/schema\/logo\/image\/"}}]},"product_price_amount":"0.00","product_price_currency":"USD","og_availability":"instock","product_availability":"instock","product_condition":"new"},"_links":{"self":[{"href":"https:\/\/www.yidakitchen.com\/es\/wp-json\/wp\/v2\/product\/2717","targetHints":{"allow":["GET"]}}],"collection":[{"href":"https:\/\/www.yidakitchen.com\/es\/wp-json\/wp\/v2\/product"}],"about":[{"href":"https:\/\/www.yidakitchen.com\/es\/wp-json\/wp\/v2\/types\/product"}],"wp:featuredmedia":[{"embeddable":true,"href":"https:\/\/www.yidakitchen.com\/es\/wp-json\/wp\/v2\/media\/2724"}],"wp:attachment":[{"href":"https:\/\/www.yidakitchen.com\/es\/wp-json\/wp\/v2\/media?parent=2717"}],"wp:term":[{"taxonomy":"product_brand","embeddable":true,"href":"https:\/\/www.yidakitchen.com\/es\/wp-json\/wp\/v2\/product_brand?post=2717"},{"taxonomy":"product_cat","embeddable":true,"href":"https:\/\/www.yidakitchen.com\/es\/wp-json\/wp\/v2\/product_cat?post=2717"},{"taxonomy":"product_tag","embeddable":true,"href":"https:\/\/www.yidakitchen.com\/es\/wp-json\/wp\/v2\/product_tag?post=2717"}],"curies":[{"name":"wp","href":"https:\/\/api.w.org\/{rel}","templated":true}]}}