{"id":2701,"date":"2025-05-04T01:45:14","date_gmt":"2025-05-04T01:45:14","guid":{"rendered":"https:\/\/www.yidakitchen.com\/?post_type=product&#038;p=2701"},"modified":"2025-05-12T01:33:48","modified_gmt":"2025-05-12T01:33:48","slug":"modern-nordic-elegance-custom-cabinets-for-global-homes","status":"publish","type":"product","link":"https:\/\/www.yidakitchen.com\/es\/producto\/modern-nordic-elegance-custom-cabinets-for-global-homes\/","title":{"rendered":"Elegancia n\u00f3rdica moderna - Armarios a medida para hogares globales"},"content":{"rendered":"<figure class=\"wp-block-image alignwide size-large\"><img fetchpriority=\"high\" decoding=\"async\" width=\"1024\" height=\"568\" src=\"https:\/\/www.yidakitchen.com\/wp-content\/uploads\/2025\/05\/CB-F01-10-1024x568.jpg\" alt=\"\" class=\"wp-image-2711\" srcset=\"https:\/\/www.yidakitchen.com\/wp-content\/uploads\/2025\/05\/CB-F01-10-1024x568.jpg 1024w, https:\/\/www.yidakitchen.com\/wp-content\/uploads\/2025\/05\/CB-F01-10-300x167.jpg 300w, https:\/\/www.yidakitchen.com\/wp-content\/uploads\/2025\/05\/CB-F01-10-768x426.jpg 768w, https:\/\/www.yidakitchen.com\/wp-content\/uploads\/2025\/05\/CB-F01-10-1536x853.jpg 1536w, https:\/\/www.yidakitchen.com\/wp-content\/uploads\/2025\/05\/CB-F01-10-2048x1137.jpg 2048w, https:\/\/www.yidakitchen.com\/wp-content\/uploads\/2025\/05\/CB-F01-10-600x333.jpg 600w\" sizes=\"(max-width: 1024px) 100vw, 1024px\" \/><\/figure><h3 class=\"wp-block-heading\"><strong>Concepto de dise\u00f1o<\/strong><\/h3><p>Inspirados en los principios del dise\u00f1o n\u00f3rdico, nuestros armarios presentan l\u00edneas limpias y sencillas y se centran en los materiales naturales. El concepto es crear un ambiente sereno y acogedor, donde cada armario no s\u00f3lo proporciona almacenamiento, sino que tambi\u00e9n a\u00f1ade atractivo est\u00e9tico a su hogar. El dise\u00f1o minimalista garantiza la versatilidad y encaja a la perfecci\u00f3n en diversos estilos de interior.<\/p><div class=\"wp-block-media-text is-stacked-on-mobile\"><figure class=\"wp-block-media-text__media\"><img decoding=\"async\" width=\"1024\" height=\"565\" src=\"https:\/\/www.yidakitchen.com\/wp-content\/uploads\/2025\/05\/CB-F01-8-1024x565.jpg\" alt=\"\" class=\"wp-image-2710 size-full\" srcset=\"https:\/\/www.yidakitchen.com\/wp-content\/uploads\/2025\/05\/CB-F01-8-1024x565.jpg 1024w, https:\/\/www.yidakitchen.com\/wp-content\/uploads\/2025\/05\/CB-F01-8-300x166.jpg 300w, https:\/\/www.yidakitchen.com\/wp-content\/uploads\/2025\/05\/CB-F01-8-768x424.jpg 768w, https:\/\/www.yidakitchen.com\/wp-content\/uploads\/2025\/05\/CB-F01-8-1536x848.jpg 1536w, https:\/\/www.yidakitchen.com\/wp-content\/uploads\/2025\/05\/CB-F01-8-2048x1131.jpg 2048w, https:\/\/www.yidakitchen.com\/wp-content\/uploads\/2025\/05\/CB-F01-8-600x331.jpg 600w\" sizes=\"(max-width: 1024px) 100vw, 1024px\" \/><\/figure><div class=\"wp-block-media-text__content\"><h3 class=\"wp-block-heading\"><strong>Paleta de colores y tratamiento de superficies<\/strong><\/h3>\n\n<p>En la paleta de colores predominan los tonos claros de la madera y los blancos n\u00edtidos, que reflejan la sensaci\u00f3n de naturalidad y ligereza del estilo n\u00f3rdico. Las superficies est\u00e1n tratadas para resaltar la textura natural de la madera, creando un aspecto c\u00e1lido y acogedor. Este tratamiento no s\u00f3lo realza el atractivo visual, sino que tambi\u00e9n garantiza la durabilidad y un tacto confortable.<\/p><\/div><\/div><div class=\"wp-block-media-text has-media-on-the-right is-stacked-on-mobile\"><div class=\"wp-block-media-text__content\"><h3 class=\"wp-block-heading\"><strong><strong>Configuraci\u00f3n espacial<\/strong><\/strong><\/h3>\n\n<p>En el sal\u00f3n, nuestros armarios est\u00e1n dise\u00f1ados para maximizar el almacenamiento sin saturar el espacio, a menudo integr\u00e1ndose con unidades de entretenimiento. En la cocina, est\u00e1n configurados para un uso eficiente, con soluciones de almacenamiento inteligentes para utensilios y electrodom\u00e9sticos. Los armarios de los dormitorios se personalizan con amplias estanter\u00edas y espacio para colgar, garantizando la organizaci\u00f3n y la facilidad de acceso. Cada configuraci\u00f3n est\u00e1 dise\u00f1ada para adaptarse a la distribuci\u00f3n \u00fanica de los hogares de ultramar, optimizando el espacio y la funcionalidad.<\/p><\/div><figure class=\"wp-block-media-text__media\"><img decoding=\"async\" width=\"1024\" height=\"883\" src=\"https:\/\/www.yidakitchen.com\/wp-content\/uploads\/2025\/05\/CB-F01-7-1024x883.jpg\" alt=\"\" class=\"wp-image-2708 size-full\" srcset=\"https:\/\/www.yidakitchen.com\/wp-content\/uploads\/2025\/05\/CB-F01-7-1024x883.jpg 1024w, https:\/\/www.yidakitchen.com\/wp-content\/uploads\/2025\/05\/CB-F01-7-300x259.jpg 300w, https:\/\/www.yidakitchen.com\/wp-content\/uploads\/2025\/05\/CB-F01-7-768x663.jpg 768w, https:\/\/www.yidakitchen.com\/wp-content\/uploads\/2025\/05\/CB-F01-7-1536x1325.jpg 1536w, https:\/\/www.yidakitchen.com\/wp-content\/uploads\/2025\/05\/CB-F01-7-2048x1767.jpg 2048w, https:\/\/www.yidakitchen.com\/wp-content\/uploads\/2025\/05\/CB-F01-7-600x518.jpg 600w\" sizes=\"(max-width: 1024px) 100vw, 1024px\" \/><\/figure><\/div><figure class=\"wp-block-gallery has-nested-images columns-default is-cropped wp-block-gallery-1 is-layout-flex wp-block-gallery-is-layout-flex\"><figure class=\"wp-block-image size-large\"><img loading=\"lazy\" decoding=\"async\" width=\"1024\" height=\"618\" data-id=\"2707\" src=\"https:\/\/www.yidakitchen.com\/wp-content\/uploads\/2025\/05\/CB-F01-6-1024x618.jpg?wsr\" alt=\"\" class=\"wp-image-2707\" srcset=\"https:\/\/www.yidakitchen.com\/wp-content\/uploads\/2025\/05\/CB-F01-6-1024x618.jpg 1024w, https:\/\/www.yidakitchen.com\/wp-content\/uploads\/2025\/05\/CB-F01-6-300x181.jpg 300w, https:\/\/www.yidakitchen.com\/wp-content\/uploads\/2025\/05\/CB-F01-6-768x464.jpg 768w, https:\/\/www.yidakitchen.com\/wp-content\/uploads\/2025\/05\/CB-F01-6-600x362.jpg 600w, https:\/\/www.yidakitchen.com\/wp-content\/uploads\/2025\/05\/CB-F01-6.jpg 1396w\" sizes=\"(max-width: 1024px) 100vw, 1024px\" \/><\/figure>\n\n<figure class=\"wp-block-image size-large\"><img loading=\"lazy\" decoding=\"async\" width=\"1024\" height=\"763\" data-id=\"2706\" src=\"https:\/\/www.yidakitchen.com\/wp-content\/uploads\/2025\/05\/CB-F01-5-1024x763.jpg?wsr\" alt=\"\" class=\"wp-image-2706\" srcset=\"https:\/\/www.yidakitchen.com\/wp-content\/uploads\/2025\/05\/CB-F01-5-1024x763.jpg 1024w, https:\/\/www.yidakitchen.com\/wp-content\/uploads\/2025\/05\/CB-F01-5-300x223.jpg 300w, https:\/\/www.yidakitchen.com\/wp-content\/uploads\/2025\/05\/CB-F01-5-768x572.jpg 768w, https:\/\/www.yidakitchen.com\/wp-content\/uploads\/2025\/05\/CB-F01-5-1536x1144.jpg 1536w, https:\/\/www.yidakitchen.com\/wp-content\/uploads\/2025\/05\/CB-F01-5-2048x1526.jpg 2048w, https:\/\/www.yidakitchen.com\/wp-content\/uploads\/2025\/05\/CB-F01-5-600x447.jpg 600w\" sizes=\"(max-width: 1024px) 100vw, 1024px\" \/><\/figure>\n\n<figure class=\"wp-block-image size-large\"><img loading=\"lazy\" decoding=\"async\" width=\"1024\" height=\"568\" data-id=\"2705\" src=\"https:\/\/www.yidakitchen.com\/wp-content\/uploads\/2025\/05\/CB-F01-4-1024x568.jpg?wsr\" alt=\"\" class=\"wp-image-2705\" srcset=\"https:\/\/www.yidakitchen.com\/wp-content\/uploads\/2025\/05\/CB-F01-4-1024x568.jpg 1024w, https:\/\/www.yidakitchen.com\/wp-content\/uploads\/2025\/05\/CB-F01-4-300x167.jpg 300w, https:\/\/www.yidakitchen.com\/wp-content\/uploads\/2025\/05\/CB-F01-4-768x426.jpg 768w, https:\/\/www.yidakitchen.com\/wp-content\/uploads\/2025\/05\/CB-F01-4-1536x853.jpg 1536w, https:\/\/www.yidakitchen.com\/wp-content\/uploads\/2025\/05\/CB-F01-4-2048x1137.jpg 2048w, https:\/\/www.yidakitchen.com\/wp-content\/uploads\/2025\/05\/CB-F01-4-600x333.jpg 600w\" sizes=\"(max-width: 1024px) 100vw, 1024px\" \/><\/figure>\n\n<figure class=\"wp-block-image size-large\"><img loading=\"lazy\" decoding=\"async\" width=\"1024\" height=\"580\" data-id=\"2703\" src=\"https:\/\/www.yidakitchen.com\/wp-content\/uploads\/2025\/05\/CB-F01-1-1024x580.png?wsr\" alt=\"\" class=\"wp-image-2703\" srcset=\"https:\/\/www.yidakitchen.com\/wp-content\/uploads\/2025\/05\/CB-F01-1-1024x580.png 1024w, https:\/\/www.yidakitchen.com\/wp-content\/uploads\/2025\/05\/CB-F01-1-300x170.png 300w, https:\/\/www.yidakitchen.com\/wp-content\/uploads\/2025\/05\/CB-F01-1-768x435.png 768w, https:\/\/www.yidakitchen.com\/wp-content\/uploads\/2025\/05\/CB-F01-1-1536x870.png 1536w, https:\/\/www.yidakitchen.com\/wp-content\/uploads\/2025\/05\/CB-F01-1-600x340.png 600w, https:\/\/www.yidakitchen.com\/wp-content\/uploads\/2025\/05\/CB-F01-1.png 1735w\" sizes=\"(max-width: 1024px) 100vw, 1024px\" \/><\/figure><\/figure><h3 class=\"wp-block-heading\"><strong>Materiales y artesan\u00eda<\/strong><\/h3><p>Utilizando materiales de madera ecol\u00f3gicos y de alta calidad, nuestros armarios est\u00e1n hechos para durar. El meticuloso trabajo artesanal garantiza detalles precisos y un acabado impecable. El uso de materiales naturales est\u00e1 en consonancia con los valores n\u00f3rdicos de sostenibilidad y armon\u00eda con la naturaleza, lo que atrae a clientes concienciados con el medio ambiente.<\/p><figure class=\"wp-block-gallery has-nested-images columns-default is-cropped wp-block-gallery-2 is-layout-flex wp-block-gallery-is-layout-flex\"><figure class=\"wp-block-image size-large\"><img loading=\"lazy\" decoding=\"async\" width=\"1024\" height=\"570\" data-id=\"2702\" src=\"https:\/\/www.yidakitchen.com\/wp-content\/uploads\/2025\/05\/CB-F01-1-1024x570.jpg?wsr\" alt=\"\" class=\"wp-image-2702\" srcset=\"https:\/\/www.yidakitchen.com\/wp-content\/uploads\/2025\/05\/CB-F01-1-1024x570.jpg 1024w, https:\/\/www.yidakitchen.com\/wp-content\/uploads\/2025\/05\/CB-F01-1-300x167.jpg 300w, https:\/\/www.yidakitchen.com\/wp-content\/uploads\/2025\/05\/CB-F01-1-768x428.jpg 768w, https:\/\/www.yidakitchen.com\/wp-content\/uploads\/2025\/05\/CB-F01-1-1536x855.jpg 1536w, https:\/\/www.yidakitchen.com\/wp-content\/uploads\/2025\/05\/CB-F01-1-2048x1140.jpg 2048w, https:\/\/www.yidakitchen.com\/wp-content\/uploads\/2025\/05\/CB-F01-1-600x334.jpg 600w\" sizes=\"(max-width: 1024px) 100vw, 1024px\" \/><\/figure>\n\n<figure class=\"wp-block-image size-large\"><img loading=\"lazy\" decoding=\"async\" width=\"748\" height=\"1024\" data-id=\"2712\" src=\"https:\/\/www.yidakitchen.com\/wp-content\/uploads\/2025\/05\/CB-F01-18-748x1024.jpg?wsr\" alt=\"\" class=\"wp-image-2712\" srcset=\"https:\/\/www.yidakitchen.com\/wp-content\/uploads\/2025\/05\/CB-F01-18-748x1024.jpg 748w, https:\/\/www.yidakitchen.com\/wp-content\/uploads\/2025\/05\/CB-F01-18-219x300.jpg 219w, https:\/\/www.yidakitchen.com\/wp-content\/uploads\/2025\/05\/CB-F01-18-768x1051.jpg 768w, https:\/\/www.yidakitchen.com\/wp-content\/uploads\/2025\/05\/CB-F01-18-1123x1536.jpg 1123w, https:\/\/www.yidakitchen.com\/wp-content\/uploads\/2025\/05\/CB-F01-18-1497x2048.jpg 1497w, https:\/\/www.yidakitchen.com\/wp-content\/uploads\/2025\/05\/CB-F01-18-600x821.jpg 600w, https:\/\/www.yidakitchen.com\/wp-content\/uploads\/2025\/05\/CB-F01-18-scaled.jpg 1871w\" sizes=\"(max-width: 748px) 100vw, 748px\" \/><\/figure><\/figure><h3 class=\"wp-block-heading\"><strong>Funcionalidad y ergonom\u00eda<\/strong><\/h3><p>La funcionalidad es clave en nuestros dise\u00f1os. Los cajones de cierre suave, las baldas regulables y las soluciones de almacenamiento de f\u00e1cil acceso facilitan el uso diario. Los tiradores ergon\u00f3micos y los cuidadosos elementos de dise\u00f1o reducen la tensi\u00f3n y garantizan la comodidad en las actividades cotidianas. Estos armarios no s\u00f3lo son visualmente atractivos, sino tambi\u00e9n muy pr\u00e1cticos para la vida moderna.<\/p><p>Transforme su hogar con nuestros armarios a medida inspirados en la elegancia n\u00f3rdica moderna, donde la sencillez se une a la sofisticaci\u00f3n, ofreciendo soluciones de almacenamiento que satisfacen las necesidades de los propietarios de todo el mundo.<\/p><p><\/p>","protected":false},"excerpt":{"rendered":"<p>Design Concept Inspired by Nordic design principles, our cabinets feature clean, simple lines and a focus on natural materials. The concept is to create a serene and inviting atmosphere, where each cabinet not only provides storage but also adds to the aesthetic appeal of your home. The minimalist design ensures versatility, fitting seamlessly into various [&hellip;]<\/p>","protected":false},"featured_media":2704,"template":"","meta":[],"product_brand":[],"product_cat":[83],"product_tag":[],"class_list":{"0":"post-2701","1":"product","2":"type-product","3":"status-publish","4":"has-post-thumbnail","6":"product_cat-whole-house","8":"first","9":"instock","10":"shipping-taxable","11":"product-type-simple"},"yoast_head":"<!-- This site is optimized with the Yoast SEO Premium plugin v25.0 (Yoast SEO v25.0) - https:\/\/yoast.com\/wordpress\/plugins\/seo\/ -->\n<title>Modern Nordic Elegance - Custom Cabinets for Global Homes - YIDA Kitchen<\/title>\n<meta name=\"robots\" content=\"index, follow, max-snippet:-1, max-image-preview:large, max-video-preview:-1\" \/>\n<link rel=\"canonical\" href=\"https:\/\/www.yidakitchen.com\/es\/producto\/modern-nordic-elegance-custom-cabinets-for-global-homes\/\" \/>\n<meta property=\"og:locale\" content=\"es_MX\" \/>\n<meta property=\"og:type\" content=\"article\" \/>\n<meta property=\"og:title\" content=\"Modern Nordic Elegance - Custom Cabinets for Global Homes\" \/>\n<meta property=\"og:description\" content=\"Design Concept Inspired by Nordic design principles, our cabinets feature clean, simple lines and a focus on natural materials. The concept is to create a serene and inviting atmosphere, where each cabinet not only provides storage but also adds to the aesthetic appeal of your home. The minimalist design ensures versatility, fitting seamlessly into various [&hellip;]\" \/>\n<meta property=\"og:url\" content=\"https:\/\/www.yidakitchen.com\/es\/producto\/modern-nordic-elegance-custom-cabinets-for-global-homes\/\" \/>\n<meta property=\"og:site_name\" content=\"YIDA Kitchen\" \/>\n<meta property=\"article:modified_time\" content=\"2025-05-12T01:33:48+00:00\" \/>\n<meta property=\"og:image\" content=\"https:\/\/www.yidakitchen.com\/wp-content\/uploads\/2025\/05\/CB-F01-3.jpg\" \/>\n\t<meta property=\"og:image:width\" content=\"2192\" \/>\n\t<meta property=\"og:image:height\" content=\"2266\" \/>\n\t<meta property=\"og:image:type\" content=\"image\/jpeg\" \/>\n<meta name=\"twitter:card\" content=\"summary_large_image\" \/>\n<meta name=\"twitter:label1\" content=\"Price\" \/>\n\t<meta name=\"twitter:data1\" content=\"\" \/>\n\t<meta name=\"twitter:label2\" content=\"Availability\" \/>\n\t<meta name=\"twitter:data2\" content=\"In stock\" \/>\n<script type=\"application\/ld+json\" class=\"yoast-schema-graph\">{\"@context\":\"https:\/\/schema.org\",\"@graph\":[{\"@type\":\"WebPage\",\"@id\":\"https:\/\/www.yidakitchen.com\/product\/modern-nordic-elegance-custom-cabinets-for-global-homes\/\",\"url\":\"https:\/\/www.yidakitchen.com\/product\/modern-nordic-elegance-custom-cabinets-for-global-homes\/\",\"name\":\"Modern Nordic Elegance - Custom Cabinets for Global Homes - YIDA Kitchen\",\"isPartOf\":{\"@id\":\"https:\/\/www.yidakitchen.com\/#website\"},\"primaryImageOfPage\":{\"@id\":\"https:\/\/www.yidakitchen.com\/product\/modern-nordic-elegance-custom-cabinets-for-global-homes\/#primaryimage\"},\"image\":{\"@id\":\"https:\/\/www.yidakitchen.com\/product\/modern-nordic-elegance-custom-cabinets-for-global-homes\/#primaryimage\"},\"thumbnailUrl\":\"https:\/\/www.yidakitchen.com\/wp-content\/uploads\/2025\/05\/CB-F01-3.jpg?wsr\",\"datePublished\":\"2025-05-04T01:45:14+00:00\",\"dateModified\":\"2025-05-12T01:33:48+00:00\",\"breadcrumb\":{\"@id\":\"https:\/\/www.yidakitchen.com\/product\/modern-nordic-elegance-custom-cabinets-for-global-homes\/#breadcrumb\"},\"inLanguage\":\"es\",\"potentialAction\":[{\"@type\":\"ReadAction\",\"target\":[\"https:\/\/www.yidakitchen.com\/product\/modern-nordic-elegance-custom-cabinets-for-global-homes\/\"]}]},{\"@type\":\"ImageObject\",\"inLanguage\":\"es\",\"@id\":\"https:\/\/www.yidakitchen.com\/product\/modern-nordic-elegance-custom-cabinets-for-global-homes\/#primaryimage\",\"url\":\"https:\/\/www.yidakitchen.com\/wp-content\/uploads\/2025\/05\/CB-F01-3.jpg?wsr\",\"contentUrl\":\"https:\/\/www.yidakitchen.com\/wp-content\/uploads\/2025\/05\/CB-F01-3.jpg?wsr\",\"width\":2192,\"height\":2266},{\"@type\":\"BreadcrumbList\",\"@id\":\"https:\/\/www.yidakitchen.com\/product\/modern-nordic-elegance-custom-cabinets-for-global-homes\/#breadcrumb\",\"itemListElement\":[{\"@type\":\"ListItem\",\"position\":1,\"name\":\"Home\",\"item\":\"https:\/\/www.yidakitchen.com\/\"},{\"@type\":\"ListItem\",\"position\":2,\"name\":\"Products\",\"item\":\"https:\/\/www.yidakitchen.com\/shop\/\"},{\"@type\":\"ListItem\",\"position\":3,\"name\":\"Modern Nordic Elegance &#8211; Custom Cabinets for Global Homes\"}]},{\"@type\":\"WebSite\",\"@id\":\"https:\/\/www.yidakitchen.com\/#website\",\"url\":\"https:\/\/www.yidakitchen.com\/\",\"name\":\"YIDA Kitchen\",\"description\":\"Kitchen Cabinets Custom Manufacturer from China\",\"publisher\":{\"@id\":\"https:\/\/www.yidakitchen.com\/#organization\"},\"potentialAction\":[{\"@type\":\"SearchAction\",\"target\":{\"@type\":\"EntryPoint\",\"urlTemplate\":\"https:\/\/www.yidakitchen.com\/?s={search_term_string}\"},\"query-input\":{\"@type\":\"PropertyValueSpecification\",\"valueRequired\":true,\"valueName\":\"search_term_string\"}}],\"inLanguage\":\"es\"},{\"@type\":\"Organization\",\"@id\":\"https:\/\/www.yidakitchen.com\/#organization\",\"name\":\"YIDA Kitchen\",\"url\":\"https:\/\/www.yidakitchen.com\/\",\"logo\":{\"@type\":\"ImageObject\",\"inLanguage\":\"es\",\"@id\":\"https:\/\/www.yidakitchen.com\/#\/schema\/logo\/image\/\",\"url\":\"https:\/\/www.yidakitchen.com\/wp-content\/uploads\/2025\/04\/logo.png?wsr\",\"contentUrl\":\"https:\/\/www.yidakitchen.com\/wp-content\/uploads\/2025\/04\/logo.png?wsr\",\"width\":1763,\"height\":951,\"caption\":\"YIDA Kitchen\"},\"image\":{\"@id\":\"https:\/\/www.yidakitchen.com\/#\/schema\/logo\/image\/\"}}]}<\/script>\n<meta property=\"product:price:amount\" content=\"0.00\" \/>\n<meta property=\"product:price:currency\" content=\"USD\" \/>\n<meta property=\"og:availability\" content=\"instock\" \/>\n<meta property=\"product:availability\" content=\"instock\" \/>\n<meta property=\"product:condition\" content=\"new\" \/>\n<!-- \/ Yoast SEO Premium plugin. -->","yoast_head_json":{"title":"Modern Nordic Elegance - Custom Cabinets for Global Homes - YIDA Kitchen","robots":{"index":"index","follow":"follow","max-snippet":"max-snippet:-1","max-image-preview":"max-image-preview:large","max-video-preview":"max-video-preview:-1"},"canonical":"https:\/\/www.yidakitchen.com\/es\/producto\/modern-nordic-elegance-custom-cabinets-for-global-homes\/","og_locale":"es_MX","og_type":"article","og_title":"Modern Nordic Elegance - Custom Cabinets for Global Homes","og_description":"Design Concept Inspired by Nordic design principles, our cabinets feature clean, simple lines and a focus on natural materials. The concept is to create a serene and inviting atmosphere, where each cabinet not only provides storage but also adds to the aesthetic appeal of your home. The minimalist design ensures versatility, fitting seamlessly into various [&hellip;]","og_url":"https:\/\/www.yidakitchen.com\/es\/producto\/modern-nordic-elegance-custom-cabinets-for-global-homes\/","og_site_name":"YIDA Kitchen","article_modified_time":"2025-05-12T01:33:48+00:00","og_image":[{"width":2192,"height":2266,"url":"https:\/\/www.yidakitchen.com\/wp-content\/uploads\/2025\/05\/CB-F01-3.jpg","type":"image\/jpeg"}],"twitter_card":"summary_large_image","twitter_misc":{"Price":"","Availability":"In stock"},"schema":{"@context":"https:\/\/schema.org","@graph":[{"@type":"WebPage","@id":"https:\/\/www.yidakitchen.com\/product\/modern-nordic-elegance-custom-cabinets-for-global-homes\/","url":"https:\/\/www.yidakitchen.com\/product\/modern-nordic-elegance-custom-cabinets-for-global-homes\/","name":"Modern Nordic Elegance - Custom Cabinets for Global Homes - YIDA Kitchen","isPartOf":{"@id":"https:\/\/www.yidakitchen.com\/#website"},"primaryImageOfPage":{"@id":"https:\/\/www.yidakitchen.com\/product\/modern-nordic-elegance-custom-cabinets-for-global-homes\/#primaryimage"},"image":{"@id":"https:\/\/www.yidakitchen.com\/product\/modern-nordic-elegance-custom-cabinets-for-global-homes\/#primaryimage"},"thumbnailUrl":"https:\/\/www.yidakitchen.com\/wp-content\/uploads\/2025\/05\/CB-F01-3.jpg?wsr","datePublished":"2025-05-04T01:45:14+00:00","dateModified":"2025-05-12T01:33:48+00:00","breadcrumb":{"@id":"https:\/\/www.yidakitchen.com\/product\/modern-nordic-elegance-custom-cabinets-for-global-homes\/#breadcrumb"},"inLanguage":"es","potentialAction":[{"@type":"ReadAction","target":["https:\/\/www.yidakitchen.com\/product\/modern-nordic-elegance-custom-cabinets-for-global-homes\/"]}]},{"@type":"ImageObject","inLanguage":"es","@id":"https:\/\/www.yidakitchen.com\/product\/modern-nordic-elegance-custom-cabinets-for-global-homes\/#primaryimage","url":"https:\/\/www.yidakitchen.com\/wp-content\/uploads\/2025\/05\/CB-F01-3.jpg?wsr","contentUrl":"https:\/\/www.yidakitchen.com\/wp-content\/uploads\/2025\/05\/CB-F01-3.jpg?wsr","width":2192,"height":2266},{"@type":"BreadcrumbList","@id":"https:\/\/www.yidakitchen.com\/product\/modern-nordic-elegance-custom-cabinets-for-global-homes\/#breadcrumb","itemListElement":[{"@type":"ListItem","position":1,"name":"Home","item":"https:\/\/www.yidakitchen.com\/"},{"@type":"ListItem","position":2,"name":"Products","item":"https:\/\/www.yidakitchen.com\/shop\/"},{"@type":"ListItem","position":3,"name":"Modern Nordic Elegance &#8211; Custom Cabinets for Global Homes"}]},{"@type":"WebSite","@id":"https:\/\/www.yidakitchen.com\/#website","url":"https:\/\/www.yidakitchen.com\/","name":"Cocina YIDA","description":"Armarios de cocina a medida Fabricante de China","publisher":{"@id":"https:\/\/www.yidakitchen.com\/#organization"},"potentialAction":[{"@type":"SearchAction","target":{"@type":"EntryPoint","urlTemplate":"https:\/\/www.yidakitchen.com\/?s={search_term_string}"},"query-input":{"@type":"PropertyValueSpecification","valueRequired":true,"valueName":"search_term_string"}}],"inLanguage":"es"},{"@type":"Organization","@id":"https:\/\/www.yidakitchen.com\/#organization","name":"Cocina YIDA","url":"https:\/\/www.yidakitchen.com\/","logo":{"@type":"ImageObject","inLanguage":"es","@id":"https:\/\/www.yidakitchen.com\/#\/schema\/logo\/image\/","url":"https:\/\/www.yidakitchen.com\/wp-content\/uploads\/2025\/04\/logo.png?wsr","contentUrl":"https:\/\/www.yidakitchen.com\/wp-content\/uploads\/2025\/04\/logo.png?wsr","width":1763,"height":951,"caption":"YIDA Kitchen"},"image":{"@id":"https:\/\/www.yidakitchen.com\/#\/schema\/logo\/image\/"}}]},"product_price_amount":"0.00","product_price_currency":"USD","og_availability":"instock","product_availability":"instock","product_condition":"new"},"_links":{"self":[{"href":"https:\/\/www.yidakitchen.com\/es\/wp-json\/wp\/v2\/product\/2701","targetHints":{"allow":["GET"]}}],"collection":[{"href":"https:\/\/www.yidakitchen.com\/es\/wp-json\/wp\/v2\/product"}],"about":[{"href":"https:\/\/www.yidakitchen.com\/es\/wp-json\/wp\/v2\/types\/product"}],"wp:featuredmedia":[{"embeddable":true,"href":"https:\/\/www.yidakitchen.com\/es\/wp-json\/wp\/v2\/media\/2704"}],"wp:attachment":[{"href":"https:\/\/www.yidakitchen.com\/es\/wp-json\/wp\/v2\/media?parent=2701"}],"wp:term":[{"taxonomy":"product_brand","embeddable":true,"href":"https:\/\/www.yidakitchen.com\/es\/wp-json\/wp\/v2\/product_brand?post=2701"},{"taxonomy":"product_cat","embeddable":true,"href":"https:\/\/www.yidakitchen.com\/es\/wp-json\/wp\/v2\/product_cat?post=2701"},{"taxonomy":"product_tag","embeddable":true,"href":"https:\/\/www.yidakitchen.com\/es\/wp-json\/wp\/v2\/product_tag?post=2701"}],"curies":[{"name":"wp","href":"https:\/\/api.w.org\/{rel}","templated":true}]}}