{"id":2569,"date":"2025-04-30T06:29:28","date_gmt":"2025-04-30T06:29:28","guid":{"rendered":"https:\/\/www.yidakitchen.com\/?post_type=product&#038;p=2569"},"modified":"2025-04-30T06:29:29","modified_gmt":"2025-04-30T06:29:29","slug":"modern-sophistication-neutral-toned-custom-cabinets-for-global-living","status":"publish","type":"product","link":"https:\/\/www.yidakitchen.com\/es\/producto\/modern-sophistication-neutral-toned-custom-cabinets-for-global-living\/","title":{"rendered":"Sofisticaci\u00f3n moderna - Armarios a medida en tonos neutros para una vida global"},"content":{"rendered":"<figure class=\"wp-block-image alignwide size-large\"><img fetchpriority=\"high\" decoding=\"async\" width=\"1024\" height=\"639\" src=\"https:\/\/www.yidakitchen.com\/wp-content\/uploads\/2025\/04\/CB-D01-9-1024x639.jpg\" alt=\"\" class=\"wp-image-2578\" srcset=\"https:\/\/www.yidakitchen.com\/wp-content\/uploads\/2025\/04\/CB-D01-9-1024x639.jpg 1024w, https:\/\/www.yidakitchen.com\/wp-content\/uploads\/2025\/04\/CB-D01-9-300x187.jpg 300w, https:\/\/www.yidakitchen.com\/wp-content\/uploads\/2025\/04\/CB-D01-9-768x480.jpg 768w, https:\/\/www.yidakitchen.com\/wp-content\/uploads\/2025\/04\/CB-D01-9-1536x959.jpg 1536w, https:\/\/www.yidakitchen.com\/wp-content\/uploads\/2025\/04\/CB-D01-9-600x375.jpg 600w, https:\/\/www.yidakitchen.com\/wp-content\/uploads\/2025\/04\/CB-D01-9.jpg 1872w\" sizes=\"(max-width: 1024px) 100vw, 1024px\" \/><\/figure><h3 class=\"wp-block-heading\"><strong>Concepto de dise\u00f1o<\/strong><\/h3><p>Arraigados en los principios del dise\u00f1o contempor\u00e1neo, nuestros armarios presentan l\u00edneas limpias y una est\u00e9tica minimalista. El concepto gira en torno a la creaci\u00f3n de soluciones de almacenamiento vers\u00e1tiles que se adapten a los distintos estilos de vida, ofreciendo un equilibrio entre forma y funci\u00f3n. Cada armario est\u00e1 cuidadosamente dise\u00f1ado para realzar los interiores modernos, proporcionando un aspecto elegante y despejado.<\/p><div class=\"wp-block-media-text is-stacked-on-mobile\"><figure class=\"wp-block-media-text__media\"><img decoding=\"async\" width=\"1024\" height=\"568\" src=\"https:\/\/www.yidakitchen.com\/wp-content\/uploads\/2025\/04\/CB-D01-11-1024x568.jpg\" alt=\"\" class=\"wp-image-2580 size-full\" srcset=\"https:\/\/www.yidakitchen.com\/wp-content\/uploads\/2025\/04\/CB-D01-11-1024x568.jpg 1024w, https:\/\/www.yidakitchen.com\/wp-content\/uploads\/2025\/04\/CB-D01-11-300x167.jpg 300w, https:\/\/www.yidakitchen.com\/wp-content\/uploads\/2025\/04\/CB-D01-11-768x426.jpg 768w, https:\/\/www.yidakitchen.com\/wp-content\/uploads\/2025\/04\/CB-D01-11-1536x853.jpg 1536w, https:\/\/www.yidakitchen.com\/wp-content\/uploads\/2025\/04\/CB-D01-11-2048x1137.jpg 2048w, https:\/\/www.yidakitchen.com\/wp-content\/uploads\/2025\/04\/CB-D01-11-600x333.jpg 600w\" sizes=\"(max-width: 1024px) 100vw, 1024px\" \/><\/figure><div class=\"wp-block-media-text__content\"><h3 class=\"wp-block-heading\"><strong>Paleta de colores y tratamiento de superficies<\/strong><\/h3>\n\n<p>La paleta de colores muestra una armoniosa mezcla de grises suaves, beiges c\u00e1lidos y marfiles sutiles, creando un tel\u00f3n de fondo neutro que complementa cualquier decoraci\u00f3n. Las superficies est\u00e1n tratadas para conseguir un acabado liso y mate, que a\u00f1ade un toque de lujo al tiempo que garantiza la durabilidad y la facilidad de mantenimiento. Este tratamiento no s\u00f3lo realza el atractivo visual, sino que tambi\u00e9n proporciona una agradable experiencia t\u00e1ctil.<\/p><\/div><\/div><div class=\"wp-block-media-text has-media-on-the-right is-stacked-on-mobile\"><div class=\"wp-block-media-text__content\"><h3 class=\"wp-block-heading\"><strong><strong>Configuraci\u00f3n espacial<\/strong><\/strong><\/h3>\n\n<p>Nuestros armarios est\u00e1n configurados por expertos para optimizar cada espacio. En el sal\u00f3n, los armarios empotrados se integran a la perfecci\u00f3n con los sistemas de entretenimiento, ofreciendo un amplio espacio de almacenamiento para medios y decoraci\u00f3n. Los armarios de cocina est\u00e1n dise\u00f1ados para un flujo de trabajo eficiente, con almacenamiento inteligente para electrodom\u00e9sticos y utensilios. Los armarios de los dormitorios cuentan con estanter\u00edas y espacios para colgar personalizables, que se adaptan a las distintas necesidades de almacenamiento. Cada configuraci\u00f3n se adapta a la distribuci\u00f3n \u00fanica de los hogares de ultramar, maximizando el aprovechamiento del espacio.<\/p><\/div><figure class=\"wp-block-media-text__media\"><img decoding=\"async\" width=\"1024\" height=\"568\" src=\"https:\/\/www.yidakitchen.com\/wp-content\/uploads\/2025\/04\/CB-D01-10-1024x568.jpg\" alt=\"\" class=\"wp-image-2579 size-full\" srcset=\"https:\/\/www.yidakitchen.com\/wp-content\/uploads\/2025\/04\/CB-D01-10-1024x568.jpg 1024w, https:\/\/www.yidakitchen.com\/wp-content\/uploads\/2025\/04\/CB-D01-10-300x166.jpg 300w, https:\/\/www.yidakitchen.com\/wp-content\/uploads\/2025\/04\/CB-D01-10-768x426.jpg 768w, https:\/\/www.yidakitchen.com\/wp-content\/uploads\/2025\/04\/CB-D01-10-1536x852.jpg 1536w, https:\/\/www.yidakitchen.com\/wp-content\/uploads\/2025\/04\/CB-D01-10-2048x1136.jpg 2048w, https:\/\/www.yidakitchen.com\/wp-content\/uploads\/2025\/04\/CB-D01-10-600x333.jpg 600w\" sizes=\"(max-width: 1024px) 100vw, 1024px\" \/><\/figure><\/div><figure class=\"wp-block-gallery has-nested-images columns-default is-cropped wp-block-gallery-1 is-layout-flex wp-block-gallery-is-layout-flex\"><figure class=\"wp-block-image size-large\"><img loading=\"lazy\" decoding=\"async\" width=\"1024\" height=\"569\" data-id=\"2574\" src=\"https:\/\/www.yidakitchen.com\/wp-content\/uploads\/2025\/04\/CB-D01-5-1024x569.jpg\" alt=\"\" class=\"wp-image-2574\" srcset=\"https:\/\/www.yidakitchen.com\/wp-content\/uploads\/2025\/04\/CB-D01-5-1024x569.jpg 1024w, https:\/\/www.yidakitchen.com\/wp-content\/uploads\/2025\/04\/CB-D01-5-300x167.jpg 300w, https:\/\/www.yidakitchen.com\/wp-content\/uploads\/2025\/04\/CB-D01-5-768x427.jpg 768w, https:\/\/www.yidakitchen.com\/wp-content\/uploads\/2025\/04\/CB-D01-5-1536x853.jpg 1536w, https:\/\/www.yidakitchen.com\/wp-content\/uploads\/2025\/04\/CB-D01-5-2048x1138.jpg 2048w, https:\/\/www.yidakitchen.com\/wp-content\/uploads\/2025\/04\/CB-D01-5-600x333.jpg 600w\" sizes=\"(max-width: 1024px) 100vw, 1024px\" \/><\/figure>\n\n<figure class=\"wp-block-image size-large\"><img loading=\"lazy\" decoding=\"async\" width=\"1024\" height=\"570\" data-id=\"2577\" src=\"https:\/\/www.yidakitchen.com\/wp-content\/uploads\/2025\/04\/CB-D01-8-1024x570.jpg?wsr\" alt=\"\" class=\"wp-image-2577\" srcset=\"https:\/\/www.yidakitchen.com\/wp-content\/uploads\/2025\/04\/CB-D01-8-1024x570.jpg 1024w, https:\/\/www.yidakitchen.com\/wp-content\/uploads\/2025\/04\/CB-D01-8-300x167.jpg 300w, https:\/\/www.yidakitchen.com\/wp-content\/uploads\/2025\/04\/CB-D01-8-768x428.jpg 768w, https:\/\/www.yidakitchen.com\/wp-content\/uploads\/2025\/04\/CB-D01-8-1536x856.jpg 1536w, https:\/\/www.yidakitchen.com\/wp-content\/uploads\/2025\/04\/CB-D01-8-2048x1141.jpg 2048w, https:\/\/www.yidakitchen.com\/wp-content\/uploads\/2025\/04\/CB-D01-8-600x334.jpg 600w\" sizes=\"(max-width: 1024px) 100vw, 1024px\" \/><\/figure>\n\n<figure class=\"wp-block-image size-large\"><img loading=\"lazy\" decoding=\"async\" width=\"1024\" height=\"647\" data-id=\"2576\" src=\"https:\/\/www.yidakitchen.com\/wp-content\/uploads\/2025\/04\/CB-D01-7-1024x647.jpg?wsr\" alt=\"\" class=\"wp-image-2576\" srcset=\"https:\/\/www.yidakitchen.com\/wp-content\/uploads\/2025\/04\/CB-D01-7-1024x647.jpg 1024w, https:\/\/www.yidakitchen.com\/wp-content\/uploads\/2025\/04\/CB-D01-7-300x190.jpg 300w, https:\/\/www.yidakitchen.com\/wp-content\/uploads\/2025\/04\/CB-D01-7-768x486.jpg 768w, https:\/\/www.yidakitchen.com\/wp-content\/uploads\/2025\/04\/CB-D01-7-1536x971.jpg 1536w, https:\/\/www.yidakitchen.com\/wp-content\/uploads\/2025\/04\/CB-D01-7-2048x1295.jpg 2048w, https:\/\/www.yidakitchen.com\/wp-content\/uploads\/2025\/04\/CB-D01-7-600x379.jpg 600w\" sizes=\"(max-width: 1024px) 100vw, 1024px\" \/><\/figure>\n\n<figure class=\"wp-block-image size-large\"><img loading=\"lazy\" decoding=\"async\" width=\"1024\" height=\"571\" data-id=\"2575\" src=\"https:\/\/www.yidakitchen.com\/wp-content\/uploads\/2025\/04\/CB-D01-6-1024x571.jpg?wsr\" alt=\"\" class=\"wp-image-2575\" srcset=\"https:\/\/www.yidakitchen.com\/wp-content\/uploads\/2025\/04\/CB-D01-6-1024x571.jpg 1024w, https:\/\/www.yidakitchen.com\/wp-content\/uploads\/2025\/04\/CB-D01-6-300x167.jpg 300w, https:\/\/www.yidakitchen.com\/wp-content\/uploads\/2025\/04\/CB-D01-6-768x428.jpg 768w, https:\/\/www.yidakitchen.com\/wp-content\/uploads\/2025\/04\/CB-D01-6-1536x857.jpg 1536w, https:\/\/www.yidakitchen.com\/wp-content\/uploads\/2025\/04\/CB-D01-6-2048x1142.jpg 2048w, https:\/\/www.yidakitchen.com\/wp-content\/uploads\/2025\/04\/CB-D01-6-600x335.jpg 600w\" sizes=\"(max-width: 1024px) 100vw, 1024px\" \/><\/figure><\/figure><h3 class=\"wp-block-heading\"><strong>Materiales y artesan\u00eda<\/strong><\/h3><p>Fabricados con compuestos de madera de alta calidad y herrajes de primera, nuestros armarios garantizan longevidad y fiabilidad. El meticuloso trabajo artesanal es evidente en cada detalle: cortes precisos, uniones sin juntas y acabados impecables. El uso de materiales duraderos garantiza la resistencia al desgaste, por lo que son aptos para un uso prolongado en cualquier hogar.<\/p><figure class=\"wp-block-gallery has-nested-images columns-default is-cropped wp-block-gallery-2 is-layout-flex wp-block-gallery-is-layout-flex\"><figure class=\"wp-block-image size-large\"><img loading=\"lazy\" decoding=\"async\" width=\"1024\" height=\"567\" data-id=\"2572\" src=\"https:\/\/www.yidakitchen.com\/wp-content\/uploads\/2025\/04\/CB-D01-2-1024x567.jpg?wsr\" alt=\"\" class=\"wp-image-2572\" srcset=\"https:\/\/www.yidakitchen.com\/wp-content\/uploads\/2025\/04\/CB-D01-2-1024x567.jpg 1024w, https:\/\/www.yidakitchen.com\/wp-content\/uploads\/2025\/04\/CB-D01-2-300x166.jpg 300w, https:\/\/www.yidakitchen.com\/wp-content\/uploads\/2025\/04\/CB-D01-2-768x425.jpg 768w, https:\/\/www.yidakitchen.com\/wp-content\/uploads\/2025\/04\/CB-D01-2-1536x850.jpg 1536w, https:\/\/www.yidakitchen.com\/wp-content\/uploads\/2025\/04\/CB-D01-2-2048x1133.jpg 2048w, https:\/\/www.yidakitchen.com\/wp-content\/uploads\/2025\/04\/CB-D01-2-600x332.jpg 600w\" sizes=\"(max-width: 1024px) 100vw, 1024px\" \/><\/figure>\n\n<figure class=\"wp-block-image size-large\"><img loading=\"lazy\" decoding=\"async\" width=\"1024\" height=\"534\" data-id=\"2571\" src=\"https:\/\/www.yidakitchen.com\/wp-content\/uploads\/2025\/04\/CB-D01-1-1024x534.jpg?wsr\" alt=\"\" class=\"wp-image-2571\" srcset=\"https:\/\/www.yidakitchen.com\/wp-content\/uploads\/2025\/04\/CB-D01-1-1024x534.jpg 1024w, https:\/\/www.yidakitchen.com\/wp-content\/uploads\/2025\/04\/CB-D01-1-300x156.jpg 300w, https:\/\/www.yidakitchen.com\/wp-content\/uploads\/2025\/04\/CB-D01-1-768x400.jpg 768w, https:\/\/www.yidakitchen.com\/wp-content\/uploads\/2025\/04\/CB-D01-1-1536x801.jpg 1536w, https:\/\/www.yidakitchen.com\/wp-content\/uploads\/2025\/04\/CB-D01-1-2048x1068.jpg 2048w, https:\/\/www.yidakitchen.com\/wp-content\/uploads\/2025\/04\/CB-D01-1-600x313.jpg 600w\" sizes=\"(max-width: 1024px) 100vw, 1024px\" \/><\/figure><\/figure><h3 class=\"wp-block-heading\"><strong>Funcionalidad y ergonom\u00eda<\/strong><\/h3><p>La funcionalidad es la base de nuestros dise\u00f1os. Los cajones y puertas de cierre suave, las baldas regulables y los organizadores extra\u00edbles de los armarios mejoran la facilidad de uso. Los armarios de cocina cuentan con tiradores ergon\u00f3micos y un almacenamiento bien situado para reducir la tensi\u00f3n durante las tareas diarias. Estos elementos cuidadosamente pensados garantizan que nuestros armarios no s\u00f3lo tengan un aspecto sofisticado, sino que tambi\u00e9n hagan que la vida diaria sea m\u00e1s c\u00f3moda y eficiente.<\/p><p>Transforme su hogar con nuestros modernos armarios a medida de tonos neutros, en los que la sofisticaci\u00f3n se une a la funcionalidad, ideales para los exigentes gustos de la clientela internacional.<\/p><p><\/p>","protected":false},"excerpt":{"rendered":"<p>Design Concept Rooted in contemporary design principles, our cabinets feature clean lines and a minimalist aesthetic. The concept revolves around creating versatile storage solutions that adapt to diverse lifestyles, offering a balance between form and function. Each cabinet is thoughtfully designed to enhance modern interiors, providing a sleek and uncluttered look. Color Palette and Surface [&hellip;]<\/p>","protected":false},"featured_media":2571,"template":"","meta":[],"product_brand":[],"product_cat":[83],"product_tag":[],"class_list":{"0":"post-2569","1":"product","2":"type-product","3":"status-publish","4":"has-post-thumbnail","6":"product_cat-whole-house","8":"first","9":"instock","10":"shipping-taxable","11":"product-type-simple"},"yoast_head":"<!-- This site is optimized with the Yoast SEO Premium plugin v25.0 (Yoast SEO v25.0) - https:\/\/yoast.com\/wordpress\/plugins\/seo\/ -->\n<title>Modern Sophistication - Neutral - Toned Custom Cabinets for Global Living - YIDA Kitchen<\/title>\n<meta name=\"robots\" content=\"index, follow, max-snippet:-1, max-image-preview:large, max-video-preview:-1\" \/>\n<link rel=\"canonical\" href=\"https:\/\/www.yidakitchen.com\/es\/producto\/modern-sophistication-neutral-toned-custom-cabinets-for-global-living\/\" \/>\n<meta property=\"og:locale\" content=\"es_MX\" \/>\n<meta property=\"og:type\" content=\"article\" \/>\n<meta property=\"og:title\" content=\"Modern Sophistication - Neutral - Toned Custom Cabinets for Global Living\" \/>\n<meta property=\"og:description\" content=\"Design Concept Rooted in contemporary design principles, our cabinets feature clean lines and a minimalist aesthetic. The concept revolves around creating versatile storage solutions that adapt to diverse lifestyles, offering a balance between form and function. Each cabinet is thoughtfully designed to enhance modern interiors, providing a sleek and uncluttered look. Color Palette and Surface [&hellip;]\" \/>\n<meta property=\"og:url\" content=\"https:\/\/www.yidakitchen.com\/es\/producto\/modern-sophistication-neutral-toned-custom-cabinets-for-global-living\/\" \/>\n<meta property=\"og:site_name\" content=\"YIDA Kitchen\" \/>\n<meta property=\"article:modified_time\" content=\"2025-04-30T06:29:29+00:00\" \/>\n<meta property=\"og:image\" content=\"https:\/\/www.yidakitchen.com\/wp-content\/uploads\/2025\/04\/CB-D01-1-scaled.jpg\" \/>\n\t<meta property=\"og:image:width\" content=\"2560\" \/>\n\t<meta property=\"og:image:height\" content=\"1334\" \/>\n\t<meta property=\"og:image:type\" content=\"image\/jpeg\" \/>\n<meta name=\"twitter:card\" content=\"summary_large_image\" \/>\n<meta name=\"twitter:label1\" content=\"Price\" \/>\n\t<meta name=\"twitter:data1\" content=\"\" \/>\n\t<meta name=\"twitter:label2\" content=\"Availability\" \/>\n\t<meta name=\"twitter:data2\" content=\"In stock\" \/>\n<script type=\"application\/ld+json\" class=\"yoast-schema-graph\">{\"@context\":\"https:\/\/schema.org\",\"@graph\":[{\"@type\":\"WebPage\",\"@id\":\"https:\/\/www.yidakitchen.com\/product\/modern-sophistication-neutral-toned-custom-cabinets-for-global-living\/\",\"url\":\"https:\/\/www.yidakitchen.com\/product\/modern-sophistication-neutral-toned-custom-cabinets-for-global-living\/\",\"name\":\"Modern Sophistication - Neutral - Toned Custom Cabinets for Global Living - YIDA Kitchen\",\"isPartOf\":{\"@id\":\"https:\/\/www.yidakitchen.com\/#website\"},\"primaryImageOfPage\":{\"@id\":\"https:\/\/www.yidakitchen.com\/product\/modern-sophistication-neutral-toned-custom-cabinets-for-global-living\/#primaryimage\"},\"image\":{\"@id\":\"https:\/\/www.yidakitchen.com\/product\/modern-sophistication-neutral-toned-custom-cabinets-for-global-living\/#primaryimage\"},\"thumbnailUrl\":\"https:\/\/www.yidakitchen.com\/wp-content\/uploads\/2025\/04\/CB-D01-1-scaled.jpg?wsr\",\"datePublished\":\"2025-04-30T06:29:28+00:00\",\"dateModified\":\"2025-04-30T06:29:29+00:00\",\"breadcrumb\":{\"@id\":\"https:\/\/www.yidakitchen.com\/product\/modern-sophistication-neutral-toned-custom-cabinets-for-global-living\/#breadcrumb\"},\"inLanguage\":\"es\",\"potentialAction\":[{\"@type\":\"ReadAction\",\"target\":[\"https:\/\/www.yidakitchen.com\/product\/modern-sophistication-neutral-toned-custom-cabinets-for-global-living\/\"]}]},{\"@type\":\"ImageObject\",\"inLanguage\":\"es\",\"@id\":\"https:\/\/www.yidakitchen.com\/product\/modern-sophistication-neutral-toned-custom-cabinets-for-global-living\/#primaryimage\",\"url\":\"https:\/\/www.yidakitchen.com\/wp-content\/uploads\/2025\/04\/CB-D01-1-scaled.jpg?wsr\",\"contentUrl\":\"https:\/\/www.yidakitchen.com\/wp-content\/uploads\/2025\/04\/CB-D01-1-scaled.jpg?wsr\",\"width\":2560,\"height\":1334},{\"@type\":\"BreadcrumbList\",\"@id\":\"https:\/\/www.yidakitchen.com\/product\/modern-sophistication-neutral-toned-custom-cabinets-for-global-living\/#breadcrumb\",\"itemListElement\":[{\"@type\":\"ListItem\",\"position\":1,\"name\":\"Home\",\"item\":\"https:\/\/www.yidakitchen.com\/\"},{\"@type\":\"ListItem\",\"position\":2,\"name\":\"Products\",\"item\":\"https:\/\/www.yidakitchen.com\/shop\/\"},{\"@type\":\"ListItem\",\"position\":3,\"name\":\"Modern Sophistication &#8211; Neutral &#8211; Toned Custom Cabinets for Global Living\"}]},{\"@type\":\"WebSite\",\"@id\":\"https:\/\/www.yidakitchen.com\/#website\",\"url\":\"https:\/\/www.yidakitchen.com\/\",\"name\":\"YIDA Kitchen\",\"description\":\"Kitchen Cabinets Custom Manufacturer from China\",\"publisher\":{\"@id\":\"https:\/\/www.yidakitchen.com\/#organization\"},\"potentialAction\":[{\"@type\":\"SearchAction\",\"target\":{\"@type\":\"EntryPoint\",\"urlTemplate\":\"https:\/\/www.yidakitchen.com\/?s={search_term_string}\"},\"query-input\":{\"@type\":\"PropertyValueSpecification\",\"valueRequired\":true,\"valueName\":\"search_term_string\"}}],\"inLanguage\":\"es\"},{\"@type\":\"Organization\",\"@id\":\"https:\/\/www.yidakitchen.com\/#organization\",\"name\":\"YIDA Kitchen\",\"url\":\"https:\/\/www.yidakitchen.com\/\",\"logo\":{\"@type\":\"ImageObject\",\"inLanguage\":\"es\",\"@id\":\"https:\/\/www.yidakitchen.com\/#\/schema\/logo\/image\/\",\"url\":\"https:\/\/www.yidakitchen.com\/wp-content\/uploads\/2025\/04\/logo.png?wsr\",\"contentUrl\":\"https:\/\/www.yidakitchen.com\/wp-content\/uploads\/2025\/04\/logo.png?wsr\",\"width\":1763,\"height\":951,\"caption\":\"YIDA Kitchen\"},\"image\":{\"@id\":\"https:\/\/www.yidakitchen.com\/#\/schema\/logo\/image\/\"}}]}<\/script>\n<meta property=\"product:price:amount\" content=\"0.00\" \/>\n<meta property=\"product:price:currency\" content=\"USD\" \/>\n<meta property=\"og:availability\" content=\"instock\" \/>\n<meta property=\"product:availability\" content=\"instock\" \/>\n<meta property=\"product:condition\" content=\"new\" \/>\n<!-- \/ Yoast SEO Premium plugin. -->","yoast_head_json":{"title":"Modern Sophistication - Neutral - Toned Custom Cabinets for Global Living - YIDA Kitchen","robots":{"index":"index","follow":"follow","max-snippet":"max-snippet:-1","max-image-preview":"max-image-preview:large","max-video-preview":"max-video-preview:-1"},"canonical":"https:\/\/www.yidakitchen.com\/es\/producto\/modern-sophistication-neutral-toned-custom-cabinets-for-global-living\/","og_locale":"es_MX","og_type":"article","og_title":"Modern Sophistication - Neutral - Toned Custom Cabinets for Global Living","og_description":"Design Concept Rooted in contemporary design principles, our cabinets feature clean lines and a minimalist aesthetic. The concept revolves around creating versatile storage solutions that adapt to diverse lifestyles, offering a balance between form and function. Each cabinet is thoughtfully designed to enhance modern interiors, providing a sleek and uncluttered look. Color Palette and Surface [&hellip;]","og_url":"https:\/\/www.yidakitchen.com\/es\/producto\/modern-sophistication-neutral-toned-custom-cabinets-for-global-living\/","og_site_name":"YIDA Kitchen","article_modified_time":"2025-04-30T06:29:29+00:00","og_image":[{"width":2560,"height":1334,"url":"https:\/\/www.yidakitchen.com\/wp-content\/uploads\/2025\/04\/CB-D01-1-scaled.jpg","type":"image\/jpeg"}],"twitter_card":"summary_large_image","twitter_misc":{"Price":"","Availability":"In stock"},"schema":{"@context":"https:\/\/schema.org","@graph":[{"@type":"WebPage","@id":"https:\/\/www.yidakitchen.com\/product\/modern-sophistication-neutral-toned-custom-cabinets-for-global-living\/","url":"https:\/\/www.yidakitchen.com\/product\/modern-sophistication-neutral-toned-custom-cabinets-for-global-living\/","name":"Modern Sophistication - Neutral - Toned Custom Cabinets for Global Living - YIDA Kitchen","isPartOf":{"@id":"https:\/\/www.yidakitchen.com\/#website"},"primaryImageOfPage":{"@id":"https:\/\/www.yidakitchen.com\/product\/modern-sophistication-neutral-toned-custom-cabinets-for-global-living\/#primaryimage"},"image":{"@id":"https:\/\/www.yidakitchen.com\/product\/modern-sophistication-neutral-toned-custom-cabinets-for-global-living\/#primaryimage"},"thumbnailUrl":"https:\/\/www.yidakitchen.com\/wp-content\/uploads\/2025\/04\/CB-D01-1-scaled.jpg?wsr","datePublished":"2025-04-30T06:29:28+00:00","dateModified":"2025-04-30T06:29:29+00:00","breadcrumb":{"@id":"https:\/\/www.yidakitchen.com\/product\/modern-sophistication-neutral-toned-custom-cabinets-for-global-living\/#breadcrumb"},"inLanguage":"es","potentialAction":[{"@type":"ReadAction","target":["https:\/\/www.yidakitchen.com\/product\/modern-sophistication-neutral-toned-custom-cabinets-for-global-living\/"]}]},{"@type":"ImageObject","inLanguage":"es","@id":"https:\/\/www.yidakitchen.com\/product\/modern-sophistication-neutral-toned-custom-cabinets-for-global-living\/#primaryimage","url":"https:\/\/www.yidakitchen.com\/wp-content\/uploads\/2025\/04\/CB-D01-1-scaled.jpg?wsr","contentUrl":"https:\/\/www.yidakitchen.com\/wp-content\/uploads\/2025\/04\/CB-D01-1-scaled.jpg?wsr","width":2560,"height":1334},{"@type":"BreadcrumbList","@id":"https:\/\/www.yidakitchen.com\/product\/modern-sophistication-neutral-toned-custom-cabinets-for-global-living\/#breadcrumb","itemListElement":[{"@type":"ListItem","position":1,"name":"Home","item":"https:\/\/www.yidakitchen.com\/"},{"@type":"ListItem","position":2,"name":"Products","item":"https:\/\/www.yidakitchen.com\/shop\/"},{"@type":"ListItem","position":3,"name":"Modern Sophistication &#8211; Neutral &#8211; Toned Custom Cabinets for Global Living"}]},{"@type":"WebSite","@id":"https:\/\/www.yidakitchen.com\/#website","url":"https:\/\/www.yidakitchen.com\/","name":"Cocina YIDA","description":"Armarios de cocina a medida Fabricante de China","publisher":{"@id":"https:\/\/www.yidakitchen.com\/#organization"},"potentialAction":[{"@type":"SearchAction","target":{"@type":"EntryPoint","urlTemplate":"https:\/\/www.yidakitchen.com\/?s={search_term_string}"},"query-input":{"@type":"PropertyValueSpecification","valueRequired":true,"valueName":"search_term_string"}}],"inLanguage":"es"},{"@type":"Organization","@id":"https:\/\/www.yidakitchen.com\/#organization","name":"Cocina YIDA","url":"https:\/\/www.yidakitchen.com\/","logo":{"@type":"ImageObject","inLanguage":"es","@id":"https:\/\/www.yidakitchen.com\/#\/schema\/logo\/image\/","url":"https:\/\/www.yidakitchen.com\/wp-content\/uploads\/2025\/04\/logo.png?wsr","contentUrl":"https:\/\/www.yidakitchen.com\/wp-content\/uploads\/2025\/04\/logo.png?wsr","width":1763,"height":951,"caption":"YIDA Kitchen"},"image":{"@id":"https:\/\/www.yidakitchen.com\/#\/schema\/logo\/image\/"}}]},"product_price_amount":"0.00","product_price_currency":"USD","og_availability":"instock","product_availability":"instock","product_condition":"new"},"_links":{"self":[{"href":"https:\/\/www.yidakitchen.com\/es\/wp-json\/wp\/v2\/product\/2569","targetHints":{"allow":["GET"]}}],"collection":[{"href":"https:\/\/www.yidakitchen.com\/es\/wp-json\/wp\/v2\/product"}],"about":[{"href":"https:\/\/www.yidakitchen.com\/es\/wp-json\/wp\/v2\/types\/product"}],"wp:featuredmedia":[{"embeddable":true,"href":"https:\/\/www.yidakitchen.com\/es\/wp-json\/wp\/v2\/media\/2571"}],"wp:attachment":[{"href":"https:\/\/www.yidakitchen.com\/es\/wp-json\/wp\/v2\/media?parent=2569"}],"wp:term":[{"taxonomy":"product_brand","embeddable":true,"href":"https:\/\/www.yidakitchen.com\/es\/wp-json\/wp\/v2\/product_brand?post=2569"},{"taxonomy":"product_cat","embeddable":true,"href":"https:\/\/www.yidakitchen.com\/es\/wp-json\/wp\/v2\/product_cat?post=2569"},{"taxonomy":"product_tag","embeddable":true,"href":"https:\/\/www.yidakitchen.com\/es\/wp-json\/wp\/v2\/product_tag?post=2569"}],"curies":[{"name":"wp","href":"https:\/\/api.w.org\/{rel}","templated":true}]}}