{"id":2554,"date":"2025-04-30T06:18:25","date_gmt":"2025-04-30T06:18:25","guid":{"rendered":"https:\/\/www.yidakitchen.com\/?post_type=product&#038;p=2554"},"modified":"2025-04-30T06:20:42","modified_gmt":"2025-04-30T06:20:42","slug":"modern-neutral-toned-custom-cabinets-elevating-your-living-space-with-elegance-and-functionality","status":"publish","type":"product","link":"https:\/\/www.yidakitchen.com\/es\/producto\/modern-neutral-toned-custom-cabinets-elevating-your-living-space-with-elegance-and-functionality\/","title":{"rendered":"Armarios a medida modernos en tonos neutros: Eleve su espacio vital con elegancia y funcionalidad"},"content":{"rendered":"<figure class=\"wp-block-image alignwide size-large\"><img fetchpriority=\"high\" decoding=\"async\" width=\"1024\" height=\"569\" src=\"https:\/\/www.yidakitchen.com\/wp-content\/uploads\/2025\/04\/CB-C01-3-1024x569.jpg\" alt=\"\" class=\"wp-image-2556\" srcset=\"https:\/\/www.yidakitchen.com\/wp-content\/uploads\/2025\/04\/CB-C01-3-1024x569.jpg 1024w, https:\/\/www.yidakitchen.com\/wp-content\/uploads\/2025\/04\/CB-C01-3-300x167.jpg 300w, https:\/\/www.yidakitchen.com\/wp-content\/uploads\/2025\/04\/CB-C01-3-768x427.jpg 768w, https:\/\/www.yidakitchen.com\/wp-content\/uploads\/2025\/04\/CB-C01-3-1536x853.jpg 1536w, https:\/\/www.yidakitchen.com\/wp-content\/uploads\/2025\/04\/CB-C01-3-2048x1137.jpg 2048w, https:\/\/www.yidakitchen.com\/wp-content\/uploads\/2025\/04\/CB-C01-3-600x333.jpg 600w\" sizes=\"(max-width: 1024px) 100vw, 1024px\" \/><\/figure><h3 class=\"wp-block-heading\"><strong>Concepto de dise\u00f1o<\/strong><\/h3><p>Inspirados en el dise\u00f1o minimalista moderno, nuestros armarios se centran en l\u00edneas limpias y una est\u00e9tica despejada. El concepto es crear los armarios para maximizar la eficiencia del espacio sin comprometer el estilo, atendiendo a los diversos estilos de vida de ultramar. Cada pieza est\u00e1 cuidadosamente dise\u00f1ada para armonizar con los interiores contempor\u00e1neos, ofreciendo un equilibrio entre forma y funci\u00f3n.<\/p><div class=\"wp-block-media-text is-stacked-on-mobile\"><figure class=\"wp-block-media-text__media\"><img decoding=\"async\" width=\"1024\" height=\"569\" src=\"https:\/\/www.yidakitchen.com\/wp-content\/uploads\/2025\/04\/CB-C01-4-1024x569.jpg\" alt=\"\" class=\"wp-image-2557 size-full\" srcset=\"https:\/\/www.yidakitchen.com\/wp-content\/uploads\/2025\/04\/CB-C01-4-1024x569.jpg 1024w, https:\/\/www.yidakitchen.com\/wp-content\/uploads\/2025\/04\/CB-C01-4-300x167.jpg 300w, https:\/\/www.yidakitchen.com\/wp-content\/uploads\/2025\/04\/CB-C01-4-768x427.jpg 768w, https:\/\/www.yidakitchen.com\/wp-content\/uploads\/2025\/04\/CB-C01-4-1536x853.jpg 1536w, https:\/\/www.yidakitchen.com\/wp-content\/uploads\/2025\/04\/CB-C01-4-600x333.jpg 600w, https:\/\/www.yidakitchen.com\/wp-content\/uploads\/2025\/04\/CB-C01-4.jpg 1917w\" sizes=\"(max-width: 1024px) 100vw, 1024px\" \/><\/figure><div class=\"wp-block-media-text__content\"><h3 class=\"wp-block-heading\"><strong>Paleta de colores y tratamiento de superficies<\/strong><\/h3>\n\n<p>La paleta de colores presenta suaves tonos neutros -beiges suaves, marfiles c\u00e1lidos y grises sutiles- intercalados con suaves toques verdes para dar un toque de naturaleza. Estas tonalidades crean un fondo vers\u00e1til, f\u00e1cilmente adaptable a varios estilos de decoraci\u00f3n. Las superficies se someten a un tratamiento meticuloso que garantiza un acabado suave y mate que, adem\u00e1s de ser lujoso, resiste el desgaste y mantiene su aspecto impecable con el paso del tiempo.<\/p><\/div><\/div><div class=\"wp-block-media-text has-media-on-the-right is-stacked-on-mobile\"><div class=\"wp-block-media-text__content\"><h3 class=\"wp-block-heading\"><strong><strong>Configuraci\u00f3n espacial<\/strong><\/strong><\/h3>\n\n<p>Desde salones de concepto abierto hasta dormitorios compactos, nuestros armarios est\u00e1n configurados por expertos. En el sal\u00f3n, los armarios empotrados se integran a la perfecci\u00f3n con las unidades de entretenimiento, proporcionando almacenamiento a la vez que mejoran la est\u00e9tica. Los armarios de cocina est\u00e1n dise\u00f1ados para un flujo de trabajo \u00f3ptimo, con soluciones de almacenamiento inteligentes para electrodom\u00e9sticos y utensilios. Los armarios de los dormitorios ofrecen un amplio espacio con estanter\u00edas personalizables que se adaptan a las distintas necesidades de almacenamiento. Cada configuraci\u00f3n se adapta a los requisitos espaciales \u00fanicos de los hogares de ultramar.<\/p><\/div><figure class=\"wp-block-media-text__media\"><img decoding=\"async\" width=\"1024\" height=\"569\" src=\"https:\/\/www.yidakitchen.com\/wp-content\/uploads\/2025\/04\/CB-C01-6-1024x569.jpg\" alt=\"\" class=\"wp-image-2559 size-full\" srcset=\"https:\/\/www.yidakitchen.com\/wp-content\/uploads\/2025\/04\/CB-C01-6-1024x569.jpg 1024w, https:\/\/www.yidakitchen.com\/wp-content\/uploads\/2025\/04\/CB-C01-6-300x167.jpg 300w, https:\/\/www.yidakitchen.com\/wp-content\/uploads\/2025\/04\/CB-C01-6-768x427.jpg 768w, https:\/\/www.yidakitchen.com\/wp-content\/uploads\/2025\/04\/CB-C01-6-1536x854.jpg 1536w, https:\/\/www.yidakitchen.com\/wp-content\/uploads\/2025\/04\/CB-C01-6-2048x1138.jpg 2048w, https:\/\/www.yidakitchen.com\/wp-content\/uploads\/2025\/04\/CB-C01-6-600x334.jpg 600w\" sizes=\"(max-width: 1024px) 100vw, 1024px\" \/><\/figure><\/div><figure class=\"wp-block-gallery has-nested-images columns-default is-cropped wp-block-gallery-1 is-layout-flex wp-block-gallery-is-layout-flex\"><figure class=\"wp-block-image size-large\"><img loading=\"lazy\" decoding=\"async\" width=\"1024\" height=\"567\" data-id=\"2563\" src=\"https:\/\/www.yidakitchen.com\/wp-content\/uploads\/2025\/04\/CB-C01-10-1024x567.jpg?wsr\" alt=\"\" class=\"wp-image-2563\" srcset=\"https:\/\/www.yidakitchen.com\/wp-content\/uploads\/2025\/04\/CB-C01-10-1024x567.jpg 1024w, https:\/\/www.yidakitchen.com\/wp-content\/uploads\/2025\/04\/CB-C01-10-300x166.jpg 300w, https:\/\/www.yidakitchen.com\/wp-content\/uploads\/2025\/04\/CB-C01-10-768x426.jpg 768w, https:\/\/www.yidakitchen.com\/wp-content\/uploads\/2025\/04\/CB-C01-10-1536x851.jpg 1536w, https:\/\/www.yidakitchen.com\/wp-content\/uploads\/2025\/04\/CB-C01-10-2048x1135.jpg 2048w, https:\/\/www.yidakitchen.com\/wp-content\/uploads\/2025\/04\/CB-C01-10-600x332.jpg 600w\" sizes=\"(max-width: 1024px) 100vw, 1024px\" \/><\/figure>\n\n<figure class=\"wp-block-image size-large\"><img loading=\"lazy\" decoding=\"async\" width=\"1024\" height=\"982\" data-id=\"2562\" src=\"https:\/\/www.yidakitchen.com\/wp-content\/uploads\/2025\/04\/CB-C01-9-1024x982.jpg?wsr\" alt=\"\" class=\"wp-image-2562\" srcset=\"https:\/\/www.yidakitchen.com\/wp-content\/uploads\/2025\/04\/CB-C01-9-1024x982.jpg 1024w, https:\/\/www.yidakitchen.com\/wp-content\/uploads\/2025\/04\/CB-C01-9-300x288.jpg 300w, https:\/\/www.yidakitchen.com\/wp-content\/uploads\/2025\/04\/CB-C01-9-768x737.jpg 768w, https:\/\/www.yidakitchen.com\/wp-content\/uploads\/2025\/04\/CB-C01-9-1536x1474.jpg 1536w, https:\/\/www.yidakitchen.com\/wp-content\/uploads\/2025\/04\/CB-C01-9-600x576.jpg 600w, https:\/\/www.yidakitchen.com\/wp-content\/uploads\/2025\/04\/CB-C01-9.jpg 1825w\" sizes=\"(max-width: 1024px) 100vw, 1024px\" \/><\/figure>\n\n<figure class=\"wp-block-image size-large\"><img loading=\"lazy\" decoding=\"async\" width=\"1024\" height=\"569\" data-id=\"2564\" src=\"https:\/\/www.yidakitchen.com\/wp-content\/uploads\/2025\/04\/CB-C01-13-1024x569.jpg?wsr\" alt=\"\" class=\"wp-image-2564\" srcset=\"https:\/\/www.yidakitchen.com\/wp-content\/uploads\/2025\/04\/CB-C01-13-1024x569.jpg 1024w, https:\/\/www.yidakitchen.com\/wp-content\/uploads\/2025\/04\/CB-C01-13-300x167.jpg 300w, https:\/\/www.yidakitchen.com\/wp-content\/uploads\/2025\/04\/CB-C01-13-768x427.jpg 768w, https:\/\/www.yidakitchen.com\/wp-content\/uploads\/2025\/04\/CB-C01-13-1536x853.jpg 1536w, https:\/\/www.yidakitchen.com\/wp-content\/uploads\/2025\/04\/CB-C01-13-2048x1138.jpg 2048w, https:\/\/www.yidakitchen.com\/wp-content\/uploads\/2025\/04\/CB-C01-13-600x333.jpg 600w\" sizes=\"(max-width: 1024px) 100vw, 1024px\" \/><\/figure>\n\n<figure class=\"wp-block-image size-large\"><img loading=\"lazy\" decoding=\"async\" width=\"1024\" height=\"569\" data-id=\"2561\" src=\"https:\/\/www.yidakitchen.com\/wp-content\/uploads\/2025\/04\/CB-C01-8-1024x569.jpg\" alt=\"\" class=\"wp-image-2561\" srcset=\"https:\/\/www.yidakitchen.com\/wp-content\/uploads\/2025\/04\/CB-C01-8-1024x569.jpg 1024w, https:\/\/www.yidakitchen.com\/wp-content\/uploads\/2025\/04\/CB-C01-8-300x167.jpg 300w, https:\/\/www.yidakitchen.com\/wp-content\/uploads\/2025\/04\/CB-C01-8-768x427.jpg 768w, https:\/\/www.yidakitchen.com\/wp-content\/uploads\/2025\/04\/CB-C01-8-1536x854.jpg 1536w, https:\/\/www.yidakitchen.com\/wp-content\/uploads\/2025\/04\/CB-C01-8-2048x1138.jpg 2048w, https:\/\/www.yidakitchen.com\/wp-content\/uploads\/2025\/04\/CB-C01-8-600x334.jpg 600w\" sizes=\"(max-width: 1024px) 100vw, 1024px\" \/><\/figure><\/figure><h3 class=\"wp-block-heading\"><strong>Materiales y artesan\u00eda<\/strong><\/h3><p>Fabricados con materiales duraderos y de alta calidad, como compuestos de madera de primera calidad y herrajes de primera, nuestros armarios garantizan una larga vida \u00fatil. El meticuloso trabajo artesanal es evidente en cada detalle: cortes precisos, uniones sin juntas y acabados impecables. El uso de materiales respetuosos con el medio ambiente est\u00e1 en consonancia con las tendencias mundiales de sostenibilidad, lo que atrae a clientes concienciados con el medio ambiente.<\/p><figure class=\"wp-block-gallery has-nested-images columns-default is-cropped wp-block-gallery-2 is-layout-flex wp-block-gallery-is-layout-flex\"><figure class=\"wp-block-image size-large\"><img loading=\"lazy\" decoding=\"async\" width=\"1024\" height=\"566\" data-id=\"2565\" src=\"https:\/\/www.yidakitchen.com\/wp-content\/uploads\/2025\/04\/CB-C01-11-1024x566.jpg\" alt=\"\" class=\"wp-image-2565\" srcset=\"https:\/\/www.yidakitchen.com\/wp-content\/uploads\/2025\/04\/CB-C01-11-1024x566.jpg 1024w, https:\/\/www.yidakitchen.com\/wp-content\/uploads\/2025\/04\/CB-C01-11-300x166.jpg 300w, https:\/\/www.yidakitchen.com\/wp-content\/uploads\/2025\/04\/CB-C01-11-768x425.jpg 768w, https:\/\/www.yidakitchen.com\/wp-content\/uploads\/2025\/04\/CB-C01-11-1536x850.jpg 1536w, https:\/\/www.yidakitchen.com\/wp-content\/uploads\/2025\/04\/CB-C01-11-2048x1133.jpg 2048w, https:\/\/www.yidakitchen.com\/wp-content\/uploads\/2025\/04\/CB-C01-11-600x332.jpg 600w\" sizes=\"(max-width: 1024px) 100vw, 1024px\" \/><\/figure>\n\n<figure class=\"wp-block-image size-large\"><img loading=\"lazy\" decoding=\"async\" width=\"1024\" height=\"567\" data-id=\"2560\" src=\"https:\/\/www.yidakitchen.com\/wp-content\/uploads\/2025\/04\/CB-C01-7-1024x567.jpg?wsr\" alt=\"\" class=\"wp-image-2560\" srcset=\"https:\/\/www.yidakitchen.com\/wp-content\/uploads\/2025\/04\/CB-C01-7-1024x567.jpg 1024w, https:\/\/www.yidakitchen.com\/wp-content\/uploads\/2025\/04\/CB-C01-7-300x166.jpg 300w, https:\/\/www.yidakitchen.com\/wp-content\/uploads\/2025\/04\/CB-C01-7-768x426.jpg 768w, https:\/\/www.yidakitchen.com\/wp-content\/uploads\/2025\/04\/CB-C01-7-1536x851.jpg 1536w, https:\/\/www.yidakitchen.com\/wp-content\/uploads\/2025\/04\/CB-C01-7-2048x1135.jpg 2048w, https:\/\/www.yidakitchen.com\/wp-content\/uploads\/2025\/04\/CB-C01-7-600x332.jpg 600w\" sizes=\"(max-width: 1024px) 100vw, 1024px\" \/><\/figure><\/figure><h3 class=\"wp-block-heading\"><strong>Funcionalidad y ergonom\u00eda<\/strong><\/h3><p>La funcionalidad es la base de nuestros dise\u00f1os. Los cajones de cierre suave, las baldas regulables y los organizadores extra\u00edbles de los armarios mejoran su uso. Los armarios de cocina cuentan con tiradores ergon\u00f3micos y un almacenamiento bien situado para reducir la tensi\u00f3n durante las tareas diarias. Estos elementos cuidadosamente pensados garantizan que nuestros armarios no s\u00f3lo tengan un buen aspecto, sino que tambi\u00e9n hagan que la vida diaria sea m\u00e1s c\u00f3moda y eficiente.<\/p><p>Transforme su hogar con nuestros modernos armarios a medida de tonos neutros, donde la elegancia se une a la funcionalidad, ofreciendo soluciones de almacenamiento que satisfacen los sofisticados gustos de la clientela de ultramar.<\/p><p><\/p>","protected":false},"excerpt":{"rendered":"<p>Design Concept Inspired by modern minimalist design, our cabinets focus on clean lines and uncluttered aesthetics. The concept is to create the cabinets to maximize space efficiency without compromising on style, catering to diverse overseas lifestyles. Each piece is thoughtfully designed to harmonize with contemporary interiors, offering a balance between form and function. Color Palette [&hellip;]<\/p>","protected":false},"featured_media":2558,"template":"","meta":[],"product_brand":[],"product_cat":[83],"product_tag":[],"class_list":{"0":"post-2554","1":"product","2":"type-product","3":"status-publish","4":"has-post-thumbnail","6":"product_cat-whole-house","8":"first","9":"instock","10":"shipping-taxable","11":"product-type-simple"},"yoast_head":"<!-- This site is optimized with the Yoast SEO Premium plugin v25.0 (Yoast SEO v25.0) - https:\/\/yoast.com\/wordpress\/plugins\/seo\/ -->\n<title>Modern Neutral - Toned Custom Cabinets: Elevating Your Living Space with Elegance and Functionality - YIDA Kitchen<\/title>\n<meta name=\"robots\" content=\"index, follow, max-snippet:-1, max-image-preview:large, max-video-preview:-1\" \/>\n<link rel=\"canonical\" href=\"https:\/\/www.yidakitchen.com\/es\/producto\/modern-neutral-toned-custom-cabinets-elevating-your-living-space-with-elegance-and-functionality\/\" \/>\n<meta property=\"og:locale\" content=\"es_MX\" \/>\n<meta property=\"og:type\" content=\"article\" \/>\n<meta property=\"og:title\" content=\"Modern Neutral - Toned Custom Cabinets: Elevating Your Living Space with Elegance and Functionality\" \/>\n<meta property=\"og:description\" content=\"Design Concept Inspired by modern minimalist design, our cabinets focus on clean lines and uncluttered aesthetics. The concept is to create the cabinets to maximize space efficiency without compromising on style, catering to diverse overseas lifestyles. Each piece is thoughtfully designed to harmonize with contemporary interiors, offering a balance between form and function. Color Palette [&hellip;]\" \/>\n<meta property=\"og:url\" content=\"https:\/\/www.yidakitchen.com\/es\/producto\/modern-neutral-toned-custom-cabinets-elevating-your-living-space-with-elegance-and-functionality\/\" \/>\n<meta property=\"og:site_name\" content=\"YIDA Kitchen\" \/>\n<meta property=\"article:modified_time\" content=\"2025-04-30T06:20:42+00:00\" \/>\n<meta property=\"og:image\" content=\"https:\/\/www.yidakitchen.com\/wp-content\/uploads\/2025\/04\/CB-C01-5-scaled.jpg\" \/>\n\t<meta property=\"og:image:width\" content=\"2560\" \/>\n\t<meta property=\"og:image:height\" content=\"1423\" \/>\n\t<meta property=\"og:image:type\" content=\"image\/jpeg\" \/>\n<meta name=\"twitter:card\" content=\"summary_large_image\" \/>\n<meta name=\"twitter:label1\" content=\"Price\" \/>\n\t<meta name=\"twitter:data1\" content=\"\" \/>\n\t<meta name=\"twitter:label2\" content=\"Availability\" \/>\n\t<meta name=\"twitter:data2\" content=\"In stock\" \/>\n<script type=\"application\/ld+json\" class=\"yoast-schema-graph\">{\"@context\":\"https:\/\/schema.org\",\"@graph\":[{\"@type\":\"WebPage\",\"@id\":\"https:\/\/www.yidakitchen.com\/product\/modern-neutral-toned-custom-cabinets-elevating-your-living-space-with-elegance-and-functionality\/\",\"url\":\"https:\/\/www.yidakitchen.com\/product\/modern-neutral-toned-custom-cabinets-elevating-your-living-space-with-elegance-and-functionality\/\",\"name\":\"Modern Neutral - Toned Custom Cabinets: Elevating Your Living Space with Elegance and Functionality - YIDA Kitchen\",\"isPartOf\":{\"@id\":\"https:\/\/www.yidakitchen.com\/#website\"},\"primaryImageOfPage\":{\"@id\":\"https:\/\/www.yidakitchen.com\/product\/modern-neutral-toned-custom-cabinets-elevating-your-living-space-with-elegance-and-functionality\/#primaryimage\"},\"image\":{\"@id\":\"https:\/\/www.yidakitchen.com\/product\/modern-neutral-toned-custom-cabinets-elevating-your-living-space-with-elegance-and-functionality\/#primaryimage\"},\"thumbnailUrl\":\"https:\/\/www.yidakitchen.com\/wp-content\/uploads\/2025\/04\/CB-C01-5-scaled.jpg?wsr\",\"datePublished\":\"2025-04-30T06:18:25+00:00\",\"dateModified\":\"2025-04-30T06:20:42+00:00\",\"breadcrumb\":{\"@id\":\"https:\/\/www.yidakitchen.com\/product\/modern-neutral-toned-custom-cabinets-elevating-your-living-space-with-elegance-and-functionality\/#breadcrumb\"},\"inLanguage\":\"es\",\"potentialAction\":[{\"@type\":\"ReadAction\",\"target\":[\"https:\/\/www.yidakitchen.com\/product\/modern-neutral-toned-custom-cabinets-elevating-your-living-space-with-elegance-and-functionality\/\"]}]},{\"@type\":\"ImageObject\",\"inLanguage\":\"es\",\"@id\":\"https:\/\/www.yidakitchen.com\/product\/modern-neutral-toned-custom-cabinets-elevating-your-living-space-with-elegance-and-functionality\/#primaryimage\",\"url\":\"https:\/\/www.yidakitchen.com\/wp-content\/uploads\/2025\/04\/CB-C01-5-scaled.jpg?wsr\",\"contentUrl\":\"https:\/\/www.yidakitchen.com\/wp-content\/uploads\/2025\/04\/CB-C01-5-scaled.jpg?wsr\",\"width\":2560,\"height\":1423},{\"@type\":\"BreadcrumbList\",\"@id\":\"https:\/\/www.yidakitchen.com\/product\/modern-neutral-toned-custom-cabinets-elevating-your-living-space-with-elegance-and-functionality\/#breadcrumb\",\"itemListElement\":[{\"@type\":\"ListItem\",\"position\":1,\"name\":\"Home\",\"item\":\"https:\/\/www.yidakitchen.com\/\"},{\"@type\":\"ListItem\",\"position\":2,\"name\":\"Products\",\"item\":\"https:\/\/www.yidakitchen.com\/shop\/\"},{\"@type\":\"ListItem\",\"position\":3,\"name\":\"Modern Neutral &#8211; Toned Custom Cabinets: Elevating Your Living Space with Elegance and Functionality\"}]},{\"@type\":\"WebSite\",\"@id\":\"https:\/\/www.yidakitchen.com\/#website\",\"url\":\"https:\/\/www.yidakitchen.com\/\",\"name\":\"YIDA Kitchen\",\"description\":\"Kitchen Cabinets Custom Manufacturer from China\",\"publisher\":{\"@id\":\"https:\/\/www.yidakitchen.com\/#organization\"},\"potentialAction\":[{\"@type\":\"SearchAction\",\"target\":{\"@type\":\"EntryPoint\",\"urlTemplate\":\"https:\/\/www.yidakitchen.com\/?s={search_term_string}\"},\"query-input\":{\"@type\":\"PropertyValueSpecification\",\"valueRequired\":true,\"valueName\":\"search_term_string\"}}],\"inLanguage\":\"es\"},{\"@type\":\"Organization\",\"@id\":\"https:\/\/www.yidakitchen.com\/#organization\",\"name\":\"YIDA Kitchen\",\"url\":\"https:\/\/www.yidakitchen.com\/\",\"logo\":{\"@type\":\"ImageObject\",\"inLanguage\":\"es\",\"@id\":\"https:\/\/www.yidakitchen.com\/#\/schema\/logo\/image\/\",\"url\":\"https:\/\/www.yidakitchen.com\/wp-content\/uploads\/2025\/04\/logo.png?wsr\",\"contentUrl\":\"https:\/\/www.yidakitchen.com\/wp-content\/uploads\/2025\/04\/logo.png?wsr\",\"width\":1763,\"height\":951,\"caption\":\"YIDA Kitchen\"},\"image\":{\"@id\":\"https:\/\/www.yidakitchen.com\/#\/schema\/logo\/image\/\"}}]}<\/script>\n<meta property=\"product:price:amount\" content=\"0.00\" \/>\n<meta property=\"product:price:currency\" content=\"USD\" \/>\n<meta property=\"og:availability\" content=\"instock\" \/>\n<meta property=\"product:availability\" content=\"instock\" \/>\n<meta property=\"product:condition\" content=\"new\" \/>\n<!-- \/ Yoast SEO Premium plugin. -->","yoast_head_json":{"title":"Modern Neutral - Toned Custom Cabinets: Elevating Your Living Space with Elegance and Functionality - YIDA Kitchen","robots":{"index":"index","follow":"follow","max-snippet":"max-snippet:-1","max-image-preview":"max-image-preview:large","max-video-preview":"max-video-preview:-1"},"canonical":"https:\/\/www.yidakitchen.com\/es\/producto\/modern-neutral-toned-custom-cabinets-elevating-your-living-space-with-elegance-and-functionality\/","og_locale":"es_MX","og_type":"article","og_title":"Modern Neutral - Toned Custom Cabinets: Elevating Your Living Space with Elegance and Functionality","og_description":"Design Concept Inspired by modern minimalist design, our cabinets focus on clean lines and uncluttered aesthetics. The concept is to create the cabinets to maximize space efficiency without compromising on style, catering to diverse overseas lifestyles. Each piece is thoughtfully designed to harmonize with contemporary interiors, offering a balance between form and function. Color Palette [&hellip;]","og_url":"https:\/\/www.yidakitchen.com\/es\/producto\/modern-neutral-toned-custom-cabinets-elevating-your-living-space-with-elegance-and-functionality\/","og_site_name":"YIDA Kitchen","article_modified_time":"2025-04-30T06:20:42+00:00","og_image":[{"width":2560,"height":1423,"url":"https:\/\/www.yidakitchen.com\/wp-content\/uploads\/2025\/04\/CB-C01-5-scaled.jpg","type":"image\/jpeg"}],"twitter_card":"summary_large_image","twitter_misc":{"Price":"","Availability":"In stock"},"schema":{"@context":"https:\/\/schema.org","@graph":[{"@type":"WebPage","@id":"https:\/\/www.yidakitchen.com\/product\/modern-neutral-toned-custom-cabinets-elevating-your-living-space-with-elegance-and-functionality\/","url":"https:\/\/www.yidakitchen.com\/product\/modern-neutral-toned-custom-cabinets-elevating-your-living-space-with-elegance-and-functionality\/","name":"Modern Neutral - Toned Custom Cabinets: Elevating Your Living Space with Elegance and Functionality - YIDA Kitchen","isPartOf":{"@id":"https:\/\/www.yidakitchen.com\/#website"},"primaryImageOfPage":{"@id":"https:\/\/www.yidakitchen.com\/product\/modern-neutral-toned-custom-cabinets-elevating-your-living-space-with-elegance-and-functionality\/#primaryimage"},"image":{"@id":"https:\/\/www.yidakitchen.com\/product\/modern-neutral-toned-custom-cabinets-elevating-your-living-space-with-elegance-and-functionality\/#primaryimage"},"thumbnailUrl":"https:\/\/www.yidakitchen.com\/wp-content\/uploads\/2025\/04\/CB-C01-5-scaled.jpg?wsr","datePublished":"2025-04-30T06:18:25+00:00","dateModified":"2025-04-30T06:20:42+00:00","breadcrumb":{"@id":"https:\/\/www.yidakitchen.com\/product\/modern-neutral-toned-custom-cabinets-elevating-your-living-space-with-elegance-and-functionality\/#breadcrumb"},"inLanguage":"es","potentialAction":[{"@type":"ReadAction","target":["https:\/\/www.yidakitchen.com\/product\/modern-neutral-toned-custom-cabinets-elevating-your-living-space-with-elegance-and-functionality\/"]}]},{"@type":"ImageObject","inLanguage":"es","@id":"https:\/\/www.yidakitchen.com\/product\/modern-neutral-toned-custom-cabinets-elevating-your-living-space-with-elegance-and-functionality\/#primaryimage","url":"https:\/\/www.yidakitchen.com\/wp-content\/uploads\/2025\/04\/CB-C01-5-scaled.jpg?wsr","contentUrl":"https:\/\/www.yidakitchen.com\/wp-content\/uploads\/2025\/04\/CB-C01-5-scaled.jpg?wsr","width":2560,"height":1423},{"@type":"BreadcrumbList","@id":"https:\/\/www.yidakitchen.com\/product\/modern-neutral-toned-custom-cabinets-elevating-your-living-space-with-elegance-and-functionality\/#breadcrumb","itemListElement":[{"@type":"ListItem","position":1,"name":"Home","item":"https:\/\/www.yidakitchen.com\/"},{"@type":"ListItem","position":2,"name":"Products","item":"https:\/\/www.yidakitchen.com\/shop\/"},{"@type":"ListItem","position":3,"name":"Modern Neutral &#8211; Toned Custom Cabinets: Elevating Your Living Space with Elegance and Functionality"}]},{"@type":"WebSite","@id":"https:\/\/www.yidakitchen.com\/#website","url":"https:\/\/www.yidakitchen.com\/","name":"Cocina YIDA","description":"Armarios de cocina a medida Fabricante de China","publisher":{"@id":"https:\/\/www.yidakitchen.com\/#organization"},"potentialAction":[{"@type":"SearchAction","target":{"@type":"EntryPoint","urlTemplate":"https:\/\/www.yidakitchen.com\/?s={search_term_string}"},"query-input":{"@type":"PropertyValueSpecification","valueRequired":true,"valueName":"search_term_string"}}],"inLanguage":"es"},{"@type":"Organization","@id":"https:\/\/www.yidakitchen.com\/#organization","name":"Cocina YIDA","url":"https:\/\/www.yidakitchen.com\/","logo":{"@type":"ImageObject","inLanguage":"es","@id":"https:\/\/www.yidakitchen.com\/#\/schema\/logo\/image\/","url":"https:\/\/www.yidakitchen.com\/wp-content\/uploads\/2025\/04\/logo.png?wsr","contentUrl":"https:\/\/www.yidakitchen.com\/wp-content\/uploads\/2025\/04\/logo.png?wsr","width":1763,"height":951,"caption":"YIDA Kitchen"},"image":{"@id":"https:\/\/www.yidakitchen.com\/#\/schema\/logo\/image\/"}}]},"product_price_amount":"0.00","product_price_currency":"USD","og_availability":"instock","product_availability":"instock","product_condition":"new"},"_links":{"self":[{"href":"https:\/\/www.yidakitchen.com\/es\/wp-json\/wp\/v2\/product\/2554","targetHints":{"allow":["GET"]}}],"collection":[{"href":"https:\/\/www.yidakitchen.com\/es\/wp-json\/wp\/v2\/product"}],"about":[{"href":"https:\/\/www.yidakitchen.com\/es\/wp-json\/wp\/v2\/types\/product"}],"wp:featuredmedia":[{"embeddable":true,"href":"https:\/\/www.yidakitchen.com\/es\/wp-json\/wp\/v2\/media\/2558"}],"wp:attachment":[{"href":"https:\/\/www.yidakitchen.com\/es\/wp-json\/wp\/v2\/media?parent=2554"}],"wp:term":[{"taxonomy":"product_brand","embeddable":true,"href":"https:\/\/www.yidakitchen.com\/es\/wp-json\/wp\/v2\/product_brand?post=2554"},{"taxonomy":"product_cat","embeddable":true,"href":"https:\/\/www.yidakitchen.com\/es\/wp-json\/wp\/v2\/product_cat?post=2554"},{"taxonomy":"product_tag","embeddable":true,"href":"https:\/\/www.yidakitchen.com\/es\/wp-json\/wp\/v2\/product_tag?post=2554"}],"curies":[{"name":"wp","href":"https:\/\/api.w.org\/{rel}","templated":true}]}}