{"id":2515,"date":"2025-04-30T03:28:53","date_gmt":"2025-04-30T03:28:53","guid":{"rendered":"https:\/\/www.yidakitchen.com\/?post_type=product&#038;p=2515"},"modified":"2025-04-30T03:31:50","modified_gmt":"2025-04-30T03:31:50","slug":"modern-minimalist-custom-cabinets-neutral-tones-for-a-serene-home","status":"publish","type":"product","link":"https:\/\/www.yidakitchen.com\/es\/producto\/modern-minimalist-custom-cabinets-neutral-tones-for-a-serene-home\/","title":{"rendered":"Armarios a medida modernos y minimalistas: tonos neutros para un hogar sereno"},"content":{"rendered":"<figure class=\"wp-block-image alignwide size-large\"><img fetchpriority=\"high\" decoding=\"async\" width=\"1024\" height=\"700\" src=\"https:\/\/www.yidakitchen.com\/wp-content\/uploads\/2025\/04\/CB-B01-18-1024x700.jpg\" alt=\"\" class=\"wp-image-2528\" srcset=\"https:\/\/www.yidakitchen.com\/wp-content\/uploads\/2025\/04\/CB-B01-18-1024x700.jpg 1024w, https:\/\/www.yidakitchen.com\/wp-content\/uploads\/2025\/04\/CB-B01-18-300x205.jpg 300w, https:\/\/www.yidakitchen.com\/wp-content\/uploads\/2025\/04\/CB-B01-18-768x525.jpg 768w, https:\/\/www.yidakitchen.com\/wp-content\/uploads\/2025\/04\/CB-B01-18-1536x1049.jpg 1536w, https:\/\/www.yidakitchen.com\/wp-content\/uploads\/2025\/04\/CB-B01-18-2048x1399.jpg 2048w, https:\/\/www.yidakitchen.com\/wp-content\/uploads\/2025\/04\/CB-B01-18-600x410.jpg 600w\" sizes=\"(max-width: 1024px) 100vw, 1024px\" \/><\/figure><h3 class=\"wp-block-heading\"><strong>Concepto de dise\u00f1o<\/strong><\/h3><p>Inspirados en los principios minimalistas modernos, nuestros armarios a medida se centran en \u201cmenos es m\u00e1s\u201d, haciendo hincapi\u00e9 en las l\u00edneas limpias y los espacios sin desorden. Entendemos que cada hogar en el extranjero tiene necesidades \u00fanicas, por lo que cada dise\u00f1o se adapta para reflejar los estilos de vida personales al tiempo que maximiza la utilidad. Tanto si se trata de un elegante armario de cocina como de un armario organizado, el concepto es realzar los espacios sin abrumarlos.<\/p><div class=\"wp-block-media-text is-stacked-on-mobile\"><figure class=\"wp-block-media-text__media\"><img decoding=\"async\" width=\"978\" height=\"1024\" src=\"https:\/\/www.yidakitchen.com\/wp-content\/uploads\/2025\/04\/CB-B01-15-978x1024.jpg\" alt=\"\" class=\"wp-image-2527 size-full\" srcset=\"https:\/\/www.yidakitchen.com\/wp-content\/uploads\/2025\/04\/CB-B01-15-978x1024.jpg 978w, https:\/\/www.yidakitchen.com\/wp-content\/uploads\/2025\/04\/CB-B01-15-287x300.jpg 287w, https:\/\/www.yidakitchen.com\/wp-content\/uploads\/2025\/04\/CB-B01-15-768x804.jpg 768w, https:\/\/www.yidakitchen.com\/wp-content\/uploads\/2025\/04\/CB-B01-15-1467x1536.jpg 1467w, https:\/\/www.yidakitchen.com\/wp-content\/uploads\/2025\/04\/CB-B01-15-1956x2048.jpg 1956w, https:\/\/www.yidakitchen.com\/wp-content\/uploads\/2025\/04\/CB-B01-15-600x628.jpg 600w\" sizes=\"(max-width: 978px) 100vw, 978px\" \/><\/figure><div class=\"wp-block-media-text__content\"><h3 class=\"wp-block-heading\"><strong>Paleta de colores y tratamiento de superficies<\/strong><\/h3>\n\n<p>La paleta de colores gira en torno a tonos neutros tranquilizadores: c\u00e1lidos tonos de madera natural, blancos n\u00edtidos y suaves beiges. Estos colores crean un ambiente armonioso y acogedor adecuado para cualquier est\u00e9tica global. Las superficies se tratan meticulosamente para conseguir un acabado liso y lujoso que garantice la durabilidad y un aspecto refinado. Se utilizan laminados o pinturas de alta calidad para mantener los tonos neutros, lo que facilita su combinaci\u00f3n con diversos estilos de interior.<\/p><\/div><\/div><div class=\"wp-block-media-text has-media-on-the-right is-stacked-on-mobile\"><div class=\"wp-block-media-text__content\"><h3 class=\"wp-block-heading\"><strong><strong>Configuraci\u00f3n espacial<\/strong><\/strong><\/h3>\n\n<p>Nuestros armarios a medida est\u00e1n dise\u00f1ados por expertos para una configuraci\u00f3n espacial \u00f3ptima. En la cocina, los armarios se organizan para facilitar el acceso a los electrodom\u00e9sticos y el almacenamiento, mientras que en los dormitorios, los armarios se configuran para organizar la ropa de forma eficiente. En los espacios abiertos, los armarios son a la vez soluciones de almacenamiento y una declaraci\u00f3n de estilo, ya que se integran perfectamente en la distribuci\u00f3n general. Todas las configuraciones son flexibles y se adaptan a los distintos tama\u00f1os y formas de las habitaciones, por lo que resultan ideales para casas en el extranjero con estilos arquitect\u00f3nicos diversos.<\/p><\/div><figure class=\"wp-block-media-text__media\"><img decoding=\"async\" width=\"1024\" height=\"740\" src=\"https:\/\/www.yidakitchen.com\/wp-content\/uploads\/2025\/04\/CB-B01-14-1024x740.jpg\" alt=\"\" class=\"wp-image-2526 size-full\" srcset=\"https:\/\/www.yidakitchen.com\/wp-content\/uploads\/2025\/04\/CB-B01-14-1024x740.jpg 1024w, https:\/\/www.yidakitchen.com\/wp-content\/uploads\/2025\/04\/CB-B01-14-300x217.jpg 300w, https:\/\/www.yidakitchen.com\/wp-content\/uploads\/2025\/04\/CB-B01-14-768x555.jpg 768w, https:\/\/www.yidakitchen.com\/wp-content\/uploads\/2025\/04\/CB-B01-14-600x434.jpg 600w, https:\/\/www.yidakitchen.com\/wp-content\/uploads\/2025\/04\/CB-B01-14.jpg 1136w\" sizes=\"(max-width: 1024px) 100vw, 1024px\" \/><\/figure><\/div><figure class=\"wp-block-gallery has-nested-images columns-default is-cropped wp-block-gallery-1 is-layout-flex wp-block-gallery-is-layout-flex\"><figure class=\"wp-block-image size-large\"><img loading=\"lazy\" decoding=\"async\" width=\"1024\" height=\"656\" data-id=\"2525\" src=\"https:\/\/www.yidakitchen.com\/wp-content\/uploads\/2025\/04\/CB-B01-12-1024x656.jpg?wsr\" alt=\"\" class=\"wp-image-2525\" srcset=\"https:\/\/www.yidakitchen.com\/wp-content\/uploads\/2025\/04\/CB-B01-12-1024x656.jpg 1024w, https:\/\/www.yidakitchen.com\/wp-content\/uploads\/2025\/04\/CB-B01-12-300x192.jpg 300w, https:\/\/www.yidakitchen.com\/wp-content\/uploads\/2025\/04\/CB-B01-12-768x492.jpg 768w, https:\/\/www.yidakitchen.com\/wp-content\/uploads\/2025\/04\/CB-B01-12-1536x983.jpg 1536w, https:\/\/www.yidakitchen.com\/wp-content\/uploads\/2025\/04\/CB-B01-12-2048x1311.jpg 2048w, https:\/\/www.yidakitchen.com\/wp-content\/uploads\/2025\/04\/CB-B01-12-600x384.jpg 600w\" sizes=\"(max-width: 1024px) 100vw, 1024px\" \/><\/figure>\n\n<figure class=\"wp-block-image size-large\"><img loading=\"lazy\" decoding=\"async\" width=\"1024\" height=\"765\" data-id=\"2524\" src=\"https:\/\/www.yidakitchen.com\/wp-content\/uploads\/2025\/04\/CB-B01-10-1024x765.jpg?wsr\" alt=\"\" class=\"wp-image-2524\" srcset=\"https:\/\/www.yidakitchen.com\/wp-content\/uploads\/2025\/04\/CB-B01-10-1024x765.jpg 1024w, https:\/\/www.yidakitchen.com\/wp-content\/uploads\/2025\/04\/CB-B01-10-300x224.jpg 300w, https:\/\/www.yidakitchen.com\/wp-content\/uploads\/2025\/04\/CB-B01-10-768x573.jpg 768w, https:\/\/www.yidakitchen.com\/wp-content\/uploads\/2025\/04\/CB-B01-10-1536x1147.jpg 1536w, https:\/\/www.yidakitchen.com\/wp-content\/uploads\/2025\/04\/CB-B01-10-2048x1529.jpg 2048w, https:\/\/www.yidakitchen.com\/wp-content\/uploads\/2025\/04\/CB-B01-10-600x448.jpg 600w\" sizes=\"(max-width: 1024px) 100vw, 1024px\" \/><\/figure>\n\n<figure class=\"wp-block-image size-large\"><img loading=\"lazy\" decoding=\"async\" width=\"1024\" height=\"765\" data-id=\"2523\" src=\"https:\/\/www.yidakitchen.com\/wp-content\/uploads\/2025\/04\/CB-B01-9-1024x765.jpg?wsr\" alt=\"\" class=\"wp-image-2523\" srcset=\"https:\/\/www.yidakitchen.com\/wp-content\/uploads\/2025\/04\/CB-B01-9-1024x765.jpg 1024w, https:\/\/www.yidakitchen.com\/wp-content\/uploads\/2025\/04\/CB-B01-9-300x224.jpg 300w, https:\/\/www.yidakitchen.com\/wp-content\/uploads\/2025\/04\/CB-B01-9-768x574.jpg 768w, https:\/\/www.yidakitchen.com\/wp-content\/uploads\/2025\/04\/CB-B01-9-1536x1147.jpg 1536w, https:\/\/www.yidakitchen.com\/wp-content\/uploads\/2025\/04\/CB-B01-9-2048x1529.jpg 2048w, https:\/\/www.yidakitchen.com\/wp-content\/uploads\/2025\/04\/CB-B01-9-600x448.jpg 600w\" sizes=\"(max-width: 1024px) 100vw, 1024px\" \/><\/figure>\n\n<figure class=\"wp-block-image size-large\"><img loading=\"lazy\" decoding=\"async\" width=\"1024\" height=\"628\" data-id=\"2522\" src=\"https:\/\/www.yidakitchen.com\/wp-content\/uploads\/2025\/04\/CB-B01-8-1024x628.jpg?wsr\" alt=\"\" class=\"wp-image-2522\" srcset=\"https:\/\/www.yidakitchen.com\/wp-content\/uploads\/2025\/04\/CB-B01-8-1024x628.jpg 1024w, https:\/\/www.yidakitchen.com\/wp-content\/uploads\/2025\/04\/CB-B01-8-300x184.jpg 300w, https:\/\/www.yidakitchen.com\/wp-content\/uploads\/2025\/04\/CB-B01-8-768x471.jpg 768w, https:\/\/www.yidakitchen.com\/wp-content\/uploads\/2025\/04\/CB-B01-8-1536x943.jpg 1536w, https:\/\/www.yidakitchen.com\/wp-content\/uploads\/2025\/04\/CB-B01-8-600x368.jpg 600w, https:\/\/www.yidakitchen.com\/wp-content\/uploads\/2025\/04\/CB-B01-8.jpg 1716w\" sizes=\"(max-width: 1024px) 100vw, 1024px\" \/><\/figure><\/figure><h3 class=\"wp-block-heading\"><strong>Materiales y artesan\u00eda<\/strong><\/h3><p>Con materiales de primera calidad, como compuestos de madera ecol\u00f3gicos y herrajes de alta calidad, nuestros armarios est\u00e1n hechos para durar. Un meticuloso trabajo artesanal garantiza cortes precisos, uniones sin juntas y cajones y puertas que funcionan con suavidad. Tanto si se trata de la robusta estructura de un armario de cocina como del elegante acabado de un armario ropero, cada detalle refleja una calidad superior y atenci\u00f3n al dise\u00f1o.<\/p><figure class=\"wp-block-gallery has-nested-images columns-default is-cropped wp-block-gallery-2 is-layout-flex wp-block-gallery-is-layout-flex\"><figure class=\"wp-block-image size-large\"><img loading=\"lazy\" decoding=\"async\" width=\"1024\" height=\"465\" data-id=\"2519\" src=\"https:\/\/www.yidakitchen.com\/wp-content\/uploads\/2025\/04\/CB-B01-4-1024x465.jpg?wsr\" alt=\"\" class=\"wp-image-2519\" srcset=\"https:\/\/www.yidakitchen.com\/wp-content\/uploads\/2025\/04\/CB-B01-4-1024x465.jpg 1024w, https:\/\/www.yidakitchen.com\/wp-content\/uploads\/2025\/04\/CB-B01-4-300x136.jpg 300w, https:\/\/www.yidakitchen.com\/wp-content\/uploads\/2025\/04\/CB-B01-4-768x349.jpg 768w, https:\/\/www.yidakitchen.com\/wp-content\/uploads\/2025\/04\/CB-B01-4-1536x698.jpg 1536w, https:\/\/www.yidakitchen.com\/wp-content\/uploads\/2025\/04\/CB-B01-4-2048x931.jpg 2048w, https:\/\/www.yidakitchen.com\/wp-content\/uploads\/2025\/04\/CB-B01-4-600x273.jpg 600w\" sizes=\"(max-width: 1024px) 100vw, 1024px\" \/><\/figure>\n\n<figure class=\"wp-block-image size-large\"><img loading=\"lazy\" decoding=\"async\" width=\"1024\" height=\"712\" data-id=\"2521\" src=\"https:\/\/www.yidakitchen.com\/wp-content\/uploads\/2025\/04\/CB-B01-7-1024x712.jpg?wsr\" alt=\"\" class=\"wp-image-2521\" srcset=\"https:\/\/www.yidakitchen.com\/wp-content\/uploads\/2025\/04\/CB-B01-7-1024x712.jpg 1024w, https:\/\/www.yidakitchen.com\/wp-content\/uploads\/2025\/04\/CB-B01-7-300x209.jpg 300w, https:\/\/www.yidakitchen.com\/wp-content\/uploads\/2025\/04\/CB-B01-7-768x534.jpg 768w, https:\/\/www.yidakitchen.com\/wp-content\/uploads\/2025\/04\/CB-B01-7-1536x1068.jpg 1536w, https:\/\/www.yidakitchen.com\/wp-content\/uploads\/2025\/04\/CB-B01-7-600x417.jpg 600w, https:\/\/www.yidakitchen.com\/wp-content\/uploads\/2025\/04\/CB-B01-7.jpg 1715w\" sizes=\"(max-width: 1024px) 100vw, 1024px\" \/><\/figure><\/figure><h3 class=\"wp-block-heading\"><strong>Funcionalidad y ergonom\u00eda<\/strong><\/h3><p>La funcionalidad es clave en nuestros armarios a medida. Los estantes extra\u00edbles, los cajones de cierre suave y los estantes ajustables en los armarios mejoran la utilidad diaria. Los dise\u00f1os ergon\u00f3micos garantizan que los armarios sean f\u00e1ciles de alcanzar y utilizar, reduciendo el esfuerzo. En las cocinas, el almacenamiento especializado para utensilios y electrodom\u00e9sticos hace que cocinar sea m\u00e1s eficiente. Estas cuidadas caracter\u00edsticas satisfacen las necesidades pr\u00e1cticas de los clientes extranjeros, combinando el estilo con la comodidad cotidiana.<\/p><p>Eleve su hogar con nuestros modernos armarios minimalistas a medida, donde los tonos neutros se unen a un dise\u00f1o excepcional, ofreciendo soluciones de almacenamiento que son a la vez bellas y funcionales para cualquier estilo de vida internacional.<\/p><p><\/p>","protected":false},"excerpt":{"rendered":"<p>Design Concept Inspired by modern minimalist principles, our custom cabinets focus on \u201cless is more,\u201d emphasizing clean lines and clutter &#8211; free spaces. We understand that every home overseas has unique needs, so each design is tailored to reflect personal lifestyles while maximizing utility. Whether it\u2019s a sleek kitchen cabinet or an organized wardrobe, the [&hellip;]<\/p>","protected":false},"featured_media":2528,"template":"","meta":[],"product_brand":[],"product_cat":[83],"product_tag":[],"class_list":{"0":"post-2515","1":"product","2":"type-product","3":"status-publish","4":"has-post-thumbnail","6":"product_cat-whole-house","8":"first","9":"instock","10":"shipping-taxable","11":"product-type-simple"},"yoast_head":"<!-- This site is optimized with the Yoast SEO Premium plugin v25.0 (Yoast SEO v25.0) - https:\/\/yoast.com\/wordpress\/plugins\/seo\/ -->\n<title>Modern Minimalist Custom Cabinets - Neutral Tones for a Serene Home - YIDA Kitchen<\/title>\n<meta name=\"robots\" content=\"index, follow, max-snippet:-1, max-image-preview:large, max-video-preview:-1\" \/>\n<link rel=\"canonical\" href=\"https:\/\/www.yidakitchen.com\/es\/producto\/modern-minimalist-custom-cabinets-neutral-tones-for-a-serene-home\/\" \/>\n<meta property=\"og:locale\" content=\"es_MX\" \/>\n<meta property=\"og:type\" content=\"article\" \/>\n<meta property=\"og:title\" content=\"Modern Minimalist Custom Cabinets - Neutral Tones for a Serene Home\" \/>\n<meta property=\"og:description\" content=\"Design Concept Inspired by modern minimalist principles, our custom cabinets focus on \u201cless is more,\u201d emphasizing clean lines and clutter &#8211; free spaces. We understand that every home overseas has unique needs, so each design is tailored to reflect personal lifestyles while maximizing utility. Whether it\u2019s a sleek kitchen cabinet or an organized wardrobe, the [&hellip;]\" \/>\n<meta property=\"og:url\" content=\"https:\/\/www.yidakitchen.com\/es\/producto\/modern-minimalist-custom-cabinets-neutral-tones-for-a-serene-home\/\" \/>\n<meta property=\"og:site_name\" content=\"YIDA Kitchen\" \/>\n<meta property=\"article:modified_time\" content=\"2025-04-30T03:31:50+00:00\" \/>\n<meta property=\"og:image\" content=\"https:\/\/www.yidakitchen.com\/wp-content\/uploads\/2025\/04\/CB-B01-18-scaled.jpg\" \/>\n\t<meta property=\"og:image:width\" content=\"2560\" \/>\n\t<meta property=\"og:image:height\" content=\"1749\" \/>\n\t<meta property=\"og:image:type\" content=\"image\/jpeg\" \/>\n<meta name=\"twitter:card\" content=\"summary_large_image\" \/>\n<meta name=\"twitter:label1\" content=\"Price\" \/>\n\t<meta name=\"twitter:data1\" content=\"\" \/>\n\t<meta name=\"twitter:label2\" content=\"Availability\" \/>\n\t<meta name=\"twitter:data2\" content=\"In stock\" \/>\n<script type=\"application\/ld+json\" class=\"yoast-schema-graph\">{\"@context\":\"https:\/\/schema.org\",\"@graph\":[{\"@type\":\"WebPage\",\"@id\":\"https:\/\/www.yidakitchen.com\/product\/modern-minimalist-custom-cabinets-neutral-tones-for-a-serene-home\/\",\"url\":\"https:\/\/www.yidakitchen.com\/product\/modern-minimalist-custom-cabinets-neutral-tones-for-a-serene-home\/\",\"name\":\"Modern Minimalist Custom Cabinets - Neutral Tones for a Serene Home - YIDA Kitchen\",\"isPartOf\":{\"@id\":\"https:\/\/www.yidakitchen.com\/#website\"},\"primaryImageOfPage\":{\"@id\":\"https:\/\/www.yidakitchen.com\/product\/modern-minimalist-custom-cabinets-neutral-tones-for-a-serene-home\/#primaryimage\"},\"image\":{\"@id\":\"https:\/\/www.yidakitchen.com\/product\/modern-minimalist-custom-cabinets-neutral-tones-for-a-serene-home\/#primaryimage\"},\"thumbnailUrl\":\"https:\/\/www.yidakitchen.com\/wp-content\/uploads\/2025\/04\/CB-B01-18-scaled.jpg?wsr\",\"datePublished\":\"2025-04-30T03:28:53+00:00\",\"dateModified\":\"2025-04-30T03:31:50+00:00\",\"breadcrumb\":{\"@id\":\"https:\/\/www.yidakitchen.com\/product\/modern-minimalist-custom-cabinets-neutral-tones-for-a-serene-home\/#breadcrumb\"},\"inLanguage\":\"es\",\"potentialAction\":[{\"@type\":\"ReadAction\",\"target\":[\"https:\/\/www.yidakitchen.com\/product\/modern-minimalist-custom-cabinets-neutral-tones-for-a-serene-home\/\"]}]},{\"@type\":\"ImageObject\",\"inLanguage\":\"es\",\"@id\":\"https:\/\/www.yidakitchen.com\/product\/modern-minimalist-custom-cabinets-neutral-tones-for-a-serene-home\/#primaryimage\",\"url\":\"https:\/\/www.yidakitchen.com\/wp-content\/uploads\/2025\/04\/CB-B01-18-scaled.jpg?wsr\",\"contentUrl\":\"https:\/\/www.yidakitchen.com\/wp-content\/uploads\/2025\/04\/CB-B01-18-scaled.jpg?wsr\",\"width\":2560,\"height\":1749},{\"@type\":\"BreadcrumbList\",\"@id\":\"https:\/\/www.yidakitchen.com\/product\/modern-minimalist-custom-cabinets-neutral-tones-for-a-serene-home\/#breadcrumb\",\"itemListElement\":[{\"@type\":\"ListItem\",\"position\":1,\"name\":\"Home\",\"item\":\"https:\/\/www.yidakitchen.com\/\"},{\"@type\":\"ListItem\",\"position\":2,\"name\":\"Products\",\"item\":\"https:\/\/www.yidakitchen.com\/shop\/\"},{\"@type\":\"ListItem\",\"position\":3,\"name\":\"Modern Minimalist Custom Cabinets &#8211; Neutral Tones for a Serene Home\"}]},{\"@type\":\"WebSite\",\"@id\":\"https:\/\/www.yidakitchen.com\/#website\",\"url\":\"https:\/\/www.yidakitchen.com\/\",\"name\":\"YIDA Kitchen\",\"description\":\"Kitchen Cabinets Custom Manufacturer from China\",\"publisher\":{\"@id\":\"https:\/\/www.yidakitchen.com\/#organization\"},\"potentialAction\":[{\"@type\":\"SearchAction\",\"target\":{\"@type\":\"EntryPoint\",\"urlTemplate\":\"https:\/\/www.yidakitchen.com\/?s={search_term_string}\"},\"query-input\":{\"@type\":\"PropertyValueSpecification\",\"valueRequired\":true,\"valueName\":\"search_term_string\"}}],\"inLanguage\":\"es\"},{\"@type\":\"Organization\",\"@id\":\"https:\/\/www.yidakitchen.com\/#organization\",\"name\":\"YIDA Kitchen\",\"url\":\"https:\/\/www.yidakitchen.com\/\",\"logo\":{\"@type\":\"ImageObject\",\"inLanguage\":\"es\",\"@id\":\"https:\/\/www.yidakitchen.com\/#\/schema\/logo\/image\/\",\"url\":\"https:\/\/www.yidakitchen.com\/wp-content\/uploads\/2025\/04\/logo.png?wsr\",\"contentUrl\":\"https:\/\/www.yidakitchen.com\/wp-content\/uploads\/2025\/04\/logo.png?wsr\",\"width\":1763,\"height\":951,\"caption\":\"YIDA Kitchen\"},\"image\":{\"@id\":\"https:\/\/www.yidakitchen.com\/#\/schema\/logo\/image\/\"}}]}<\/script>\n<meta property=\"product:price:amount\" content=\"0.00\" \/>\n<meta property=\"product:price:currency\" content=\"USD\" \/>\n<meta property=\"og:availability\" content=\"instock\" \/>\n<meta property=\"product:availability\" content=\"instock\" \/>\n<meta property=\"product:condition\" content=\"new\" \/>\n<!-- \/ Yoast SEO Premium plugin. -->","yoast_head_json":{"title":"Modern Minimalist Custom Cabinets - Neutral Tones for a Serene Home - YIDA Kitchen","robots":{"index":"index","follow":"follow","max-snippet":"max-snippet:-1","max-image-preview":"max-image-preview:large","max-video-preview":"max-video-preview:-1"},"canonical":"https:\/\/www.yidakitchen.com\/es\/producto\/modern-minimalist-custom-cabinets-neutral-tones-for-a-serene-home\/","og_locale":"es_MX","og_type":"article","og_title":"Modern Minimalist Custom Cabinets - Neutral Tones for a Serene Home","og_description":"Design Concept Inspired by modern minimalist principles, our custom cabinets focus on \u201cless is more,\u201d emphasizing clean lines and clutter &#8211; free spaces. We understand that every home overseas has unique needs, so each design is tailored to reflect personal lifestyles while maximizing utility. Whether it\u2019s a sleek kitchen cabinet or an organized wardrobe, the [&hellip;]","og_url":"https:\/\/www.yidakitchen.com\/es\/producto\/modern-minimalist-custom-cabinets-neutral-tones-for-a-serene-home\/","og_site_name":"YIDA Kitchen","article_modified_time":"2025-04-30T03:31:50+00:00","og_image":[{"width":2560,"height":1749,"url":"https:\/\/www.yidakitchen.com\/wp-content\/uploads\/2025\/04\/CB-B01-18-scaled.jpg","type":"image\/jpeg"}],"twitter_card":"summary_large_image","twitter_misc":{"Price":"","Availability":"In stock"},"schema":{"@context":"https:\/\/schema.org","@graph":[{"@type":"WebPage","@id":"https:\/\/www.yidakitchen.com\/product\/modern-minimalist-custom-cabinets-neutral-tones-for-a-serene-home\/","url":"https:\/\/www.yidakitchen.com\/product\/modern-minimalist-custom-cabinets-neutral-tones-for-a-serene-home\/","name":"Modern Minimalist Custom Cabinets - Neutral Tones for a Serene Home - YIDA Kitchen","isPartOf":{"@id":"https:\/\/www.yidakitchen.com\/#website"},"primaryImageOfPage":{"@id":"https:\/\/www.yidakitchen.com\/product\/modern-minimalist-custom-cabinets-neutral-tones-for-a-serene-home\/#primaryimage"},"image":{"@id":"https:\/\/www.yidakitchen.com\/product\/modern-minimalist-custom-cabinets-neutral-tones-for-a-serene-home\/#primaryimage"},"thumbnailUrl":"https:\/\/www.yidakitchen.com\/wp-content\/uploads\/2025\/04\/CB-B01-18-scaled.jpg?wsr","datePublished":"2025-04-30T03:28:53+00:00","dateModified":"2025-04-30T03:31:50+00:00","breadcrumb":{"@id":"https:\/\/www.yidakitchen.com\/product\/modern-minimalist-custom-cabinets-neutral-tones-for-a-serene-home\/#breadcrumb"},"inLanguage":"es","potentialAction":[{"@type":"ReadAction","target":["https:\/\/www.yidakitchen.com\/product\/modern-minimalist-custom-cabinets-neutral-tones-for-a-serene-home\/"]}]},{"@type":"ImageObject","inLanguage":"es","@id":"https:\/\/www.yidakitchen.com\/product\/modern-minimalist-custom-cabinets-neutral-tones-for-a-serene-home\/#primaryimage","url":"https:\/\/www.yidakitchen.com\/wp-content\/uploads\/2025\/04\/CB-B01-18-scaled.jpg?wsr","contentUrl":"https:\/\/www.yidakitchen.com\/wp-content\/uploads\/2025\/04\/CB-B01-18-scaled.jpg?wsr","width":2560,"height":1749},{"@type":"BreadcrumbList","@id":"https:\/\/www.yidakitchen.com\/product\/modern-minimalist-custom-cabinets-neutral-tones-for-a-serene-home\/#breadcrumb","itemListElement":[{"@type":"ListItem","position":1,"name":"Home","item":"https:\/\/www.yidakitchen.com\/"},{"@type":"ListItem","position":2,"name":"Products","item":"https:\/\/www.yidakitchen.com\/shop\/"},{"@type":"ListItem","position":3,"name":"Modern Minimalist Custom Cabinets &#8211; Neutral Tones for a Serene Home"}]},{"@type":"WebSite","@id":"https:\/\/www.yidakitchen.com\/#website","url":"https:\/\/www.yidakitchen.com\/","name":"Cocina YIDA","description":"Armarios de cocina a medida Fabricante de China","publisher":{"@id":"https:\/\/www.yidakitchen.com\/#organization"},"potentialAction":[{"@type":"SearchAction","target":{"@type":"EntryPoint","urlTemplate":"https:\/\/www.yidakitchen.com\/?s={search_term_string}"},"query-input":{"@type":"PropertyValueSpecification","valueRequired":true,"valueName":"search_term_string"}}],"inLanguage":"es"},{"@type":"Organization","@id":"https:\/\/www.yidakitchen.com\/#organization","name":"Cocina YIDA","url":"https:\/\/www.yidakitchen.com\/","logo":{"@type":"ImageObject","inLanguage":"es","@id":"https:\/\/www.yidakitchen.com\/#\/schema\/logo\/image\/","url":"https:\/\/www.yidakitchen.com\/wp-content\/uploads\/2025\/04\/logo.png?wsr","contentUrl":"https:\/\/www.yidakitchen.com\/wp-content\/uploads\/2025\/04\/logo.png?wsr","width":1763,"height":951,"caption":"YIDA Kitchen"},"image":{"@id":"https:\/\/www.yidakitchen.com\/#\/schema\/logo\/image\/"}}]},"product_price_amount":"0.00","product_price_currency":"USD","og_availability":"instock","product_availability":"instock","product_condition":"new"},"_links":{"self":[{"href":"https:\/\/www.yidakitchen.com\/es\/wp-json\/wp\/v2\/product\/2515","targetHints":{"allow":["GET"]}}],"collection":[{"href":"https:\/\/www.yidakitchen.com\/es\/wp-json\/wp\/v2\/product"}],"about":[{"href":"https:\/\/www.yidakitchen.com\/es\/wp-json\/wp\/v2\/types\/product"}],"wp:featuredmedia":[{"embeddable":true,"href":"https:\/\/www.yidakitchen.com\/es\/wp-json\/wp\/v2\/media\/2528"}],"wp:attachment":[{"href":"https:\/\/www.yidakitchen.com\/es\/wp-json\/wp\/v2\/media?parent=2515"}],"wp:term":[{"taxonomy":"product_brand","embeddable":true,"href":"https:\/\/www.yidakitchen.com\/es\/wp-json\/wp\/v2\/product_brand?post=2515"},{"taxonomy":"product_cat","embeddable":true,"href":"https:\/\/www.yidakitchen.com\/es\/wp-json\/wp\/v2\/product_cat?post=2515"},{"taxonomy":"product_tag","embeddable":true,"href":"https:\/\/www.yidakitchen.com\/es\/wp-json\/wp\/v2\/product_tag?post=2515"}],"curies":[{"name":"wp","href":"https:\/\/api.w.org\/{rel}","templated":true}]}}