{"id":1880,"date":"2025-04-28T02:31:28","date_gmt":"2025-04-28T02:31:28","guid":{"rendered":"https:\/\/yidakitchen.com\/?post_type=product&#038;p=1880"},"modified":"2025-10-22T07:08:45","modified_gmt":"2025-10-22T07:08:45","slug":"bulk-engineering-cabinets-for-saudi-hotels-hospitals-post-installation-maintenance-services-offered","status":"publish","type":"product","link":"https:\/\/www.yidakitchen.com\/es\/producto\/bulk-engineering-cabinets-for-saudi-hotels-hospitals-post-installation-maintenance-services-offered\/","title":{"rendered":"Armarios t\u00e9cnicos a granel para hoteles y hospitales saud\u00edes - Oferta de servicios de mantenimiento tras la instalaci\u00f3n"},"content":{"rendered":"<div class=\"wp-block-columns is-layout-flex wp-container-core-columns-is-layout-1 wp-block-columns-is-layout-flex\"><div class=\"wp-block-column is-vertically-aligned-center is-layout-flow wp-block-column-is-layout-flow\"><figure class=\"wp-block-image size-full\"><img fetchpriority=\"high\" decoding=\"async\" width=\"2560\" height=\"1440\" src=\"https:\/\/www.www.www.www.yidakitchen.com\/wp-content\/uploads\/2025\/04\/B-2-1-scaled.jpg\" alt=\"\" class=\"wp-image-1882\" srcset=\"https:\/\/www.yidakitchen.com\/wp-content\/uploads\/2025\/04\/B-2-1-scaled.jpg 2560w, https:\/\/www.yidakitchen.com\/wp-content\/uploads\/2025\/04\/B-2-1-300x169.jpg 300w, https:\/\/www.yidakitchen.com\/wp-content\/uploads\/2025\/04\/B-2-1-1024x576.jpg 1024w, https:\/\/www.yidakitchen.com\/wp-content\/uploads\/2025\/04\/B-2-1-768x432.jpg 768w, https:\/\/www.yidakitchen.com\/wp-content\/uploads\/2025\/04\/B-2-1-1536x864.jpg 1536w, https:\/\/www.yidakitchen.com\/wp-content\/uploads\/2025\/04\/B-2-1-2048x1152.jpg 2048w, https:\/\/www.yidakitchen.com\/wp-content\/uploads\/2025\/04\/B-2-1-600x338.jpg 600w\" sizes=\"(max-width: 2560px) 100vw, 2560px\" \/><\/figure><\/div>\n\n<div class=\"wp-block-column is-vertically-aligned-center is-layout-flow wp-block-column-is-layout-flow\"><h3 class=\"wp-block-heading\"><strong><strong>Concepto de dise\u00f1o:<\/strong><\/strong><\/h3>\n\n<p>Estos armarios de alto brillo combinan una est\u00e9tica elegante con la practicidad. Las superficies reflectantes realzan la luz, creando una sensaci\u00f3n de amplitud. Encajan con estilos modernos, minimalistas y contempor\u00e1neos, por lo que se adaptan a diversos interiores.<\/p>\n\n<h3 class=\"wp-block-heading\"><strong><strong>Paleta de colores y tratamiento de superficies:<\/strong><\/strong><\/h3>\n\n<p>El acabado en negro pulido a\u00f1ade sofisticaci\u00f3n a la vez que aumenta su durabilidad. Su superficie lisa resiste las manchas, es f\u00e1cil de limpiar y mantiene su brillo, garantizando un aspecto atemporal en zonas de mucho tr\u00e1nsito.<\/p><\/div><\/div><div class=\"wp-block-columns is-layout-flex wp-container-core-columns-is-layout-2 wp-block-columns-is-layout-flex\"><div class=\"wp-block-column is-vertically-aligned-center is-layout-flow wp-block-column-is-layout-flow\"><h3 class=\"wp-block-heading\"><strong><strong>Configuraci\u00f3n espacial:<\/strong><\/strong><\/h3>\n\n<p>El dise\u00f1o incluye estantes de cristal para mostrar lo esencial y una distribuci\u00f3n sin juntas para optimizar el espacio. Se adapta tanto a cocinas compactas como grandes, mejorando el almacenamiento sin comprometer la est\u00e9tica.<\/p>\n\n<h3 class=\"wp-block-heading\"><strong><strong>Materiales y artesan\u00eda:<\/strong><\/strong><\/h3>\n\n<p>Fabricados con materiales de primera calidad, estos armarios garantizan durabilidad a largo plazo y sostenibilidad medioambiental. La ingenier\u00eda de precisi\u00f3n garantiza el buen funcionamiento de cajones y puertas, lo que refleja una artesan\u00eda superior.<\/p><\/div>\n\n<div class=\"wp-block-column is-vertically-aligned-center is-layout-flow wp-block-column-is-layout-flow\"><figure class=\"wp-block-image size-full\"><img decoding=\"async\" width=\"2560\" height=\"1920\" src=\"https:\/\/www.www.www.www.yidakitchen.com\/wp-content\/uploads\/2025\/04\/B-2-0-scaled.jpg\" alt=\"\" class=\"wp-image-1881\" srcset=\"https:\/\/www.yidakitchen.com\/wp-content\/uploads\/2025\/04\/B-2-0-scaled.jpg 2560w, https:\/\/www.yidakitchen.com\/wp-content\/uploads\/2025\/04\/B-2-0-300x225.jpg 300w, https:\/\/www.yidakitchen.com\/wp-content\/uploads\/2025\/04\/B-2-0-1024x768.jpg 1024w, https:\/\/www.yidakitchen.com\/wp-content\/uploads\/2025\/04\/B-2-0-768x576.jpg 768w, https:\/\/www.yidakitchen.com\/wp-content\/uploads\/2025\/04\/B-2-0-1536x1152.jpg 1536w, https:\/\/www.yidakitchen.com\/wp-content\/uploads\/2025\/04\/B-2-0-2048x1536.jpg 2048w, https:\/\/www.yidakitchen.com\/wp-content\/uploads\/2025\/04\/B-2-0-600x450.jpg 600w\" sizes=\"(max-width: 2560px) 100vw, 2560px\" \/><\/figure><\/div><\/div><div class=\"wp-block-columns is-layout-flex wp-container-core-columns-is-layout-3 wp-block-columns-is-layout-flex\"><div class=\"wp-block-column is-vertically-aligned-center is-layout-flow wp-block-column-is-layout-flow\"><figure class=\"wp-block-image size-full\"><img decoding=\"async\" width=\"2560\" height=\"1440\" src=\"https:\/\/www.www.www.www.yidakitchen.com\/wp-content\/uploads\/2025\/04\/B-2-3-scaled.jpg\" alt=\"\" class=\"wp-image-1883\" srcset=\"https:\/\/www.yidakitchen.com\/wp-content\/uploads\/2025\/04\/B-2-3-scaled.jpg 2560w, https:\/\/www.yidakitchen.com\/wp-content\/uploads\/2025\/04\/B-2-3-300x169.jpg 300w, https:\/\/www.yidakitchen.com\/wp-content\/uploads\/2025\/04\/B-2-3-1024x576.jpg 1024w, https:\/\/www.yidakitchen.com\/wp-content\/uploads\/2025\/04\/B-2-3-768x432.jpg 768w, https:\/\/www.yidakitchen.com\/wp-content\/uploads\/2025\/04\/B-2-3-1536x864.jpg 1536w, https:\/\/www.yidakitchen.com\/wp-content\/uploads\/2025\/04\/B-2-3-2048x1152.jpg 2048w, https:\/\/www.yidakitchen.com\/wp-content\/uploads\/2025\/04\/B-2-3-600x338.jpg 600w\" sizes=\"(max-width: 2560px) 100vw, 2560px\" \/><\/figure><\/div>\n\n<div class=\"wp-block-column is-vertically-aligned-center is-layout-flow wp-block-column-is-layout-flow\"><h3 class=\"wp-block-heading\"><strong><strong>Funcionalidad y ergonom\u00eda:<\/strong><\/strong><\/h3>\n\n<p>La iluminaci\u00f3n integrada resalta los estantes de cristal, mejorando la funcionalidad y el atractivo visual. Las asas ergon\u00f3micas y las funciones de cierre suave garantizan la seguridad y la comodidad del usuario, facilitando su uso diario.<\/p><\/div><\/div><p><\/p>","protected":false},"excerpt":{"rendered":"<p>Design Concept: These high gloss cabinets combine sleek aesthetics with practicality. The reflective surfaces enhance light, creating a spacious feel. They suit modern, minimalist, and contemporary styles, making them adaptable to diverse interiors. Color Palette and Surface Treatment: The polished black finish adds sophistication while enhancing durability. Its smooth surface resists stains, is easy to [&hellip;]<\/p>","protected":false},"featured_media":1881,"template":"","meta":[],"product_brand":[],"product_cat":[26,77],"product_tag":[],"class_list":{"0":"post-1880","1":"product","2":"type-product","3":"status-publish","4":"has-post-thumbnail","6":"product_cat-kitchen-cabinets","7":"product_cat-transitional-cabinets","9":"first","10":"instock","11":"shipping-taxable","12":"product-type-simple"},"yoast_head":"<!-- This site is optimized with the Yoast SEO Premium plugin v25.0 (Yoast SEO v25.0) - https:\/\/yoast.com\/wordpress\/plugins\/seo\/ -->\n<title>Bulk Engineering Cabinets for Saudi Hotels &amp; Hospitals \u2013 Post-Installation Maintenance Services Offered - YIDA Kitchen<\/title>\n<meta name=\"robots\" content=\"index, follow, max-snippet:-1, max-image-preview:large, max-video-preview:-1\" \/>\n<link rel=\"canonical\" href=\"https:\/\/www.yidakitchen.com\/es\/producto\/bulk-engineering-cabinets-for-saudi-hotels-hospitals-post-installation-maintenance-services-offered\/\" \/>\n<meta property=\"og:locale\" content=\"es_MX\" \/>\n<meta property=\"og:type\" content=\"article\" \/>\n<meta property=\"og:title\" content=\"Bulk Engineering Cabinets for Saudi Hotels &amp; Hospitals \u2013 Post-Installation Maintenance Services Offered\" \/>\n<meta property=\"og:description\" content=\"Design Concept: These high gloss cabinets combine sleek aesthetics with practicality. The reflective surfaces enhance light, creating a spacious feel. They suit modern, minimalist, and contemporary styles, making them adaptable to diverse interiors. Color Palette and Surface Treatment: The polished black finish adds sophistication while enhancing durability. Its smooth surface resists stains, is easy to [&hellip;]\" \/>\n<meta property=\"og:url\" content=\"https:\/\/www.yidakitchen.com\/es\/producto\/bulk-engineering-cabinets-for-saudi-hotels-hospitals-post-installation-maintenance-services-offered\/\" \/>\n<meta property=\"og:site_name\" content=\"YIDA Kitchen\" \/>\n<meta property=\"article:modified_time\" content=\"2025-10-22T07:08:45+00:00\" \/>\n<meta property=\"og:image\" content=\"https:\/\/www.yidakitchen.com\/wp-content\/uploads\/2025\/04\/B-2-0-scaled.jpg?wsr\" \/>\n\t<meta property=\"og:image:width\" content=\"2560\" \/>\n\t<meta property=\"og:image:height\" content=\"1920\" \/>\n\t<meta property=\"og:image:type\" content=\"image\/jpeg\" \/>\n<meta name=\"twitter:card\" content=\"summary_large_image\" \/>\n<meta name=\"twitter:label1\" content=\"Price\" \/>\n\t<meta name=\"twitter:data1\" content=\"\" \/>\n\t<meta name=\"twitter:label2\" content=\"Availability\" \/>\n\t<meta name=\"twitter:data2\" content=\"In stock\" \/>\n<script type=\"application\/ld+json\" class=\"yoast-schema-graph\">{\"@context\":\"https:\/\/schema.org\",\"@graph\":[{\"@type\":\"WebPage\",\"@id\":\"https:\/\/www.yidakitchen.com\/product\/bulk-engineering-cabinets-for-saudi-hotels-hospitals-post-installation-maintenance-services-offered\/\",\"url\":\"https:\/\/www.yidakitchen.com\/product\/bulk-engineering-cabinets-for-saudi-hotels-hospitals-post-installation-maintenance-services-offered\/\",\"name\":\"Bulk Engineering Cabinets for Saudi Hotels & Hospitals \u2013 Post-Installation Maintenance Services Offered - YIDA Kitchen\",\"isPartOf\":{\"@id\":\"https:\/\/www.yidakitchen.com\/#website\"},\"primaryImageOfPage\":{\"@id\":\"https:\/\/www.yidakitchen.com\/product\/bulk-engineering-cabinets-for-saudi-hotels-hospitals-post-installation-maintenance-services-offered\/#primaryimage\"},\"image\":{\"@id\":\"https:\/\/www.yidakitchen.com\/product\/bulk-engineering-cabinets-for-saudi-hotels-hospitals-post-installation-maintenance-services-offered\/#primaryimage\"},\"thumbnailUrl\":\"https:\/\/www.yidakitchen.com\/wp-content\/uploads\/2025\/04\/B-2-0-scaled.jpg?wsr\",\"datePublished\":\"2025-04-28T02:31:28+00:00\",\"dateModified\":\"2025-10-22T07:08:45+00:00\",\"breadcrumb\":{\"@id\":\"https:\/\/www.yidakitchen.com\/product\/bulk-engineering-cabinets-for-saudi-hotels-hospitals-post-installation-maintenance-services-offered\/#breadcrumb\"},\"inLanguage\":\"es\",\"potentialAction\":[{\"@type\":\"ReadAction\",\"target\":[\"https:\/\/www.yidakitchen.com\/product\/bulk-engineering-cabinets-for-saudi-hotels-hospitals-post-installation-maintenance-services-offered\/\"]}]},{\"@type\":\"ImageObject\",\"inLanguage\":\"es\",\"@id\":\"https:\/\/www.yidakitchen.com\/product\/bulk-engineering-cabinets-for-saudi-hotels-hospitals-post-installation-maintenance-services-offered\/#primaryimage\",\"url\":\"https:\/\/www.yidakitchen.com\/wp-content\/uploads\/2025\/04\/B-2-0-scaled.jpg?wsr\",\"contentUrl\":\"https:\/\/www.yidakitchen.com\/wp-content\/uploads\/2025\/04\/B-2-0-scaled.jpg?wsr\",\"width\":2560,\"height\":1920},{\"@type\":\"BreadcrumbList\",\"@id\":\"https:\/\/www.yidakitchen.com\/product\/bulk-engineering-cabinets-for-saudi-hotels-hospitals-post-installation-maintenance-services-offered\/#breadcrumb\",\"itemListElement\":[{\"@type\":\"ListItem\",\"position\":1,\"name\":\"Home\",\"item\":\"https:\/\/www.yidakitchen.com\/\"},{\"@type\":\"ListItem\",\"position\":2,\"name\":\"Products\",\"item\":\"https:\/\/www.yidakitchen.com\/shop\/\"},{\"@type\":\"ListItem\",\"position\":3,\"name\":\"Bulk Engineering Cabinets for Saudi Hotels &#038; Hospitals \u2013 Post-Installation Maintenance Services Offered\"}]},{\"@type\":\"WebSite\",\"@id\":\"https:\/\/www.yidakitchen.com\/#website\",\"url\":\"https:\/\/www.yidakitchen.com\/\",\"name\":\"YIDA Kitchen\",\"description\":\"Kitchen Cabinets Custom Manufacturer from China\",\"publisher\":{\"@id\":\"https:\/\/www.yidakitchen.com\/#organization\"},\"potentialAction\":[{\"@type\":\"SearchAction\",\"target\":{\"@type\":\"EntryPoint\",\"urlTemplate\":\"https:\/\/www.yidakitchen.com\/?s={search_term_string}\"},\"query-input\":{\"@type\":\"PropertyValueSpecification\",\"valueRequired\":true,\"valueName\":\"search_term_string\"}}],\"inLanguage\":\"es\"},{\"@type\":\"Organization\",\"@id\":\"https:\/\/www.yidakitchen.com\/#organization\",\"name\":\"YIDA Kitchen\",\"url\":\"https:\/\/www.yidakitchen.com\/\",\"logo\":{\"@type\":\"ImageObject\",\"inLanguage\":\"es\",\"@id\":\"https:\/\/www.yidakitchen.com\/#\/schema\/logo\/image\/\",\"url\":\"https:\/\/www.yidakitchen.com\/wp-content\/uploads\/2025\/04\/logo.png?wsr\",\"contentUrl\":\"https:\/\/www.yidakitchen.com\/wp-content\/uploads\/2025\/04\/logo.png?wsr\",\"width\":1763,\"height\":951,\"caption\":\"YIDA Kitchen\"},\"image\":{\"@id\":\"https:\/\/www.yidakitchen.com\/#\/schema\/logo\/image\/\"}}]}<\/script>\n<meta property=\"product:price:amount\" content=\"0.00\" \/>\n<meta property=\"product:price:currency\" content=\"USD\" \/>\n<meta property=\"og:availability\" content=\"instock\" \/>\n<meta property=\"product:availability\" content=\"instock\" \/>\n<meta property=\"product:condition\" content=\"new\" \/>\n<!-- \/ Yoast SEO Premium plugin. -->","yoast_head_json":{"title":"Bulk Engineering Cabinets for Saudi Hotels & Hospitals \u2013 Post-Installation Maintenance Services Offered - YIDA Kitchen","robots":{"index":"index","follow":"follow","max-snippet":"max-snippet:-1","max-image-preview":"max-image-preview:large","max-video-preview":"max-video-preview:-1"},"canonical":"https:\/\/www.yidakitchen.com\/es\/producto\/bulk-engineering-cabinets-for-saudi-hotels-hospitals-post-installation-maintenance-services-offered\/","og_locale":"es_MX","og_type":"article","og_title":"Bulk Engineering Cabinets for Saudi Hotels & Hospitals \u2013 Post-Installation Maintenance Services Offered","og_description":"Design Concept: These high gloss cabinets combine sleek aesthetics with practicality. The reflective surfaces enhance light, creating a spacious feel. They suit modern, minimalist, and contemporary styles, making them adaptable to diverse interiors. Color Palette and Surface Treatment: The polished black finish adds sophistication while enhancing durability. Its smooth surface resists stains, is easy to [&hellip;]","og_url":"https:\/\/www.yidakitchen.com\/es\/producto\/bulk-engineering-cabinets-for-saudi-hotels-hospitals-post-installation-maintenance-services-offered\/","og_site_name":"YIDA Kitchen","article_modified_time":"2025-10-22T07:08:45+00:00","og_image":[{"width":2560,"height":1920,"url":"https:\/\/www.yidakitchen.com\/wp-content\/uploads\/2025\/04\/B-2-0-scaled.jpg?wsr","type":"image\/jpeg"}],"twitter_card":"summary_large_image","twitter_misc":{"Price":"","Availability":"In stock"},"schema":{"@context":"https:\/\/schema.org","@graph":[{"@type":"WebPage","@id":"https:\/\/www.yidakitchen.com\/product\/bulk-engineering-cabinets-for-saudi-hotels-hospitals-post-installation-maintenance-services-offered\/","url":"https:\/\/www.yidakitchen.com\/product\/bulk-engineering-cabinets-for-saudi-hotels-hospitals-post-installation-maintenance-services-offered\/","name":"Bulk Engineering Cabinets for Saudi Hotels & Hospitals \u2013 Post-Installation Maintenance Services Offered - YIDA Kitchen","isPartOf":{"@id":"https:\/\/www.yidakitchen.com\/#website"},"primaryImageOfPage":{"@id":"https:\/\/www.yidakitchen.com\/product\/bulk-engineering-cabinets-for-saudi-hotels-hospitals-post-installation-maintenance-services-offered\/#primaryimage"},"image":{"@id":"https:\/\/www.yidakitchen.com\/product\/bulk-engineering-cabinets-for-saudi-hotels-hospitals-post-installation-maintenance-services-offered\/#primaryimage"},"thumbnailUrl":"https:\/\/www.yidakitchen.com\/wp-content\/uploads\/2025\/04\/B-2-0-scaled.jpg?wsr","datePublished":"2025-04-28T02:31:28+00:00","dateModified":"2025-10-22T07:08:45+00:00","breadcrumb":{"@id":"https:\/\/www.yidakitchen.com\/product\/bulk-engineering-cabinets-for-saudi-hotels-hospitals-post-installation-maintenance-services-offered\/#breadcrumb"},"inLanguage":"es","potentialAction":[{"@type":"ReadAction","target":["https:\/\/www.yidakitchen.com\/product\/bulk-engineering-cabinets-for-saudi-hotels-hospitals-post-installation-maintenance-services-offered\/"]}]},{"@type":"ImageObject","inLanguage":"es","@id":"https:\/\/www.yidakitchen.com\/product\/bulk-engineering-cabinets-for-saudi-hotels-hospitals-post-installation-maintenance-services-offered\/#primaryimage","url":"https:\/\/www.yidakitchen.com\/wp-content\/uploads\/2025\/04\/B-2-0-scaled.jpg?wsr","contentUrl":"https:\/\/www.yidakitchen.com\/wp-content\/uploads\/2025\/04\/B-2-0-scaled.jpg?wsr","width":2560,"height":1920},{"@type":"BreadcrumbList","@id":"https:\/\/www.yidakitchen.com\/product\/bulk-engineering-cabinets-for-saudi-hotels-hospitals-post-installation-maintenance-services-offered\/#breadcrumb","itemListElement":[{"@type":"ListItem","position":1,"name":"Home","item":"https:\/\/www.yidakitchen.com\/"},{"@type":"ListItem","position":2,"name":"Products","item":"https:\/\/www.yidakitchen.com\/shop\/"},{"@type":"ListItem","position":3,"name":"Bulk Engineering Cabinets for Saudi Hotels &#038; Hospitals \u2013 Post-Installation Maintenance Services Offered"}]},{"@type":"WebSite","@id":"https:\/\/www.yidakitchen.com\/#website","url":"https:\/\/www.yidakitchen.com\/","name":"Cocina YIDA","description":"Armarios de cocina a medida Fabricante de China","publisher":{"@id":"https:\/\/www.yidakitchen.com\/#organization"},"potentialAction":[{"@type":"SearchAction","target":{"@type":"EntryPoint","urlTemplate":"https:\/\/www.yidakitchen.com\/?s={search_term_string}"},"query-input":{"@type":"PropertyValueSpecification","valueRequired":true,"valueName":"search_term_string"}}],"inLanguage":"es"},{"@type":"Organization","@id":"https:\/\/www.yidakitchen.com\/#organization","name":"Cocina YIDA","url":"https:\/\/www.yidakitchen.com\/","logo":{"@type":"ImageObject","inLanguage":"es","@id":"https:\/\/www.yidakitchen.com\/#\/schema\/logo\/image\/","url":"https:\/\/www.yidakitchen.com\/wp-content\/uploads\/2025\/04\/logo.png?wsr","contentUrl":"https:\/\/www.yidakitchen.com\/wp-content\/uploads\/2025\/04\/logo.png?wsr","width":1763,"height":951,"caption":"YIDA Kitchen"},"image":{"@id":"https:\/\/www.yidakitchen.com\/#\/schema\/logo\/image\/"}}]},"product_price_amount":"0.00","product_price_currency":"USD","og_availability":"instock","product_availability":"instock","product_condition":"new"},"_links":{"self":[{"href":"https:\/\/www.yidakitchen.com\/es\/wp-json\/wp\/v2\/product\/1880","targetHints":{"allow":["GET"]}}],"collection":[{"href":"https:\/\/www.yidakitchen.com\/es\/wp-json\/wp\/v2\/product"}],"about":[{"href":"https:\/\/www.yidakitchen.com\/es\/wp-json\/wp\/v2\/types\/product"}],"wp:featuredmedia":[{"embeddable":true,"href":"https:\/\/www.yidakitchen.com\/es\/wp-json\/wp\/v2\/media\/1881"}],"wp:attachment":[{"href":"https:\/\/www.yidakitchen.com\/es\/wp-json\/wp\/v2\/media?parent=1880"}],"wp:term":[{"taxonomy":"product_brand","embeddable":true,"href":"https:\/\/www.yidakitchen.com\/es\/wp-json\/wp\/v2\/product_brand?post=1880"},{"taxonomy":"product_cat","embeddable":true,"href":"https:\/\/www.yidakitchen.com\/es\/wp-json\/wp\/v2\/product_cat?post=1880"},{"taxonomy":"product_tag","embeddable":true,"href":"https:\/\/www.yidakitchen.com\/es\/wp-json\/wp\/v2\/product_tag?post=1880"}],"curies":[{"name":"wp","href":"https:\/\/api.w.org\/{rel}","templated":true}]}}