{"id":1590,"date":"2025-04-25T09:06:33","date_gmt":"2025-04-25T09:06:33","guid":{"rendered":"https:\/\/yidakitchen.com\/?post_type=product&#038;p=1590"},"modified":"2025-04-25T09:08:01","modified_gmt":"2025-04-25T09:08:01","slug":"modern-gallery-cream-melamine-hinged-wardrobes","status":"publish","type":"product","link":"https:\/\/www.yidakitchen.com\/es\/producto\/modern-gallery-cream-melamine-hinged-wardrobes\/","title":{"rendered":"Galer\u00eda Moderna Melamina Crema Armarios Abatibles"},"content":{"rendered":"<p><a href=\"https:\/\/www.yidakitchen.com\/es\/\"><\/a><\/p><div class=\"wp-block-columns is-layout-flex wp-container-core-columns-is-layout-1 wp-block-columns-is-layout-flex\"><div class=\"wp-block-column is-vertically-aligned-center is-layout-flow wp-block-column-is-layout-flow\"><figure class=\"wp-block-image size-full\"><img fetchpriority=\"high\" decoding=\"async\" width=\"2000\" height=\"1125\" src=\"https:\/\/www.www.www.www.yidakitchen.com\/wp-content\/uploads\/2025\/04\/modern-gallery-cream-melamine-hinged-wardrobes-1-1.avif?wsr\" alt=\"\" class=\"wp-image-1593\" srcset=\"https:\/\/www.yidakitchen.com\/wp-content\/uploads\/2025\/04\/modern-gallery-cream-melamine-hinged-wardrobes-1-1.avif 2000w, https:\/\/www.yidakitchen.com\/wp-content\/uploads\/2025\/04\/modern-gallery-cream-melamine-hinged-wardrobes-1-1-300x169.avif 300w, https:\/\/www.yidakitchen.com\/wp-content\/uploads\/2025\/04\/modern-gallery-cream-melamine-hinged-wardrobes-1-1-1024x576.avif 1024w, https:\/\/www.yidakitchen.com\/wp-content\/uploads\/2025\/04\/modern-gallery-cream-melamine-hinged-wardrobes-1-1-768x432.avif 768w, https:\/\/www.yidakitchen.com\/wp-content\/uploads\/2025\/04\/modern-gallery-cream-melamine-hinged-wardrobes-1-1-1536x864.avif 1536w, https:\/\/www.yidakitchen.com\/wp-content\/uploads\/2025\/04\/modern-gallery-cream-melamine-hinged-wardrobes-1-1-600x338.avif 600w\" sizes=\"(max-width: 2000px) 100vw, 2000px\" \/><\/figure><\/div>\n\n<div class=\"wp-block-column is-vertically-aligned-center is-layout-flow wp-block-column-is-layout-flow\"><h3 class=\"wp-block-heading\"><strong><strong>Concepto de dise\u00f1o:<\/strong><\/strong><\/h3>\n\n<p>Los armarios abatibles de melamina crema Modern Gallery capturan la esencia del dise\u00f1o minimalista combinado con la elegancia funcional. Estos armarios presentan un suave tono crema que ilumina cualquier habitaci\u00f3n, creando un ambiente tranquilo y acogedor. El dise\u00f1o es aerodin\u00e1mico para enfatizar un aspecto limpio y despejado, que armoniza a la perfecci\u00f3n con diversos estilos de interior.<\/p>\n\n<h3 class=\"wp-block-heading\"><strong><strong>Paleta de colores y tratamiento de superficies:<\/strong><\/strong><\/h3>\n\n<p>El acabado en melamina crema se ha elegido por su calidad ligera y neutra, que a\u00f1ade sensaci\u00f3n de espacio y luz a cualquier dormitorio. Esta superficie no solo es est\u00e9ticamente agradable, sino tambi\u00e9n pr\u00e1ctica, ya que es f\u00e1cil de limpiar y mantener, y resiste las manchas y los ara\u00f1azos.<\/p><\/div><\/div><div class=\"wp-block-columns are-vertically-aligned-center is-layout-flex wp-container-core-columns-is-layout-2 wp-block-columns-is-layout-flex\"><div class=\"wp-block-column is-vertically-aligned-center is-layout-flow wp-block-column-is-layout-flow\"><h3 class=\"wp-block-heading\"><strong><strong>Configuraci\u00f3n espacial:<\/strong><\/strong><\/h3>\n\n<p>Estos armarios est\u00e1n meticulosamente dise\u00f1ados con un mecanismo de puertas batientes que facilita al m\u00e1ximo el acceso. En el interior, los armarios est\u00e1n equipados con una cuidada disposici\u00f3n de estantes, barras y cajones, que permite una organizaci\u00f3n \u00f3ptima de la ropa y los accesorios. La configuraci\u00f3n es adaptable, adecuada para satisfacer diversas necesidades y preferencias de almacenamiento.<\/p>\n\n<h3 class=\"wp-block-heading\"><strong><strong>Materiales y artesan\u00eda:<\/strong><\/strong><\/h3>\n\n<p>Fabricados en melamina de primera calidad, estos armarios ofrecen durabilidad y un acabado exquisito, reflejo de un alto nivel de artesan\u00eda. El material es robusto y garantiza la longevidad y la resistencia al desgaste diario, por lo que resulta ideal tanto para hogares ajetreados como para retiros tranquilos.<\/p><\/div>\n\n<div class=\"wp-block-column is-vertically-aligned-center is-layout-flow wp-block-column-is-layout-flow\"><figure class=\"wp-block-image size-full\"><img decoding=\"async\" width=\"850\" height=\"478\" src=\"https:\/\/www.www.www.www.yidakitchen.com\/wp-content\/uploads\/2025\/04\/modern-gallery-cream-melamine-hinged-wardrobes-3-850x478-1.avif?wsr\" alt=\"\" class=\"wp-image-1594\" srcset=\"https:\/\/www.yidakitchen.com\/wp-content\/uploads\/2025\/04\/modern-gallery-cream-melamine-hinged-wardrobes-3-850x478-1.avif 850w, https:\/\/www.yidakitchen.com\/wp-content\/uploads\/2025\/04\/modern-gallery-cream-melamine-hinged-wardrobes-3-850x478-1-300x169.avif 300w, https:\/\/www.yidakitchen.com\/wp-content\/uploads\/2025\/04\/modern-gallery-cream-melamine-hinged-wardrobes-3-850x478-1-768x432.avif 768w, https:\/\/www.yidakitchen.com\/wp-content\/uploads\/2025\/04\/modern-gallery-cream-melamine-hinged-wardrobes-3-850x478-1-600x337.avif 600w\" sizes=\"(max-width: 850px) 100vw, 850px\" \/><\/figure><\/div><\/div><div class=\"wp-block-columns are-vertically-aligned-center is-layout-flex wp-container-core-columns-is-layout-3 wp-block-columns-is-layout-flex\"><div class=\"wp-block-column is-vertically-aligned-center is-layout-flow wp-block-column-is-layout-flow\"><figure class=\"wp-block-image size-full\"><img decoding=\"async\" width=\"850\" height=\"478\" src=\"https:\/\/www.www.www.www.yidakitchen.com\/wp-content\/uploads\/2025\/04\/modern-gallery-cream-melamine-hinged-wardrobes-2-850x478-1.avif?wsr\" alt=\"\" class=\"wp-image-1597\" srcset=\"https:\/\/www.yidakitchen.com\/wp-content\/uploads\/2025\/04\/modern-gallery-cream-melamine-hinged-wardrobes-2-850x478-1.avif 850w, https:\/\/www.yidakitchen.com\/wp-content\/uploads\/2025\/04\/modern-gallery-cream-melamine-hinged-wardrobes-2-850x478-1-300x169.avif 300w, https:\/\/www.yidakitchen.com\/wp-content\/uploads\/2025\/04\/modern-gallery-cream-melamine-hinged-wardrobes-2-850x478-1-768x432.avif 768w, https:\/\/www.yidakitchen.com\/wp-content\/uploads\/2025\/04\/modern-gallery-cream-melamine-hinged-wardrobes-2-850x478-1-600x337.avif 600w\" sizes=\"(max-width: 850px) 100vw, 850px\" \/><\/figure><\/div>\n\n<div class=\"wp-block-column is-vertically-aligned-center is-layout-flow wp-block-column-is-layout-flow\"><h3 class=\"wp-block-heading\"><strong><strong>Funcionalidad y ergonom\u00eda:<\/strong><\/strong><\/h3>\n\n<p>Los armarios abatibles de melamina crema de Modern Gallery se han dise\u00f1ado pensando en la experiencia del usuario. Las puertas con bisagras proporcionan un acceso completo al contenido, simplificando el almacenamiento y la recuperaci\u00f3n de art\u00edculos. La distribuci\u00f3n interna est\u00e1 dise\u00f1ada para acomodar una gran variedad de art\u00edculos de forma eficiente, desde voluminosos jers\u00e9is hasta delicadas sedas, garantizando que todo est\u00e9 perfectamente organizado y sea f\u00e1cilmente accesible.<\/p><\/div><\/div><p><\/p>","protected":false},"excerpt":{"rendered":"<p>Design Concept: The Modern Gallery Cream Melamine Hinged Wardrobes capture the essence of minimalist design paired with functional elegance. These wardrobes feature a soft cream hue that brightens any room, creating a peaceful and inviting atmosphere. The design is streamlined to emphasize a clean, uncluttered look, which harmonizes beautifully with various interior styles. Color Palette [&hellip;]<\/p>","protected":false},"featured_media":1592,"template":"","meta":[],"product_brand":[],"product_cat":[25],"product_tag":[],"class_list":{"0":"post-1590","1":"product","2":"type-product","3":"status-publish","4":"has-post-thumbnail","6":"product_cat-bedroom-closet","8":"first","9":"instock","10":"shipping-taxable","11":"product-type-simple"},"yoast_head":"<!-- This site is optimized with the Yoast SEO Premium plugin v25.0 (Yoast SEO v25.0) - https:\/\/yoast.com\/wordpress\/plugins\/seo\/ -->\n<title>Modern Gallery Cream Melamine Hinged Wardrobes - YIDA Kitchen<\/title>\n<meta name=\"robots\" content=\"index, follow, max-snippet:-1, max-image-preview:large, max-video-preview:-1\" \/>\n<link rel=\"canonical\" href=\"https:\/\/www.yidakitchen.com\/es\/producto\/modern-gallery-cream-melamine-hinged-wardrobes\/\" \/>\n<meta property=\"og:locale\" content=\"es_MX\" \/>\n<meta property=\"og:type\" content=\"article\" \/>\n<meta property=\"og:title\" content=\"Modern Gallery Cream Melamine Hinged Wardrobes\" \/>\n<meta property=\"og:description\" content=\"Design Concept: The Modern Gallery Cream Melamine Hinged Wardrobes capture the essence of minimalist design paired with functional elegance. These wardrobes feature a soft cream hue that brightens any room, creating a peaceful and inviting atmosphere. The design is streamlined to emphasize a clean, uncluttered look, which harmonizes beautifully with various interior styles. Color Palette [&hellip;]\" \/>\n<meta property=\"og:url\" content=\"https:\/\/www.yidakitchen.com\/es\/producto\/modern-gallery-cream-melamine-hinged-wardrobes\/\" \/>\n<meta property=\"og:site_name\" content=\"YIDA Kitchen\" \/>\n<meta property=\"article:modified_time\" content=\"2025-04-25T09:08:01+00:00\" \/>\n<meta name=\"twitter:card\" content=\"summary_large_image\" \/>\n<meta name=\"twitter:label1\" content=\"Price\" \/>\n\t<meta name=\"twitter:data1\" content=\"\" \/>\n\t<meta name=\"twitter:label2\" content=\"Availability\" \/>\n\t<meta name=\"twitter:data2\" content=\"In stock\" \/>\n<script type=\"application\/ld+json\" class=\"yoast-schema-graph\">{\"@context\":\"https:\/\/schema.org\",\"@graph\":[{\"@type\":\"WebPage\",\"@id\":\"https:\/\/www.yidakitchen.com\/product\/modern-gallery-cream-melamine-hinged-wardrobes\/\",\"url\":\"https:\/\/www.yidakitchen.com\/product\/modern-gallery-cream-melamine-hinged-wardrobes\/\",\"name\":\"Modern Gallery Cream Melamine Hinged Wardrobes - YIDA Kitchen\",\"isPartOf\":{\"@id\":\"https:\/\/www.yidakitchen.com\/#website\"},\"primaryImageOfPage\":{\"@id\":\"https:\/\/www.yidakitchen.com\/product\/modern-gallery-cream-melamine-hinged-wardrobes\/#primaryimage\"},\"image\":{\"@id\":\"https:\/\/www.yidakitchen.com\/product\/modern-gallery-cream-melamine-hinged-wardrobes\/#primaryimage\"},\"thumbnailUrl\":\"https:\/\/www.yidakitchen.com\/wp-content\/uploads\/2025\/04\/modern-gallery-cream-melamine-hinged-wardrobes-1.avif?wsr\",\"datePublished\":\"2025-04-25T09:06:33+00:00\",\"dateModified\":\"2025-04-25T09:08:01+00:00\",\"breadcrumb\":{\"@id\":\"https:\/\/www.yidakitchen.com\/product\/modern-gallery-cream-melamine-hinged-wardrobes\/#breadcrumb\"},\"inLanguage\":\"es\",\"potentialAction\":[{\"@type\":\"ReadAction\",\"target\":[\"https:\/\/www.yidakitchen.com\/product\/modern-gallery-cream-melamine-hinged-wardrobes\/\"]}]},{\"@type\":\"ImageObject\",\"inLanguage\":\"es\",\"@id\":\"https:\/\/www.yidakitchen.com\/product\/modern-gallery-cream-melamine-hinged-wardrobes\/#primaryimage\",\"url\":\"https:\/\/www.yidakitchen.com\/wp-content\/uploads\/2025\/04\/modern-gallery-cream-melamine-hinged-wardrobes-1.avif?wsr\",\"contentUrl\":\"https:\/\/www.yidakitchen.com\/wp-content\/uploads\/2025\/04\/modern-gallery-cream-melamine-hinged-wardrobes-1.avif?wsr\",\"width\":2000,\"height\":1125},{\"@type\":\"BreadcrumbList\",\"@id\":\"https:\/\/www.yidakitchen.com\/product\/modern-gallery-cream-melamine-hinged-wardrobes\/#breadcrumb\",\"itemListElement\":[{\"@type\":\"ListItem\",\"position\":1,\"name\":\"Home\",\"item\":\"https:\/\/www.yidakitchen.com\/\"},{\"@type\":\"ListItem\",\"position\":2,\"name\":\"Products\",\"item\":\"https:\/\/www.yidakitchen.com\/shop\/\"},{\"@type\":\"ListItem\",\"position\":3,\"name\":\"Modern Gallery Cream Melamine Hinged Wardrobes\"}]},{\"@type\":\"WebSite\",\"@id\":\"https:\/\/www.yidakitchen.com\/#website\",\"url\":\"https:\/\/www.yidakitchen.com\/\",\"name\":\"YIDA Kitchen\",\"description\":\"Kitchen Cabinets Custom Manufacturer from China\",\"publisher\":{\"@id\":\"https:\/\/www.yidakitchen.com\/#organization\"},\"potentialAction\":[{\"@type\":\"SearchAction\",\"target\":{\"@type\":\"EntryPoint\",\"urlTemplate\":\"https:\/\/www.yidakitchen.com\/?s={search_term_string}\"},\"query-input\":{\"@type\":\"PropertyValueSpecification\",\"valueRequired\":true,\"valueName\":\"search_term_string\"}}],\"inLanguage\":\"es\"},{\"@type\":\"Organization\",\"@id\":\"https:\/\/www.yidakitchen.com\/#organization\",\"name\":\"YIDA Kitchen\",\"url\":\"https:\/\/www.yidakitchen.com\/\",\"logo\":{\"@type\":\"ImageObject\",\"inLanguage\":\"es\",\"@id\":\"https:\/\/www.yidakitchen.com\/#\/schema\/logo\/image\/\",\"url\":\"https:\/\/www.yidakitchen.com\/wp-content\/uploads\/2025\/04\/logo.png?wsr\",\"contentUrl\":\"https:\/\/www.yidakitchen.com\/wp-content\/uploads\/2025\/04\/logo.png?wsr\",\"width\":1763,\"height\":951,\"caption\":\"YIDA Kitchen\"},\"image\":{\"@id\":\"https:\/\/www.yidakitchen.com\/#\/schema\/logo\/image\/\"}}]}<\/script>\n<meta property=\"product:price:amount\" content=\"0.00\" \/>\n<meta property=\"product:price:currency\" content=\"USD\" \/>\n<meta property=\"og:availability\" content=\"instock\" \/>\n<meta property=\"product:availability\" content=\"instock\" \/>\n<meta property=\"product:condition\" content=\"new\" \/>\n<!-- \/ Yoast SEO Premium plugin. -->","yoast_head_json":{"title":"Modern Gallery Cream Melamine Hinged Wardrobes - YIDA Kitchen","robots":{"index":"index","follow":"follow","max-snippet":"max-snippet:-1","max-image-preview":"max-image-preview:large","max-video-preview":"max-video-preview:-1"},"canonical":"https:\/\/www.yidakitchen.com\/es\/producto\/modern-gallery-cream-melamine-hinged-wardrobes\/","og_locale":"es_MX","og_type":"article","og_title":"Modern Gallery Cream Melamine Hinged Wardrobes","og_description":"Design Concept: The Modern Gallery Cream Melamine Hinged Wardrobes capture the essence of minimalist design paired with functional elegance. These wardrobes feature a soft cream hue that brightens any room, creating a peaceful and inviting atmosphere. The design is streamlined to emphasize a clean, uncluttered look, which harmonizes beautifully with various interior styles. Color Palette [&hellip;]","og_url":"https:\/\/www.yidakitchen.com\/es\/producto\/modern-gallery-cream-melamine-hinged-wardrobes\/","og_site_name":"YIDA Kitchen","article_modified_time":"2025-04-25T09:08:01+00:00","twitter_card":"summary_large_image","twitter_misc":{"Price":"","Availability":"In stock"},"schema":{"@context":"https:\/\/schema.org","@graph":[{"@type":"WebPage","@id":"https:\/\/www.yidakitchen.com\/product\/modern-gallery-cream-melamine-hinged-wardrobes\/","url":"https:\/\/www.yidakitchen.com\/product\/modern-gallery-cream-melamine-hinged-wardrobes\/","name":"Modern Gallery Cream Melamine Hinged Wardrobes - YIDA Kitchen","isPartOf":{"@id":"https:\/\/www.yidakitchen.com\/#website"},"primaryImageOfPage":{"@id":"https:\/\/www.yidakitchen.com\/product\/modern-gallery-cream-melamine-hinged-wardrobes\/#primaryimage"},"image":{"@id":"https:\/\/www.yidakitchen.com\/product\/modern-gallery-cream-melamine-hinged-wardrobes\/#primaryimage"},"thumbnailUrl":"https:\/\/www.yidakitchen.com\/wp-content\/uploads\/2025\/04\/modern-gallery-cream-melamine-hinged-wardrobes-1.avif?wsr","datePublished":"2025-04-25T09:06:33+00:00","dateModified":"2025-04-25T09:08:01+00:00","breadcrumb":{"@id":"https:\/\/www.yidakitchen.com\/product\/modern-gallery-cream-melamine-hinged-wardrobes\/#breadcrumb"},"inLanguage":"es","potentialAction":[{"@type":"ReadAction","target":["https:\/\/www.yidakitchen.com\/product\/modern-gallery-cream-melamine-hinged-wardrobes\/"]}]},{"@type":"ImageObject","inLanguage":"es","@id":"https:\/\/www.yidakitchen.com\/product\/modern-gallery-cream-melamine-hinged-wardrobes\/#primaryimage","url":"https:\/\/www.yidakitchen.com\/wp-content\/uploads\/2025\/04\/modern-gallery-cream-melamine-hinged-wardrobes-1.avif?wsr","contentUrl":"https:\/\/www.yidakitchen.com\/wp-content\/uploads\/2025\/04\/modern-gallery-cream-melamine-hinged-wardrobes-1.avif?wsr","width":2000,"height":1125},{"@type":"BreadcrumbList","@id":"https:\/\/www.yidakitchen.com\/product\/modern-gallery-cream-melamine-hinged-wardrobes\/#breadcrumb","itemListElement":[{"@type":"ListItem","position":1,"name":"Home","item":"https:\/\/www.yidakitchen.com\/"},{"@type":"ListItem","position":2,"name":"Products","item":"https:\/\/www.yidakitchen.com\/shop\/"},{"@type":"ListItem","position":3,"name":"Modern Gallery Cream Melamine Hinged Wardrobes"}]},{"@type":"WebSite","@id":"https:\/\/www.yidakitchen.com\/#website","url":"https:\/\/www.yidakitchen.com\/","name":"Cocina YIDA","description":"Armarios de cocina a medida Fabricante de China","publisher":{"@id":"https:\/\/www.yidakitchen.com\/#organization"},"potentialAction":[{"@type":"SearchAction","target":{"@type":"EntryPoint","urlTemplate":"https:\/\/www.yidakitchen.com\/?s={search_term_string}"},"query-input":{"@type":"PropertyValueSpecification","valueRequired":true,"valueName":"search_term_string"}}],"inLanguage":"es"},{"@type":"Organization","@id":"https:\/\/www.yidakitchen.com\/#organization","name":"Cocina YIDA","url":"https:\/\/www.yidakitchen.com\/","logo":{"@type":"ImageObject","inLanguage":"es","@id":"https:\/\/www.yidakitchen.com\/#\/schema\/logo\/image\/","url":"https:\/\/www.yidakitchen.com\/wp-content\/uploads\/2025\/04\/logo.png?wsr","contentUrl":"https:\/\/www.yidakitchen.com\/wp-content\/uploads\/2025\/04\/logo.png?wsr","width":1763,"height":951,"caption":"YIDA Kitchen"},"image":{"@id":"https:\/\/www.yidakitchen.com\/#\/schema\/logo\/image\/"}}]},"product_price_amount":"0.00","product_price_currency":"USD","og_availability":"instock","product_availability":"instock","product_condition":"new"},"_links":{"self":[{"href":"https:\/\/www.yidakitchen.com\/es\/wp-json\/wp\/v2\/product\/1590","targetHints":{"allow":["GET"]}}],"collection":[{"href":"https:\/\/www.yidakitchen.com\/es\/wp-json\/wp\/v2\/product"}],"about":[{"href":"https:\/\/www.yidakitchen.com\/es\/wp-json\/wp\/v2\/types\/product"}],"wp:featuredmedia":[{"embeddable":true,"href":"https:\/\/www.yidakitchen.com\/es\/wp-json\/wp\/v2\/media\/1592"}],"wp:attachment":[{"href":"https:\/\/www.yidakitchen.com\/es\/wp-json\/wp\/v2\/media?parent=1590"}],"wp:term":[{"taxonomy":"product_brand","embeddable":true,"href":"https:\/\/www.yidakitchen.com\/es\/wp-json\/wp\/v2\/product_brand?post=1590"},{"taxonomy":"product_cat","embeddable":true,"href":"https:\/\/www.yidakitchen.com\/es\/wp-json\/wp\/v2\/product_cat?post=1590"},{"taxonomy":"product_tag","embeddable":true,"href":"https:\/\/www.yidakitchen.com\/es\/wp-json\/wp\/v2\/product_tag?post=1590"}],"curies":[{"name":"wp","href":"https:\/\/api.w.org\/{rel}","templated":true}]}}