{"id":1586,"date":"2025-04-25T09:04:49","date_gmt":"2025-04-25T09:04:49","guid":{"rendered":"https:\/\/yidakitchen.com\/?post_type=product&#038;p=1586"},"modified":"2025-04-25T09:06:02","modified_gmt":"2025-04-25T09:06:02","slug":"modern-cream-pvc-hinged-wardrobe","status":"publish","type":"product","link":"https:\/\/www.yidakitchen.com\/es\/producto\/modern-cream-pvc-hinged-wardrobe\/","title":{"rendered":"Armario moderno con bisagras de PVC en color crema"},"content":{"rendered":"<p><a href=\"https:\/\/www.yidakitchen.com\/es\/\"><\/a><\/p><div class=\"wp-block-columns is-layout-flex wp-container-core-columns-is-layout-1 wp-block-columns-is-layout-flex\"><div class=\"wp-block-column is-vertically-aligned-center is-layout-flow wp-block-column-is-layout-flow\"><figure class=\"wp-block-image size-full\"><img fetchpriority=\"high\" decoding=\"async\" width=\"1280\" height=\"960\" src=\"https:\/\/www.www.www.www.yidakitchen.com\/wp-content\/uploads\/2025\/04\/modern-cream-pvc-hinged-wardrobe-1-1.avif?wsr\" alt=\"\" class=\"wp-image-1587\" srcset=\"https:\/\/www.yidakitchen.com\/wp-content\/uploads\/2025\/04\/modern-cream-pvc-hinged-wardrobe-1-1.avif 1280w, https:\/\/www.yidakitchen.com\/wp-content\/uploads\/2025\/04\/modern-cream-pvc-hinged-wardrobe-1-1-300x225.avif 300w, https:\/\/www.yidakitchen.com\/wp-content\/uploads\/2025\/04\/modern-cream-pvc-hinged-wardrobe-1-1-1024x768.avif 1024w, https:\/\/www.yidakitchen.com\/wp-content\/uploads\/2025\/04\/modern-cream-pvc-hinged-wardrobe-1-1-768x576.avif 768w, https:\/\/www.yidakitchen.com\/wp-content\/uploads\/2025\/04\/modern-cream-pvc-hinged-wardrobe-1-1-600x450.avif 600w\" sizes=\"(max-width: 1280px) 100vw, 1280px\" \/><\/figure><\/div>\n\n<div class=\"wp-block-column is-vertically-aligned-center is-layout-flow wp-block-column-is-layout-flow\"><h3 class=\"wp-block-heading\"><strong><strong>Concepto de dise\u00f1o:<\/strong><\/strong><\/h3>\n\n<p>El armario moderno con bisagras de PVC en color crema est\u00e1 dise\u00f1ado para aportar un aspecto fresco y contempor\u00e1neo a cualquier dormitorio. Su dise\u00f1o aerodin\u00e1mico y su acabado neutro en color crema garantizan que combine a la perfecci\u00f3n con diversos estilos de decoraci\u00f3n, desde los m\u00e1s minimalistas a los m\u00e1s tradicionales.<\/p>\n\n<h3 class=\"wp-block-heading\"><strong><strong>Paleta de colores y tratamiento de superficies:<\/strong><\/strong><\/h3>\n\n<p>El acabado crema del armario ofrece una sensaci\u00f3n de ligereza y ligereza que puede hacer que las habitaciones peque\u00f1as parezcan m\u00e1s grandes y luminosas. El material de PVC utilizado es duradero y f\u00e1cil de limpiar, lo que lo convierte en una opci\u00f3n pr\u00e1ctica para el uso diario. Proporciona una textura suave que complementa su dise\u00f1o sencillo pero elegante.<\/p><\/div><\/div><div class=\"wp-block-columns are-vertically-aligned-center is-layout-flex wp-container-core-columns-is-layout-2 wp-block-columns-is-layout-flex\"><div class=\"wp-block-column is-vertically-aligned-center is-layout-flow wp-block-column-is-layout-flow\"><h3 class=\"wp-block-heading\"><strong><strong>Configuraci\u00f3n espacial:<\/strong><\/strong><\/h3>\n\n<p>Este armario cuenta con un pr\u00e1ctico dise\u00f1o de puerta con bisagras que facilita el acceso a su contenido. En el interior, el armario est\u00e1 equipado con amplias soluciones de almacenamiento, incluyendo barras para colgar, estantes y, posiblemente, cajones, que ayudan a mantener la ropa y los accesorios organizados y f\u00e1cilmente accesibles.<\/p>\n\n<h3 class=\"wp-block-heading\"><strong><strong>Materiales y artesan\u00eda:<\/strong><\/strong><\/h3>\n\n<p>Fabricado en PVC de alta calidad, el armario est\u00e1 hecho para durar, al tiempo que mantiene un perfil ligero y resistente a la humedad. La artesan\u00eda se centra en ofrecer un producto que no solo sea funcional, sino tambi\u00e9n est\u00e9ticamente agradable, con atenci\u00f3n al detalle en cada uni\u00f3n y accesorio.<\/p><\/div>\n\n<div class=\"wp-block-column is-vertically-aligned-center is-layout-flow wp-block-column-is-layout-flow\"><figure class=\"wp-block-image size-full\"><img decoding=\"async\" width=\"1280\" height=\"960\" src=\"https:\/\/www.www.www.www.yidakitchen.com\/wp-content\/uploads\/2025\/04\/modern-cream-pvc-hinged-wardrobe-1.avif?wsr\" alt=\"\" class=\"wp-image-1588\" srcset=\"https:\/\/www.yidakitchen.com\/wp-content\/uploads\/2025\/04\/modern-cream-pvc-hinged-wardrobe-1.avif 1280w, https:\/\/www.yidakitchen.com\/wp-content\/uploads\/2025\/04\/modern-cream-pvc-hinged-wardrobe-1-300x225.avif 300w, https:\/\/www.yidakitchen.com\/wp-content\/uploads\/2025\/04\/modern-cream-pvc-hinged-wardrobe-1-1024x768.avif 1024w, https:\/\/www.yidakitchen.com\/wp-content\/uploads\/2025\/04\/modern-cream-pvc-hinged-wardrobe-1-768x576.avif 768w, https:\/\/www.yidakitchen.com\/wp-content\/uploads\/2025\/04\/modern-cream-pvc-hinged-wardrobe-1-600x450.avif 600w\" sizes=\"(max-width: 1280px) 100vw, 1280px\" \/><\/figure><\/div><\/div><div class=\"wp-block-columns are-vertically-aligned-center is-layout-flex wp-container-core-columns-is-layout-3 wp-block-columns-is-layout-flex\"><div class=\"wp-block-column is-vertically-aligned-center is-layout-flow wp-block-column-is-layout-flow\"><figure class=\"wp-block-image size-full\"><img decoding=\"async\" width=\"850\" height=\"638\" src=\"https:\/\/www.www.www.www.yidakitchen.com\/wp-content\/uploads\/2025\/04\/modern-cream-pvc-hinged-wardrobe-1-850x638-1.avif?wsr\" alt=\"\" class=\"wp-image-1589\" srcset=\"https:\/\/www.yidakitchen.com\/wp-content\/uploads\/2025\/04\/modern-cream-pvc-hinged-wardrobe-1-850x638-1.avif 850w, https:\/\/www.yidakitchen.com\/wp-content\/uploads\/2025\/04\/modern-cream-pvc-hinged-wardrobe-1-850x638-1-300x225.avif 300w, https:\/\/www.yidakitchen.com\/wp-content\/uploads\/2025\/04\/modern-cream-pvc-hinged-wardrobe-1-850x638-1-768x576.avif 768w, https:\/\/www.yidakitchen.com\/wp-content\/uploads\/2025\/04\/modern-cream-pvc-hinged-wardrobe-1-850x638-1-600x450.avif 600w\" sizes=\"(max-width: 850px) 100vw, 850px\" \/><\/figure><\/div>\n\n<div class=\"wp-block-column is-vertically-aligned-center is-layout-flow wp-block-column-is-layout-flow\"><h3 class=\"wp-block-heading\"><strong><strong>Funcionalidad y ergonom\u00eda:<\/strong><\/strong><\/h3>\n\n<p>El mecanismo de las puertas batientes del Armario Plegable de PVC Crema Moderno permite que las puertas se abran completamente, proporcionando una visibilidad clara y un f\u00e1cil acceso a todas las zonas del armario. Esta caracter\u00edstica de dise\u00f1o es especialmente beneficiosa para maximizar la usabilidad del espacio y mejorar la interacci\u00f3n del usuario con su armario en el d\u00eda a d\u00eda.<\/p><\/div><\/div><p><\/p>","protected":false},"excerpt":{"rendered":"<p>Design Concept: The Modern Cream PVC Hinged Wardrobe is designed to bring a fresh, contemporary look to any bedroom setting. Its streamlined design and neutral cream finish ensure that it blends seamlessly with various decor styles, from minimalist to more traditional themes. Color Palette and Surface Treatment: The wardrobe\u2019s cream finish offers a light, airy [&hellip;]<\/p>","protected":false},"featured_media":1589,"template":"","meta":[],"product_brand":[],"product_cat":[25],"product_tag":[],"class_list":{"0":"post-1586","1":"product","2":"type-product","3":"status-publish","4":"has-post-thumbnail","6":"product_cat-bedroom-closet","8":"first","9":"instock","10":"shipping-taxable","11":"product-type-simple"},"yoast_head":"<!-- This site is optimized with the Yoast SEO Premium plugin v25.0 (Yoast SEO v25.0) - https:\/\/yoast.com\/wordpress\/plugins\/seo\/ -->\n<title>Modern Cream PVC Hinged Wardrobe - YIDA Kitchen<\/title>\n<meta name=\"robots\" content=\"index, follow, max-snippet:-1, max-image-preview:large, max-video-preview:-1\" \/>\n<link rel=\"canonical\" href=\"https:\/\/www.yidakitchen.com\/es\/producto\/modern-cream-pvc-hinged-wardrobe\/\" \/>\n<meta property=\"og:locale\" content=\"es_MX\" \/>\n<meta property=\"og:type\" content=\"article\" \/>\n<meta property=\"og:title\" content=\"Modern Cream PVC Hinged Wardrobe\" \/>\n<meta property=\"og:description\" content=\"Design Concept: The Modern Cream PVC Hinged Wardrobe is designed to bring a fresh, contemporary look to any bedroom setting. Its streamlined design and neutral cream finish ensure that it blends seamlessly with various decor styles, from minimalist to more traditional themes. Color Palette and Surface Treatment: The wardrobe\u2019s cream finish offers a light, airy [&hellip;]\" \/>\n<meta property=\"og:url\" content=\"https:\/\/www.yidakitchen.com\/es\/producto\/modern-cream-pvc-hinged-wardrobe\/\" \/>\n<meta property=\"og:site_name\" content=\"YIDA Kitchen\" \/>\n<meta property=\"article:modified_time\" content=\"2025-04-25T09:06:02+00:00\" \/>\n<meta name=\"twitter:card\" content=\"summary_large_image\" \/>\n<meta name=\"twitter:label1\" content=\"Price\" \/>\n\t<meta name=\"twitter:data1\" content=\"\" \/>\n\t<meta name=\"twitter:label2\" content=\"Availability\" \/>\n\t<meta name=\"twitter:data2\" content=\"In stock\" \/>\n<script type=\"application\/ld+json\" class=\"yoast-schema-graph\">{\"@context\":\"https:\/\/schema.org\",\"@graph\":[{\"@type\":\"WebPage\",\"@id\":\"https:\/\/www.yidakitchen.com\/product\/modern-cream-pvc-hinged-wardrobe\/\",\"url\":\"https:\/\/www.yidakitchen.com\/product\/modern-cream-pvc-hinged-wardrobe\/\",\"name\":\"Modern Cream PVC Hinged Wardrobe - YIDA Kitchen\",\"isPartOf\":{\"@id\":\"https:\/\/www.yidakitchen.com\/#website\"},\"primaryImageOfPage\":{\"@id\":\"https:\/\/www.yidakitchen.com\/product\/modern-cream-pvc-hinged-wardrobe\/#primaryimage\"},\"image\":{\"@id\":\"https:\/\/www.yidakitchen.com\/product\/modern-cream-pvc-hinged-wardrobe\/#primaryimage\"},\"thumbnailUrl\":\"https:\/\/www.yidakitchen.com\/wp-content\/uploads\/2025\/04\/modern-cream-pvc-hinged-wardrobe-1-850x638-1.avif?wsr\",\"datePublished\":\"2025-04-25T09:04:49+00:00\",\"dateModified\":\"2025-04-25T09:06:02+00:00\",\"breadcrumb\":{\"@id\":\"https:\/\/www.yidakitchen.com\/product\/modern-cream-pvc-hinged-wardrobe\/#breadcrumb\"},\"inLanguage\":\"es\",\"potentialAction\":[{\"@type\":\"ReadAction\",\"target\":[\"https:\/\/www.yidakitchen.com\/product\/modern-cream-pvc-hinged-wardrobe\/\"]}]},{\"@type\":\"ImageObject\",\"inLanguage\":\"es\",\"@id\":\"https:\/\/www.yidakitchen.com\/product\/modern-cream-pvc-hinged-wardrobe\/#primaryimage\",\"url\":\"https:\/\/www.yidakitchen.com\/wp-content\/uploads\/2025\/04\/modern-cream-pvc-hinged-wardrobe-1-850x638-1.avif?wsr\",\"contentUrl\":\"https:\/\/www.yidakitchen.com\/wp-content\/uploads\/2025\/04\/modern-cream-pvc-hinged-wardrobe-1-850x638-1.avif?wsr\",\"width\":850,\"height\":638},{\"@type\":\"BreadcrumbList\",\"@id\":\"https:\/\/www.yidakitchen.com\/product\/modern-cream-pvc-hinged-wardrobe\/#breadcrumb\",\"itemListElement\":[{\"@type\":\"ListItem\",\"position\":1,\"name\":\"Home\",\"item\":\"https:\/\/www.yidakitchen.com\/\"},{\"@type\":\"ListItem\",\"position\":2,\"name\":\"Products\",\"item\":\"https:\/\/www.yidakitchen.com\/shop\/\"},{\"@type\":\"ListItem\",\"position\":3,\"name\":\"Modern Cream PVC Hinged Wardrobe\"}]},{\"@type\":\"WebSite\",\"@id\":\"https:\/\/www.yidakitchen.com\/#website\",\"url\":\"https:\/\/www.yidakitchen.com\/\",\"name\":\"YIDA Kitchen\",\"description\":\"Kitchen Cabinets Custom Manufacturer from China\",\"publisher\":{\"@id\":\"https:\/\/www.yidakitchen.com\/#organization\"},\"potentialAction\":[{\"@type\":\"SearchAction\",\"target\":{\"@type\":\"EntryPoint\",\"urlTemplate\":\"https:\/\/www.yidakitchen.com\/?s={search_term_string}\"},\"query-input\":{\"@type\":\"PropertyValueSpecification\",\"valueRequired\":true,\"valueName\":\"search_term_string\"}}],\"inLanguage\":\"es\"},{\"@type\":\"Organization\",\"@id\":\"https:\/\/www.yidakitchen.com\/#organization\",\"name\":\"YIDA Kitchen\",\"url\":\"https:\/\/www.yidakitchen.com\/\",\"logo\":{\"@type\":\"ImageObject\",\"inLanguage\":\"es\",\"@id\":\"https:\/\/www.yidakitchen.com\/#\/schema\/logo\/image\/\",\"url\":\"https:\/\/www.yidakitchen.com\/wp-content\/uploads\/2025\/04\/logo.png?wsr\",\"contentUrl\":\"https:\/\/www.yidakitchen.com\/wp-content\/uploads\/2025\/04\/logo.png?wsr\",\"width\":1763,\"height\":951,\"caption\":\"YIDA Kitchen\"},\"image\":{\"@id\":\"https:\/\/www.yidakitchen.com\/#\/schema\/logo\/image\/\"}}]}<\/script>\n<meta property=\"product:price:amount\" content=\"0.00\" \/>\n<meta property=\"product:price:currency\" content=\"USD\" \/>\n<meta property=\"og:availability\" content=\"instock\" \/>\n<meta property=\"product:availability\" content=\"instock\" \/>\n<meta property=\"product:condition\" content=\"new\" \/>\n<!-- \/ Yoast SEO Premium plugin. -->","yoast_head_json":{"title":"Modern Cream PVC Hinged Wardrobe - YIDA Kitchen","robots":{"index":"index","follow":"follow","max-snippet":"max-snippet:-1","max-image-preview":"max-image-preview:large","max-video-preview":"max-video-preview:-1"},"canonical":"https:\/\/www.yidakitchen.com\/es\/producto\/modern-cream-pvc-hinged-wardrobe\/","og_locale":"es_MX","og_type":"article","og_title":"Modern Cream PVC Hinged Wardrobe","og_description":"Design Concept: The Modern Cream PVC Hinged Wardrobe is designed to bring a fresh, contemporary look to any bedroom setting. Its streamlined design and neutral cream finish ensure that it blends seamlessly with various decor styles, from minimalist to more traditional themes. Color Palette and Surface Treatment: The wardrobe\u2019s cream finish offers a light, airy [&hellip;]","og_url":"https:\/\/www.yidakitchen.com\/es\/producto\/modern-cream-pvc-hinged-wardrobe\/","og_site_name":"YIDA Kitchen","article_modified_time":"2025-04-25T09:06:02+00:00","twitter_card":"summary_large_image","twitter_misc":{"Price":"","Availability":"In stock"},"schema":{"@context":"https:\/\/schema.org","@graph":[{"@type":"WebPage","@id":"https:\/\/www.yidakitchen.com\/product\/modern-cream-pvc-hinged-wardrobe\/","url":"https:\/\/www.yidakitchen.com\/product\/modern-cream-pvc-hinged-wardrobe\/","name":"Modern Cream PVC Hinged Wardrobe - YIDA Kitchen","isPartOf":{"@id":"https:\/\/www.yidakitchen.com\/#website"},"primaryImageOfPage":{"@id":"https:\/\/www.yidakitchen.com\/product\/modern-cream-pvc-hinged-wardrobe\/#primaryimage"},"image":{"@id":"https:\/\/www.yidakitchen.com\/product\/modern-cream-pvc-hinged-wardrobe\/#primaryimage"},"thumbnailUrl":"https:\/\/www.yidakitchen.com\/wp-content\/uploads\/2025\/04\/modern-cream-pvc-hinged-wardrobe-1-850x638-1.avif?wsr","datePublished":"2025-04-25T09:04:49+00:00","dateModified":"2025-04-25T09:06:02+00:00","breadcrumb":{"@id":"https:\/\/www.yidakitchen.com\/product\/modern-cream-pvc-hinged-wardrobe\/#breadcrumb"},"inLanguage":"es","potentialAction":[{"@type":"ReadAction","target":["https:\/\/www.yidakitchen.com\/product\/modern-cream-pvc-hinged-wardrobe\/"]}]},{"@type":"ImageObject","inLanguage":"es","@id":"https:\/\/www.yidakitchen.com\/product\/modern-cream-pvc-hinged-wardrobe\/#primaryimage","url":"https:\/\/www.yidakitchen.com\/wp-content\/uploads\/2025\/04\/modern-cream-pvc-hinged-wardrobe-1-850x638-1.avif?wsr","contentUrl":"https:\/\/www.yidakitchen.com\/wp-content\/uploads\/2025\/04\/modern-cream-pvc-hinged-wardrobe-1-850x638-1.avif?wsr","width":850,"height":638},{"@type":"BreadcrumbList","@id":"https:\/\/www.yidakitchen.com\/product\/modern-cream-pvc-hinged-wardrobe\/#breadcrumb","itemListElement":[{"@type":"ListItem","position":1,"name":"Home","item":"https:\/\/www.yidakitchen.com\/"},{"@type":"ListItem","position":2,"name":"Products","item":"https:\/\/www.yidakitchen.com\/shop\/"},{"@type":"ListItem","position":3,"name":"Modern Cream PVC Hinged Wardrobe"}]},{"@type":"WebSite","@id":"https:\/\/www.yidakitchen.com\/#website","url":"https:\/\/www.yidakitchen.com\/","name":"Cocina YIDA","description":"Armarios de cocina a medida Fabricante de China","publisher":{"@id":"https:\/\/www.yidakitchen.com\/#organization"},"potentialAction":[{"@type":"SearchAction","target":{"@type":"EntryPoint","urlTemplate":"https:\/\/www.yidakitchen.com\/?s={search_term_string}"},"query-input":{"@type":"PropertyValueSpecification","valueRequired":true,"valueName":"search_term_string"}}],"inLanguage":"es"},{"@type":"Organization","@id":"https:\/\/www.yidakitchen.com\/#organization","name":"Cocina YIDA","url":"https:\/\/www.yidakitchen.com\/","logo":{"@type":"ImageObject","inLanguage":"es","@id":"https:\/\/www.yidakitchen.com\/#\/schema\/logo\/image\/","url":"https:\/\/www.yidakitchen.com\/wp-content\/uploads\/2025\/04\/logo.png?wsr","contentUrl":"https:\/\/www.yidakitchen.com\/wp-content\/uploads\/2025\/04\/logo.png?wsr","width":1763,"height":951,"caption":"YIDA Kitchen"},"image":{"@id":"https:\/\/www.yidakitchen.com\/#\/schema\/logo\/image\/"}}]},"product_price_amount":"0.00","product_price_currency":"USD","og_availability":"instock","product_availability":"instock","product_condition":"new"},"_links":{"self":[{"href":"https:\/\/www.yidakitchen.com\/es\/wp-json\/wp\/v2\/product\/1586","targetHints":{"allow":["GET"]}}],"collection":[{"href":"https:\/\/www.yidakitchen.com\/es\/wp-json\/wp\/v2\/product"}],"about":[{"href":"https:\/\/www.yidakitchen.com\/es\/wp-json\/wp\/v2\/types\/product"}],"wp:featuredmedia":[{"embeddable":true,"href":"https:\/\/www.yidakitchen.com\/es\/wp-json\/wp\/v2\/media\/1589"}],"wp:attachment":[{"href":"https:\/\/www.yidakitchen.com\/es\/wp-json\/wp\/v2\/media?parent=1586"}],"wp:term":[{"taxonomy":"product_brand","embeddable":true,"href":"https:\/\/www.yidakitchen.com\/es\/wp-json\/wp\/v2\/product_brand?post=1586"},{"taxonomy":"product_cat","embeddable":true,"href":"https:\/\/www.yidakitchen.com\/es\/wp-json\/wp\/v2\/product_cat?post=1586"},{"taxonomy":"product_tag","embeddable":true,"href":"https:\/\/www.yidakitchen.com\/es\/wp-json\/wp\/v2\/product_tag?post=1586"}],"curies":[{"name":"wp","href":"https:\/\/api.w.org\/{rel}","templated":true}]}}