{"id":1577,"date":"2025-04-25T09:03:24","date_gmt":"2025-04-25T09:03:24","guid":{"rendered":"https:\/\/www.yidakitchen.com\/?post_type=product&#038;p=1577"},"modified":"2025-10-22T07:11:37","modified_gmt":"2025-10-22T07:11:37","slug":"carb-p2-certified-engineering-cabinets-meet-saudi-environmental-quality-standards","status":"publish","type":"product","link":"https:\/\/www.yidakitchen.com\/es\/producto\/carb-p2-certified-engineering-cabinets-meet-saudi-environmental-quality-standards\/","title":{"rendered":"Armarios de ingenier\u00eda con certificaci\u00f3n CARB P2 - Cumplen las normas medioambientales y de calidad saud\u00edes"},"content":{"rendered":"<div class=\"wp-block-columns is-layout-flex wp-container-core-columns-is-layout-1 wp-block-columns-is-layout-flex\"><div class=\"wp-block-column is-vertically-aligned-center is-layout-flow wp-block-column-is-layout-flow\"><figure class=\"wp-block-image size-full\"><img fetchpriority=\"high\" decoding=\"async\" width=\"850\" height=\"638\" src=\"https:\/\/www.yidakitchen.com\/wp-content\/uploads\/2025\/04\/Glossy-White-Cabinets-for-Welcoming-Kitchen-Atmospheres-2.jpg\" alt=\"\" class=\"wp-image-1584\" srcset=\"https:\/\/www.yidakitchen.com\/wp-content\/uploads\/2025\/04\/Glossy-White-Cabinets-for-Welcoming-Kitchen-Atmospheres-2.jpg 850w, https:\/\/www.yidakitchen.com\/wp-content\/uploads\/2025\/04\/Glossy-White-Cabinets-for-Welcoming-Kitchen-Atmospheres-2-300x225.jpg 300w, https:\/\/www.yidakitchen.com\/wp-content\/uploads\/2025\/04\/Glossy-White-Cabinets-for-Welcoming-Kitchen-Atmospheres-2-768x576.jpg 768w, https:\/\/www.yidakitchen.com\/wp-content\/uploads\/2025\/04\/Glossy-White-Cabinets-for-Welcoming-Kitchen-Atmospheres-2-600x450.jpg 600w\" sizes=\"(max-width: 850px) 100vw, 850px\" \/><\/figure><\/div>\n\n<div class=\"wp-block-column is-vertically-aligned-center is-layout-flow wp-block-column-is-layout-flow\"><h3 class=\"wp-block-heading\"><strong>Concepto de dise\u00f1o<\/strong><\/h3>\n\n<p>Estos armarios blancos brillantes destacan un dise\u00f1o minimalista pero funcional. Las l\u00edneas limpias y la integraci\u00f3n perfecta optimizan el uso del espacio, creando una cocina despejada y visualmente atractiva. La disposici\u00f3n en forma de U garantiza la m\u00e1xima eficiencia de almacenamiento y espacio de trabajo, a la vez que encaja a la perfecci\u00f3n en interiores de viviendas modernas, minimalistas o contempor\u00e1neas.<\/p>\n\n<h3 class=\"wp-block-heading\"><strong>Paleta de colores y tratamiento de superficies<\/strong><\/h3>\n\n<p>El acabado blanco brillante aporta un aspecto elegante y de alta gama, a la vez que refleja la luz para iluminar la estancia. Este tratamiento de la superficie no s\u00f3lo mejora la est\u00e9tica de la cocina, sino que tambi\u00e9n resiste manchas, ara\u00f1azos y huellas dactilares, garantizando un mantenimiento sin esfuerzo. El tono blanco atemporal lo hace vers\u00e1til, complementando una variedad de paletas de colores.<\/p><\/div><\/div><div class=\"wp-block-columns is-layout-flex wp-container-core-columns-is-layout-2 wp-block-columns-is-layout-flex\"><div class=\"wp-block-column is-vertically-aligned-center is-layout-flow wp-block-column-is-layout-flow\"><h3 class=\"wp-block-heading\"><strong>Configuraci\u00f3n espacial<\/strong><\/h3>\n\n<p>Dise\u00f1ados pensando en las cocinas peque\u00f1as y medianas, los armarios garantizan un uso eficiente de todos los rincones. La isla ofrece espacio de trabajo y almacenamiento adicional a la vez que fomenta un entorno de cocina abierto y social. Estos armarios ofrecen un amplio espacio para utensilios, bater\u00edas de cocina y art\u00edculos de despensa, y se adaptan tanto a configuraciones compactas como espaciosas.<\/p>\n\n<h3 class=\"wp-block-heading\"><strong>Materiales y artesan\u00eda<\/strong><\/h3>\n\n<p>Fabricados con materiales de primera calidad, los armarios son duraderos y ecol\u00f3gicos. Su precisa fabricaci\u00f3n garantiza un acabado impecable y un rendimiento a largo plazo, cumpliendo las normas de calidad internacionales. Esto hace que el producto sea ideal para los mercados de exportaci\u00f3n que buscan soluciones de cocina fiables y de alta calidad.<\/p><\/div>\n\n<div class=\"wp-block-column is-vertically-aligned-center is-layout-flow wp-block-column-is-layout-flow\"><figure class=\"wp-block-image size-full\"><img decoding=\"async\" width=\"850\" height=\"638\" src=\"https:\/\/www.yidakitchen.com\/wp-content\/uploads\/2025\/04\/Glossy-White-Cabinets-for-Welcoming-Kitchen-Atmospheres-3.jpg\" alt=\"\" class=\"wp-image-1583\" srcset=\"https:\/\/www.yidakitchen.com\/wp-content\/uploads\/2025\/04\/Glossy-White-Cabinets-for-Welcoming-Kitchen-Atmospheres-3.jpg 850w, https:\/\/www.yidakitchen.com\/wp-content\/uploads\/2025\/04\/Glossy-White-Cabinets-for-Welcoming-Kitchen-Atmospheres-3-300x225.jpg 300w, https:\/\/www.yidakitchen.com\/wp-content\/uploads\/2025\/04\/Glossy-White-Cabinets-for-Welcoming-Kitchen-Atmospheres-3-768x576.jpg 768w, https:\/\/www.yidakitchen.com\/wp-content\/uploads\/2025\/04\/Glossy-White-Cabinets-for-Welcoming-Kitchen-Atmospheres-3-600x450.jpg 600w\" sizes=\"(max-width: 850px) 100vw, 850px\" \/><\/figure><\/div><\/div><div class=\"wp-block-columns is-layout-flex wp-container-core-columns-is-layout-3 wp-block-columns-is-layout-flex\"><div class=\"wp-block-column is-vertically-aligned-center is-layout-flow wp-block-column-is-layout-flow\"><figure class=\"wp-block-image size-full\"><img decoding=\"async\" width=\"850\" height=\"638\" src=\"https:\/\/www.yidakitchen.com\/wp-content\/uploads\/2025\/04\/Glossy-White-Cabinets-for-Welcoming-Kitchen-Atmospheres-4.jpg\" alt=\"\" class=\"wp-image-1581\" srcset=\"https:\/\/www.yidakitchen.com\/wp-content\/uploads\/2025\/04\/Glossy-White-Cabinets-for-Welcoming-Kitchen-Atmospheres-4.jpg 850w, https:\/\/www.yidakitchen.com\/wp-content\/uploads\/2025\/04\/Glossy-White-Cabinets-for-Welcoming-Kitchen-Atmospheres-4-300x225.jpg 300w, https:\/\/www.yidakitchen.com\/wp-content\/uploads\/2025\/04\/Glossy-White-Cabinets-for-Welcoming-Kitchen-Atmospheres-4-768x576.jpg 768w, https:\/\/www.yidakitchen.com\/wp-content\/uploads\/2025\/04\/Glossy-White-Cabinets-for-Welcoming-Kitchen-Atmospheres-4-600x450.jpg 600w\" sizes=\"(max-width: 850px) 100vw, 850px\" \/><\/figure><\/div>\n\n<div class=\"wp-block-column is-vertically-aligned-center is-layout-flow wp-block-column-is-layout-flow\"><h3 class=\"wp-block-heading\"><strong>Funcionalidad y ergonom\u00eda<\/strong><\/h3>\n\n<p>El dise\u00f1o prioriza la comodidad del usuario con caracter\u00edsticas como cajones de cierre suave, tiradores ergon\u00f3micos y compartimentos de almacenamiento de f\u00e1cil acceso. Estos elementos garantizan una experiencia culinaria c\u00f3moda, segura y sin complicaciones, atendiendo a las necesidades diarias de los propietarios.<\/p><\/div><\/div><p><\/p>","protected":false},"excerpt":{"rendered":"<p>Design Concept These glossy white cabinets emphasize a minimalist yet functional design. The clean lines and seamless integration optimize space use, creating a clutter-free and visually appealing kitchen. The U-shaped layout ensures maximum storage and workspace efficiency while seamlessly fitting into modern, minimalist, or contemporary home interiors. Color Palette and Surface Treatment The glossy white [&hellip;]<\/p>","protected":false},"featured_media":1585,"template":"","meta":[],"product_brand":[],"product_cat":[26,76],"product_tag":[],"class_list":{"0":"post-1577","1":"product","2":"type-product","3":"status-publish","4":"has-post-thumbnail","6":"product_cat-kitchen-cabinets","7":"product_cat-modern-cabinet","9":"first","10":"instock","11":"shipping-taxable","12":"product-type-simple"},"yoast_head":"<!-- This site is optimized with the Yoast SEO Premium plugin v25.0 (Yoast SEO v25.0) - https:\/\/yoast.com\/wordpress\/plugins\/seo\/ -->\n<title>CARB P2 Certified Engineering Cabinets \u2013 Meet Saudi Environmental &amp; Quality Standards - YIDA Kitchen<\/title>\n<meta name=\"robots\" content=\"index, follow, max-snippet:-1, max-image-preview:large, max-video-preview:-1\" \/>\n<link rel=\"canonical\" href=\"https:\/\/www.yidakitchen.com\/es\/producto\/carb-p2-certified-engineering-cabinets-meet-saudi-environmental-quality-standards\/\" \/>\n<meta property=\"og:locale\" content=\"es_MX\" \/>\n<meta property=\"og:type\" content=\"article\" \/>\n<meta property=\"og:title\" content=\"CARB P2 Certified Engineering Cabinets \u2013 Meet Saudi Environmental &amp; Quality Standards\" \/>\n<meta property=\"og:description\" content=\"Design Concept These glossy white cabinets emphasize a minimalist yet functional design. The clean lines and seamless integration optimize space use, creating a clutter-free and visually appealing kitchen. The U-shaped layout ensures maximum storage and workspace efficiency while seamlessly fitting into modern, minimalist, or contemporary home interiors. Color Palette and Surface Treatment The glossy white [&hellip;]\" \/>\n<meta property=\"og:url\" content=\"https:\/\/www.yidakitchen.com\/es\/producto\/carb-p2-certified-engineering-cabinets-meet-saudi-environmental-quality-standards\/\" \/>\n<meta property=\"og:site_name\" content=\"YIDA Kitchen\" \/>\n<meta property=\"article:modified_time\" content=\"2025-10-22T07:11:37+00:00\" \/>\n<meta property=\"og:image\" content=\"https:\/\/www.yidakitchen.com\/wp-content\/uploads\/2025\/04\/Glossy-White-Cabinets-for-Welcoming-Kitchen-Atmospheres-1-1024x768.jpg\" \/>\n\t<meta property=\"og:image:width\" content=\"1024\" \/>\n\t<meta property=\"og:image:height\" content=\"768\" \/>\n\t<meta property=\"og:image:type\" content=\"image\/jpeg\" \/>\n<meta name=\"twitter:card\" content=\"summary_large_image\" \/>\n<meta name=\"twitter:label1\" content=\"Price\" \/>\n\t<meta name=\"twitter:data1\" content=\"\" \/>\n\t<meta name=\"twitter:label2\" content=\"Availability\" \/>\n\t<meta name=\"twitter:data2\" content=\"In stock\" \/>\n<script type=\"application\/ld+json\" class=\"yoast-schema-graph\">{\"@context\":\"https:\/\/schema.org\",\"@graph\":[{\"@type\":\"WebPage\",\"@id\":\"https:\/\/www.yidakitchen.com\/product\/carb-p2-certified-engineering-cabinets-meet-saudi-environmental-quality-standards\/\",\"url\":\"https:\/\/www.yidakitchen.com\/product\/carb-p2-certified-engineering-cabinets-meet-saudi-environmental-quality-standards\/\",\"name\":\"CARB P2 Certified Engineering Cabinets \u2013 Meet Saudi Environmental & Quality Standards - YIDA Kitchen\",\"isPartOf\":{\"@id\":\"https:\/\/www.yidakitchen.com\/#website\"},\"primaryImageOfPage\":{\"@id\":\"https:\/\/www.yidakitchen.com\/product\/carb-p2-certified-engineering-cabinets-meet-saudi-environmental-quality-standards\/#primaryimage\"},\"image\":{\"@id\":\"https:\/\/www.yidakitchen.com\/product\/carb-p2-certified-engineering-cabinets-meet-saudi-environmental-quality-standards\/#primaryimage\"},\"thumbnailUrl\":\"https:\/\/www.yidakitchen.com\/wp-content\/uploads\/2025\/04\/Glossy-White-Cabinets-for-Welcoming-Kitchen-Atmospheres-1.jpg?wsr\",\"datePublished\":\"2025-04-25T09:03:24+00:00\",\"dateModified\":\"2025-10-22T07:11:37+00:00\",\"breadcrumb\":{\"@id\":\"https:\/\/www.yidakitchen.com\/product\/carb-p2-certified-engineering-cabinets-meet-saudi-environmental-quality-standards\/#breadcrumb\"},\"inLanguage\":\"es\",\"potentialAction\":[{\"@type\":\"ReadAction\",\"target\":[\"https:\/\/www.yidakitchen.com\/product\/carb-p2-certified-engineering-cabinets-meet-saudi-environmental-quality-standards\/\"]}]},{\"@type\":\"ImageObject\",\"inLanguage\":\"es\",\"@id\":\"https:\/\/www.yidakitchen.com\/product\/carb-p2-certified-engineering-cabinets-meet-saudi-environmental-quality-standards\/#primaryimage\",\"url\":\"https:\/\/www.yidakitchen.com\/wp-content\/uploads\/2025\/04\/Glossy-White-Cabinets-for-Welcoming-Kitchen-Atmospheres-1.jpg?wsr\",\"contentUrl\":\"https:\/\/www.yidakitchen.com\/wp-content\/uploads\/2025\/04\/Glossy-White-Cabinets-for-Welcoming-Kitchen-Atmospheres-1.jpg?wsr\",\"width\":2560,\"height\":1920},{\"@type\":\"BreadcrumbList\",\"@id\":\"https:\/\/www.yidakitchen.com\/product\/carb-p2-certified-engineering-cabinets-meet-saudi-environmental-quality-standards\/#breadcrumb\",\"itemListElement\":[{\"@type\":\"ListItem\",\"position\":1,\"name\":\"Home\",\"item\":\"https:\/\/www.yidakitchen.com\/\"},{\"@type\":\"ListItem\",\"position\":2,\"name\":\"Products\",\"item\":\"https:\/\/www.yidakitchen.com\/shop\/\"},{\"@type\":\"ListItem\",\"position\":3,\"name\":\"CARB P2 Certified Engineering Cabinets \u2013 Meet Saudi Environmental &#038; Quality Standards\"}]},{\"@type\":\"WebSite\",\"@id\":\"https:\/\/www.yidakitchen.com\/#website\",\"url\":\"https:\/\/www.yidakitchen.com\/\",\"name\":\"YIDA Kitchen\",\"description\":\"Kitchen Cabinets Custom Manufacturer from China\",\"publisher\":{\"@id\":\"https:\/\/www.yidakitchen.com\/#organization\"},\"potentialAction\":[{\"@type\":\"SearchAction\",\"target\":{\"@type\":\"EntryPoint\",\"urlTemplate\":\"https:\/\/www.yidakitchen.com\/?s={search_term_string}\"},\"query-input\":{\"@type\":\"PropertyValueSpecification\",\"valueRequired\":true,\"valueName\":\"search_term_string\"}}],\"inLanguage\":\"es\"},{\"@type\":\"Organization\",\"@id\":\"https:\/\/www.yidakitchen.com\/#organization\",\"name\":\"YIDA Kitchen\",\"url\":\"https:\/\/www.yidakitchen.com\/\",\"logo\":{\"@type\":\"ImageObject\",\"inLanguage\":\"es\",\"@id\":\"https:\/\/www.yidakitchen.com\/#\/schema\/logo\/image\/\",\"url\":\"https:\/\/www.yidakitchen.com\/wp-content\/uploads\/2025\/04\/logo.png?wsr\",\"contentUrl\":\"https:\/\/www.yidakitchen.com\/wp-content\/uploads\/2025\/04\/logo.png?wsr\",\"width\":1763,\"height\":951,\"caption\":\"YIDA Kitchen\"},\"image\":{\"@id\":\"https:\/\/www.yidakitchen.com\/#\/schema\/logo\/image\/\"}}]}<\/script>\n<meta property=\"product:price:amount\" content=\"0.00\" \/>\n<meta property=\"product:price:currency\" content=\"USD\" \/>\n<meta property=\"og:availability\" content=\"instock\" \/>\n<meta property=\"product:availability\" content=\"instock\" \/>\n<meta property=\"product:condition\" content=\"new\" \/>\n<!-- \/ Yoast SEO Premium plugin. -->","yoast_head_json":{"title":"CARB P2 Certified Engineering Cabinets \u2013 Meet Saudi Environmental & Quality Standards - YIDA Kitchen","robots":{"index":"index","follow":"follow","max-snippet":"max-snippet:-1","max-image-preview":"max-image-preview:large","max-video-preview":"max-video-preview:-1"},"canonical":"https:\/\/www.yidakitchen.com\/es\/producto\/carb-p2-certified-engineering-cabinets-meet-saudi-environmental-quality-standards\/","og_locale":"es_MX","og_type":"article","og_title":"CARB P2 Certified Engineering Cabinets \u2013 Meet Saudi Environmental & Quality Standards","og_description":"Design Concept These glossy white cabinets emphasize a minimalist yet functional design. The clean lines and seamless integration optimize space use, creating a clutter-free and visually appealing kitchen. The U-shaped layout ensures maximum storage and workspace efficiency while seamlessly fitting into modern, minimalist, or contemporary home interiors. Color Palette and Surface Treatment The glossy white [&hellip;]","og_url":"https:\/\/www.yidakitchen.com\/es\/producto\/carb-p2-certified-engineering-cabinets-meet-saudi-environmental-quality-standards\/","og_site_name":"YIDA Kitchen","article_modified_time":"2025-10-22T07:11:37+00:00","og_image":[{"width":1024,"height":768,"url":"https:\/\/www.yidakitchen.com\/wp-content\/uploads\/2025\/04\/Glossy-White-Cabinets-for-Welcoming-Kitchen-Atmospheres-1-1024x768.jpg","type":"image\/jpeg"}],"twitter_card":"summary_large_image","twitter_misc":{"Price":"","Availability":"In stock"},"schema":{"@context":"https:\/\/schema.org","@graph":[{"@type":"WebPage","@id":"https:\/\/www.yidakitchen.com\/product\/carb-p2-certified-engineering-cabinets-meet-saudi-environmental-quality-standards\/","url":"https:\/\/www.yidakitchen.com\/product\/carb-p2-certified-engineering-cabinets-meet-saudi-environmental-quality-standards\/","name":"CARB P2 Certified Engineering Cabinets \u2013 Meet Saudi Environmental & Quality Standards - YIDA Kitchen","isPartOf":{"@id":"https:\/\/www.yidakitchen.com\/#website"},"primaryImageOfPage":{"@id":"https:\/\/www.yidakitchen.com\/product\/carb-p2-certified-engineering-cabinets-meet-saudi-environmental-quality-standards\/#primaryimage"},"image":{"@id":"https:\/\/www.yidakitchen.com\/product\/carb-p2-certified-engineering-cabinets-meet-saudi-environmental-quality-standards\/#primaryimage"},"thumbnailUrl":"https:\/\/www.yidakitchen.com\/wp-content\/uploads\/2025\/04\/Glossy-White-Cabinets-for-Welcoming-Kitchen-Atmospheres-1.jpg?wsr","datePublished":"2025-04-25T09:03:24+00:00","dateModified":"2025-10-22T07:11:37+00:00","breadcrumb":{"@id":"https:\/\/www.yidakitchen.com\/product\/carb-p2-certified-engineering-cabinets-meet-saudi-environmental-quality-standards\/#breadcrumb"},"inLanguage":"es","potentialAction":[{"@type":"ReadAction","target":["https:\/\/www.yidakitchen.com\/product\/carb-p2-certified-engineering-cabinets-meet-saudi-environmental-quality-standards\/"]}]},{"@type":"ImageObject","inLanguage":"es","@id":"https:\/\/www.yidakitchen.com\/product\/carb-p2-certified-engineering-cabinets-meet-saudi-environmental-quality-standards\/#primaryimage","url":"https:\/\/www.yidakitchen.com\/wp-content\/uploads\/2025\/04\/Glossy-White-Cabinets-for-Welcoming-Kitchen-Atmospheres-1.jpg?wsr","contentUrl":"https:\/\/www.yidakitchen.com\/wp-content\/uploads\/2025\/04\/Glossy-White-Cabinets-for-Welcoming-Kitchen-Atmospheres-1.jpg?wsr","width":2560,"height":1920},{"@type":"BreadcrumbList","@id":"https:\/\/www.yidakitchen.com\/product\/carb-p2-certified-engineering-cabinets-meet-saudi-environmental-quality-standards\/#breadcrumb","itemListElement":[{"@type":"ListItem","position":1,"name":"Home","item":"https:\/\/www.yidakitchen.com\/"},{"@type":"ListItem","position":2,"name":"Products","item":"https:\/\/www.yidakitchen.com\/shop\/"},{"@type":"ListItem","position":3,"name":"CARB P2 Certified Engineering Cabinets \u2013 Meet Saudi Environmental &#038; Quality Standards"}]},{"@type":"WebSite","@id":"https:\/\/www.yidakitchen.com\/#website","url":"https:\/\/www.yidakitchen.com\/","name":"Cocina YIDA","description":"Armarios de cocina a medida Fabricante de China","publisher":{"@id":"https:\/\/www.yidakitchen.com\/#organization"},"potentialAction":[{"@type":"SearchAction","target":{"@type":"EntryPoint","urlTemplate":"https:\/\/www.yidakitchen.com\/?s={search_term_string}"},"query-input":{"@type":"PropertyValueSpecification","valueRequired":true,"valueName":"search_term_string"}}],"inLanguage":"es"},{"@type":"Organization","@id":"https:\/\/www.yidakitchen.com\/#organization","name":"Cocina YIDA","url":"https:\/\/www.yidakitchen.com\/","logo":{"@type":"ImageObject","inLanguage":"es","@id":"https:\/\/www.yidakitchen.com\/#\/schema\/logo\/image\/","url":"https:\/\/www.yidakitchen.com\/wp-content\/uploads\/2025\/04\/logo.png?wsr","contentUrl":"https:\/\/www.yidakitchen.com\/wp-content\/uploads\/2025\/04\/logo.png?wsr","width":1763,"height":951,"caption":"YIDA Kitchen"},"image":{"@id":"https:\/\/www.yidakitchen.com\/#\/schema\/logo\/image\/"}}]},"product_price_amount":"0.00","product_price_currency":"USD","og_availability":"instock","product_availability":"instock","product_condition":"new"},"_links":{"self":[{"href":"https:\/\/www.yidakitchen.com\/es\/wp-json\/wp\/v2\/product\/1577","targetHints":{"allow":["GET"]}}],"collection":[{"href":"https:\/\/www.yidakitchen.com\/es\/wp-json\/wp\/v2\/product"}],"about":[{"href":"https:\/\/www.yidakitchen.com\/es\/wp-json\/wp\/v2\/types\/product"}],"wp:featuredmedia":[{"embeddable":true,"href":"https:\/\/www.yidakitchen.com\/es\/wp-json\/wp\/v2\/media\/1585"}],"wp:attachment":[{"href":"https:\/\/www.yidakitchen.com\/es\/wp-json\/wp\/v2\/media?parent=1577"}],"wp:term":[{"taxonomy":"product_brand","embeddable":true,"href":"https:\/\/www.yidakitchen.com\/es\/wp-json\/wp\/v2\/product_brand?post=1577"},{"taxonomy":"product_cat","embeddable":true,"href":"https:\/\/www.yidakitchen.com\/es\/wp-json\/wp\/v2\/product_cat?post=1577"},{"taxonomy":"product_tag","embeddable":true,"href":"https:\/\/www.yidakitchen.com\/es\/wp-json\/wp\/v2\/product_tag?post=1577"}],"curies":[{"name":"wp","href":"https:\/\/api.w.org\/{rel}","templated":true}]}}