{"id":1571,"date":"2025-04-25T09:01:16","date_gmt":"2025-04-25T09:01:16","guid":{"rendered":"https:\/\/yidakitchen.com\/?post_type=product&#038;p=1571"},"modified":"2025-04-25T09:02:31","modified_gmt":"2025-04-25T09:02:31","slug":"modern-black-lacquer-sliding-door-wardrobe-with-glass-doors","status":"publish","type":"product","link":"https:\/\/www.yidakitchen.com\/es\/producto\/modern-black-lacquer-sliding-door-wardrobe-with-glass-doors\/","title":{"rendered":"Armario moderno lacado negro con puertas correderas y puertas de cristal"},"content":{"rendered":"<p><a href=\"https:\/\/www.yidakitchen.com\/es\/\"><\/a><\/p><div class=\"wp-block-columns is-layout-flex wp-container-core-columns-is-layout-1 wp-block-columns-is-layout-flex\"><div class=\"wp-block-column is-vertically-aligned-center is-layout-flow wp-block-column-is-layout-flow\"><figure class=\"wp-block-image size-full\"><img fetchpriority=\"high\" decoding=\"async\" width=\"1280\" height=\"720\" src=\"https:\/\/www.www.www.www.yidakitchen.com\/wp-content\/uploads\/2025\/04\/modern-black-lacquer-sliding-door-wardrobe-with-glass-doors-2-1.avif?wsr\" alt=\"\" class=\"wp-image-1573\" srcset=\"https:\/\/www.yidakitchen.com\/wp-content\/uploads\/2025\/04\/modern-black-lacquer-sliding-door-wardrobe-with-glass-doors-2-1.avif 1280w, https:\/\/www.yidakitchen.com\/wp-content\/uploads\/2025\/04\/modern-black-lacquer-sliding-door-wardrobe-with-glass-doors-2-1-300x169.avif 300w, https:\/\/www.yidakitchen.com\/wp-content\/uploads\/2025\/04\/modern-black-lacquer-sliding-door-wardrobe-with-glass-doors-2-1-1024x576.avif 1024w, https:\/\/www.yidakitchen.com\/wp-content\/uploads\/2025\/04\/modern-black-lacquer-sliding-door-wardrobe-with-glass-doors-2-1-768x432.avif 768w, https:\/\/www.yidakitchen.com\/wp-content\/uploads\/2025\/04\/modern-black-lacquer-sliding-door-wardrobe-with-glass-doors-2-1-600x338.avif 600w\" sizes=\"(max-width: 1280px) 100vw, 1280px\" \/><\/figure><\/div>\n\n<div class=\"wp-block-column is-vertically-aligned-center is-layout-flow wp-block-column-is-layout-flow\"><h3 class=\"wp-block-heading\"><strong><strong>Concepto de dise\u00f1o:<\/strong><\/strong><\/h3>\n\n<p>Nuestro moderno armario de puertas correderas lacado en negro con puertas de cristal personifica la fusi\u00f3n de elegancia y modernidad. Este armario cuenta con un llamativo acabado en lacado negro junto con puertas de cristal que ofrecen una visi\u00f3n en el interior bien organizado, por lo que es una pieza destacada en cualquier dormitorio moderno.<\/p>\n\n<h3 class=\"wp-block-heading\"><strong><strong>Paleta de colores y tratamiento de superficies:<\/strong><\/strong><\/h3>\n\n<p>El acabado lacado en negro del armario proporciona una textura profunda y rica que llama la atenci\u00f3n a la vez que combina sin esfuerzo con otros elementos decorativos. Los paneles de cristal se incorporan a las puertas correderas para realzar el atractivo visual y hacer que el contenido sea f\u00e1cilmente visible, a\u00f1adiendo funcionalidad y elegancia.<\/p><\/div><\/div><div class=\"wp-block-columns are-vertically-aligned-center is-layout-flex wp-container-core-columns-is-layout-2 wp-block-columns-is-layout-flex\"><div class=\"wp-block-column is-vertically-aligned-center is-layout-flow wp-block-column-is-layout-flow\"><h3 class=\"wp-block-heading\"><strong><strong>Configuraci\u00f3n espacial:<\/strong><\/strong><\/h3>\n\n<p>Dise\u00f1ado pensando en la eficiencia del espacio, el mecanismo de la puerta corredera permite un f\u00e1cil acceso sin necesidad de espacio adicional para el paso de la puerta. La distribuci\u00f3n interior est\u00e1 cuidadosamente pensada con una combinaci\u00f3n de espacios para colgar, estantes y cajones, lo que facilita el almacenamiento organizado de una amplia gama de prendas y accesorios.<\/p>\n\n<h3 class=\"wp-block-heading\"><strong><strong>Materiales y artesan\u00eda:<\/strong><\/strong><\/h3>\n\n<p>Construido con materiales de alta calidad, el robusto armario est\u00e1 pensado para durar. El lacado negro se aplica cuidadosamente para garantizar un acabado suave y duradero que resiste los ara\u00f1azos y la decoloraci\u00f3n. Las puertas de cristal son de vidrio templado de seguridad, que es a la vez elegante y resistente.<\/p><\/div>\n\n<div class=\"wp-block-column is-vertically-aligned-center is-layout-flow wp-block-column-is-layout-flow\"><figure class=\"wp-block-image size-full\"><img decoding=\"async\" width=\"1280\" height=\"720\" src=\"https:\/\/www.www.www.www.yidakitchen.com\/wp-content\/uploads\/2025\/04\/modern-black-lacquer-sliding-door-wardrobe-with-glass-doors-2.avif?wsr\" alt=\"\" class=\"wp-image-1574\" srcset=\"https:\/\/www.yidakitchen.com\/wp-content\/uploads\/2025\/04\/modern-black-lacquer-sliding-door-wardrobe-with-glass-doors-2.avif 1280w, https:\/\/www.yidakitchen.com\/wp-content\/uploads\/2025\/04\/modern-black-lacquer-sliding-door-wardrobe-with-glass-doors-2-300x169.avif 300w, https:\/\/www.yidakitchen.com\/wp-content\/uploads\/2025\/04\/modern-black-lacquer-sliding-door-wardrobe-with-glass-doors-2-1024x576.avif 1024w, https:\/\/www.yidakitchen.com\/wp-content\/uploads\/2025\/04\/modern-black-lacquer-sliding-door-wardrobe-with-glass-doors-2-768x432.avif 768w, https:\/\/www.yidakitchen.com\/wp-content\/uploads\/2025\/04\/modern-black-lacquer-sliding-door-wardrobe-with-glass-doors-2-600x338.avif 600w\" sizes=\"(max-width: 1280px) 100vw, 1280px\" \/><\/figure><\/div><\/div><div class=\"wp-block-columns are-vertically-aligned-center is-layout-flex wp-container-core-columns-is-layout-3 wp-block-columns-is-layout-flex\"><div class=\"wp-block-column is-vertically-aligned-center is-layout-flow wp-block-column-is-layout-flow\"><figure class=\"wp-block-image size-full\"><img decoding=\"async\" width=\"850\" height=\"638\" src=\"https:\/\/www.www.www.www.yidakitchen.com\/wp-content\/uploads\/2025\/04\/modern-black-lacquer-sliding-door-wardrobe-with-glass-doors-1-850x638-1-1.avif?wsr\" alt=\"\" class=\"wp-image-1575\" srcset=\"https:\/\/www.yidakitchen.com\/wp-content\/uploads\/2025\/04\/modern-black-lacquer-sliding-door-wardrobe-with-glass-doors-1-850x638-1-1.avif 850w, https:\/\/www.yidakitchen.com\/wp-content\/uploads\/2025\/04\/modern-black-lacquer-sliding-door-wardrobe-with-glass-doors-1-850x638-1-1-300x225.avif 300w, https:\/\/www.yidakitchen.com\/wp-content\/uploads\/2025\/04\/modern-black-lacquer-sliding-door-wardrobe-with-glass-doors-1-850x638-1-1-768x576.avif 768w, https:\/\/www.yidakitchen.com\/wp-content\/uploads\/2025\/04\/modern-black-lacquer-sliding-door-wardrobe-with-glass-doors-1-850x638-1-1-600x450.avif 600w\" sizes=\"(max-width: 850px) 100vw, 850px\" \/><\/figure><\/div>\n\n<div class=\"wp-block-column is-vertically-aligned-center is-layout-flow wp-block-column-is-layout-flow\"><h3 class=\"wp-block-heading\"><strong><strong>Funcionalidad y ergonom\u00eda:<\/strong><\/strong><\/h3>\n\n<p>Este dise\u00f1o de armario prioriza la funcionalidad con su puerta corredera, que no s\u00f3lo ahorra espacio, sino que tambi\u00e9n proporciona una experiencia de uso sin complicaciones. El dise\u00f1o ergon\u00f3mico garantiza que todas las zonas del armario sean accesibles, lo que facilita mantener sus pertenencias organizadas y al alcance de la mano. La incorporaci\u00f3n de puertas de cristal mejora la usabilidad al permitirle ver el contenido sin abrir las puertas, lo que resulta especialmente \u00fatil para las ma\u00f1anas ajetreadas.<\/p><\/div><\/div><p><\/p>","protected":false},"excerpt":{"rendered":"<p>Design Concept: Our Modern Black Lacquer Sliding Door Wardrobe with Glass Doors epitomizes the fusion of elegance and modernity. This wardrobe features a striking black lacquer finish paired with glass doors that offer a glimpse into the neatly organized interior, making it a standout piece in any modern bedroom. Color Palette and Surface Treatment: The [&hellip;]<\/p>","protected":false},"featured_media":1572,"template":"","meta":[],"product_brand":[],"product_cat":[25],"product_tag":[],"class_list":{"0":"post-1571","1":"product","2":"type-product","3":"status-publish","4":"has-post-thumbnail","6":"product_cat-bedroom-closet","8":"first","9":"instock","10":"shipping-taxable","11":"product-type-simple"},"yoast_head":"<!-- This site is optimized with the Yoast SEO Premium plugin v25.0 (Yoast SEO v25.0) - https:\/\/yoast.com\/wordpress\/plugins\/seo\/ -->\n<title>Modern Black Lacquer Sliding Door Wardrobe With Glass Doors - YIDA Kitchen<\/title>\n<meta name=\"robots\" content=\"index, follow, max-snippet:-1, max-image-preview:large, max-video-preview:-1\" \/>\n<link rel=\"canonical\" href=\"https:\/\/www.yidakitchen.com\/es\/producto\/modern-black-lacquer-sliding-door-wardrobe-with-glass-doors\/\" \/>\n<meta property=\"og:locale\" content=\"es_MX\" \/>\n<meta property=\"og:type\" content=\"article\" \/>\n<meta property=\"og:title\" content=\"Modern Black Lacquer Sliding Door Wardrobe With Glass Doors\" \/>\n<meta property=\"og:description\" content=\"Design Concept: Our Modern Black Lacquer Sliding Door Wardrobe with Glass Doors epitomizes the fusion of elegance and modernity. This wardrobe features a striking black lacquer finish paired with glass doors that offer a glimpse into the neatly organized interior, making it a standout piece in any modern bedroom. Color Palette and Surface Treatment: The [&hellip;]\" \/>\n<meta property=\"og:url\" content=\"https:\/\/www.yidakitchen.com\/es\/producto\/modern-black-lacquer-sliding-door-wardrobe-with-glass-doors\/\" \/>\n<meta property=\"og:site_name\" content=\"YIDA Kitchen\" \/>\n<meta property=\"article:modified_time\" content=\"2025-04-25T09:02:31+00:00\" \/>\n<meta name=\"twitter:card\" content=\"summary_large_image\" \/>\n<meta name=\"twitter:label1\" content=\"Price\" \/>\n\t<meta name=\"twitter:data1\" content=\"\" \/>\n\t<meta name=\"twitter:label2\" content=\"Availability\" \/>\n\t<meta name=\"twitter:data2\" content=\"In stock\" \/>\n<script type=\"application\/ld+json\" class=\"yoast-schema-graph\">{\"@context\":\"https:\/\/schema.org\",\"@graph\":[{\"@type\":\"WebPage\",\"@id\":\"https:\/\/www.yidakitchen.com\/product\/modern-black-lacquer-sliding-door-wardrobe-with-glass-doors\/\",\"url\":\"https:\/\/www.yidakitchen.com\/product\/modern-black-lacquer-sliding-door-wardrobe-with-glass-doors\/\",\"name\":\"Modern Black Lacquer Sliding Door Wardrobe With Glass Doors - YIDA Kitchen\",\"isPartOf\":{\"@id\":\"https:\/\/www.yidakitchen.com\/#website\"},\"primaryImageOfPage\":{\"@id\":\"https:\/\/www.yidakitchen.com\/product\/modern-black-lacquer-sliding-door-wardrobe-with-glass-doors\/#primaryimage\"},\"image\":{\"@id\":\"https:\/\/www.yidakitchen.com\/product\/modern-black-lacquer-sliding-door-wardrobe-with-glass-doors\/#primaryimage\"},\"thumbnailUrl\":\"https:\/\/www.yidakitchen.com\/wp-content\/uploads\/2025\/04\/modern-black-lacquer-sliding-door-wardrobe-with-glass-doors-1-850x638-1.avif?wsr\",\"datePublished\":\"2025-04-25T09:01:16+00:00\",\"dateModified\":\"2025-04-25T09:02:31+00:00\",\"breadcrumb\":{\"@id\":\"https:\/\/www.yidakitchen.com\/product\/modern-black-lacquer-sliding-door-wardrobe-with-glass-doors\/#breadcrumb\"},\"inLanguage\":\"es\",\"potentialAction\":[{\"@type\":\"ReadAction\",\"target\":[\"https:\/\/www.yidakitchen.com\/product\/modern-black-lacquer-sliding-door-wardrobe-with-glass-doors\/\"]}]},{\"@type\":\"ImageObject\",\"inLanguage\":\"es\",\"@id\":\"https:\/\/www.yidakitchen.com\/product\/modern-black-lacquer-sliding-door-wardrobe-with-glass-doors\/#primaryimage\",\"url\":\"https:\/\/www.yidakitchen.com\/wp-content\/uploads\/2025\/04\/modern-black-lacquer-sliding-door-wardrobe-with-glass-doors-1-850x638-1.avif?wsr\",\"contentUrl\":\"https:\/\/www.yidakitchen.com\/wp-content\/uploads\/2025\/04\/modern-black-lacquer-sliding-door-wardrobe-with-glass-doors-1-850x638-1.avif?wsr\",\"width\":850,\"height\":638},{\"@type\":\"BreadcrumbList\",\"@id\":\"https:\/\/www.yidakitchen.com\/product\/modern-black-lacquer-sliding-door-wardrobe-with-glass-doors\/#breadcrumb\",\"itemListElement\":[{\"@type\":\"ListItem\",\"position\":1,\"name\":\"Home\",\"item\":\"https:\/\/www.yidakitchen.com\/\"},{\"@type\":\"ListItem\",\"position\":2,\"name\":\"Products\",\"item\":\"https:\/\/www.yidakitchen.com\/shop\/\"},{\"@type\":\"ListItem\",\"position\":3,\"name\":\"Modern Black Lacquer Sliding Door Wardrobe With Glass Doors\"}]},{\"@type\":\"WebSite\",\"@id\":\"https:\/\/www.yidakitchen.com\/#website\",\"url\":\"https:\/\/www.yidakitchen.com\/\",\"name\":\"YIDA Kitchen\",\"description\":\"Kitchen Cabinets Custom Manufacturer from China\",\"publisher\":{\"@id\":\"https:\/\/www.yidakitchen.com\/#organization\"},\"potentialAction\":[{\"@type\":\"SearchAction\",\"target\":{\"@type\":\"EntryPoint\",\"urlTemplate\":\"https:\/\/www.yidakitchen.com\/?s={search_term_string}\"},\"query-input\":{\"@type\":\"PropertyValueSpecification\",\"valueRequired\":true,\"valueName\":\"search_term_string\"}}],\"inLanguage\":\"es\"},{\"@type\":\"Organization\",\"@id\":\"https:\/\/www.yidakitchen.com\/#organization\",\"name\":\"YIDA Kitchen\",\"url\":\"https:\/\/www.yidakitchen.com\/\",\"logo\":{\"@type\":\"ImageObject\",\"inLanguage\":\"es\",\"@id\":\"https:\/\/www.yidakitchen.com\/#\/schema\/logo\/image\/\",\"url\":\"https:\/\/www.yidakitchen.com\/wp-content\/uploads\/2025\/04\/logo.png?wsr\",\"contentUrl\":\"https:\/\/www.yidakitchen.com\/wp-content\/uploads\/2025\/04\/logo.png?wsr\",\"width\":1763,\"height\":951,\"caption\":\"YIDA Kitchen\"},\"image\":{\"@id\":\"https:\/\/www.yidakitchen.com\/#\/schema\/logo\/image\/\"}}]}<\/script>\n<meta property=\"product:price:amount\" content=\"0.00\" \/>\n<meta property=\"product:price:currency\" content=\"USD\" \/>\n<meta property=\"og:availability\" content=\"instock\" \/>\n<meta property=\"product:availability\" content=\"instock\" \/>\n<meta property=\"product:condition\" content=\"new\" \/>\n<!-- \/ Yoast SEO Premium plugin. -->","yoast_head_json":{"title":"Modern Black Lacquer Sliding Door Wardrobe With Glass Doors - YIDA Kitchen","robots":{"index":"index","follow":"follow","max-snippet":"max-snippet:-1","max-image-preview":"max-image-preview:large","max-video-preview":"max-video-preview:-1"},"canonical":"https:\/\/www.yidakitchen.com\/es\/producto\/modern-black-lacquer-sliding-door-wardrobe-with-glass-doors\/","og_locale":"es_MX","og_type":"article","og_title":"Modern Black Lacquer Sliding Door Wardrobe With Glass Doors","og_description":"Design Concept: Our Modern Black Lacquer Sliding Door Wardrobe with Glass Doors epitomizes the fusion of elegance and modernity. This wardrobe features a striking black lacquer finish paired with glass doors that offer a glimpse into the neatly organized interior, making it a standout piece in any modern bedroom. Color Palette and Surface Treatment: The [&hellip;]","og_url":"https:\/\/www.yidakitchen.com\/es\/producto\/modern-black-lacquer-sliding-door-wardrobe-with-glass-doors\/","og_site_name":"YIDA Kitchen","article_modified_time":"2025-04-25T09:02:31+00:00","twitter_card":"summary_large_image","twitter_misc":{"Price":"","Availability":"In stock"},"schema":{"@context":"https:\/\/schema.org","@graph":[{"@type":"WebPage","@id":"https:\/\/www.yidakitchen.com\/product\/modern-black-lacquer-sliding-door-wardrobe-with-glass-doors\/","url":"https:\/\/www.yidakitchen.com\/product\/modern-black-lacquer-sliding-door-wardrobe-with-glass-doors\/","name":"Modern Black Lacquer Sliding Door Wardrobe With Glass Doors - YIDA Kitchen","isPartOf":{"@id":"https:\/\/www.yidakitchen.com\/#website"},"primaryImageOfPage":{"@id":"https:\/\/www.yidakitchen.com\/product\/modern-black-lacquer-sliding-door-wardrobe-with-glass-doors\/#primaryimage"},"image":{"@id":"https:\/\/www.yidakitchen.com\/product\/modern-black-lacquer-sliding-door-wardrobe-with-glass-doors\/#primaryimage"},"thumbnailUrl":"https:\/\/www.yidakitchen.com\/wp-content\/uploads\/2025\/04\/modern-black-lacquer-sliding-door-wardrobe-with-glass-doors-1-850x638-1.avif?wsr","datePublished":"2025-04-25T09:01:16+00:00","dateModified":"2025-04-25T09:02:31+00:00","breadcrumb":{"@id":"https:\/\/www.yidakitchen.com\/product\/modern-black-lacquer-sliding-door-wardrobe-with-glass-doors\/#breadcrumb"},"inLanguage":"es","potentialAction":[{"@type":"ReadAction","target":["https:\/\/www.yidakitchen.com\/product\/modern-black-lacquer-sliding-door-wardrobe-with-glass-doors\/"]}]},{"@type":"ImageObject","inLanguage":"es","@id":"https:\/\/www.yidakitchen.com\/product\/modern-black-lacquer-sliding-door-wardrobe-with-glass-doors\/#primaryimage","url":"https:\/\/www.yidakitchen.com\/wp-content\/uploads\/2025\/04\/modern-black-lacquer-sliding-door-wardrobe-with-glass-doors-1-850x638-1.avif?wsr","contentUrl":"https:\/\/www.yidakitchen.com\/wp-content\/uploads\/2025\/04\/modern-black-lacquer-sliding-door-wardrobe-with-glass-doors-1-850x638-1.avif?wsr","width":850,"height":638},{"@type":"BreadcrumbList","@id":"https:\/\/www.yidakitchen.com\/product\/modern-black-lacquer-sliding-door-wardrobe-with-glass-doors\/#breadcrumb","itemListElement":[{"@type":"ListItem","position":1,"name":"Home","item":"https:\/\/www.yidakitchen.com\/"},{"@type":"ListItem","position":2,"name":"Products","item":"https:\/\/www.yidakitchen.com\/shop\/"},{"@type":"ListItem","position":3,"name":"Modern Black Lacquer Sliding Door Wardrobe With Glass Doors"}]},{"@type":"WebSite","@id":"https:\/\/www.yidakitchen.com\/#website","url":"https:\/\/www.yidakitchen.com\/","name":"Cocina YIDA","description":"Armarios de cocina a medida Fabricante de China","publisher":{"@id":"https:\/\/www.yidakitchen.com\/#organization"},"potentialAction":[{"@type":"SearchAction","target":{"@type":"EntryPoint","urlTemplate":"https:\/\/www.yidakitchen.com\/?s={search_term_string}"},"query-input":{"@type":"PropertyValueSpecification","valueRequired":true,"valueName":"search_term_string"}}],"inLanguage":"es"},{"@type":"Organization","@id":"https:\/\/www.yidakitchen.com\/#organization","name":"Cocina YIDA","url":"https:\/\/www.yidakitchen.com\/","logo":{"@type":"ImageObject","inLanguage":"es","@id":"https:\/\/www.yidakitchen.com\/#\/schema\/logo\/image\/","url":"https:\/\/www.yidakitchen.com\/wp-content\/uploads\/2025\/04\/logo.png?wsr","contentUrl":"https:\/\/www.yidakitchen.com\/wp-content\/uploads\/2025\/04\/logo.png?wsr","width":1763,"height":951,"caption":"YIDA Kitchen"},"image":{"@id":"https:\/\/www.yidakitchen.com\/#\/schema\/logo\/image\/"}}]},"product_price_amount":"0.00","product_price_currency":"USD","og_availability":"instock","product_availability":"instock","product_condition":"new"},"_links":{"self":[{"href":"https:\/\/www.yidakitchen.com\/es\/wp-json\/wp\/v2\/product\/1571","targetHints":{"allow":["GET"]}}],"collection":[{"href":"https:\/\/www.yidakitchen.com\/es\/wp-json\/wp\/v2\/product"}],"about":[{"href":"https:\/\/www.yidakitchen.com\/es\/wp-json\/wp\/v2\/types\/product"}],"wp:featuredmedia":[{"embeddable":true,"href":"https:\/\/www.yidakitchen.com\/es\/wp-json\/wp\/v2\/media\/1572"}],"wp:attachment":[{"href":"https:\/\/www.yidakitchen.com\/es\/wp-json\/wp\/v2\/media?parent=1571"}],"wp:term":[{"taxonomy":"product_brand","embeddable":true,"href":"https:\/\/www.yidakitchen.com\/es\/wp-json\/wp\/v2\/product_brand?post=1571"},{"taxonomy":"product_cat","embeddable":true,"href":"https:\/\/www.yidakitchen.com\/es\/wp-json\/wp\/v2\/product_cat?post=1571"},{"taxonomy":"product_tag","embeddable":true,"href":"https:\/\/www.yidakitchen.com\/es\/wp-json\/wp\/v2\/product_tag?post=1571"}],"curies":[{"name":"wp","href":"https:\/\/api.w.org\/{rel}","templated":true}]}}