{"id":1492,"date":"2025-04-25T08:38:40","date_gmt":"2025-04-25T08:38:40","guid":{"rendered":"https:\/\/yidakitchen.com\/?post_type=product&#038;p=1492"},"modified":"2025-04-25T08:40:31","modified_gmt":"2025-04-25T08:40:31","slug":"gallery-modern-white-lacquer-hinged-wardrobe-with-silver-hardware","status":"publish","type":"product","link":"https:\/\/www.yidakitchen.com\/es\/producto\/gallery-modern-white-lacquer-hinged-wardrobe-with-silver-hardware\/","title":{"rendered":"Galer\u00eda Armario moderno lacado blanco con bisagras y herrajes plateados"},"content":{"rendered":"<p><a href=\"https:\/\/www.yidakitchen.com\/es\/\"><\/a><\/p><div class=\"wp-block-columns is-layout-flex wp-container-core-columns-is-layout-1 wp-block-columns-is-layout-flex\"><div class=\"wp-block-column is-vertically-aligned-center is-layout-flow wp-block-column-is-layout-flow\"><figure class=\"wp-block-image size-full\"><img fetchpriority=\"high\" decoding=\"async\" width=\"850\" height=\"638\" src=\"https:\/\/www.www.www.www.yidakitchen.com\/wp-content\/uploads\/2025\/04\/gallery-modern-white-lacquer-hinged-wardrobe-with-silver-hardware-3-850x638-1.avif?wsr\" alt=\"\" class=\"wp-image-1497\" srcset=\"https:\/\/www.yidakitchen.com\/wp-content\/uploads\/2025\/04\/gallery-modern-white-lacquer-hinged-wardrobe-with-silver-hardware-3-850x638-1.avif 850w, https:\/\/www.yidakitchen.com\/wp-content\/uploads\/2025\/04\/gallery-modern-white-lacquer-hinged-wardrobe-with-silver-hardware-3-850x638-1-300x225.avif 300w, https:\/\/www.yidakitchen.com\/wp-content\/uploads\/2025\/04\/gallery-modern-white-lacquer-hinged-wardrobe-with-silver-hardware-3-850x638-1-768x576.avif 768w, https:\/\/www.yidakitchen.com\/wp-content\/uploads\/2025\/04\/gallery-modern-white-lacquer-hinged-wardrobe-with-silver-hardware-3-850x638-1-600x450.avif 600w\" sizes=\"(max-width: 850px) 100vw, 850px\" \/><\/figure><\/div>\n\n<div class=\"wp-block-column is-vertically-aligned-center is-layout-flow wp-block-column-is-layout-flow\"><h3 class=\"wp-block-heading\"><strong><strong>Concepto de dise\u00f1o:<\/strong><\/strong><\/h3>\n\n<p>El armario Gallery Modern lacado blanco con bisagras y herrajes plateados personifica el dise\u00f1o contempor\u00e1neo con sus caracter\u00edsticas elegantes y minimalistas. El acabado lacado blanco brillante del armario proporciona una sensaci\u00f3n brillante y aireada, mientras que el hardware de plata a\u00f1ade un toque de sofisticaci\u00f3n moderna, por lo que es una pieza destacada en la decoraci\u00f3n de cualquier dormitorio.<\/p>\n\n<h3 class=\"wp-block-heading\"><strong><strong>Paleta de colores y tratamiento de superficies:<\/strong><\/strong><\/h3>\n\n<p>El acabado lacado en blanco del armario no s\u00f3lo es elegante, sino tambi\u00e9n muy funcional, f\u00e1cil de limpiar y capaz de iluminar cualquier espacio. Este acabado, combinado con herrajes plateados de alta calidad, crea un llamativo contraste que resulta elegante y vistoso.<\/p><\/div><\/div><div class=\"wp-block-columns are-vertically-aligned-center is-layout-flex wp-container-core-columns-is-layout-2 wp-block-columns-is-layout-flex\"><div class=\"wp-block-column is-vertically-aligned-center is-layout-flow wp-block-column-is-layout-flow\"><h3 class=\"wp-block-heading\"><strong><strong>Configuraci\u00f3n espacial:<\/strong><\/strong><\/h3>\n\n<p>Este armario utiliza un mecanismo tradicional de puertas batientes que permite acceder f\u00e1cilmente a su contenido. La configuraci\u00f3n interna est\u00e1 cuidadosamente dise\u00f1ada para maximizar la eficiencia de almacenamiento, con una combinaci\u00f3n de espacio para colgar, estantes y cajones para dar cabida a una amplia gama de necesidades de almacenamiento.<\/p>\n\n<h3 class=\"wp-block-heading\"><strong><strong>Materiales y artesan\u00eda:<\/strong><\/strong><\/h3>\n\n<p>Fabricado con materiales duraderos, el armario cuenta con una robusta estructura recubierta de un lacado blanco de alto brillo que garantiza su longevidad y resistencia al desgaste diario. Los herrajes plateados se han seleccionado cuidadosamente no solo por su atractivo est\u00e9tico, sino tambi\u00e9n por su durabilidad y facilidad de uso.<\/p><\/div>\n\n<div class=\"wp-block-column is-vertically-aligned-center is-layout-flow wp-block-column-is-layout-flow\"><figure class=\"wp-block-image size-full\"><img decoding=\"async\" width=\"850\" height=\"1133\" src=\"https:\/\/www.www.www.www.yidakitchen.com\/wp-content\/uploads\/2025\/04\/gallery-modern-white-lacquer-hinged-wardrobe-with-silver-hardware-1-850x1133-1.avif?wsr\" alt=\"\" class=\"wp-image-1498\" srcset=\"https:\/\/www.yidakitchen.com\/wp-content\/uploads\/2025\/04\/gallery-modern-white-lacquer-hinged-wardrobe-with-silver-hardware-1-850x1133-1.avif 850w, https:\/\/www.yidakitchen.com\/wp-content\/uploads\/2025\/04\/gallery-modern-white-lacquer-hinged-wardrobe-with-silver-hardware-1-850x1133-1-225x300.avif 225w, https:\/\/www.yidakitchen.com\/wp-content\/uploads\/2025\/04\/gallery-modern-white-lacquer-hinged-wardrobe-with-silver-hardware-1-850x1133-1-768x1024.avif 768w, https:\/\/www.yidakitchen.com\/wp-content\/uploads\/2025\/04\/gallery-modern-white-lacquer-hinged-wardrobe-with-silver-hardware-1-850x1133-1-600x800.avif 600w\" sizes=\"(max-width: 850px) 100vw, 850px\" \/><\/figure><\/div><\/div><div class=\"wp-block-columns are-vertically-aligned-center is-layout-flex wp-container-core-columns-is-layout-3 wp-block-columns-is-layout-flex\"><div class=\"wp-block-column is-vertically-aligned-center is-layout-flow wp-block-column-is-layout-flow\"><figure class=\"wp-block-image size-full\"><img decoding=\"async\" width=\"850\" height=\"1133\" src=\"https:\/\/www.www.www.www.yidakitchen.com\/wp-content\/uploads\/2025\/04\/gallery-modern-white-lacquer-hinged-wardrobe-with-silver-hardware-4-850x1133-1.avif?wsr\" alt=\"\" class=\"wp-image-1499\" srcset=\"https:\/\/www.yidakitchen.com\/wp-content\/uploads\/2025\/04\/gallery-modern-white-lacquer-hinged-wardrobe-with-silver-hardware-4-850x1133-1.avif 850w, https:\/\/www.yidakitchen.com\/wp-content\/uploads\/2025\/04\/gallery-modern-white-lacquer-hinged-wardrobe-with-silver-hardware-4-850x1133-1-225x300.avif 225w, https:\/\/www.yidakitchen.com\/wp-content\/uploads\/2025\/04\/gallery-modern-white-lacquer-hinged-wardrobe-with-silver-hardware-4-850x1133-1-768x1024.avif 768w, https:\/\/www.yidakitchen.com\/wp-content\/uploads\/2025\/04\/gallery-modern-white-lacquer-hinged-wardrobe-with-silver-hardware-4-850x1133-1-600x800.avif 600w\" sizes=\"(max-width: 850px) 100vw, 850px\" \/><\/figure><\/div>\n\n<div class=\"wp-block-column is-vertically-aligned-center is-layout-flow wp-block-column-is-layout-flow\"><h3 class=\"wp-block-heading\"><strong><strong>Funcionalidad y ergonom\u00eda:<\/strong><\/strong><\/h3>\n\n<p>El dise\u00f1o ergon\u00f3mico de este armario garantiza que sea tan funcional como bello. Las puertas batientes se abren ampliamente, proporcionando una visibilidad total y un f\u00e1cil acceso a todas las zonas del armario. Esta configuraci\u00f3n facilita la organizaci\u00f3n y recuperaci\u00f3n de los art\u00edculos, mejorando la experiencia de vestirse a diario.<\/p><\/div><\/div><p><\/p>","protected":false},"excerpt":{"rendered":"<p>Design Concept: The Gallery Modern White Lacquer Hinged Wardrobe with Silver Hardware epitomizes contemporary design with its sleek, minimalistic features. The wardrobe\u2019s glossy white lacquer finish provides a bright and airy feel, while the silver hardware adds a touch of modern sophistication, making it a standout piece in any bedroom decor. Color Palette and Surface [&hellip;]<\/p>","protected":false},"featured_media":1500,"template":"","meta":[],"product_brand":[],"product_cat":[25],"product_tag":[],"class_list":{"0":"post-1492","1":"product","2":"type-product","3":"status-publish","4":"has-post-thumbnail","6":"product_cat-bedroom-closet","8":"first","9":"instock","10":"shipping-taxable","11":"product-type-simple"},"yoast_head":"<!-- This site is optimized with the Yoast SEO Premium plugin v25.0 (Yoast SEO v25.0) - https:\/\/yoast.com\/wordpress\/plugins\/seo\/ -->\n<title>Gallery Modern White Lacquer Hinged Wardrobe with Silver Hardware - YIDA Kitchen<\/title>\n<meta name=\"robots\" content=\"index, follow, max-snippet:-1, max-image-preview:large, max-video-preview:-1\" \/>\n<link rel=\"canonical\" href=\"https:\/\/www.yidakitchen.com\/es\/producto\/gallery-modern-white-lacquer-hinged-wardrobe-with-silver-hardware\/\" \/>\n<meta property=\"og:locale\" content=\"es_MX\" \/>\n<meta property=\"og:type\" content=\"article\" \/>\n<meta property=\"og:title\" content=\"Gallery Modern White Lacquer Hinged Wardrobe with Silver Hardware\" \/>\n<meta property=\"og:description\" content=\"Design Concept: The Gallery Modern White Lacquer Hinged Wardrobe with Silver Hardware epitomizes contemporary design with its sleek, minimalistic features. The wardrobe\u2019s glossy white lacquer finish provides a bright and airy feel, while the silver hardware adds a touch of modern sophistication, making it a standout piece in any bedroom decor. Color Palette and Surface [&hellip;]\" \/>\n<meta property=\"og:url\" content=\"https:\/\/www.yidakitchen.com\/es\/producto\/gallery-modern-white-lacquer-hinged-wardrobe-with-silver-hardware\/\" \/>\n<meta property=\"og:site_name\" content=\"YIDA Kitchen\" \/>\n<meta property=\"article:modified_time\" content=\"2025-04-25T08:40:31+00:00\" \/>\n<meta name=\"twitter:card\" content=\"summary_large_image\" \/>\n<meta name=\"twitter:label1\" content=\"Price\" \/>\n\t<meta name=\"twitter:data1\" content=\"\" \/>\n\t<meta name=\"twitter:label2\" content=\"Availability\" \/>\n\t<meta name=\"twitter:data2\" content=\"In stock\" \/>\n<script type=\"application\/ld+json\" class=\"yoast-schema-graph\">{\"@context\":\"https:\/\/schema.org\",\"@graph\":[{\"@type\":\"WebPage\",\"@id\":\"https:\/\/www.yidakitchen.com\/product\/gallery-modern-white-lacquer-hinged-wardrobe-with-silver-hardware\/\",\"url\":\"https:\/\/www.yidakitchen.com\/product\/gallery-modern-white-lacquer-hinged-wardrobe-with-silver-hardware\/\",\"name\":\"Gallery Modern White Lacquer Hinged Wardrobe with Silver Hardware - YIDA Kitchen\",\"isPartOf\":{\"@id\":\"https:\/\/www.yidakitchen.com\/#website\"},\"primaryImageOfPage\":{\"@id\":\"https:\/\/www.yidakitchen.com\/product\/gallery-modern-white-lacquer-hinged-wardrobe-with-silver-hardware\/#primaryimage\"},\"image\":{\"@id\":\"https:\/\/www.yidakitchen.com\/product\/gallery-modern-white-lacquer-hinged-wardrobe-with-silver-hardware\/#primaryimage\"},\"thumbnailUrl\":\"https:\/\/www.yidakitchen.com\/wp-content\/uploads\/2025\/04\/gallery-modern-white-lacquer-hinged-wardrobe-with-silver-hardware-2.avif?wsr\",\"datePublished\":\"2025-04-25T08:38:40+00:00\",\"dateModified\":\"2025-04-25T08:40:31+00:00\",\"breadcrumb\":{\"@id\":\"https:\/\/www.yidakitchen.com\/product\/gallery-modern-white-lacquer-hinged-wardrobe-with-silver-hardware\/#breadcrumb\"},\"inLanguage\":\"es\",\"potentialAction\":[{\"@type\":\"ReadAction\",\"target\":[\"https:\/\/www.yidakitchen.com\/product\/gallery-modern-white-lacquer-hinged-wardrobe-with-silver-hardware\/\"]}]},{\"@type\":\"ImageObject\",\"inLanguage\":\"es\",\"@id\":\"https:\/\/www.yidakitchen.com\/product\/gallery-modern-white-lacquer-hinged-wardrobe-with-silver-hardware\/#primaryimage\",\"url\":\"https:\/\/www.yidakitchen.com\/wp-content\/uploads\/2025\/04\/gallery-modern-white-lacquer-hinged-wardrobe-with-silver-hardware-2.avif?wsr\",\"contentUrl\":\"https:\/\/www.yidakitchen.com\/wp-content\/uploads\/2025\/04\/gallery-modern-white-lacquer-hinged-wardrobe-with-silver-hardware-2.avif?wsr\",\"width\":1280,\"height\":960},{\"@type\":\"BreadcrumbList\",\"@id\":\"https:\/\/www.yidakitchen.com\/product\/gallery-modern-white-lacquer-hinged-wardrobe-with-silver-hardware\/#breadcrumb\",\"itemListElement\":[{\"@type\":\"ListItem\",\"position\":1,\"name\":\"Home\",\"item\":\"https:\/\/www.yidakitchen.com\/\"},{\"@type\":\"ListItem\",\"position\":2,\"name\":\"Products\",\"item\":\"https:\/\/www.yidakitchen.com\/shop\/\"},{\"@type\":\"ListItem\",\"position\":3,\"name\":\"Gallery Modern White Lacquer Hinged Wardrobe with Silver Hardware\"}]},{\"@type\":\"WebSite\",\"@id\":\"https:\/\/www.yidakitchen.com\/#website\",\"url\":\"https:\/\/www.yidakitchen.com\/\",\"name\":\"YIDA Kitchen\",\"description\":\"Kitchen Cabinets Custom Manufacturer from China\",\"publisher\":{\"@id\":\"https:\/\/www.yidakitchen.com\/#organization\"},\"potentialAction\":[{\"@type\":\"SearchAction\",\"target\":{\"@type\":\"EntryPoint\",\"urlTemplate\":\"https:\/\/www.yidakitchen.com\/?s={search_term_string}\"},\"query-input\":{\"@type\":\"PropertyValueSpecification\",\"valueRequired\":true,\"valueName\":\"search_term_string\"}}],\"inLanguage\":\"es\"},{\"@type\":\"Organization\",\"@id\":\"https:\/\/www.yidakitchen.com\/#organization\",\"name\":\"YIDA Kitchen\",\"url\":\"https:\/\/www.yidakitchen.com\/\",\"logo\":{\"@type\":\"ImageObject\",\"inLanguage\":\"es\",\"@id\":\"https:\/\/www.yidakitchen.com\/#\/schema\/logo\/image\/\",\"url\":\"https:\/\/www.yidakitchen.com\/wp-content\/uploads\/2025\/04\/logo.png?wsr\",\"contentUrl\":\"https:\/\/www.yidakitchen.com\/wp-content\/uploads\/2025\/04\/logo.png?wsr\",\"width\":1763,\"height\":951,\"caption\":\"YIDA Kitchen\"},\"image\":{\"@id\":\"https:\/\/www.yidakitchen.com\/#\/schema\/logo\/image\/\"}}]}<\/script>\n<meta property=\"product:price:amount\" content=\"0.00\" \/>\n<meta property=\"product:price:currency\" content=\"USD\" \/>\n<meta property=\"og:availability\" content=\"instock\" \/>\n<meta property=\"product:availability\" content=\"instock\" \/>\n<meta property=\"product:condition\" content=\"new\" \/>\n<!-- \/ Yoast SEO Premium plugin. -->","yoast_head_json":{"title":"Gallery Modern White Lacquer Hinged Wardrobe with Silver Hardware - YIDA Kitchen","robots":{"index":"index","follow":"follow","max-snippet":"max-snippet:-1","max-image-preview":"max-image-preview:large","max-video-preview":"max-video-preview:-1"},"canonical":"https:\/\/www.yidakitchen.com\/es\/producto\/gallery-modern-white-lacquer-hinged-wardrobe-with-silver-hardware\/","og_locale":"es_MX","og_type":"article","og_title":"Gallery Modern White Lacquer Hinged Wardrobe with Silver Hardware","og_description":"Design Concept: The Gallery Modern White Lacquer Hinged Wardrobe with Silver Hardware epitomizes contemporary design with its sleek, minimalistic features. The wardrobe\u2019s glossy white lacquer finish provides a bright and airy feel, while the silver hardware adds a touch of modern sophistication, making it a standout piece in any bedroom decor. Color Palette and Surface [&hellip;]","og_url":"https:\/\/www.yidakitchen.com\/es\/producto\/gallery-modern-white-lacquer-hinged-wardrobe-with-silver-hardware\/","og_site_name":"YIDA Kitchen","article_modified_time":"2025-04-25T08:40:31+00:00","twitter_card":"summary_large_image","twitter_misc":{"Price":"","Availability":"In stock"},"schema":{"@context":"https:\/\/schema.org","@graph":[{"@type":"WebPage","@id":"https:\/\/www.yidakitchen.com\/product\/gallery-modern-white-lacquer-hinged-wardrobe-with-silver-hardware\/","url":"https:\/\/www.yidakitchen.com\/product\/gallery-modern-white-lacquer-hinged-wardrobe-with-silver-hardware\/","name":"Gallery Modern White Lacquer Hinged Wardrobe with Silver Hardware - YIDA Kitchen","isPartOf":{"@id":"https:\/\/www.yidakitchen.com\/#website"},"primaryImageOfPage":{"@id":"https:\/\/www.yidakitchen.com\/product\/gallery-modern-white-lacquer-hinged-wardrobe-with-silver-hardware\/#primaryimage"},"image":{"@id":"https:\/\/www.yidakitchen.com\/product\/gallery-modern-white-lacquer-hinged-wardrobe-with-silver-hardware\/#primaryimage"},"thumbnailUrl":"https:\/\/www.yidakitchen.com\/wp-content\/uploads\/2025\/04\/gallery-modern-white-lacquer-hinged-wardrobe-with-silver-hardware-2.avif?wsr","datePublished":"2025-04-25T08:38:40+00:00","dateModified":"2025-04-25T08:40:31+00:00","breadcrumb":{"@id":"https:\/\/www.yidakitchen.com\/product\/gallery-modern-white-lacquer-hinged-wardrobe-with-silver-hardware\/#breadcrumb"},"inLanguage":"es","potentialAction":[{"@type":"ReadAction","target":["https:\/\/www.yidakitchen.com\/product\/gallery-modern-white-lacquer-hinged-wardrobe-with-silver-hardware\/"]}]},{"@type":"ImageObject","inLanguage":"es","@id":"https:\/\/www.yidakitchen.com\/product\/gallery-modern-white-lacquer-hinged-wardrobe-with-silver-hardware\/#primaryimage","url":"https:\/\/www.yidakitchen.com\/wp-content\/uploads\/2025\/04\/gallery-modern-white-lacquer-hinged-wardrobe-with-silver-hardware-2.avif?wsr","contentUrl":"https:\/\/www.yidakitchen.com\/wp-content\/uploads\/2025\/04\/gallery-modern-white-lacquer-hinged-wardrobe-with-silver-hardware-2.avif?wsr","width":1280,"height":960},{"@type":"BreadcrumbList","@id":"https:\/\/www.yidakitchen.com\/product\/gallery-modern-white-lacquer-hinged-wardrobe-with-silver-hardware\/#breadcrumb","itemListElement":[{"@type":"ListItem","position":1,"name":"Home","item":"https:\/\/www.yidakitchen.com\/"},{"@type":"ListItem","position":2,"name":"Products","item":"https:\/\/www.yidakitchen.com\/shop\/"},{"@type":"ListItem","position":3,"name":"Gallery Modern White Lacquer Hinged Wardrobe with Silver Hardware"}]},{"@type":"WebSite","@id":"https:\/\/www.yidakitchen.com\/#website","url":"https:\/\/www.yidakitchen.com\/","name":"Cocina YIDA","description":"Armarios de cocina a medida Fabricante de China","publisher":{"@id":"https:\/\/www.yidakitchen.com\/#organization"},"potentialAction":[{"@type":"SearchAction","target":{"@type":"EntryPoint","urlTemplate":"https:\/\/www.yidakitchen.com\/?s={search_term_string}"},"query-input":{"@type":"PropertyValueSpecification","valueRequired":true,"valueName":"search_term_string"}}],"inLanguage":"es"},{"@type":"Organization","@id":"https:\/\/www.yidakitchen.com\/#organization","name":"Cocina YIDA","url":"https:\/\/www.yidakitchen.com\/","logo":{"@type":"ImageObject","inLanguage":"es","@id":"https:\/\/www.yidakitchen.com\/#\/schema\/logo\/image\/","url":"https:\/\/www.yidakitchen.com\/wp-content\/uploads\/2025\/04\/logo.png?wsr","contentUrl":"https:\/\/www.yidakitchen.com\/wp-content\/uploads\/2025\/04\/logo.png?wsr","width":1763,"height":951,"caption":"YIDA Kitchen"},"image":{"@id":"https:\/\/www.yidakitchen.com\/#\/schema\/logo\/image\/"}}]},"product_price_amount":"0.00","product_price_currency":"USD","og_availability":"instock","product_availability":"instock","product_condition":"new"},"_links":{"self":[{"href":"https:\/\/www.yidakitchen.com\/es\/wp-json\/wp\/v2\/product\/1492","targetHints":{"allow":["GET"]}}],"collection":[{"href":"https:\/\/www.yidakitchen.com\/es\/wp-json\/wp\/v2\/product"}],"about":[{"href":"https:\/\/www.yidakitchen.com\/es\/wp-json\/wp\/v2\/types\/product"}],"wp:featuredmedia":[{"embeddable":true,"href":"https:\/\/www.yidakitchen.com\/es\/wp-json\/wp\/v2\/media\/1500"}],"wp:attachment":[{"href":"https:\/\/www.yidakitchen.com\/es\/wp-json\/wp\/v2\/media?parent=1492"}],"wp:term":[{"taxonomy":"product_brand","embeddable":true,"href":"https:\/\/www.yidakitchen.com\/es\/wp-json\/wp\/v2\/product_brand?post=1492"},{"taxonomy":"product_cat","embeddable":true,"href":"https:\/\/www.yidakitchen.com\/es\/wp-json\/wp\/v2\/product_cat?post=1492"},{"taxonomy":"product_tag","embeddable":true,"href":"https:\/\/www.yidakitchen.com\/es\/wp-json\/wp\/v2\/product_tag?post=1492"}],"curies":[{"name":"wp","href":"https:\/\/api.w.org\/{rel}","templated":true}]}}