{"id":1461,"date":"2025-04-25T08:28:26","date_gmt":"2025-04-25T08:28:26","guid":{"rendered":"https:\/\/yidakitchen.com\/?post_type=product&#038;p=1461"},"modified":"2025-04-25T08:28:27","modified_gmt":"2025-04-25T08:28:27","slug":"elegant-modern-white-walk-in-closet","status":"publish","type":"product","link":"https:\/\/www.yidakitchen.com\/es\/producto\/elegant-modern-white-walk-in-closet\/","title":{"rendered":"Elegante vestidor blanco moderno"},"content":{"rendered":"<p><a href=\"https:\/\/www.yidakitchen.com\/es\/\"><\/a><\/p><div class=\"wp-block-columns is-layout-flex wp-container-core-columns-is-layout-1 wp-block-columns-is-layout-flex\"><div class=\"wp-block-column is-vertically-aligned-center is-layout-flow wp-block-column-is-layout-flow\"><figure class=\"wp-block-image size-full\"><img fetchpriority=\"high\" decoding=\"async\" width=\"850\" height=\"638\" src=\"https:\/\/www.www.www.www.yidakitchen.com\/wp-content\/uploads\/2025\/04\/elegant-modern-white-walk-in-closet-1-850x638-1.avif?wsr\" alt=\"\" class=\"wp-image-1467\" srcset=\"https:\/\/www.yidakitchen.com\/wp-content\/uploads\/2025\/04\/elegant-modern-white-walk-in-closet-1-850x638-1.avif 850w, https:\/\/www.yidakitchen.com\/wp-content\/uploads\/2025\/04\/elegant-modern-white-walk-in-closet-1-850x638-1-300x225.avif 300w, https:\/\/www.yidakitchen.com\/wp-content\/uploads\/2025\/04\/elegant-modern-white-walk-in-closet-1-850x638-1-768x576.avif 768w, https:\/\/www.yidakitchen.com\/wp-content\/uploads\/2025\/04\/elegant-modern-white-walk-in-closet-1-850x638-1-600x450.avif 600w\" sizes=\"(max-width: 850px) 100vw, 850px\" \/><\/figure><\/div>\n\n<div class=\"wp-block-column is-vertically-aligned-center is-layout-flow wp-block-column-is-layout-flow\"><h3 class=\"wp-block-heading\"><strong><strong>Concepto de dise\u00f1o:<\/strong><\/strong><\/h3>\n\n<p>El armario vestidor Elegant Modern White es el ep\u00edtome de la sencillez y la elegancia. Su dise\u00f1o moderno enfatiza las l\u00edneas limpias y una paleta de colores monocrom\u00e1tica, proporcionando un espacio sereno y organizado que complementa cualquier decoraci\u00f3n contempor\u00e1nea.<\/p>\n\n<h3 class=\"wp-block-heading\"><strong><strong>Paleta de colores y tratamiento de superficies:<\/strong><\/strong><\/h3>\n\n<p>Este vestidor cuenta con un acabado en blanco n\u00edtido que no s\u00f3lo ilumina el espacio, sino que tambi\u00e9n crea la ilusi\u00f3n de un \u00e1rea m\u00e1s grande. Las superficies est\u00e1n tratadas para que sean resistentes a las manchas y f\u00e1ciles de limpiar, lo que garantiza que el armario siga siendo un santuario inmaculado para su ropa y accesorios.<\/p><\/div><\/div><div class=\"wp-block-columns are-vertically-aligned-center is-layout-flex wp-container-core-columns-is-layout-2 wp-block-columns-is-layout-flex\"><div class=\"wp-block-column is-vertically-aligned-center is-layout-flow wp-block-column-is-layout-flow\"><h3 class=\"wp-block-heading\"><strong><strong>Configuraci\u00f3n espacial:<\/strong><\/strong><\/h3>\n\n<p>La estudiada distribuci\u00f3n de este vestidor maximiza el espacio de almacenamiento sin que parezca desordenado. Incluye amplias zonas para colgar, estanter\u00edas y cajones, organizados de forma eficiente para satisfacer una gran variedad de necesidades de almacenamiento. Esta configuraci\u00f3n permite un f\u00e1cil acceso y una excelente visibilidad de todos los art\u00edculos almacenados.<\/p>\n\n<h3 class=\"wp-block-heading\"><strong><strong>Materiales y artesan\u00eda:<\/strong><\/strong><\/h3>\n\n<p>Construido con materiales de alta calidad, el armario es duradero y est\u00e1 dise\u00f1ado para soportar las exigencias del uso diario. La artesan\u00eda queda patente en la precisi\u00f3n de los herrajes y el suave acabado de las superficies, lo que refleja un compromiso con la calidad y el detalle.<\/p><\/div>\n\n<div class=\"wp-block-column is-vertically-aligned-center is-layout-flow wp-block-column-is-layout-flow\"><figure class=\"wp-block-image size-full\"><img decoding=\"async\" width=\"1280\" height=\"960\" src=\"https:\/\/www.www.www.www.yidakitchen.com\/wp-content\/uploads\/2025\/04\/elegant-modern-white-walk-in-closet-2.avif?wsr\" alt=\"\" class=\"wp-image-1468\" srcset=\"https:\/\/www.yidakitchen.com\/wp-content\/uploads\/2025\/04\/elegant-modern-white-walk-in-closet-2.avif 1280w, https:\/\/www.yidakitchen.com\/wp-content\/uploads\/2025\/04\/elegant-modern-white-walk-in-closet-2-300x225.avif 300w, https:\/\/www.yidakitchen.com\/wp-content\/uploads\/2025\/04\/elegant-modern-white-walk-in-closet-2-1024x768.avif 1024w, https:\/\/www.yidakitchen.com\/wp-content\/uploads\/2025\/04\/elegant-modern-white-walk-in-closet-2-768x576.avif 768w, https:\/\/www.yidakitchen.com\/wp-content\/uploads\/2025\/04\/elegant-modern-white-walk-in-closet-2-600x450.avif 600w\" sizes=\"(max-width: 1280px) 100vw, 1280px\" \/><\/figure><\/div><\/div><div class=\"wp-block-columns are-vertically-aligned-center is-layout-flex wp-container-core-columns-is-layout-3 wp-block-columns-is-layout-flex\"><div class=\"wp-block-column is-vertically-aligned-center is-layout-flow wp-block-column-is-layout-flow\"><figure class=\"wp-block-image size-full\"><img decoding=\"async\" width=\"850\" height=\"727\" src=\"https:\/\/www.www.www.www.yidakitchen.com\/wp-content\/uploads\/2025\/04\/elegant-modern-white-walk-in-closet-3-850x727-1.avif?wsr\" alt=\"\" class=\"wp-image-1469\" srcset=\"https:\/\/www.yidakitchen.com\/wp-content\/uploads\/2025\/04\/elegant-modern-white-walk-in-closet-3-850x727-1.avif 850w, https:\/\/www.yidakitchen.com\/wp-content\/uploads\/2025\/04\/elegant-modern-white-walk-in-closet-3-850x727-1-300x257.avif 300w, https:\/\/www.yidakitchen.com\/wp-content\/uploads\/2025\/04\/elegant-modern-white-walk-in-closet-3-850x727-1-768x657.avif 768w, https:\/\/www.yidakitchen.com\/wp-content\/uploads\/2025\/04\/elegant-modern-white-walk-in-closet-3-850x727-1-600x513.avif 600w\" sizes=\"(max-width: 850px) 100vw, 850px\" \/><\/figure><\/div>\n\n<div class=\"wp-block-column is-vertically-aligned-center is-layout-flow wp-block-column-is-layout-flow\"><h3 class=\"wp-block-heading\"><strong><strong>Funcionalidad y ergonom\u00eda:<\/strong><\/strong><\/h3>\n\n<p>Este vestidor no es s\u00f3lo est\u00e9tico, sino tambi\u00e9n muy funcional. El dise\u00f1o se centra en la comodidad y eficiencia del usuario, facilitando el acceso y la organizaci\u00f3n. La distribuci\u00f3n espaciosa y las caracter\u00edsticas de dise\u00f1o accesibles garantizan que todos los art\u00edculos est\u00e9n al alcance de la mano, lo que hace que las rutinas diarias de vestirse sean sencillas y agradables.<\/p><\/div><\/div><p><\/p>","protected":false},"excerpt":{"rendered":"<p>Design Concept: The Elegant Modern White Walk In Closet is the epitome of simplicity and elegance. Its modern design emphasizes clean lines and a monochromatic color palette, providing a serene and organized space that complements any contemporary home d\u00e9cor. Color Palette and Surface Treatment: This walk-in closet boasts a crisp white finish that not only [&hellip;]<\/p>","protected":false},"featured_media":1470,"template":"","meta":[],"product_brand":[],"product_cat":[25],"product_tag":[],"class_list":{"0":"post-1461","1":"product","2":"type-product","3":"status-publish","4":"has-post-thumbnail","6":"product_cat-bedroom-closet","8":"first","9":"instock","10":"shipping-taxable","11":"product-type-simple"},"yoast_head":"<!-- This site is optimized with the Yoast SEO Premium plugin v25.0 (Yoast SEO v25.0) - https:\/\/yoast.com\/wordpress\/plugins\/seo\/ -->\n<title>Elegant Modern White Walk In Closet - YIDA Kitchen<\/title>\n<meta name=\"robots\" content=\"index, follow, max-snippet:-1, max-image-preview:large, max-video-preview:-1\" \/>\n<link rel=\"canonical\" href=\"https:\/\/www.yidakitchen.com\/es\/producto\/elegant-modern-white-walk-in-closet\/\" \/>\n<meta property=\"og:locale\" content=\"es_MX\" \/>\n<meta property=\"og:type\" content=\"article\" \/>\n<meta property=\"og:title\" content=\"Elegant Modern White Walk In Closet\" \/>\n<meta property=\"og:description\" content=\"Design Concept: The Elegant Modern White Walk In Closet is the epitome of simplicity and elegance. Its modern design emphasizes clean lines and a monochromatic color palette, providing a serene and organized space that complements any contemporary home d\u00e9cor. Color Palette and Surface Treatment: This walk-in closet boasts a crisp white finish that not only [&hellip;]\" \/>\n<meta property=\"og:url\" content=\"https:\/\/www.yidakitchen.com\/es\/producto\/elegant-modern-white-walk-in-closet\/\" \/>\n<meta property=\"og:site_name\" content=\"YIDA Kitchen\" \/>\n<meta property=\"article:modified_time\" content=\"2025-04-25T08:28:27+00:00\" \/>\n<meta name=\"twitter:card\" content=\"summary_large_image\" \/>\n<meta name=\"twitter:label1\" content=\"Price\" \/>\n\t<meta name=\"twitter:data1\" content=\"\" \/>\n\t<meta name=\"twitter:label2\" content=\"Availability\" \/>\n\t<meta name=\"twitter:data2\" content=\"In stock\" \/>\n<script type=\"application\/ld+json\" class=\"yoast-schema-graph\">{\"@context\":\"https:\/\/schema.org\",\"@graph\":[{\"@type\":\"WebPage\",\"@id\":\"https:\/\/www.yidakitchen.com\/product\/elegant-modern-white-walk-in-closet\/\",\"url\":\"https:\/\/www.yidakitchen.com\/product\/elegant-modern-white-walk-in-closet\/\",\"name\":\"Elegant Modern White Walk In Closet - YIDA Kitchen\",\"isPartOf\":{\"@id\":\"https:\/\/www.yidakitchen.com\/#website\"},\"primaryImageOfPage\":{\"@id\":\"https:\/\/www.yidakitchen.com\/product\/elegant-modern-white-walk-in-closet\/#primaryimage\"},\"image\":{\"@id\":\"https:\/\/www.yidakitchen.com\/product\/elegant-modern-white-walk-in-closet\/#primaryimage\"},\"thumbnailUrl\":\"https:\/\/www.yidakitchen.com\/wp-content\/uploads\/2025\/04\/elegant-modern-white-walk-in-closet-4-850x638-1.avif?wsr\",\"datePublished\":\"2025-04-25T08:28:26+00:00\",\"dateModified\":\"2025-04-25T08:28:27+00:00\",\"breadcrumb\":{\"@id\":\"https:\/\/www.yidakitchen.com\/product\/elegant-modern-white-walk-in-closet\/#breadcrumb\"},\"inLanguage\":\"es\",\"potentialAction\":[{\"@type\":\"ReadAction\",\"target\":[\"https:\/\/www.yidakitchen.com\/product\/elegant-modern-white-walk-in-closet\/\"]}]},{\"@type\":\"ImageObject\",\"inLanguage\":\"es\",\"@id\":\"https:\/\/www.yidakitchen.com\/product\/elegant-modern-white-walk-in-closet\/#primaryimage\",\"url\":\"https:\/\/www.yidakitchen.com\/wp-content\/uploads\/2025\/04\/elegant-modern-white-walk-in-closet-4-850x638-1.avif?wsr\",\"contentUrl\":\"https:\/\/www.yidakitchen.com\/wp-content\/uploads\/2025\/04\/elegant-modern-white-walk-in-closet-4-850x638-1.avif?wsr\",\"width\":850,\"height\":638},{\"@type\":\"BreadcrumbList\",\"@id\":\"https:\/\/www.yidakitchen.com\/product\/elegant-modern-white-walk-in-closet\/#breadcrumb\",\"itemListElement\":[{\"@type\":\"ListItem\",\"position\":1,\"name\":\"Home\",\"item\":\"https:\/\/www.yidakitchen.com\/\"},{\"@type\":\"ListItem\",\"position\":2,\"name\":\"Products\",\"item\":\"https:\/\/www.yidakitchen.com\/shop\/\"},{\"@type\":\"ListItem\",\"position\":3,\"name\":\"Elegant Modern White Walk In Closet\"}]},{\"@type\":\"WebSite\",\"@id\":\"https:\/\/www.yidakitchen.com\/#website\",\"url\":\"https:\/\/www.yidakitchen.com\/\",\"name\":\"YIDA Kitchen\",\"description\":\"Kitchen Cabinets Custom Manufacturer from China\",\"publisher\":{\"@id\":\"https:\/\/www.yidakitchen.com\/#organization\"},\"potentialAction\":[{\"@type\":\"SearchAction\",\"target\":{\"@type\":\"EntryPoint\",\"urlTemplate\":\"https:\/\/www.yidakitchen.com\/?s={search_term_string}\"},\"query-input\":{\"@type\":\"PropertyValueSpecification\",\"valueRequired\":true,\"valueName\":\"search_term_string\"}}],\"inLanguage\":\"es\"},{\"@type\":\"Organization\",\"@id\":\"https:\/\/www.yidakitchen.com\/#organization\",\"name\":\"YIDA Kitchen\",\"url\":\"https:\/\/www.yidakitchen.com\/\",\"logo\":{\"@type\":\"ImageObject\",\"inLanguage\":\"es\",\"@id\":\"https:\/\/www.yidakitchen.com\/#\/schema\/logo\/image\/\",\"url\":\"https:\/\/www.yidakitchen.com\/wp-content\/uploads\/2025\/04\/logo.png?wsr\",\"contentUrl\":\"https:\/\/www.yidakitchen.com\/wp-content\/uploads\/2025\/04\/logo.png?wsr\",\"width\":1763,\"height\":951,\"caption\":\"YIDA Kitchen\"},\"image\":{\"@id\":\"https:\/\/www.yidakitchen.com\/#\/schema\/logo\/image\/\"}}]}<\/script>\n<meta property=\"product:price:amount\" content=\"0.00\" \/>\n<meta property=\"product:price:currency\" content=\"USD\" \/>\n<meta property=\"og:availability\" content=\"instock\" \/>\n<meta property=\"product:availability\" content=\"instock\" \/>\n<meta property=\"product:condition\" content=\"new\" \/>\n<!-- \/ Yoast SEO Premium plugin. -->","yoast_head_json":{"title":"Elegant Modern White Walk In Closet - YIDA Kitchen","robots":{"index":"index","follow":"follow","max-snippet":"max-snippet:-1","max-image-preview":"max-image-preview:large","max-video-preview":"max-video-preview:-1"},"canonical":"https:\/\/www.yidakitchen.com\/es\/producto\/elegant-modern-white-walk-in-closet\/","og_locale":"es_MX","og_type":"article","og_title":"Elegant Modern White Walk In Closet","og_description":"Design Concept: The Elegant Modern White Walk In Closet is the epitome of simplicity and elegance. Its modern design emphasizes clean lines and a monochromatic color palette, providing a serene and organized space that complements any contemporary home d\u00e9cor. Color Palette and Surface Treatment: This walk-in closet boasts a crisp white finish that not only [&hellip;]","og_url":"https:\/\/www.yidakitchen.com\/es\/producto\/elegant-modern-white-walk-in-closet\/","og_site_name":"YIDA Kitchen","article_modified_time":"2025-04-25T08:28:27+00:00","twitter_card":"summary_large_image","twitter_misc":{"Price":"","Availability":"In stock"},"schema":{"@context":"https:\/\/schema.org","@graph":[{"@type":"WebPage","@id":"https:\/\/www.yidakitchen.com\/product\/elegant-modern-white-walk-in-closet\/","url":"https:\/\/www.yidakitchen.com\/product\/elegant-modern-white-walk-in-closet\/","name":"Elegant Modern White Walk In Closet - YIDA Kitchen","isPartOf":{"@id":"https:\/\/www.yidakitchen.com\/#website"},"primaryImageOfPage":{"@id":"https:\/\/www.yidakitchen.com\/product\/elegant-modern-white-walk-in-closet\/#primaryimage"},"image":{"@id":"https:\/\/www.yidakitchen.com\/product\/elegant-modern-white-walk-in-closet\/#primaryimage"},"thumbnailUrl":"https:\/\/www.yidakitchen.com\/wp-content\/uploads\/2025\/04\/elegant-modern-white-walk-in-closet-4-850x638-1.avif?wsr","datePublished":"2025-04-25T08:28:26+00:00","dateModified":"2025-04-25T08:28:27+00:00","breadcrumb":{"@id":"https:\/\/www.yidakitchen.com\/product\/elegant-modern-white-walk-in-closet\/#breadcrumb"},"inLanguage":"es","potentialAction":[{"@type":"ReadAction","target":["https:\/\/www.yidakitchen.com\/product\/elegant-modern-white-walk-in-closet\/"]}]},{"@type":"ImageObject","inLanguage":"es","@id":"https:\/\/www.yidakitchen.com\/product\/elegant-modern-white-walk-in-closet\/#primaryimage","url":"https:\/\/www.yidakitchen.com\/wp-content\/uploads\/2025\/04\/elegant-modern-white-walk-in-closet-4-850x638-1.avif?wsr","contentUrl":"https:\/\/www.yidakitchen.com\/wp-content\/uploads\/2025\/04\/elegant-modern-white-walk-in-closet-4-850x638-1.avif?wsr","width":850,"height":638},{"@type":"BreadcrumbList","@id":"https:\/\/www.yidakitchen.com\/product\/elegant-modern-white-walk-in-closet\/#breadcrumb","itemListElement":[{"@type":"ListItem","position":1,"name":"Home","item":"https:\/\/www.yidakitchen.com\/"},{"@type":"ListItem","position":2,"name":"Products","item":"https:\/\/www.yidakitchen.com\/shop\/"},{"@type":"ListItem","position":3,"name":"Elegant Modern White Walk In Closet"}]},{"@type":"WebSite","@id":"https:\/\/www.yidakitchen.com\/#website","url":"https:\/\/www.yidakitchen.com\/","name":"Cocina YIDA","description":"Armarios de cocina a medida Fabricante de China","publisher":{"@id":"https:\/\/www.yidakitchen.com\/#organization"},"potentialAction":[{"@type":"SearchAction","target":{"@type":"EntryPoint","urlTemplate":"https:\/\/www.yidakitchen.com\/?s={search_term_string}"},"query-input":{"@type":"PropertyValueSpecification","valueRequired":true,"valueName":"search_term_string"}}],"inLanguage":"es"},{"@type":"Organization","@id":"https:\/\/www.yidakitchen.com\/#organization","name":"Cocina YIDA","url":"https:\/\/www.yidakitchen.com\/","logo":{"@type":"ImageObject","inLanguage":"es","@id":"https:\/\/www.yidakitchen.com\/#\/schema\/logo\/image\/","url":"https:\/\/www.yidakitchen.com\/wp-content\/uploads\/2025\/04\/logo.png?wsr","contentUrl":"https:\/\/www.yidakitchen.com\/wp-content\/uploads\/2025\/04\/logo.png?wsr","width":1763,"height":951,"caption":"YIDA Kitchen"},"image":{"@id":"https:\/\/www.yidakitchen.com\/#\/schema\/logo\/image\/"}}]},"product_price_amount":"0.00","product_price_currency":"USD","og_availability":"instock","product_availability":"instock","product_condition":"new"},"_links":{"self":[{"href":"https:\/\/www.yidakitchen.com\/es\/wp-json\/wp\/v2\/product\/1461","targetHints":{"allow":["GET"]}}],"collection":[{"href":"https:\/\/www.yidakitchen.com\/es\/wp-json\/wp\/v2\/product"}],"about":[{"href":"https:\/\/www.yidakitchen.com\/es\/wp-json\/wp\/v2\/types\/product"}],"wp:featuredmedia":[{"embeddable":true,"href":"https:\/\/www.yidakitchen.com\/es\/wp-json\/wp\/v2\/media\/1470"}],"wp:attachment":[{"href":"https:\/\/www.yidakitchen.com\/es\/wp-json\/wp\/v2\/media?parent=1461"}],"wp:term":[{"taxonomy":"product_brand","embeddable":true,"href":"https:\/\/www.yidakitchen.com\/es\/wp-json\/wp\/v2\/product_brand?post=1461"},{"taxonomy":"product_cat","embeddable":true,"href":"https:\/\/www.yidakitchen.com\/es\/wp-json\/wp\/v2\/product_cat?post=1461"},{"taxonomy":"product_tag","embeddable":true,"href":"https:\/\/www.yidakitchen.com\/es\/wp-json\/wp\/v2\/product_tag?post=1461"}],"curies":[{"name":"wp","href":"https:\/\/api.w.org\/{rel}","templated":true}]}}