{"id":1426,"date":"2025-04-25T08:08:32","date_gmt":"2025-04-25T08:08:32","guid":{"rendered":"https:\/\/yidakitchen.com\/?post_type=product&#038;p=1426"},"modified":"2025-04-25T08:08:38","modified_gmt":"2025-04-25T08:08:38","slug":"contemporary-sliding-wardrobe-doors-enhancing-bedrooms","status":"publish","type":"product","link":"https:\/\/www.yidakitchen.com\/es\/producto\/contemporary-sliding-wardrobe-doors-enhancing-bedrooms\/","title":{"rendered":"Puertas de armario correderas contempor\u00e1neas que mejoran los dormitorios"},"content":{"rendered":"<div class=\"wp-block-columns is-layout-flex wp-container-core-columns-is-layout-1 wp-block-columns-is-layout-flex\"><div class=\"wp-block-column is-layout-flow wp-block-column-is-layout-flow\"><figure class=\"wp-block-image size-full\"><img fetchpriority=\"high\" decoding=\"async\" width=\"1320\" height=\"990\" src=\"https:\/\/www.www.www.www.yidakitchen.com\/wp-content\/uploads\/2025\/04\/1-Y106-Y29-2-1.avif?wsr\" alt=\"\" class=\"wp-image-1428\" srcset=\"https:\/\/www.yidakitchen.com\/wp-content\/uploads\/2025\/04\/1-Y106-Y29-2-1.avif 1320w, https:\/\/www.yidakitchen.com\/wp-content\/uploads\/2025\/04\/1-Y106-Y29-2-1-300x225.avif 300w, https:\/\/www.yidakitchen.com\/wp-content\/uploads\/2025\/04\/1-Y106-Y29-2-1-1024x768.avif 1024w, https:\/\/www.yidakitchen.com\/wp-content\/uploads\/2025\/04\/1-Y106-Y29-2-1-768x576.avif 768w, https:\/\/www.yidakitchen.com\/wp-content\/uploads\/2025\/04\/1-Y106-Y29-2-1-600x450.avif 600w\" sizes=\"(max-width: 1320px) 100vw, 1320px\" \/><\/figure><\/div>\n\n<div class=\"wp-block-column is-layout-flow wp-block-column-is-layout-flow\"><h3 class=\"wp-block-heading\"><strong><strong>Concepto de dise\u00f1o:<\/strong><\/strong><\/h3>\n\n<p>Las puertas correderas de armario de este dormitorio son la personificaci\u00f3n del dise\u00f1o contempor\u00e1neo, ya que combinan el atractivo est\u00e9tico con la practicidad. El enfoque minimalista con una combinaci\u00f3n de colores en dos tonos no s\u00f3lo a\u00f1ade inter\u00e9s visual, sino que tambi\u00e9n hace que el espacio parezca m\u00e1s grande y abierto. El dise\u00f1o se integra sin esfuerzo con la decoraci\u00f3n moderna general de la habitaci\u00f3n, proporcionando un aspecto sofisticado pero discreto.<\/p>\n\n<h3 class=\"wp-block-heading\"><strong><strong>Paleta de colores y tratamiento de superficies:<\/strong><\/strong><\/h3>\n\n<p>Las puertas del armario utilizan una sutil mezcla de tonos neutros que coordinan bien con la combinaci\u00f3n de colores de la habitaci\u00f3n, con tonos beige y blanco. Esta elecci\u00f3n mantiene un ambiente ligero y aireado en el dormitorio, al tiempo que proporciona una elegancia atemporal. Las superficies est\u00e1n acabadas con una textura mate para minimizar el resplandor y realzar la sensaci\u00f3n suave y moderna del espacio.<\/p><\/div><\/div><div class=\"wp-block-columns is-layout-flex wp-container-core-columns-is-layout-2 wp-block-columns-is-layout-flex\"><div class=\"wp-block-column is-layout-flow wp-block-column-is-layout-flow\"><h3 class=\"wp-block-heading\"><strong><strong>Configuraci\u00f3n espacial:<\/strong><\/strong><\/h3>\n\n<p>Estas puertas correderas para armarios ahorran espacio, por lo que son ideales para habitaciones peque\u00f1as o para mantener un aspecto despejado en espacios m\u00e1s amplios. El dise\u00f1o optimiza la distribuci\u00f3n de la habitaci\u00f3n combinando almacenamiento y estilo, incorporando un amplio espacio para la ropa y los accesorios detr\u00e1s de puertas grandes y de f\u00e1cil acceso.<\/p>\n\n<h3 class=\"wp-block-heading\"><strong><strong>Materiales y artesan\u00eda:<\/strong><\/strong><\/h3>\n\n<p>Construidas con materiales duraderos, las puertas ofrecen longevidad y resistencia al desgaste, garantizando que sigan siendo funcionales y elegantes con el paso del tiempo. El mecanismo de deslizamiento est\u00e1 dise\u00f1ado para un funcionamiento suave, proporcionando un f\u00e1cil acceso sin el ruido o la molestia de las puertas con bisagras tradicionales.<\/p><\/div>\n\n<div class=\"wp-block-column is-layout-flow wp-block-column-is-layout-flow\"><figure class=\"wp-block-image size-full\"><img decoding=\"async\" width=\"850\" height=\"638\" src=\"https:\/\/www.www.www.www.yidakitchen.com\/wp-content\/uploads\/2025\/04\/1-Y106-Y29-3-1-850x638-1.avif?wsr\" alt=\"\" class=\"wp-image-1429\" srcset=\"https:\/\/www.yidakitchen.com\/wp-content\/uploads\/2025\/04\/1-Y106-Y29-3-1-850x638-1.avif 850w, https:\/\/www.yidakitchen.com\/wp-content\/uploads\/2025\/04\/1-Y106-Y29-3-1-850x638-1-300x225.avif 300w, https:\/\/www.yidakitchen.com\/wp-content\/uploads\/2025\/04\/1-Y106-Y29-3-1-850x638-1-768x576.avif 768w, https:\/\/www.yidakitchen.com\/wp-content\/uploads\/2025\/04\/1-Y106-Y29-3-1-850x638-1-600x450.avif 600w\" sizes=\"(max-width: 850px) 100vw, 850px\" \/><\/figure><\/div><\/div><div class=\"wp-block-columns is-layout-flex wp-container-core-columns-is-layout-3 wp-block-columns-is-layout-flex\"><div class=\"wp-block-column is-layout-flow wp-block-column-is-layout-flow\"><figure class=\"wp-block-image size-full\"><img decoding=\"async\" width=\"850\" height=\"638\" src=\"https:\/\/www.www.www.www.yidakitchen.com\/wp-content\/uploads\/2025\/04\/1-Y106-Y29-5-1-850x638-1.avif?wsr\" alt=\"\" class=\"wp-image-1430\" srcset=\"https:\/\/www.yidakitchen.com\/wp-content\/uploads\/2025\/04\/1-Y106-Y29-5-1-850x638-1.avif 850w, https:\/\/www.yidakitchen.com\/wp-content\/uploads\/2025\/04\/1-Y106-Y29-5-1-850x638-1-300x225.avif 300w, https:\/\/www.yidakitchen.com\/wp-content\/uploads\/2025\/04\/1-Y106-Y29-5-1-850x638-1-768x576.avif 768w, https:\/\/www.yidakitchen.com\/wp-content\/uploads\/2025\/04\/1-Y106-Y29-5-1-850x638-1-600x450.avif 600w\" sizes=\"(max-width: 850px) 100vw, 850px\" \/><\/figure><\/div>\n\n<div class=\"wp-block-column is-layout-flow wp-block-column-is-layout-flow\"><h3 class=\"wp-block-heading\"><strong><strong>Funcionalidad y ergonom\u00eda:<\/strong><\/strong><\/h3>\n\n<p>El dise\u00f1o ergon\u00f3mico del armario se centra en la comodidad del usuario y la optimizaci\u00f3n del espacio. Las puertas correderas permiten acceder f\u00e1cilmente al contenido del armario sin necesidad de espacio adicional para el paso de las puertas, lo que las hace especialmente pr\u00e1cticas para espacios reducidos. En el interior, el armario est\u00e1 equipado con una variedad de opciones de almacenamiento, incluyendo espacios para colgar, estantes y cajones, todos dispuestos para maximizar la utilidad del espacio y adaptarse a las diferentes necesidades de almacenamiento. Esta cuidada disposici\u00f3n garantiza que los objetos est\u00e9n bien organizados y sean f\u00e1cilmente accesibles, mejorando la funcionalidad del dormitorio.<\/p><\/div><\/div><p><\/p>","protected":false},"excerpt":{"rendered":"<p>Design Concept: The Sliding Wardrobe Doors featured in this bedroom epitomize contemporary design, merging aesthetic appeal with practicality. The minimalist approach with a two-tone color scheme not only adds visual interest but also makes the space appear larger and more open. The design integrates effortlessly with the room\u2019s overall modern decor, providing a sophisticated yet [&hellip;]<\/p>","protected":false},"featured_media":1428,"template":"","meta":[],"product_brand":[],"product_cat":[25],"product_tag":[],"class_list":{"0":"post-1426","1":"product","2":"type-product","3":"status-publish","4":"has-post-thumbnail","6":"product_cat-bedroom-closet","8":"first","9":"instock","10":"shipping-taxable","11":"product-type-simple"},"yoast_head":"<!-- This site is optimized with the Yoast SEO Premium plugin v25.0 (Yoast SEO v25.0) - https:\/\/yoast.com\/wordpress\/plugins\/seo\/ -->\n<title>Contemporary Sliding Wardrobe Doors Enhancing Bedrooms - YIDA Kitchen<\/title>\n<meta name=\"robots\" content=\"index, follow, max-snippet:-1, max-image-preview:large, max-video-preview:-1\" \/>\n<link rel=\"canonical\" href=\"https:\/\/www.yidakitchen.com\/es\/producto\/contemporary-sliding-wardrobe-doors-enhancing-bedrooms\/\" \/>\n<meta property=\"og:locale\" content=\"es_MX\" \/>\n<meta property=\"og:type\" content=\"article\" \/>\n<meta property=\"og:title\" content=\"Contemporary Sliding Wardrobe Doors Enhancing Bedrooms\" \/>\n<meta property=\"og:description\" content=\"Design Concept: The Sliding Wardrobe Doors featured in this bedroom epitomize contemporary design, merging aesthetic appeal with practicality. The minimalist approach with a two-tone color scheme not only adds visual interest but also makes the space appear larger and more open. The design integrates effortlessly with the room\u2019s overall modern decor, providing a sophisticated yet [&hellip;]\" \/>\n<meta property=\"og:url\" content=\"https:\/\/www.yidakitchen.com\/es\/producto\/contemporary-sliding-wardrobe-doors-enhancing-bedrooms\/\" \/>\n<meta property=\"og:site_name\" content=\"YIDA Kitchen\" \/>\n<meta property=\"article:modified_time\" content=\"2025-04-25T08:08:38+00:00\" \/>\n<meta name=\"twitter:card\" content=\"summary_large_image\" \/>\n<meta name=\"twitter:label1\" content=\"Price\" \/>\n\t<meta name=\"twitter:data1\" content=\"\" \/>\n\t<meta name=\"twitter:label2\" content=\"Availability\" \/>\n\t<meta name=\"twitter:data2\" content=\"In stock\" \/>\n<script type=\"application\/ld+json\" class=\"yoast-schema-graph\">{\"@context\":\"https:\/\/schema.org\",\"@graph\":[{\"@type\":\"WebPage\",\"@id\":\"https:\/\/www.yidakitchen.com\/product\/contemporary-sliding-wardrobe-doors-enhancing-bedrooms\/\",\"url\":\"https:\/\/www.yidakitchen.com\/product\/contemporary-sliding-wardrobe-doors-enhancing-bedrooms\/\",\"name\":\"Contemporary Sliding Wardrobe Doors Enhancing Bedrooms - YIDA Kitchen\",\"isPartOf\":{\"@id\":\"https:\/\/www.yidakitchen.com\/#website\"},\"primaryImageOfPage\":{\"@id\":\"https:\/\/www.yidakitchen.com\/product\/contemporary-sliding-wardrobe-doors-enhancing-bedrooms\/#primaryimage\"},\"image\":{\"@id\":\"https:\/\/www.yidakitchen.com\/product\/contemporary-sliding-wardrobe-doors-enhancing-bedrooms\/#primaryimage\"},\"thumbnailUrl\":\"https:\/\/www.yidakitchen.com\/wp-content\/uploads\/2025\/04\/1-Y106-Y29-2-1.avif?wsr\",\"datePublished\":\"2025-04-25T08:08:32+00:00\",\"dateModified\":\"2025-04-25T08:08:38+00:00\",\"breadcrumb\":{\"@id\":\"https:\/\/www.yidakitchen.com\/product\/contemporary-sliding-wardrobe-doors-enhancing-bedrooms\/#breadcrumb\"},\"inLanguage\":\"es\",\"potentialAction\":[{\"@type\":\"ReadAction\",\"target\":[\"https:\/\/www.yidakitchen.com\/product\/contemporary-sliding-wardrobe-doors-enhancing-bedrooms\/\"]}]},{\"@type\":\"ImageObject\",\"inLanguage\":\"es\",\"@id\":\"https:\/\/www.yidakitchen.com\/product\/contemporary-sliding-wardrobe-doors-enhancing-bedrooms\/#primaryimage\",\"url\":\"https:\/\/www.yidakitchen.com\/wp-content\/uploads\/2025\/04\/1-Y106-Y29-2-1.avif?wsr\",\"contentUrl\":\"https:\/\/www.yidakitchen.com\/wp-content\/uploads\/2025\/04\/1-Y106-Y29-2-1.avif?wsr\",\"width\":1320,\"height\":990},{\"@type\":\"BreadcrumbList\",\"@id\":\"https:\/\/www.yidakitchen.com\/product\/contemporary-sliding-wardrobe-doors-enhancing-bedrooms\/#breadcrumb\",\"itemListElement\":[{\"@type\":\"ListItem\",\"position\":1,\"name\":\"Home\",\"item\":\"https:\/\/www.yidakitchen.com\/\"},{\"@type\":\"ListItem\",\"position\":2,\"name\":\"Products\",\"item\":\"https:\/\/www.yidakitchen.com\/shop\/\"},{\"@type\":\"ListItem\",\"position\":3,\"name\":\"Contemporary Sliding Wardrobe Doors Enhancing Bedrooms\"}]},{\"@type\":\"WebSite\",\"@id\":\"https:\/\/www.yidakitchen.com\/#website\",\"url\":\"https:\/\/www.yidakitchen.com\/\",\"name\":\"YIDA Kitchen\",\"description\":\"Kitchen Cabinets Custom Manufacturer from China\",\"publisher\":{\"@id\":\"https:\/\/www.yidakitchen.com\/#organization\"},\"potentialAction\":[{\"@type\":\"SearchAction\",\"target\":{\"@type\":\"EntryPoint\",\"urlTemplate\":\"https:\/\/www.yidakitchen.com\/?s={search_term_string}\"},\"query-input\":{\"@type\":\"PropertyValueSpecification\",\"valueRequired\":true,\"valueName\":\"search_term_string\"}}],\"inLanguage\":\"es\"},{\"@type\":\"Organization\",\"@id\":\"https:\/\/www.yidakitchen.com\/#organization\",\"name\":\"YIDA Kitchen\",\"url\":\"https:\/\/www.yidakitchen.com\/\",\"logo\":{\"@type\":\"ImageObject\",\"inLanguage\":\"es\",\"@id\":\"https:\/\/www.yidakitchen.com\/#\/schema\/logo\/image\/\",\"url\":\"https:\/\/www.yidakitchen.com\/wp-content\/uploads\/2025\/04\/logo.png?wsr\",\"contentUrl\":\"https:\/\/www.yidakitchen.com\/wp-content\/uploads\/2025\/04\/logo.png?wsr\",\"width\":1763,\"height\":951,\"caption\":\"YIDA Kitchen\"},\"image\":{\"@id\":\"https:\/\/www.yidakitchen.com\/#\/schema\/logo\/image\/\"}}]}<\/script>\n<meta property=\"product:price:amount\" content=\"0.00\" \/>\n<meta property=\"product:price:currency\" content=\"USD\" \/>\n<meta property=\"og:availability\" content=\"instock\" \/>\n<meta property=\"product:availability\" content=\"instock\" \/>\n<meta property=\"product:condition\" content=\"new\" \/>\n<!-- \/ Yoast SEO Premium plugin. -->","yoast_head_json":{"title":"Contemporary Sliding Wardrobe Doors Enhancing Bedrooms - YIDA Kitchen","robots":{"index":"index","follow":"follow","max-snippet":"max-snippet:-1","max-image-preview":"max-image-preview:large","max-video-preview":"max-video-preview:-1"},"canonical":"https:\/\/www.yidakitchen.com\/es\/producto\/contemporary-sliding-wardrobe-doors-enhancing-bedrooms\/","og_locale":"es_MX","og_type":"article","og_title":"Contemporary Sliding Wardrobe Doors Enhancing Bedrooms","og_description":"Design Concept: The Sliding Wardrobe Doors featured in this bedroom epitomize contemporary design, merging aesthetic appeal with practicality. The minimalist approach with a two-tone color scheme not only adds visual interest but also makes the space appear larger and more open. The design integrates effortlessly with the room\u2019s overall modern decor, providing a sophisticated yet [&hellip;]","og_url":"https:\/\/www.yidakitchen.com\/es\/producto\/contemporary-sliding-wardrobe-doors-enhancing-bedrooms\/","og_site_name":"YIDA Kitchen","article_modified_time":"2025-04-25T08:08:38+00:00","twitter_card":"summary_large_image","twitter_misc":{"Price":"","Availability":"In stock"},"schema":{"@context":"https:\/\/schema.org","@graph":[{"@type":"WebPage","@id":"https:\/\/www.yidakitchen.com\/product\/contemporary-sliding-wardrobe-doors-enhancing-bedrooms\/","url":"https:\/\/www.yidakitchen.com\/product\/contemporary-sliding-wardrobe-doors-enhancing-bedrooms\/","name":"Contemporary Sliding Wardrobe Doors Enhancing Bedrooms - YIDA Kitchen","isPartOf":{"@id":"https:\/\/www.yidakitchen.com\/#website"},"primaryImageOfPage":{"@id":"https:\/\/www.yidakitchen.com\/product\/contemporary-sliding-wardrobe-doors-enhancing-bedrooms\/#primaryimage"},"image":{"@id":"https:\/\/www.yidakitchen.com\/product\/contemporary-sliding-wardrobe-doors-enhancing-bedrooms\/#primaryimage"},"thumbnailUrl":"https:\/\/www.yidakitchen.com\/wp-content\/uploads\/2025\/04\/1-Y106-Y29-2-1.avif?wsr","datePublished":"2025-04-25T08:08:32+00:00","dateModified":"2025-04-25T08:08:38+00:00","breadcrumb":{"@id":"https:\/\/www.yidakitchen.com\/product\/contemporary-sliding-wardrobe-doors-enhancing-bedrooms\/#breadcrumb"},"inLanguage":"es","potentialAction":[{"@type":"ReadAction","target":["https:\/\/www.yidakitchen.com\/product\/contemporary-sliding-wardrobe-doors-enhancing-bedrooms\/"]}]},{"@type":"ImageObject","inLanguage":"es","@id":"https:\/\/www.yidakitchen.com\/product\/contemporary-sliding-wardrobe-doors-enhancing-bedrooms\/#primaryimage","url":"https:\/\/www.yidakitchen.com\/wp-content\/uploads\/2025\/04\/1-Y106-Y29-2-1.avif?wsr","contentUrl":"https:\/\/www.yidakitchen.com\/wp-content\/uploads\/2025\/04\/1-Y106-Y29-2-1.avif?wsr","width":1320,"height":990},{"@type":"BreadcrumbList","@id":"https:\/\/www.yidakitchen.com\/product\/contemporary-sliding-wardrobe-doors-enhancing-bedrooms\/#breadcrumb","itemListElement":[{"@type":"ListItem","position":1,"name":"Home","item":"https:\/\/www.yidakitchen.com\/"},{"@type":"ListItem","position":2,"name":"Products","item":"https:\/\/www.yidakitchen.com\/shop\/"},{"@type":"ListItem","position":3,"name":"Contemporary Sliding Wardrobe Doors Enhancing Bedrooms"}]},{"@type":"WebSite","@id":"https:\/\/www.yidakitchen.com\/#website","url":"https:\/\/www.yidakitchen.com\/","name":"Cocina YIDA","description":"Armarios de cocina a medida Fabricante de China","publisher":{"@id":"https:\/\/www.yidakitchen.com\/#organization"},"potentialAction":[{"@type":"SearchAction","target":{"@type":"EntryPoint","urlTemplate":"https:\/\/www.yidakitchen.com\/?s={search_term_string}"},"query-input":{"@type":"PropertyValueSpecification","valueRequired":true,"valueName":"search_term_string"}}],"inLanguage":"es"},{"@type":"Organization","@id":"https:\/\/www.yidakitchen.com\/#organization","name":"Cocina YIDA","url":"https:\/\/www.yidakitchen.com\/","logo":{"@type":"ImageObject","inLanguage":"es","@id":"https:\/\/www.yidakitchen.com\/#\/schema\/logo\/image\/","url":"https:\/\/www.yidakitchen.com\/wp-content\/uploads\/2025\/04\/logo.png?wsr","contentUrl":"https:\/\/www.yidakitchen.com\/wp-content\/uploads\/2025\/04\/logo.png?wsr","width":1763,"height":951,"caption":"YIDA Kitchen"},"image":{"@id":"https:\/\/www.yidakitchen.com\/#\/schema\/logo\/image\/"}}]},"product_price_amount":"0.00","product_price_currency":"USD","og_availability":"instock","product_availability":"instock","product_condition":"new"},"_links":{"self":[{"href":"https:\/\/www.yidakitchen.com\/es\/wp-json\/wp\/v2\/product\/1426","targetHints":{"allow":["GET"]}}],"collection":[{"href":"https:\/\/www.yidakitchen.com\/es\/wp-json\/wp\/v2\/product"}],"about":[{"href":"https:\/\/www.yidakitchen.com\/es\/wp-json\/wp\/v2\/types\/product"}],"wp:featuredmedia":[{"embeddable":true,"href":"https:\/\/www.yidakitchen.com\/es\/wp-json\/wp\/v2\/media\/1428"}],"wp:attachment":[{"href":"https:\/\/www.yidakitchen.com\/es\/wp-json\/wp\/v2\/media?parent=1426"}],"wp:term":[{"taxonomy":"product_brand","embeddable":true,"href":"https:\/\/www.yidakitchen.com\/es\/wp-json\/wp\/v2\/product_brand?post=1426"},{"taxonomy":"product_cat","embeddable":true,"href":"https:\/\/www.yidakitchen.com\/es\/wp-json\/wp\/v2\/product_cat?post=1426"},{"taxonomy":"product_tag","embeddable":true,"href":"https:\/\/www.yidakitchen.com\/es\/wp-json\/wp\/v2\/product_tag?post=1426"}],"curies":[{"name":"wp","href":"https:\/\/api.w.org\/{rel}","templated":true}]}}